{"id":10553,"date":"2012-07-31T02:20:18","date_gmt":"2012-07-31T02:20:18","guid":{"rendered":"https:\/\/www.access-info.org\/support-us-2-2"},"modified":"2023-01-11T13:04:00","modified_gmt":"2023-01-11T12:04:00","slug":"work-with-us","status":"publish","type":"page","link":"https:\/\/www.access-info.org\/es\/work-with-us\/","title":{"rendered":"Trabaja con nosotr@s"},"content":{"rendered":"<p><div class=\"fusion-fullwidth fullwidth-box fusion-builder-row-1 fusion-flex-container has-pattern-background has-mask-background fusion-parallax-none nonhundred-percent-fullwidth non-hundred-percent-height-scrolling\" style=\"--awb-background-position:center top;--awb-border-radius-top-left:0px;--awb-border-radius-top-right:0px;--awb-border-radius-bottom-right:0px;--awb-border-radius-bottom-left:0px;--awb-background-image:url(&quot;https:\/\/www.access-info.org\/wp-content\/uploads\/madrid22.png&quot;);--awb-background-size:cover;--awb-flex-wrap:wrap;\" ><div class=\"fusion-builder-row fusion-row fusion-flex-align-items-flex-start fusion-flex-content-wrap\" style=\"max-width:1144px;margin-left: calc(-4% \/ 2 );margin-right: calc(-4% \/ 2 );\"><div class=\"fusion-layout-column fusion_builder_column fusion-builder-column-0 fusion_builder_column_1_1 1_1 fusion-flex-column\" style=\"--awb-bg-size:cover;--awb-width-large:100%;--awb-margin-top-large:0px;--awb-spacing-right-large:1.92%;--awb-margin-bottom-large:20px;--awb-spacing-left-large:1.92%;--awb-width-medium:100%;--awb-order-medium:0;--awb-spacing-right-medium:1.92%;--awb-spacing-left-medium:1.92%;--awb-width-small:100%;--awb-order-small:0;--awb-spacing-right-small:1.92%;--awb-spacing-left-small:1.92%;\"><div class=\"fusion-column-wrapper fusion-column-has-shadow fusion-flex-justify-content-flex-start fusion-content-layout-column\"><div class=\"fusion-text fusion-text-1 fusion-text-no-margin\" style=\"--awb-margin-top:40px;--awb-margin-bottom:40px;\"><p style=\"text-align: center;\"><span style=\"font-size: 36pt;\"><strong><span style=\"color: #ffffff;\">TRABAJA CON NOSOTR@S<\/span><\/strong><\/span><\/p>\n<p style=\"text-align: center;\"><span style=\"font-size: 18pt; color: #ffffff;\">SI TIENES GANAS DE UNIRTE AL EQUIPO DE ACCESS INFO REVISA AQU\u00cd LOS PUESTOS VACANTES<\/span><\/p>\n<\/div><\/div><\/div><\/div><\/div><div class=\"fusion-fullwidth fullwidth-box fusion-builder-row-2 fusion-flex-container nonhundred-percent-fullwidth non-hundred-percent-height-scrolling\" style=\"--awb-border-radius-top-left:0px;--awb-border-radius-top-right:0px;--awb-border-radius-bottom-right:0px;--awb-border-radius-bottom-left:0px;--awb-flex-wrap:wrap;\" ><div class=\"fusion-builder-row fusion-row fusion-flex-align-items-flex-start fusion-flex-content-wrap\" style=\"max-width:1144px;margin-left: calc(-4% \/ 2 );margin-right: calc(-4% \/ 2 );\"><div class=\"fusion-layout-column fusion_builder_column fusion-builder-column-1 fusion_builder_column_1_1 1_1 fusion-flex-column\" style=\"--awb-bg-size:cover;--awb-width-large:100%;--awb-margin-top-large:0px;--awb-spacing-right-large:1.92%;--awb-margin-bottom-large:0px;--awb-spacing-left-large:1.92%;--awb-width-medium:100%;--awb-spacing-right-medium:1.92%;--awb-spacing-left-medium:1.92%;--awb-width-small:100%;--awb-spacing-right-small:1.92%;--awb-spacing-left-small:1.92%;\"><div class=\"fusion-column-wrapper fusion-flex-justify-content-flex-start fusion-content-layout-column\"><div class=\"fusion-separator fusion-full-width-sep\" style=\"align-self: center;margin-left: auto;margin-right: auto;margin-top:15px;margin-bottom:15px;width:100%;\"><\/div><\/div><\/div><\/div><\/div><div class=\"fusion-fullwidth fullwidth-box fusion-builder-row-3 nonhundred-percent-fullwidth non-hundred-percent-height-scrolling\" style=\"--awb-border-radius-top-left:0px;--awb-border-radius-top-right:0px;--awb-border-radius-bottom-right:0px;--awb-border-radius-bottom-left:0px;--awb-padding-top:15px;--awb-padding-bottom:10px;--awb-flex-wrap:wrap;\" ><div class=\"fusion-builder-row fusion-row\"><div class=\"fusion-layout-column fusion_builder_column fusion-builder-column-2 fusion_builder_column_1_1 1_1 fusion-one-full fusion-column-first fusion-column-last\" style=\"--awb-bg-blend:overlay;--awb-bg-size:cover;\"><div class=\"fusion-column-wrapper fusion-flex-column-wrapper-legacy\"><div class=\"fusion-text fusion-text-2\"><h2 class=\"fusion-responsive-typography-calculated\" data-fontsize=\"22\" data-lineheight=\"27.06px\">Puestos vacantes<\/h2>\n<p>Actualmente no hay convocatorias de empleo activas.<\/p>\n<h2 class=\"fusion-responsive-typography-calculated\" data-fontsize=\"22\" data-lineheight=\"27.06px\">Becari@s y voluntari@s<\/h2>\n<p>Siempre estamos buscando becarios\/as y voluntarios\/as dispuestos\/as a unirse a nuestro din\u00e1mico equipo. Ofrecemos puestos de pr\u00e1cticas por 6 meses en los per\u00edodos de enero a junio o de julio a diciembre, aunque somos flexibles respecto a estas fechas. Antes de solicitar un puesto de pr\u00e1cticas, por favor, ten en cuenta que \u00e9stas no son remuneradas y que, en caso de que \u00e9stas implicasen que vinieras a Madrid desde fuera, la mudanza y la acomodaci\u00f3n deber\u00edan correr por tu cuenta. Los\/as candidatos\/as deber\u00e1n tener un nivel alto o nativo de ingl\u00e9s y\/o espa\u00f1ol, aunque el conocimiento de otras lenguas europeas es bienvenido.<\/p>\n<p>Cuando mandes tu solicitud, por favor, adjunta una copia de tu\u00a0<strong>CV<\/strong>\u00a0y una\u00a0<strong>carta de motivaci\u00f3n<\/strong>\u00a0explicando por qu\u00e9 quieres trabajar en Access Info Europe, qu\u00e9 parte de nuestro trabajo es la que m\u00e1s te interesa y si tienes cualquier experiencia previa trabajando en Derechos Humanos, acceso a la informaci\u00f3n o en el sector de la sociedad civil. Por favor, env\u00eda tu solicitud a\u00a0<a href=\"mailto:info@access-info.org\" target=\"_blank\" rel=\"noopener noreferrer\">info@access-info.org<\/a><\/p>\n<p><strong>Oportunidad de pr\u00e1cticas (abiertas):<\/strong><\/p>\n<ul>\n<li><a href=\"https:\/\/www.access-info.org\/es\/2021-09-16\/becario-a-diseno-grafico\/\">Dise\u00f1o gr\u00e1fico\u00a0<\/a><\/li>\n<li><a href=\"https:\/\/www.access-info.org\/es\/2021-09-16\/becario-a-diseno-de-paginas-web\/\">Dise\u00f1o web<\/a><\/li>\n<\/ul>\n<p><strong>Para otras \u00e1reas en las que trabaja Access Info Europe:<\/strong><\/p>\n<p><strong>2023:<\/strong><\/p>\n<ul>\n<li><strong>Enero \u2013 junio<\/strong>: Proceso de selecci\u00f3n abierto.<\/li>\n<li><strong>Julio \u2013 diciembre:<\/strong> Proceso de selecci\u00f3n abierto.<\/li>\n<\/ul>\n<\/div><div class=\"fusion-clearfix\"><\/div><\/div><\/div><\/div><\/div><div class=\"fusion-fullwidth fullwidth-box fusion-builder-row-4 nonhundred-percent-fullwidth non-hundred-percent-height-scrolling\" style=\"--awb-border-radius-top-left:0px;--awb-border-radius-top-right:0px;--awb-border-radius-bottom-right:0px;--awb-border-radius-bottom-left:0px;--awb-padding-top:5px;--awb-padding-bottom:10px;--awb-flex-wrap:wrap;\" ><div class=\"fusion-builder-row fusion-row\"><div class=\"fusion-layout-column fusion_builder_column fusion-builder-column-3 fusion_builder_column_1_1 1_1 fusion-one-full fusion-column-first fusion-column-last\" style=\"--awb-bg-blend:overlay;--awb-bg-size:cover;\"><div class=\"fusion-column-wrapper fusion-flex-column-wrapper-legacy\"><div class=\"fusion-text fusion-text-3\"><h2 id=\"#Abogados\/asProBono\" class=\"fusion-responsive-typography-calculated\" data-fontsize=\"22\" data-lineheight=\"27.06px\">Abogados\/as Pro Bono<\/h2>\n<p>\u00bfEres un abogado o abogada y quieres ayudarnos a defender de acceso a la informaci\u00f3n? Si es as\u00ed, \u00fanete a nuestra\u00a0<a href=\"https:\/\/www.access-info.org\/es\/2020-07-09\/pro-bono-network-lawyers-for-transparency\/\" target=\"_blank\" rel=\"noopener\">Red Pro Bono<\/a>.<\/p>\n<p>Para defender plenamente el derecho a la informaci\u00f3n, a veces necesitamos asistencia jur\u00eddica espec\u00edfica pro bono. Para satisfacer esta necesidad, Access Info ha creado una<strong>\u00a0red jur\u00eddica pro bono compuesta por abogados y abogadas de toda Europa con diferentes bagajes jur\u00eddicos<\/strong>.<\/p>\n<p>Para formar parte de esta red no es necesario ser un experto en el derecho a la informaci\u00f3n, ya que Access Info impartir\u00e1 sesiones de formaci\u00f3n sobre este derecho, c\u00f3mo funciona en la pr\u00e1ctica y los problemas pr\u00e1cticos a los que nos enfrentamos para acceder a ese derecho.<\/p>\n<p>Requisitos:<\/p>\n<ul>\n<li>Ser abogado\/a cualificado\/a o tener una s\u00f3lida formaci\u00f3n jur\u00eddica;<\/li>\n<li>Inter\u00e9s, disposici\u00f3n por aprender sobre el derecho a la informaci\u00f3n;<\/li>\n<li>Voluntad de ofrecer asistencia pro bono.<\/li>\n<\/ul>\n<p><strong>Si deseas unirte a nuestra red, escribe a: rachel[at]access-info.org<\/strong><\/p>\n<\/div><div class=\"fusion-clearfix\"><\/div><\/div><\/div><\/div><\/div><div class=\"fusion-fullwidth fullwidth-box fusion-builder-row-5 nonhundred-percent-fullwidth non-hundred-percent-height-scrolling\" style=\"--awb-border-radius-top-left:0px;--awb-border-radius-top-right:0px;--awb-border-radius-bottom-right:0px;--awb-border-radius-bottom-left:0px;--awb-padding-top:5px;--awb-padding-bottom:10px;--awb-flex-wrap:wrap;\" ><div class=\"fusion-builder-row fusion-row\"><div class=\"fusion-layout-column fusion_builder_column fusion-builder-column-4 fusion_builder_column_1_1 1_1 fusion-one-full fusion-column-first fusion-column-last\" style=\"--awb-bg-blend:overlay;--awb-bg-size:cover;\"><div class=\"fusion-column-wrapper fusion-flex-column-wrapper-legacy\"><div class=\"fusion-text fusion-text-4\"><h2 class=\"fusion-responsive-typography-calculated\" data-fontsize=\"22\" data-lineheight=\"27.06px\">Otras formas de colaborar<\/h2>\n<p>Hay muchas formas a trav\u00e9s de las cuales puedes colaborar con Access Info Europe para avanzar y defender el derecho del acceso a la informaci\u00f3n en Europa, y a nivel global.<\/p>\n<p><a href=\"https:\/\/www.access-info.org\/es\/subscribe\">Suscr\u00edbete a nuestra newsletter<\/a><br \/>\nS\u00edguenos <a href=\"http:\/\/www.facebook.com\/pages\/Access-Info-Europe\/367870967220\" target=\"_blank\" rel=\"noopener\">Facebook<\/a> \/ <a href=\"http:\/\/www.twitter.com\/access_info\" target=\"_blank\" rel=\"noopener noreferrer\">Twitter<\/a> \/ <a href=\"https:\/\/www.instagram.com\/access.info\/\" target=\"_blank\" rel=\"noopener\">Instagram<\/a> \/ <a href=\"https:\/\/in.linkedin.com\/company\/access-info-europe\" target=\"_blank\" rel=\"noopener\">LinkedIn<\/a><br \/>\n<a href=\"mailto:info@access-info.org\" target=\"_self\" rel=\"noopener noreferrer\">Escr\u00edbenos<\/a><\/p>\n<h2 class=\"fusion-responsive-typography-calculated\" data-fontsize=\"22\" data-lineheight=\"27.06px\">Hacer campa\u00f1a<\/h2>\n<ul>\n<li>Encuentra una organizaci\u00f3n dedicada a la libertad de informaci\u00f3n cerca de ti, visita\u00a0<a href=\"http:\/\/foiadvocates.net\/\">foiadvocates.net<\/a>\u00a0y aprende m\u00e1s sobre su trabajo;<\/li>\n<li>Crea tu propio grupo para hacer campa\u00f1a sobre la transparencia y el acceso a la informaci\u00f3n en tu \u00e1rea local;<\/li>\n<li>Si est\u00e1s en una universidad u otra instituci\u00f3n haz campa\u00f1a por la transparencia del presupuesto y la toma de decisiones participativa;<\/li>\n<li>Escribe cartas a los gobiernos, instituciones estatales y organizaciones internacionales como el FMI y el Banco Mundial y diles qu\u00e9 informaci\u00f3n quieres que publiquen en sus webs.<\/li>\n<\/ul>\n<h2 class=\"fusion-responsive-typography-calculated\" data-fontsize=\"22\" data-lineheight=\"27.06px\">Corre la voz sobre el Acceso a la Informaci\u00f3n<\/h2>\n<ul>\n<li>Habla a tus amigos y familiares sobre el acceso a la informaci\u00f3n;<\/li>\n<li>Escribe sobre el acceso a la informaci\u00f3n en tu p\u00e1gina web o blog e incluye enlaces al sitio web de Access Info Europe<i>;<\/i><\/li>\n<li>Escribe art\u00edculos o participa en foros que mencionen el derecho de acceso a la informaci\u00f3n;<\/li>\n<li>Forma un grupo de discusi\u00f3n local para hablar de los temas relacionados con la transparencia;<\/li>\n<li>Si eres un estudiante o un profesor introduce el tema en tus clases.<\/li>\n<\/ul>\n<\/div><div class=\"fusion-clearfix\"><\/div><\/div><\/div><\/div><\/div><div class=\"fusion-fullwidth fullwidth-box fusion-builder-row-6 fusion-flex-container nonhundred-percent-fullwidth non-hundred-percent-height-scrolling\" style=\"--awb-border-radius-top-left:0px;--awb-border-radius-top-right:0px;--awb-border-radius-bottom-right:0px;--awb-border-radius-bottom-left:0px;--awb-flex-wrap:wrap;\" ><div class=\"fusion-builder-row fusion-row fusion-flex-align-items-flex-start fusion-flex-content-wrap\" style=\"max-width:1144px;margin-left: calc(-4% \/ 2 );margin-right: calc(-4% \/ 2 );\"><div class=\"fusion-layout-column fusion_builder_column fusion-builder-column-5 fusion_builder_column_1_1 1_1 fusion-flex-column\" style=\"--awb-bg-size:cover;--awb-width-large:100%;--awb-margin-top-large:0px;--awb-spacing-right-large:1.92%;--awb-margin-bottom-large:0px;--awb-spacing-left-large:1.92%;--awb-width-medium:100%;--awb-spacing-right-medium:1.92%;--awb-spacing-left-medium:1.92%;--awb-width-small:100%;--awb-spacing-right-small:1.92%;--awb-spacing-left-small:1.92%;\"><div class=\"fusion-column-wrapper fusion-flex-justify-content-flex-start fusion-content-layout-column\"><div class=\"fusion-text fusion-text-5\"><p style=\"text-align: center;\"><em>Cover photo: <a href=\"https:\/\/www.flickr.com\/photos\/technicolorpaul\/\" target=\"_blank\" rel=\"noopener noreferrer\">Paul Gagnon<\/a> via Flickr (<a href=\"https:\/\/creativecommons.org\/licenses\/by-nc-nd\/2.0\/\" target=\"_blank\" rel=\"noopener noreferrer\">CC BY-NC-ND 2.0<\/a>)<\/em><\/p>\n<\/div><\/div><\/div><\/div><\/div><\/p>\n","protected":false},"excerpt":{"rendered":"","protected":false},"author":1,"featured_media":0,"parent":0,"menu_order":60,"comment_status":"closed","ping_status":"closed","template":"100-width.php","meta":{"footnotes":""},"class_list":["post-10553","page","type-page","status-publish","hentry"],"_links":{"self":[{"href":"https:\/\/www.access-info.org\/es\/wp-json\/wp\/v2\/pages\/10553","targetHints":{"allow":["GET"]}}],"collection":[{"href":"https:\/\/www.access-info.org\/es\/wp-json\/wp\/v2\/pages"}],"about":[{"href":"https:\/\/www.access-info.org\/es\/wp-json\/wp\/v2\/types\/page"}],"author":[{"embeddable":true,"href":"https:\/\/www.access-info.org\/es\/wp-json\/wp\/v2\/users\/1"}],"replies":[{"embeddable":true,"href":"https:\/\/www.access-info.org\/es\/wp-json\/wp\/v2\/comments?post=10553"}],"version-history":[{"count":50,"href":"https:\/\/www.access-info.org\/es\/wp-json\/wp\/v2\/pages\/10553\/revisions"}],"predecessor-version":[{"id":38379,"href":"https:\/\/www.access-info.org\/es\/wp-json\/wp\/v2\/pages\/10553\/revisions\/38379"}],"wp:attachment":[{"href":"https:\/\/www.access-info.org\/es\/wp-json\/wp\/v2\/media?parent=10553"}],"curies":[{"name":"wp","href":"https:\/\/api.w.org\/{rel}","templated":true}]}}