{"id":10555,"date":"2015-01-16T17:00:18","date_gmt":"2015-01-16T17:00:18","guid":{"rendered":"https:\/\/www.access-info.org\/subscribe-2"},"modified":"2017-04-19T10:06:56","modified_gmt":"2017-04-19T08:06:56","slug":"subscribe","status":"publish","type":"page","link":"https:\/\/www.access-info.org\/es\/subscribe\/","title":{"rendered":"Subscr\u00edbete"},"content":{"rendered":"<h1 class=\"subscribe-heading\">Access Info Mailing List<\/h1>\n<p>Inf\u00f3rmate&#8230; subscr\u00edbete aqu\u00ed.<\/p>\n<p><!-- **** END INTRO **** --><\/p>\n<div class=\"error\"><em><span class=\"required\">Campos requisitos marcados en rojo.<\/span><\/em><\/div>\n<p><script type=\"text\/javascript\" language=\"Javascript\">\/\/ <![CDATA[\n\n\nfunction checkform()\n{\n  for (i=0;i<fieldstocheck.length;i++) {\n    if (eval(\"document.subscribeform.elements['\"+fieldstocheck[i]+\"'].type\") == \"checkbox\") {\n      if (document.subscribeform.elements[fieldstocheck[i]].checked) {\n      } else {\n        alert(\"Please enter your \"+fieldnames[i]);\n        eval(\"document.subscribeform.elements['\"+fieldstocheck[i]+\"'].focus()\");\n\n        return false;\n      }\n    } else {\n      if (eval(\"document.subscribeform.elements['\"+fieldstocheck[i]+\"'].value\") == \"\") {\n        alert(\"Please enter your \"+fieldnames[i]);\n        eval(\"document.subscribeform.elements['\"+fieldstocheck[i]+\"'].focus()\");\n\n        return false;\n      }\n    }\n  }\n  for (i=0;i<groupstocheck.length;i++) {\n    if (!checkGroup(groupstocheck[i],groupnames[i])) {\n      return false;\n    }\n  }\n\n  if (! compareEmail()) {\n    alert(\"Los correos electr\u00f3nicos no corresponden\");\n\n    return false;\n  }\n\n  return true;\n}\n\nvar fieldstocheck = new Array();\nvar fieldnames = new Array();\nfunction addFieldToCheck(value,name)\n{\n  fieldstocheck[fieldstocheck.length] = value;\n  fieldnames[fieldnames.length] = name;\n}\nvar groupstocheck = new Array();\nvar groupnames = new Array();\nfunction addGroupToCheck(value,name)\n{\n  groupstocheck[groupstocheck.length] = value;\n  groupnames[groupnames.length] = name;\n}\n\nfunction compareEmail()\n{\n  return (document.subscribeform.elements[\"email\"].value == document.subscribeform.elements[\"emailconfirm\"].value);\n}\nfunction checkGroup(name,value)\n{\n  option = -1;\n  for (i=0;i<document.subscribeform.elements[name].length;i++) {\n    if (document.subscribeform.elements[name][i].checked) {\n      option = i;\n    }\n  }\n  if (option == -1) {\n    alert (\"Please enter your \"+value);\n\n    return false;\n  }\n\n  return true;\n}\n\n\/\/ ]]><\/script><\/p>\n<form action=\"http:\/\/phplist.access-info.org\/index.php?p=subscribe&#038;id=1\" method=\"post\" name=\"subscribeform\">\n<table border=\"0\">\n<tbody>\n<tr>\n<td>\n<div class=\"required\">Direcci\u00f3n e-mail<\/div>\n<\/td>\n<td class=\"attributeinput\"><input name=\"email\" size=\"40\" type=\"text\" value=\"\" \/><br \/>\n<script type=\"text\/javascript\" language=\"Javascript\">\/\/ <![CDATA[\naddFieldToCheck(\"email\",\"Correo electr\u00f3nico\");\n\/\/ ]]><\/script><\/td>\n<\/tr>\n<tr>\n<td>\n<div class=\"required\">Confirma tu direcci\u00f3n e-mail<\/div>\n<\/td>\n<td class=\"attributeinput\"><input name=\"emailconfirm\" size=\"40\" type=\"text\" value=\"\" \/><br \/>\n<script type=\"text\/javascript\" language=\"Javascript\">\/\/ <![CDATA[\naddFieldToCheck(\"emailconfirm\",\"Confirmar tu correo electr\u00f3nico\");\n\/\/ ]]><\/script><\/td>\n<\/tr>\n<tr>\n<td colspan=\"2\"><span class=\"attributeinput\"><input name=\"textemail\" type=\"checkbox\" value=\"1\" \/><\/span><span class=\"attributename\">Prefiero recibir correos en formato texto.<\/span><\/td>\n<\/tr>\n<tr>\n<td>\n<div class=\"required\">First Name \/ Pr\u00e9nom \/ Nombre<\/div>\n<\/td>\n<td class=\"attributeinput\"><input class=\"attributeinput\" name=\"attribute1\" size=\"40\" type=\"text\" value=\"\" \/><script type=\"text\/javascript\" language=\"Javascript\">\/\/ <![CDATA[\naddFieldToCheck(\"attribute1\",\"First Name \/ Pr\u00e9nom \/ Nombre\");\n\/\/ ]]><\/script><\/td>\n<\/tr>\n<tr>\n<td>\n<div class=\"required\">Last Name \/ Nom \/ Apellido<\/div>\n<\/td>\n<td class=\"attributeinput\"><input class=\"attributeinput\" name=\"attribute2\" size=\"40\" type=\"text\" value=\"\" \/><script type=\"text\/javascript\" language=\"Javascript\">\/\/ <![CDATA[\naddFieldToCheck(\"attribute2\",\"Last Name \/ Nom \/ Apellido\");\n\/\/ ]]><\/script><\/td>\n<\/tr>\n<tr>\n<td>\n<div class=\"attributename\">Country \/ Pays \/ Pa\u00eds<\/div>\n<\/td>\n<td class=\"attributeinput\"><!--0--><select class=\"attributeinput\" name=\"attribute3\"><option value=\"4\">&#8211;<\/option><option value=\"5\">Afghanistan<\/option><option value=\"6\">Albania<\/option><option value=\"7\">Algeria<\/option><option value=\"8\">American Samoa<\/option><option value=\"9\">Andorra<\/option><option value=\"10\">Angola<\/option><option value=\"11\">Anguilla<\/option><option value=\"12\">Antarctica<\/option><option value=\"13\">Antigua and Barbuda<\/option><option value=\"14\">Argentina<\/option><option value=\"15\">Armenia<\/option><option value=\"16\">Aruba<\/option><option value=\"17\">Australia<\/option><option value=\"18\">Austria<\/option><option value=\"19\">Azerbaidjan<\/option><option value=\"20\">Bahamas<\/option><option value=\"21\">Bahrain<\/option><option value=\"22\">Bangladesh<\/option><option value=\"23\">Barbados<\/option><option value=\"24\">Belarus<\/option><option value=\"25\">Belgium<\/option><option value=\"26\">Belize<\/option><option value=\"27\">Benin<\/option><option value=\"28\">Bermuda<\/option><option value=\"29\">Bhutan<\/option><option value=\"30\">Bolivia<\/option><option value=\"31\">Bosnia-Herzegovina<\/option><option value=\"32\">Botswana<\/option><option value=\"33\">Bouvet Island<\/option><option value=\"34\">Brazil<\/option><option value=\"35\">British Indian Ocean Territory<\/option><option value=\"36\">Brunei Darussalam<\/option><option value=\"37\">Bulgaria<\/option><option value=\"38\">Burkina Faso<\/option><option value=\"39\">Burundi<\/option><option value=\"40\">Cambodia<\/option><option value=\"41\">Cameroon<\/option><option value=\"42\">Canada<\/option><option value=\"43\">Cape Verde<\/option><option value=\"44\">Cayman Islands<\/option><option value=\"45\">Central African Republic<\/option><option value=\"46\">Chad<\/option><option value=\"47\">Chile<\/option><option value=\"48\">China<\/option><option value=\"49\">Christmas Island<\/option><option value=\"50\">Cocos (Keeling) Islands<\/option><option value=\"51\">Colombia<\/option><option value=\"52\">Comoros<\/option><option value=\"53\">Congo<\/option><option value=\"54\">Cook Islands<\/option><option value=\"55\">Costa Rica<\/option><option value=\"56\">Croatia<\/option><option value=\"57\">Cuba<\/option><option value=\"58\">Cyprus<\/option><option value=\"59\">Czech Republic<\/option><option value=\"60\">Denmark<\/option><option value=\"61\">Djibouti<\/option><option value=\"62\">Dominica<\/option><option value=\"63\">Dominican Republic<\/option><option value=\"64\">East Timor<\/option><option value=\"65\">Ecuador<\/option><option value=\"66\">Egypt<\/option><option value=\"67\">El Salvador<\/option><option value=\"68\">Equatorial Guinea<\/option><option value=\"69\">Estonia<\/option><option value=\"70\">Ethiopia<\/option><option value=\"71\">Falkland Islands<\/option><option value=\"72\">Faroe Islands<\/option><option value=\"73\">Fiji<\/option><option value=\"74\">Finland<\/option><option value=\"75\">Former Czechoslovakia<\/option><option value=\"76\">Former USSR<\/option><option value=\"77\">France<\/option><option value=\"78\">France (European Territory)<\/option><option value=\"79\">French Guyana<\/option><option value=\"80\">French Southern Territories<\/option><option value=\"81\">Gabon<\/option><option value=\"82\">Gambia<\/option><option value=\"83\">Georgia<\/option><option value=\"84\">Germany<\/option><option value=\"85\">Ghana<\/option><option value=\"86\">Gibraltar<\/option><option value=\"87\">Great Britain<\/option><option value=\"88\">Greece<\/option><option value=\"89\">Greenland<\/option><option value=\"90\">Grenada<\/option><option value=\"91\">Guadeloupe (French)<\/option><option value=\"92\">Guam (USA)<\/option><option value=\"93\">Guatemala<\/option><option value=\"94\">Guinea<\/option><option value=\"95\">Guinea Bissau<\/option><option value=\"96\">Guyana<\/option><option value=\"97\">Haiti<\/option><option value=\"98\">Heard and McDonald Islands<\/option><option value=\"99\">Honduras<\/option><option value=\"100\">Hong Kong<\/option><option value=\"101\">Hungary<\/option><option value=\"102\">Iceland<\/option><option value=\"103\">India<\/option><option value=\"104\">Indonesia<\/option><option value=\"105\">Iran<\/option><option value=\"106\">Iraq<\/option><option value=\"107\">Ireland<\/option><option value=\"108\">Israel<\/option><option value=\"109\">Italy<\/option><option value=\"110\">Ivory Coast (Cote D\u2019Ivoire)<\/option><option value=\"111\">Jamaica<\/option><option value=\"112\">Japan<\/option><option value=\"113\">Jordan<\/option><option value=\"114\">Kazakhstan<\/option><option value=\"115\">Kenya<\/option><option value=\"116\">Kiribati<\/option><option value=\"117\">Kosovo<\/option><option value=\"118\">Kuwait<\/option><option value=\"119\">Kyrgyzstan<\/option><option value=\"120\">Laos<\/option><option value=\"121\">Latvia<\/option><option value=\"122\">Lebanon<\/option><option value=\"123\">Lesotho<\/option><option value=\"124\">Liberia<\/option><option value=\"125\">Libya<\/option><option value=\"126\">Liechtenstein<\/option><option value=\"127\">Lithuania<\/option><option value=\"128\">Luxembourg<\/option><option value=\"129\">Macau<\/option><option value=\"130\">Macedonia<\/option><option value=\"131\">Madagascar<\/option><option value=\"132\">Malawi<\/option><option value=\"133\">Malaysia<\/option><option value=\"134\">Maldives<\/option><option value=\"135\">Mali<\/option><option value=\"136\">Malta<\/option><option value=\"137\">Marshall Islands<\/option><option value=\"138\">Martinique (French)<\/option><option value=\"139\">Mauritania<\/option><option value=\"140\">Mauritius<\/option><option value=\"141\">Mayotte<\/option><option value=\"142\">Mexico<\/option><option value=\"143\">Micronesia<\/option><option value=\"144\">Moldavia<\/option><option value=\"145\">Monaco<\/option><option value=\"146\">Mongolia<\/option><option value=\"147\">Montenegro<\/option><option value=\"148\">Montserrat<\/option><option value=\"149\">Morocco<\/option><option value=\"150\">Mozambique<\/option><option value=\"151\">Myanmar<\/option><option value=\"152\">Namibia<\/option><option value=\"153\">Nauru<\/option><option value=\"154\">Nepal<\/option><option value=\"155\">Netherlands<\/option><option value=\"156\">Netherlands Antilles<\/option><option value=\"157\">Neutral Zone<\/option><option value=\"158\">New Caledonia (French)<\/option><option value=\"159\">New Zealand<\/option><option value=\"160\">Nicaragua<\/option><option value=\"161\">Niger<\/option><option value=\"162\">Nigeria<\/option><option value=\"163\">Niue<\/option><option value=\"164\">Norfolk Island<\/option><option value=\"165\">North Korea<\/option><option value=\"166\">Northern Mariana Islands<\/option><option value=\"167\">Norway<\/option><option value=\"168\">Oman<\/option><option value=\"169\">Pakistan<\/option><option value=\"170\">Palau<\/option><option value=\"171\">Panama<\/option><option value=\"172\">Papua New Guinea<\/option><option value=\"173\">Paraguay<\/option><option value=\"174\">Peru<\/option><option value=\"175\">Philippines<\/option><option value=\"176\">Pitcairn Island<\/option><option value=\"177\">Poland<\/option><option value=\"178\">Polynesia (French)<\/option><option value=\"179\">Portugal<\/option><option value=\"180\">Puerto Rico<\/option><option value=\"181\">Qatar<\/option><option value=\"182\">Reunion (French)<\/option><option value=\"183\">Romania<\/option><option value=\"184\">Russian Federation<\/option><option value=\"185\">Rwanda<\/option><option value=\"186\">S. Georgia &amp; S. Sandwich Isls.<\/option><option value=\"187\">Saint Helena<\/option><option value=\"188\">Saint Kitts &amp; Nevis Anguilla<\/option><option value=\"189\">Saint Lucia<\/option><option value=\"190\">Saint Pierre and Miquelon<\/option><option value=\"191\">Saint Tome and Principe<\/option><option value=\"192\">Saint Vincent &amp; Grenadines<\/option><option value=\"193\">Samoa<\/option><option value=\"194\">San Marino<\/option><option value=\"195\">Saudi Arabia<\/option><option value=\"196\">Senegal<\/option><option value=\"197\">Serbia<\/option><option value=\"198\">Seychelles<\/option><option value=\"199\">Sierra Leone<\/option><option value=\"200\">Singapore<\/option><option value=\"201\">Slovak Republic<\/option><option value=\"202\">Slovenia<\/option><option value=\"203\">Solomon Islands<\/option><option value=\"204\">Somalia<\/option><option value=\"205\">South Africa<\/option><option value=\"206\">South Korea<\/option><option value=\"207\">Spain<\/option><option value=\"208\">Sri Lanka<\/option><option value=\"209\">Sudan<\/option><option value=\"210\">Suriname<\/option><option value=\"211\">Svalbard and Jan Mayen Islands<\/option><option value=\"212\">Swaziland<\/option><option value=\"213\">Sweden<\/option><option value=\"214\">Switzerland<\/option><option value=\"215\">Syria<\/option><option value=\"216\">Tadjikistan<\/option><option value=\"217\">Taiwan<\/option><option value=\"218\">Tanzania<\/option><option value=\"219\">Thailand<\/option><option value=\"220\">Togo<\/option><option value=\"221\">Tokelau<\/option><option value=\"222\">Tonga<\/option><option value=\"223\">Trinidad and Tobago<\/option><option value=\"224\">Tunisia<\/option><option value=\"225\">Turkey<\/option><option value=\"226\">Turkmenistan<\/option><option value=\"227\">Turks and Caicos Islands<\/option><option value=\"228\">Tuvalu<\/option><option value=\"229\">Uganda<\/option><option value=\"230\">Ukraine<\/option><option value=\"231\">United Arab Emirates<\/option><option value=\"232\">United Kingdom<\/option><option value=\"233\">United States<\/option><option value=\"234\">Uruguay<\/option><option value=\"235\">Uzbekistan<\/option><option value=\"236\">Vanuatu<\/option><option value=\"237\">Vatican City State<\/option><option value=\"238\">Venezuela<\/option><option value=\"239\">Vietnam<\/option><option value=\"240\">Virgin Islands (British)<\/option><option value=\"241\">Virgin Islands (USA)<\/option><option value=\"242\">Wallis and Futuna Islands<\/option><option value=\"243\">Western Sahara<\/option><option value=\"244\">Yemen<\/option><option value=\"245\">Zambia<\/option><option value=\"246\">Zimbabwe<\/option><\/select><\/td>\n<\/tr>\n<tr>\n<td>\n<div class=\"required\">Language \/ Langage \/ Idioma<\/div>\n<\/td>\n<td class=\"attributeinput\"><!--0--><select class=\"attributeinput\" name=\"attribute4\"><option selected=\"selected\" value=\"4\">English<\/option><option value=\"5\">French<\/option><option value=\"6\">Spanish<\/option><\/select><\/td>\n<\/tr>\n<\/tbody>\n<\/table>\n<p class=\"information\">Por favor, selecciona las newsletters a las que quieras suscribirte<\/p>\n<ul class=\"list\">\n<li class=\"list\"><input name=\"list[2]\" type=\"checkbox\" value=\"signup\" \/><b>Main news from Access Info<\/b>\n<div class=\"listdescription\"><\/div>\n<\/li>\n<li class=\"list\"><input name=\"list[7]\" type=\"checkbox\" value=\"signup\" \/><b>Media \u2013 press releases<\/b>\n<div class=\"listdescription\"><\/div>\n<\/li>\n<li class=\"list\"><input name=\"list[8]\" type=\"checkbox\" value=\"signup\" \/><b>Comunicados principales de Access Info<\/b>\n<div class=\"listdescription\"><\/div>\n<\/li>\n<li class=\"list\"><input name=\"list[13]\" type=\"checkbox\" value=\"signup\" \/><b>Media \u2013 comunicados en espa\u00f1ol<\/b>\n<div class=\"listdescription\"><\/div>\n<\/li>\n<\/ul>\n<div style=\"display: none;\"><input name=\"VerificationCodeX\" size=\"20\" type=\"text\" value=\"\" \/><\/div>\n<p><input name=\"subscribe\" type=\"submit\" value=\"Subscribe\" \/><\/p>\n<\/form>\n<p>&nbsp;<\/p>\n<p><a href=\"http:\/\/phplist.access-info.org\/index.php?p=unsubscribe&amp;id=1\">Unsubscribe<\/a><\/p>\n<p class=\"poweredby\"><a title=\"visit the phpList website\" href=\"http:\/\/www.phplist.com\/poweredby?utm_source=pl3.0.10&amp;utm_medium=poweredhostedimg&amp;utm_campaign=phpList\"><img decoding=\"async\" title=\"powered by phpList version 3.0.10, \u00a9 phpList ltd\" src=\"http:\/\/powered.phplist.com\/images\/3.0.10\/power-phplist.png\" alt=\"powered by phpList 3.0.10, \u00a9 phpList ltd\" width=\"70\" height=\"30\" border=\"0\" \/><\/a><\/p>\n<p><!-- **** FOOTER **** --><\/p>\n","protected":false},"excerpt":{"rendered":"<p>Access Info Mailing List Inf\u00f3rmate&#8230; subscr\u00edbete aqu\u00ed. Campos requisitos marcados en rojo. Direcci\u00f3n e-mail Confirma tu direcci\u00f3n e-mail Prefiero recibir correos en formato texto. First Name \/ Pr\u00e9nom \/ Nombre Last Name \/ Nom \/ Apellido Country \/ Pays \/ Pa\u00eds &#8211;AfghanistanAlbaniaAlgeriaAmerican SamoaAndorraAngolaAnguillaAntarcticaAntigua and BarbudaArgentinaArmeniaArubaAustraliaAustriaAzerbaidjanBahamasBahrainBangladeshBarbadosBelarusBelgiumBelizeBeninBermudaBhutanBoliviaBosnia-HerzegovinaBotswanaBouvet IslandBrazilBritish Indian Ocean TerritoryBrunei DarussalamBulgariaBurkina FasoBurundiCambodiaCameroonCanadaCape VerdeCayman IslandsCentral African RepublicChadChileChinaChristmas IslandCocos (Keeling) IslandsColombiaComorosCongoCook IslandsCosta RicaCroatiaCubaCyprusCzech RepublicDenmarkDjiboutiDominicaDominican RepublicEast TimorEcuadorEgyptEl SalvadorEquatorial GuineaEstoniaEthiopiaFalkland IslandsFaroe IslandsFijiFinlandFormer CzechoslovakiaFormer USSRFranceFrance (European Territory)French GuyanaFrench Southern TerritoriesGabonGambiaGeorgiaGermanyGhanaGibraltarGreat BritainGreeceGreenlandGrenadaGuadeloupe (French)Guam (USA)GuatemalaGuineaGuinea BissauGuyanaHaitiHeard and McDonald IslandsHondurasHong KongHungaryIcelandIndiaIndonesiaIranIraqIrelandIsraelItalyIvory Coast (Cote D\u2019Ivoire)JamaicaJapanJordanKazakhstanKenyaKiribatiKosovoKuwaitKyrgyzstanLaosLatviaLebanonLesothoLiberiaLibyaLiechtensteinLithuaniaLuxembourgMacauMacedoniaMadagascarMalawiMalaysiaMaldivesMaliMaltaMarshall IslandsMartinique (French)MauritaniaMauritiusMayotteMexicoMicronesiaMoldaviaMonacoMongoliaMontenegroMontserratMoroccoMozambiqueMyanmarNamibiaNauruNepalNetherlandsNetherlands AntillesNeutral ZoneNew Caledonia (French)New ZealandNicaraguaNigerNigeriaNiueNorfolk IslandNorth KoreaNorthern Mariana IslandsNorwayOmanPakistanPalauPanamaPapua New GuineaParaguayPeruPhilippinesPitcairn IslandPolandPolynesia (French)PortugalPuerto<\/p>\n","protected":false},"author":1,"featured_media":0,"parent":0,"menu_order":101,"comment_status":"closed","ping_status":"closed","template":"","meta":{"footnotes":""},"class_list":["post-10555","page","type-page","status-publish","hentry"],"_links":{"self":[{"href":"https:\/\/www.access-info.org\/es\/wp-json\/wp\/v2\/pages\/10555","targetHints":{"allow":["GET"]}}],"collection":[{"href":"https:\/\/www.access-info.org\/es\/wp-json\/wp\/v2\/pages"}],"about":[{"href":"https:\/\/www.access-info.org\/es\/wp-json\/wp\/v2\/types\/page"}],"author":[{"embeddable":true,"href":"https:\/\/www.access-info.org\/es\/wp-json\/wp\/v2\/users\/1"}],"replies":[{"embeddable":true,"href":"https:\/\/www.access-info.org\/es\/wp-json\/wp\/v2\/comments?post=10555"}],"version-history":[{"count":14,"href":"https:\/\/www.access-info.org\/es\/wp-json\/wp\/v2\/pages\/10555\/revisions"}],"predecessor-version":[{"id":28623,"href":"https:\/\/www.access-info.org\/es\/wp-json\/wp\/v2\/pages\/10555\/revisions\/28623"}],"wp:attachment":[{"href":"https:\/\/www.access-info.org\/es\/wp-json\/wp\/v2\/media?parent=10555"}],"curies":[{"name":"wp","href":"https:\/\/api.w.org\/{rel}","templated":true}]}}