{"id":10557,"date":"2014-12-18T16:39:08","date_gmt":"2014-12-18T16:39:08","guid":{"rendered":"https:\/\/www.access-info.org\/mission-and-strategy-2"},"modified":"2025-05-26T10:25:49","modified_gmt":"2025-05-26T08:25:49","slug":"mission-and-strategy","status":"publish","type":"page","link":"https:\/\/www.access-info.org\/es\/mission-and-strategy\/","title":{"rendered":"Misi\u00f3n y Estrategia"},"content":{"rendered":"<p><div class=\"fusion-fullwidth fullwidth-box fusion-builder-row-1 fusion-parallax-none nonhundred-percent-fullwidth non-hundred-percent-height-scrolling\" style=\"--awb-background-position:top;--awb-border-radius-top-left:0px;--awb-border-radius-top-right:0px;--awb-border-radius-bottom-right:0px;--awb-border-radius-bottom-left:0px;--awb-padding-top:20px;--awb-padding-bottom:15px;--awb-background-image:url(&quot;https:\/\/www.access-info.org\/wp-content\/uploads\/madrid22.png&quot;);--awb-background-size:cover;--awb-flex-wrap:wrap;\" ><\/div><div class=\"fusion-fullwidth fullwidth-box fusion-builder-row-2 fusion-flex-container nonhundred-percent-fullwidth non-hundred-percent-height-scrolling\" style=\"--awb-border-radius-top-left:0px;--awb-border-radius-top-right:0px;--awb-border-radius-bottom-right:0px;--awb-border-radius-bottom-left:0px;--awb-flex-wrap:wrap;\" ><div class=\"fusion-builder-row fusion-row fusion-flex-align-items-flex-start fusion-flex-content-wrap\" style=\"max-width:1144px;margin-left: calc(-4% \/ 2 );margin-right: calc(-4% \/ 2 );\"><div class=\"fusion-layout-column fusion_builder_column fusion-builder-column-0 fusion_builder_column_1_1 1_1 fusion-flex-column\" style=\"--awb-bg-size:cover;--awb-width-large:100%;--awb-margin-top-large:0px;--awb-spacing-right-large:1.92%;--awb-margin-bottom-large:0px;--awb-spacing-left-large:1.92%;--awb-width-medium:100%;--awb-spacing-right-medium:1.92%;--awb-spacing-left-medium:1.92%;--awb-width-small:100%;--awb-spacing-right-small:1.92%;--awb-spacing-left-small:1.92%;\"><div class=\"fusion-column-wrapper fusion-flex-justify-content-flex-start fusion-content-layout-column\"><div class=\"fusion-separator fusion-full-width-sep\" style=\"align-self: center;margin-left: auto;margin-right: auto;margin-top:15px;margin-bottom:15px;width:100%;\"><\/div><\/div><\/div><\/div><\/div><div class=\"fusion-fullwidth fullwidth-box fusion-builder-row-3 nonhundred-percent-fullwidth non-hundred-percent-height-scrolling\" style=\"--awb-border-radius-top-left:0px;--awb-border-radius-top-right:0px;--awb-border-radius-bottom-right:0px;--awb-border-radius-bottom-left:0px;--awb-padding-top:15px;--awb-padding-bottom:10px;--awb-flex-wrap:wrap;\" ><div class=\"fusion-builder-row fusion-row\"><div class=\"fusion-layout-column fusion_builder_column fusion-builder-column-1 fusion_builder_column_1_1 1_1 fusion-one-full fusion-column-first fusion-column-last\" style=\"--awb-bg-blend:overlay;--awb-bg-size:cover;\"><div class=\"fusion-column-wrapper fusion-flex-column-wrapper-legacy\"><div class=\"fusion-text fusion-text-1\"><h2>Acerca de Access Info Europe<\/h2>\n<p>Access Info Europe es una organizaci\u00f3n de derechos humanos fundada en Madrid en 2006 y dedicada a la promoci\u00f3n y protecci\u00f3n del derecho de acceso a la informaci\u00f3n.<\/p>\n<p>Access Info gestiona una serie de proyectos dise\u00f1ados para fomentar el derecho a la informaci\u00f3n con el fin de aumentar la participaci\u00f3n y la rendici\u00f3n de cuentas, defender los derechos humanos y promover la democracia.<\/p>\n<p>Las actividades incluyen la combinaci\u00f3n de investigaci\u00f3n y observaci\u00f3n, la elaboraci\u00f3n de normas, campa\u00f1as para la reforma legislativa y litigios sobre cuestiones estrat\u00e9gicas. Access Info tambi\u00e9n proporciona apoyo y formaci\u00f3n para la sociedad civil y los periodistas. Hemos contribuido a desarrollar el activismo por la transparencia en la sociedad civil en Europa, construyendo una red de organizaciones nacionales dedicadas a asegurar una mayor transparencia en la pr\u00e1ctica.<\/p>\n<p>Con el fin de garantizar una mayor transparencia en la toma de decisiones p\u00fablicas, nos centramos en una serie de \u00e1reas tem\u00e1ticas que incluyen los derechos humanos (<span style=\"color: #000000;\">entregas extraordinarias<\/span>, control de protestas, detenci\u00f3n y control de migrantes), gasto de fondos p\u00fablicos, registros de empresas, transparencia en la propiedad de los medios de comunicaci\u00f3n y cuestiones medioambientales. El control de los grupos de presi\u00f3n es otra prioridad estrat\u00e9gica, que realizamos a trav\u00e9s de campa\u00f1as para conseguir normas m\u00e1s estrictas y nuevas leyes, as\u00ed como mediante la obtenci\u00f3n de informaci\u00f3n sobre las actividades de los grupos de presi\u00f3n.<\/p>\n<div>Adem\u00e1s de nuestras exitosas campa\u00f1as nacionales, la transparencia de la Uni\u00f3n Europea es una prioridad. Access Info Europe ha ganado un caso contra el Consejo de la UE en el Tribunal de Justicia de las Comunidades Europeas, ha luchado con \u00e9xito contra los intentos de debilitar las normas de transparencia de la UE y ayuda regularmente a periodistas y organizaciones de la sociedad civil a obtener documentos de la UE. La plataforma <a href=\"https:\/\/www.asktheeu.org\/\" target=\"_blank\" rel=\"noopener noreferrer\">AsktheEU.org<\/a> ofrece a los ciudadanos la posibilidad de solicitar informaci\u00f3n sobre el funcionamiento de la UE.<\/div>\n<div><\/div>\n<div>Tambi\u00e9n gestionamos <a href=\"http:\/\/www.rti-rating.org\/\" target=\"_blank\" rel=\"noopener noreferrer\">RTI Rating<\/a>, que mide la solidez de las leyes de acceso a la informaci\u00f3n y es ampliamente utilizada como una herramienta de incidencia<i>.<\/i><\/div>\n<p>Nuestro apoyo a periodistas incluye el kit <a href=\"http:\/\/www.legalleaks.info\/\" target=\"_blank\" rel=\"noopener noreferrer\">Legal Leaks<\/a> \u2013 disponible en una versi\u00f3n internacional y en 13 idiomas nacionales- ha sido utilizado por periodistas de toda Europa.<\/p>\n<p>Access Info Europe tambi\u00e9n participa activamente en la Asociaci\u00f3n de Gobierno Abierto (<a href=\"http:\/\/www.opengovpartnership.org\/\" target=\"_blank\" rel=\"noopener noreferrer\">Open Government Partnership<\/a>).<\/p>\n<\/div><div class=\"fusion-clearfix\"><\/div><\/div><\/div><\/div><\/div><div class=\"fusion-fullwidth fullwidth-box fusion-builder-row-4 nonhundred-percent-fullwidth non-hundred-percent-height-scrolling\" style=\"--awb-border-radius-top-left:0px;--awb-border-radius-top-right:0px;--awb-border-radius-bottom-right:0px;--awb-border-radius-bottom-left:0px;--awb-padding-top:5px;--awb-padding-bottom:10px;--awb-flex-wrap:wrap;\" ><div class=\"fusion-builder-row fusion-row\"><div class=\"fusion-layout-column fusion_builder_column fusion-builder-column-2 fusion_builder_column_1_1 1_1 fusion-one-full fusion-column-first fusion-column-last\" style=\"--awb-bg-blend:overlay;--awb-bg-size:cover;\"><div class=\"fusion-column-wrapper fusion-flex-column-wrapper-legacy\"><div class=\"fusion-text fusion-text-2\"><h2>Nuestra Misi\u00f3n<\/h2>\n<blockquote>\n<p>Access Info Europe es una organizaci\u00f3n de derechos humanos dedicada a promover y proteger el derecho de acceso a la informaci\u00f3n en Europa y el mundo, como una herramienta para la defensa de las libertades civiles y los derechos humanos, para facilitar la participaci\u00f3n p\u00fablica en la toma de decisiones y para facilitar la fiscalizaci\u00f3n de los gobiernos. Como se establece en esta estrategia, promovemos tanto el derecho a la informaci\u00f3n en s\u00ed mismo como por su valor democr\u00e1tico. El equipo de Access Info Europe tambi\u00e9n utiliza su experiencia para contribuir a la promoci\u00f3n del derecho de acceso a la informaci\u00f3n en la legislaci\u00f3n y en la pr\u00e1ctica a nivel mundial.<\/p>\n<p>El objetivo de Access Info es que exista un s\u00f3lido derecho de acceso a la informaci\u00f3n, lo que significa que no s\u00f3lo exista sobre el papel, las normas, constituciones y leyes internacionales, sino que tambi\u00e9n pueda ejercerse en la pr\u00e1ctica para que las personas puedan obtener la informaci\u00f3n que necesitan para defender los derechos humanos, participar en la toma de decisiones y exigir la rendici\u00f3n de cuentas.<\/p>\n<\/blockquote>\n<p><a href=\"https:\/\/www.access-info.org\/wp-content\/uploads\/Statutes_Spanish_Feb_2008_.pdf\" target=\"_blank\" rel=\"noopener noreferrer\">Estatutos de Febrero 2008 en Espa\u00f1ol<\/a> ; <a href=\"https:\/\/www.access-info.org\/wp-content\/uploads\/Extract_from_Statutes_Feb_2008_english.pdf\" target=\"_blank\" rel=\"noopener noreferrer\">2008 Statutes Extract in English<\/a><\/p>\n<\/div><div class=\"fusion-clearfix\"><\/div><\/div><\/div><\/div><\/div><div class=\"fusion-fullwidth fullwidth-box fusion-builder-row-5 nonhundred-percent-fullwidth non-hundred-percent-height-scrolling\" style=\"--awb-border-radius-top-left:0px;--awb-border-radius-top-right:0px;--awb-border-radius-bottom-right:0px;--awb-border-radius-bottom-left:0px;--awb-padding-top:5px;--awb-padding-bottom:10px;--awb-flex-wrap:wrap;\" ><div class=\"fusion-builder-row fusion-row\"><div class=\"fusion-layout-column fusion_builder_column fusion-builder-column-3 fusion_builder_column_1_1 1_1 fusion-one-full fusion-column-first fusion-column-last\" style=\"--awb-bg-blend:overlay;--awb-bg-size:cover;\"><div class=\"fusion-column-wrapper fusion-flex-column-wrapper-legacy\"><div class=\"fusion-text fusion-text-3\"><h2>Nuestra Visi\u00f3n<\/h2>\n<p>Nuestra visi\u00f3n es que todas las personas en Europa tienen el derecho a saber qu\u00e9 est\u00e1n haciendo sus representantes electos con el poder depositado en ellos y c\u00f3mo se est\u00e1 gastando el dinero p\u00fablico.<\/p>\n<p>Tambi\u00e9n queremos que toda persona pueda acceder a la informaci\u00f3n que necesite o que est\u00e9 interesado en conocer, sin tener que dar explicaciones.<\/p>\n<\/div><div class=\"fusion-clearfix\"><\/div><\/div><\/div><\/div><\/div><div class=\"fusion-fullwidth fullwidth-box fusion-builder-row-6 nonhundred-percent-fullwidth non-hundred-percent-height-scrolling\" style=\"--awb-border-radius-top-left:0px;--awb-border-radius-top-right:0px;--awb-border-radius-bottom-right:0px;--awb-border-radius-bottom-left:0px;--awb-padding-top:5px;--awb-padding-bottom:10px;--awb-flex-wrap:wrap;\" ><div class=\"fusion-builder-row fusion-row\"><div class=\"fusion-layout-column fusion_builder_column fusion-builder-column-4 fusion_builder_column_1_1 1_1 fusion-one-full fusion-column-first fusion-column-last\" style=\"--awb-bg-blend:overlay;--awb-bg-size:cover;\"><div class=\"fusion-column-wrapper fusion-flex-column-wrapper-legacy\"><div class=\"fusion-text fusion-text-4\"><h2>La estrategia Access Info 2014 -2016<\/h2>\n<p>Access Info lleva a cabo proyectos que est\u00e1n en l\u00ednea con su misi\u00f3n y de acuerdo con su estrategia, la cual se revisa de forma peri\u00f3dica y es aprobada por la Junta Directiva y el Consejo Asesor Internacional.<\/p>\n<p>La estrategia actual abarca el periodo que va desde 2014 a 2016. Contiene los detalles acerca de nuestro equipo y estructura, c\u00f3mo estos llevan a cabo su trabajo, y acerca de nuestra forma de abordar el activismo a trav\u00e9s de la creaci\u00f3n de redes.<\/p>\n<p>La Estrategia de Access Info Europe sienta las bases de nuestra teor\u00eda del cambio y analiza el contexto europeo y global en el que desarrollamos nuestro trabajo. Abordamos el estado actual del derecho de acceso a la informaci\u00f3n, los avances logrados y su relaci\u00f3n con el movimiento open data y con las oportunidades que facilita la importancia que actualmente ha adquirido el Gobierno Abierto. Analizamos los retos que surgen a partir del actual contexto pol\u00edtico, social y econ\u00f3mico en Europa, incluyendo la crisis financiera y la perpetua guerra contra el terror y la vigilancia a la ciudadan\u00eda. Examinamos los obst\u00e1culos a los que se enfrenta la transparencia a nivel nacional y europeo, as\u00ed como las oportunidades que una organizaci\u00f3n como Access Info Europe puede tener a la hora de lograr un impacto en ese contexto.<\/p>\n<p><a href=\"https:\/\/www.access-info.org\/wp-content\/uploads\/Access_Info_Strategy_-_2014-2016_May_2013_v2_20_November_2013_pb_hd.pdf\" target=\"_blank\" rel=\"noopener noreferrer\">Estrategia Access Info Europe 2014-16<\/a><\/p>\n<\/div><div class=\"fusion-clearfix\"><\/div><\/div><\/div><\/div><\/div><div class=\"fusion-fullwidth fullwidth-box fusion-builder-row-7 fusion-flex-container nonhundred-percent-fullwidth non-hundred-percent-height-scrolling\" style=\"--awb-border-radius-top-left:0px;--awb-border-radius-top-right:0px;--awb-border-radius-bottom-right:0px;--awb-border-radius-bottom-left:0px;--awb-flex-wrap:wrap;\" ><div class=\"fusion-builder-row fusion-row fusion-flex-align-items-flex-start fusion-flex-content-wrap\" style=\"max-width:1144px;margin-left: calc(-4% \/ 2 );margin-right: calc(-4% \/ 2 );\"><div class=\"fusion-layout-column fusion_builder_column fusion-builder-column-5 fusion_builder_column_1_1 1_1 fusion-flex-column\" style=\"--awb-bg-size:cover;--awb-width-large:100%;--awb-margin-top-large:0px;--awb-spacing-right-large:1.92%;--awb-margin-bottom-large:0px;--awb-spacing-left-large:1.92%;--awb-width-medium:100%;--awb-spacing-right-medium:1.92%;--awb-spacing-left-medium:1.92%;--awb-width-small:100%;--awb-spacing-right-small:1.92%;--awb-spacing-left-small:1.92%;\"><div class=\"fusion-column-wrapper fusion-flex-justify-content-flex-start fusion-content-layout-column\"><div class=\"fusion-text fusion-text-5\"><p style=\"text-align: center;\"><em>Cover photo: <a href=\"https:\/\/www.flickr.com\/photos\/technicolorpaul\/\" target=\"_blank\" rel=\"noopener noreferrer\">Paul Gagnon<\/a> via Flickr (<a href=\"https:\/\/creativecommons.org\/licenses\/by-nc-nd\/2.0\/\" target=\"_blank\" rel=\"noopener noreferrer\">CC BY-NC-ND 2.0<\/a>)<\/em><\/p>\n<\/div><\/div><\/div><\/div><\/div><\/p>\n","protected":false},"excerpt":{"rendered":"","protected":false},"author":1,"featured_media":0,"parent":0,"menu_order":10,"comment_status":"closed","ping_status":"closed","template":"100-width.php","meta":{"footnotes":""},"class_list":["post-10557","page","type-page","status-publish","hentry"],"_links":{"self":[{"href":"https:\/\/www.access-info.org\/es\/wp-json\/wp\/v2\/pages\/10557","targetHints":{"allow":["GET"]}}],"collection":[{"href":"https:\/\/www.access-info.org\/es\/wp-json\/wp\/v2\/pages"}],"about":[{"href":"https:\/\/www.access-info.org\/es\/wp-json\/wp\/v2\/types\/page"}],"author":[{"embeddable":true,"href":"https:\/\/www.access-info.org\/es\/wp-json\/wp\/v2\/users\/1"}],"replies":[{"embeddable":true,"href":"https:\/\/www.access-info.org\/es\/wp-json\/wp\/v2\/comments?post=10557"}],"version-history":[{"count":22,"href":"https:\/\/www.access-info.org\/es\/wp-json\/wp\/v2\/pages\/10557\/revisions"}],"predecessor-version":[{"id":38784,"href":"https:\/\/www.access-info.org\/es\/wp-json\/wp\/v2\/pages\/10557\/revisions\/38784"}],"wp:attachment":[{"href":"https:\/\/www.access-info.org\/es\/wp-json\/wp\/v2\/media?parent=10557"}],"curies":[{"name":"wp","href":"https:\/\/api.w.org\/{rel}","templated":true}]}}