{"id":10561,"date":"2014-12-18T17:07:19","date_gmt":"2014-12-18T16:07:19","guid":{"rendered":"https:\/\/www.access-info.org\/access-info-in-the-news-2"},"modified":"2021-05-18T13:57:57","modified_gmt":"2021-05-18T11:57:57","slug":"access-info-en-medios","status":"publish","type":"page","link":"https:\/\/www.access-info.org\/es\/access-info-en-medios\/","title":{"rendered":"Access Info en los Medios"},"content":{"rendered":"<div class=\"fusion-fullwidth fullwidth-box fusion-builder-row-1 fusion-parallax-none nonhundred-percent-fullwidth non-hundred-percent-height-scrolling\" style=\"--awb-background-position:top;--awb-border-radius-top-left:0px;--awb-border-radius-top-right:0px;--awb-border-radius-bottom-right:0px;--awb-border-radius-bottom-left:0px;--awb-padding-top:20px;--awb-padding-bottom:15px;--awb-background-image:url(&quot;https:\/\/www.access-info.org\/wp-content\/uploads\/madrid22.png&quot;);--awb-background-size:cover;--awb-flex-wrap:wrap;\" >\n<p>&nbsp;<\/p>\n<p style=\"text-align: center;\"><span style=\"font-size: 36pt; color: #ffffff;\">ACCESS INFO EN LOS MEDIOS<\/span><\/p>\n<p style=\"text-align: center;\"><span style=\"font-size: 18pt; color: #ffffff;\">LEA C\u00d3MO LOS MEDIOS DE COMUNICACI\u00d3N DE TODO EL MUNDO RECOGEN EL TRABAJO DE ACCESS INFO<\/span><\/p>\n<p>&nbsp;<\/p>\n<p><\/div><div class=\"fusion-fullwidth fullwidth-box fusion-builder-row-2 nonhundred-percent-fullwidth non-hundred-percent-height-scrolling\" style=\"--awb-background-position:bottom;--awb-border-radius-top-left:0px;--awb-border-radius-top-right:0px;--awb-border-radius-bottom-right:0px;--awb-border-radius-bottom-left:0px;--awb-padding-top:50px;--awb-padding-bottom:15px;--awb-flex-wrap:wrap;\" ><div class=\"fusion-builder-row fusion-row\"><div class=\"fusion-layout-column fusion_builder_column fusion-builder-column-0 fusion_builder_column_1_1 1_1 fusion-one-full fusion-column-first fusion-column-last fusion-column-no-min-height\" style=\"--awb-bg-size:cover;--awb-margin-bottom:0px;\"><div class=\"fusion-column-wrapper fusion-flex-column-wrapper-legacy\"><div class=\"fusion-blog-shortcode fusion-blog-shortcode-1 fusion-blog-archive fusion-blog-layout-grid-wrapper fusion-blog-infinite fusion-blog-no-images\"><style type=\"text\/css\">.fusion-blog-shortcode-1 .fusion-blog-layout-grid .fusion-post-grid{padding:20px;}.fusion-blog-shortcode-1 .fusion-posts-container{margin-left: -20px !important; margin-right:-20px !important;}<\/style><div class=\"fusion-posts-container fusion-posts-container-infinite fusion-blog-layout-grid fusion-blog-layout-grid-3 isotope\" data-pages=\"53\" data-grid-col-space=\"40\" style=\"margin: -20px -20px 0;min-height:500px;\"><article id=\"blog-1-post-38799\" class=\"fusion-post-grid post-38799 post type-post status-publish format-standard has-post-thumbnail hentry category-aieinthenews-es category-nat-es category-frontpage-es category-esp-es\">\n<div class=\"fusion-post-wrapper\" style=\"background-color:rgba(255,255,255,0);border:1px solid #ebeaea;border-bottom-width:3px;\"><div class=\"fusion-post-content-wrapper\" style=\"padding:30px 25px 20px 25px;\"><div class=\"fusion-post-content post-content\"><h2 class=\"blog-shortcode-post-title entry-title\"><a href=\"https:\/\/www.access-info.org\/es\/2025-06-02\/spanish-court-orders-government-to-disclose-uncac-self-assessment-documents\/\">Spanish Court Orders Government to Disclose UNCAC Self-Assessment Documents<\/a><\/h2><div class=\"fusion-content-sep sep-single sep-solid\"><\/div><div class=\"fusion-post-content-container\"><p> 02 June 2025 - A Spanish court has ruled that the Ministry of Foreign Affairs, European Union and Cooperation was wrong to refuse Access<\/p><\/div><\/div><div class=\"fusion-meta-info\"><div class=\"fusion-alignleft\"><a class=\"fusion-read-more\" href=\"https:\/\/www.access-info.org\/es\/2025-06-02\/spanish-court-orders-government-to-disclose-uncac-self-assessment-documents\/\" aria-label=\"More on Spanish Court Orders Government to Disclose UNCAC Self-Assessment Documents\">Read More<\/a><\/div><\/div><\/div><div class=\"fusion-clearfix\"><\/div><\/div>\n<\/article>\n<article id=\"blog-1-post-38759\" class=\"fusion-post-grid post-38759 post type-post status-publish format-standard has-post-thumbnail hentry category-aieinthenews-2 category-eut category-article\">\n<div class=\"fusion-post-wrapper\" style=\"background-color:rgba(255,255,255,0);border:1px solid #ebeaea;border-bottom-width:3px;\"><div class=\"fusion-post-content-wrapper\" style=\"padding:30px 25px 20px 25px;\"><div class=\"fusion-post-content post-content\"><h2 class=\"blog-shortcode-post-title entry-title\"><a href=\"https:\/\/www.access-info.org\/es\/2025-05-08\/civil-society-coalition-calls-on-european-ombudsman-to-defend-transparency-and-the-right-of-access-to-eu-documents\/\">Civil Society Coalition Calls on European Ombudsman to Defend Transparency and the Right of Access to EU Documents<\/a><\/h2><div class=\"fusion-content-sep sep-single sep-solid\"><\/div><div class=\"fusion-post-content-container\"><p> 08 May 2025 - Access Info Europe, alongside a coalition of transparency and accountability organisations, has written to newly elected European Ombudsman Ms. Anjinho<\/p><\/div><\/div><div class=\"fusion-meta-info\"><div class=\"fusion-alignleft\"><a class=\"fusion-read-more\" href=\"https:\/\/www.access-info.org\/es\/2025-05-08\/civil-society-coalition-calls-on-european-ombudsman-to-defend-transparency-and-the-right-of-access-to-eu-documents\/\" aria-label=\"More on Civil Society Coalition Calls on European Ombudsman to Defend Transparency and the Right of Access to EU Documents\">Read More<\/a><\/div><\/div><\/div><div class=\"fusion-clearfix\"><\/div><\/div>\n<\/article>\n<article id=\"blog-1-post-38745\" class=\"fusion-post-grid post-38745 post type-post status-publish format-standard has-post-thumbnail hentry category-aieinthenews-2 category-eut category-article category-a4r\">\n<div class=\"fusion-post-wrapper\" style=\"background-color:rgba(255,255,255,0);border:1px solid #ebeaea;border-bottom-width:3px;\"><div class=\"fusion-post-content-wrapper\" style=\"padding:30px 25px 20px 25px;\"><div class=\"fusion-post-content post-content\"><h2 class=\"blog-shortcode-post-title entry-title\"><a href=\"https:\/\/www.access-info.org\/es\/2025-03-25\/joint-legal-challenge-filed-against-european-commissions-new-access-to-documents-rules\/\">Joint Legal Challenge Filed Against European Commission\u2019s New Access to Documents Rules<\/a><\/h2><div class=\"fusion-content-sep sep-single sep-solid\"><\/div><div class=\"fusion-post-content-container\"><p>25 March 2025 - Access Info brings legal challenge against European Commission arguing that its new access to documents rules violate the Charter, the TFEU,<\/p><\/div><\/div><div class=\"fusion-meta-info\"><div class=\"fusion-alignleft\"><a class=\"fusion-read-more\" href=\"https:\/\/www.access-info.org\/es\/2025-03-25\/joint-legal-challenge-filed-against-european-commissions-new-access-to-documents-rules\/\" aria-label=\"More on Joint Legal Challenge Filed Against European Commission\u2019s New Access to Documents Rules\">Read More<\/a><\/div><\/div><\/div><div class=\"fusion-clearfix\"><\/div><\/div>\n<\/article>\n<article id=\"blog-1-post-38451\" class=\"fusion-post-grid post-38451 post type-post status-publish format-standard hentry category-aieinthenews-2\">\n<div class=\"fusion-post-wrapper\" style=\"background-color:rgba(255,255,255,0);border:1px solid #ebeaea;border-bottom-width:3px;\"><div class=\"fusion-post-content-wrapper\" style=\"padding:30px 25px 20px 25px;\"><div class=\"fusion-post-content post-content\"><h2 class=\"blog-shortcode-post-title entry-title\"><a href=\"https:\/\/www.access-info.org\/es\/2023-01-31\/malteski-sud-presudio\/\">Malte\u0161ki sud presudio u korist organizacije za promicanje i za\u0161titu prava na informacije<\/a><\/h2><div class=\"fusion-content-sep sep-single sep-solid\"><\/div><div class=\"fusion-post-content-container\"><p>O\u0161tro | 31\/01\/2023 Croatian - \u017dalbeni sud u Malti presudio je u korist Access Info Europe, nevladine organizacije sa sjedi\u0161tem u Madridu, utvrdiv\u0161i da je<\/p><\/div><\/div><div class=\"fusion-meta-info\"><div class=\"fusion-alignleft\"><a class=\"fusion-read-more\" href=\"https:\/\/www.access-info.org\/es\/2023-01-31\/malteski-sud-presudio\/\" aria-label=\"More on Malte\u0161ki sud presudio u korist organizacije za promicanje i za\u0161titu prava na informacije\">Read More<\/a><\/div><\/div><\/div><div class=\"fusion-clearfix\"><\/div><\/div>\n<\/article>\n<article id=\"blog-1-post-38446\" class=\"fusion-post-grid post-38446 post type-post status-publish format-standard hentry category-aieinthenews-2\">\n<div class=\"fusion-post-wrapper\" style=\"background-color:rgba(255,255,255,0);border:1px solid #ebeaea;border-bottom-width:3px;\"><div class=\"fusion-post-content-wrapper\" style=\"padding:30px 25px 20px 25px;\"><div class=\"fusion-post-content post-content\"><h2 class=\"blog-shortcode-post-title entry-title\"><a href=\"https:\/\/www.access-info.org\/es\/2023-01-30\/court-appeal-maltese\/\">Court rejects ministry\u2019s appeal on information request by non-Maltese resident<\/a><\/h2><div class=\"fusion-content-sep sep-single sep-solid\"><\/div><div class=\"fusion-post-content-container\"><p>Times of Malta | 27\/01\/2023 English - Restricting information requests by non-Maltese citizens to persons who have lived in Malta for at least five years<\/p><\/div><\/div><div class=\"fusion-meta-info\"><div class=\"fusion-alignleft\"><a class=\"fusion-read-more\" href=\"https:\/\/www.access-info.org\/es\/2023-01-30\/court-appeal-maltese\/\" aria-label=\"More on Court rejects ministry\u2019s appeal on information request by non-Maltese resident\">Read More<\/a><\/div><\/div><\/div><div class=\"fusion-clearfix\"><\/div><\/div>\n<\/article>\n<article id=\"blog-1-post-38435\" class=\"fusion-post-grid post-38435 post type-post status-publish format-standard hentry category-aieinthenews-2\">\n<div class=\"fusion-post-wrapper\" style=\"background-color:rgba(255,255,255,0);border:1px solid #ebeaea;border-bottom-width:3px;\"><div class=\"fusion-post-content-wrapper\" style=\"padding:30px 25px 20px 25px;\"><div class=\"fusion-post-content post-content\"><h2 class=\"blog-shortcode-post-title entry-title\"><a href=\"https:\/\/www.access-info.org\/es\/2023-01-26\/clasificados-pero-poco-protegidos\/\">Clasificados, pero poco protegidos<\/a><\/h2><div class=\"fusion-content-sep sep-single sep-solid\"><\/div><div class=\"fusion-post-content-container\"><p>laSexta Noticias | 25\/01\/2023 Spanish - Ver v\u00eddeo (min. 16.30).<\/p><\/div><\/div><div class=\"fusion-meta-info\"><div class=\"fusion-alignleft\"><a class=\"fusion-read-more\" href=\"https:\/\/www.access-info.org\/es\/2023-01-26\/clasificados-pero-poco-protegidos\/\" aria-label=\"More on Clasificados, pero poco protegidos\">Read More<\/a><\/div><\/div><\/div><div class=\"fusion-clearfix\"><\/div><\/div>\n<\/article>\n<div class=\"fusion-clearfix\"><\/div><\/div><div class=\"fusion-infinite-scroll-trigger\"><\/div><div class=\"pagination infinite-scroll clearfix\" style=\"display:none;\"><span class=\"current\">1<\/span><a href=\"https:\/\/www.access-info.org\/es\/wp-json\/wp\/v2\/pages\/10561\/page\/2\/\" class=\"inactive\">2<\/a><a class=\"pagination-next\" rel=\"next\" href=\"https:\/\/www.access-info.org\/es\/wp-json\/wp\/v2\/pages\/10561\/page\/2\/\"><span class=\"page-text\">Next<\/span><span class=\"page-next\"><\/span><\/a><\/div><div class=\"fusion-clearfix\"><\/div><\/div><div class=\"fusion-clearfix\"><\/div><\/div><\/div><\/div><\/div><div class=\"fusion-fullwidth fullwidth-box fusion-builder-row-3 nonhundred-percent-fullwidth non-hundred-percent-height-scrolling\" style=\"--awb-border-radius-top-left:0px;--awb-border-radius-top-right:0px;--awb-border-radius-bottom-right:0px;--awb-border-radius-bottom-left:0px;--awb-flex-wrap:wrap;\" ><div class=\"fusion-builder-row fusion-row\"><div class=\"fusion-layout-column fusion_builder_column fusion-builder-column-1 fusion_builder_column_1_1 1_1 fusion-one-full fusion-column-first fusion-column-last\" style=\"--awb-bg-size:cover;--awb-margin-bottom:0px;\"><div class=\"fusion-column-wrapper fusion-flex-column-wrapper-legacy\"><div class=\"fusion-text fusion-text-1\"><p style=\"text-align: center;\"><em>Cover photo: <a href=\"https:\/\/www.flickr.com\/photos\/technicolorpaul\/\" target=\"_blank\" rel=\"noopener noreferrer\">Paul Gagnon<\/a> via Flickr (<a href=\"https:\/\/creativecommons.org\/licenses\/by-nc-nd\/2.0\/\" target=\"_blank\" rel=\"noopener noreferrer\">CC BY-NC-ND 2.0<\/a>)<\/em><\/p>\n<\/div><div class=\"fusion-clearfix\"><\/div><\/div><\/div><\/div><\/div><\/p>\n","protected":false},"excerpt":{"rendered":"","protected":false},"author":1,"featured_media":0,"parent":0,"menu_order":40,"comment_status":"closed","ping_status":"closed","template":"100-width.php","meta":{"footnotes":""},"class_list":["post-10561","page","type-page","status-publish","hentry"],"_links":{"self":[{"href":"https:\/\/www.access-info.org\/es\/wp-json\/wp\/v2\/pages\/10561","targetHints":{"allow":["GET"]}}],"collection":[{"href":"https:\/\/www.access-info.org\/es\/wp-json\/wp\/v2\/pages"}],"about":[{"href":"https:\/\/www.access-info.org\/es\/wp-json\/wp\/v2\/types\/page"}],"author":[{"embeddable":true,"href":"https:\/\/www.access-info.org\/es\/wp-json\/wp\/v2\/users\/1"}],"replies":[{"embeddable":true,"href":"https:\/\/www.access-info.org\/es\/wp-json\/wp\/v2\/comments?post=10561"}],"version-history":[{"count":12,"href":"https:\/\/www.access-info.org\/es\/wp-json\/wp\/v2\/pages\/10561\/revisions"}],"predecessor-version":[{"id":35304,"href":"https:\/\/www.access-info.org\/es\/wp-json\/wp\/v2\/pages\/10561\/revisions\/35304"}],"wp:attachment":[{"href":"https:\/\/www.access-info.org\/es\/wp-json\/wp\/v2\/media?parent=10561"}],"curies":[{"name":"wp","href":"https:\/\/api.w.org\/{rel}","templated":true}]}}