{"id":13509,"date":"2015-01-22T12:53:25","date_gmt":"2015-01-22T11:53:25","guid":{"rendered":"https:\/\/www.access-info.org\/standards-laws-2"},"modified":"2019-11-04T14:13:01","modified_gmt":"2019-11-04T13:13:01","slug":"standards-laws","status":"publish","type":"page","link":"https:\/\/www.access-info.org\/es\/standards-laws\/","title":{"rendered":"Leyes y principios"},"content":{"rendered":"<div class=\"fusion-fullwidth fullwidth-box fusion-builder-row-1 fusion-parallax-none nonhundred-percent-fullwidth non-hundred-percent-height-scrolling\" style=\"--awb-background-position:bottom;--awb-border-radius-top-left:0px;--awb-border-radius-top-right:0px;--awb-border-radius-bottom-right:0px;--awb-border-radius-bottom-left:0px;--awb-padding-top:20px;--awb-padding-bottom:15px;--awb-background-image:url(&quot;https:\/\/www.access-info.org\/wp-content\/uploads\/resources.png&quot;);--awb-background-size:cover;--awb-flex-wrap:wrap;\" ><div class=\"fusion-builder-row fusion-row\">\n<h1 style=\"text-align: center; font-size: 50px; line-height: 60px;\"><span style=\"color: #fff;\">LEYES Y EST\u00c1NDARES<\/span><\/h1>\n<h1 style=\"text-align: center; font-size: 26px; line-height: 40px; color: #fff;\">ENCUENTRA AQU\u00cd LOS PRINCIPIOS Y DOCUMENTOS QUE ESTABLECEN LOS EST\u00c1NDARES PARA AVANZAR EN EL DERECHO DE ACCESO A LA INFORMACI\u00d3N<\/h1>\n<\/div><\/div>\n<div class=\"fusion-fullwidth fullwidth-box fusion-builder-row-2 nonhundred-percent-fullwidth non-hundred-percent-height-scrolling\" style=\"--awb-border-radius-top-left:0px;--awb-border-radius-top-right:0px;--awb-border-radius-bottom-right:0px;--awb-border-radius-bottom-left:0px;--awb-padding-top:40px;--awb-padding-bottom:15px;--awb-flex-wrap:wrap;\" ><div class=\"fusion-builder-row fusion-row\">\n<div class=\"fusion-layout-column fusion_builder_column fusion-builder-column-0 fusion_builder_column_1_1 1_1 fusion-one-full fusion-column-first fusion-column-last\" style=\"--awb-bg-size:cover;\"><div class=\"fusion-column-wrapper fusion-flex-column-wrapper-legacy\">\n<p>En esta p\u00e1gina hemos recopilado algunos de los m\u00e1s \u00fatiles principios y documentos que establecen los criterios para promover y defender el derecho de acceso a la informaci\u00f3n.<\/p>\n<p>Actualmente estamos tambi\u00e9n en proceso de redactar dos recopilaciones de principios de Access Info sobre el Acceso a la Informaci\u00f3n y de Publicaci\u00f3n Proactiva.<\/p>\n<h2>Los principios de Access Info:<\/h2>\n<p>Cinco Principios para una OTAN abierta y responsable<\/p>\n<p><a href=\"https:\/\/www.access-info.org\/wp-content\/uploads\/NATO_Openness_Principles.pdf\" target=\"_self\" rel=\"noopener noreferrer\"><img decoding=\"async\" class=\" size-full wp-image-10727\" src=\"https:\/\/www.access-info.org\/wp-content\/uploads\/file_pdf.png\" alt=\"file_pdf\" width=\"16\" height=\"16\" \/> Descarga los principios (en ingl\u00e9s)<\/a><\/p>\n<h2>Est\u00e1ndares y declaraciones de la sociedad civil:<\/h2>\n<p>Iniciativa de Justicia &#8211; Diez Principios sobre el Derecho de Saber<\/p>\n<p><a href=\"http:\/\/right2info.org\/resources\/publications\/JI%2010%20Principles%20R2K-Country%20list%202009.doc\/view?searchterm=principles\" target=\"_self\" rel=\"noopener noreferrer\"><img decoding=\"async\" class=\" size-full wp-image-10867\" src=\"https:\/\/www.access-info.org\/wp-content\/uploads\/arrow.png\" alt=\"arrow\" width=\"16\" height=\"16\" \/> Link a los principios (en ingl\u00e9s)<\/a> <a href=\"https:\/\/www.access-info.org\/wp-content\/uploads\/JI_Ten_Principles_on_Right_to_Know_2008_countries.pdf\" target=\"_self\" rel=\"noopener noreferrer\"><img decoding=\"async\" class=\" size-full wp-image-10727\" src=\"https:\/\/www.access-info.org\/wp-content\/uploads\/file_pdf.png\" alt=\"file_pdf\" width=\"16\" height=\"16\" \/> Descarga los principios (en ingl\u00e9s) <\/a><\/p>\n<p>Art\u00edculo 19, Derecho del P\u00fablico de Saber, Principios sobre la Legislaci\u00f3n de la Libertad de Informaci\u00f3n<\/p>\n<p><a href=\"https:\/\/www.access-info.org\/wp-content\/uploads\/righttoknow.pdf\" target=\"_self\" rel=\"noopener noreferrer\"><img decoding=\"async\" class=\" size-full wp-image-10867\" src=\"https:\/\/www.access-info.org\/wp-content\/uploads\/arrow.png\" alt=\"arrow\" width=\"16\" height=\"16\" \/>Link a los principios (en ingl\u00e9s)<\/a> <a href=\"https:\/\/www.access-info.org\/wp-content\/uploads\/Article_19_principles_on_the_public_right_to_know.pdf\" target=\"_self\" rel=\"noopener noreferrer\"><img decoding=\"async\" class=\" size-full wp-image-10727\" src=\"https:\/\/www.access-info.org\/wp-content\/uploads\/file_pdf.png\" alt=\"file_pdf\" width=\"16\" height=\"16\" \/> Descarga los principios (en ingl\u00e9s)<\/a><\/p>\n<p>Declaraci\u00f3n de Atlanta y Plan de Acci\u00f3n para el Progreso del Derecho de Acceso a la Informaci\u00f3n<\/p>\n<p><a href=\"http:\/\/www.cartercenter.org\/peace\/americas\/ati_conference\/right_to_public_information_conf.html\" target=\"_self\" rel=\"noopener noreferrer\"><img decoding=\"async\" class=\" size-full wp-image-10867\" src=\"https:\/\/www.access-info.org\/wp-content\/uploads\/arrow.png\" alt=\"arrow\" width=\"16\" height=\"16\" \/>Link a la declaraci\u00f3n (disponible en varias lenguas)<\/a><\/p>\n<p><a href=\"https:\/\/www.access-info.org\/wp-content\/uploads\/Atlanta_Declaration_and_Plan_of_Action.pdf\" target=\"_self\" rel=\"noopener noreferrer\"><img decoding=\"async\" class=\" size-full wp-image-10727\" src=\"https:\/\/www.access-info.org\/wp-content\/uploads\/file_pdf.png\" alt=\"file_pdf\" width=\"16\" height=\"16\" \/> Descarga los principios (en ingl\u00e9s)<\/a><\/p>\n<p>Declaraci\u00f3n de Budapest sobre el Derecho de Acceso a la Informaci\u00f3n<\/p>\n<p><a href=\"http:\/\/www.cmcs.ceu.hu\/files\/u3\/ration_on_the_Right_to_Access_to_Information_0.pdf\" target=\"_self\" rel=\"noopener noreferrer\"><img decoding=\"async\" class=\" size-full wp-image-10867\" src=\"https:\/\/www.access-info.org\/wp-content\/uploads\/arrow.png\" alt=\"arrow\" width=\"16\" height=\"16\" \/>Link a la declaraci\u00f3n (en ingl\u00e9s)<\/a> <a href=\"https:\/\/www.access-info.org\/wp-content\/uploads\/Budapest_Declaration.pdf\" target=\"_self\" rel=\"noopener noreferrer\"><img decoding=\"async\" class=\" size-full wp-image-10727\" src=\"https:\/\/www.access-info.org\/wp-content\/uploads\/file_pdf.png\" alt=\"file_pdf\" width=\"16\" height=\"16\" \/> Descarga la declaraci\u00f3n (en ingl\u00e9s)<\/a><\/p>\n<p>Carta de Transparencia para Instituciones Financieras Internacionales:<\/p>\n<p>Reivindicar nuestro Derecho de Saber<\/p>\n<p><a href=\"https:\/\/www.access-info.org\/wp-content\/uploads\/charter_en.pdf\" target=\"_self\" rel=\"noopener noreferrer\"><img decoding=\"async\" class=\" size-full wp-image-10867\" src=\"https:\/\/www.access-info.org\/wp-content\/uploads\/arrow.png\" alt=\"arrow\" width=\"16\" height=\"16\" \/>Link a la carta (en ingl\u00e9s)<\/a> <a href=\"https:\/\/www.access-info.org\/wp-content\/uploads\/charter_en.pdf\" target=\"_self\" rel=\"noopener noreferrer\"><img decoding=\"async\" class=\" size-full wp-image-10727\" src=\"https:\/\/www.access-info.org\/wp-content\/uploads\/file_pdf.png\" alt=\"file_pdf\" width=\"16\" height=\"16\" \/> Descarga la carta (en ingl\u00e9s)<\/a><\/p>\n<p>Declaraci\u00f3n sobre la apertura parlamentaria<\/p>\n<p><a href=\"https:\/\/www.access-info.org\/wp-content\/uploads\/charter_en.pdf\" target=\"_self\" rel=\"noopener noreferrer\"><img decoding=\"async\" class=\" size-full wp-image-10867\" src=\"https:\/\/www.access-info.org\/wp-content\/uploads\/arrow.png\" alt=\"arrow\" width=\"16\" height=\"16\" \/><\/a> <a href=\"http:\/\/www.openingparliament.org\/declaration\" target=\"_blank\" rel=\"noopener noreferrer\">Link a la declaraci\u00f3n<\/a><\/p>\n<h2>Tratados internacionales<\/h2>\n<p>Consejo de la Convenci\u00f3n Europea sobre el Acceso a los Documentos<\/p>\n<p><a href=\"http:\/\/www.conventions.coe.int\/Treaty\/en\/Treaties\/Html\/205.htm\" target=\"_self\" rel=\"noopener noreferrer\"><img decoding=\"async\" class=\" size-full wp-image-10867\" src=\"https:\/\/www.access-info.org\/wp-content\/uploads\/arrow.png\" alt=\"arrow\" width=\"16\" height=\"16\" \/>Link a la convenci\u00f3n (en ingl\u00e9s)<\/a> <a href=\"https:\/\/www.access-info.org\/wp-content\/uploads\/Council_of_Europe_Convention_on_Access_to_Official_Documents.pdf\" target=\"_self\" rel=\"noopener noreferrer\"><img decoding=\"async\" class=\" size-full wp-image-10727\" src=\"https:\/\/www.access-info.org\/wp-content\/uploads\/file_pdf.png\" alt=\"file_pdf\" width=\"16\" height=\"16\" \/> Descarga la convenci\u00f3n (en ingl\u00e9s)<\/a><\/p>\n<p>Convenci\u00f3n Aarhus sobre el Acceso a la Informaci\u00f3n, Participaci\u00f3n P\u00fablica y Acceso a la Justicia en Temas Medio Ambientales<\/p>\n<p><a href=\"https:\/\/www.access-info.org\/wp-content\/uploads\/cep43e.pdf\" target=\"_self\" rel=\"noopener noreferrer\"><img decoding=\"async\" class=\" size-full wp-image-10867\" src=\"https:\/\/www.access-info.org\/wp-content\/uploads\/arrow.png\" alt=\"arrow\" width=\"16\" height=\"16\" \/>Link a la convenci\u00f3n (en ingl\u00e9s)<\/a> <a href=\"https:\/\/www.access-info.org\/wp-content\/uploads\/Aarhus_convention.pdf\" target=\"_self\" rel=\"noopener noreferrer\"><img decoding=\"async\" class=\" size-full wp-image-10727\" src=\"https:\/\/www.access-info.org\/wp-content\/uploads\/file_pdf.png\" alt=\"file_pdf\" width=\"16\" height=\"16\" \/> Descarga la convenci\u00f3n (en ingl\u00e9s)<\/a><\/p>\n<h2>Principios y Recomendaciones Inter-gubernamentales<\/h2>\n<p>Organizaci\u00f3n de Estados Americanos, Comit\u00e9 Judicial Inter-Americano, Principios sobre el Derecho de Acceso a la Informaci\u00f3n<\/p>\n<p><a href=\"https:\/\/www.access-info.org\/wp-content\/uploads\/CJI-RES_147_LXXIII-O-08_eng.pdf\" target=\"_self\" rel=\"noopener noreferrer\"><img decoding=\"async\" class=\" size-full wp-image-10867\" src=\"https:\/\/www.access-info.org\/wp-content\/uploads\/arrow.png\" alt=\"arrow\" width=\"16\" height=\"16\" \/>Link a la declaraci\u00f3n (en ingl\u00e9s)<\/a> <a href=\"https:\/\/www.access-info.org\/wp-content\/uploads\/CofE_Rec_20022_access_to_docs.pdf\" target=\"_self\" rel=\"noopener noreferrer\"><img decoding=\"async\" class=\" size-full wp-image-10727\" src=\"https:\/\/www.access-info.org\/wp-content\/uploads\/file_pdf.png\" alt=\"file_pdf\" width=\"16\" height=\"16\" \/> Descarga la declaraci\u00f3n<\/a> (en ingl\u00e9s)<\/p>\n<p>Consejo de Europa, Recomendaci\u00f3n 2002(2) sobre el acceso a los documentos oficiales<\/p>\n<p><a href=\"http:\/\/www.coe.int\/T\/E\/Human_rights\/rec(2002)2_eng.pdf\" target=\"_self\" rel=\"noopener noreferrer\"><img decoding=\"async\" class=\" size-full wp-image-10867\" src=\"https:\/\/www.access-info.org\/wp-content\/uploads\/arrow.png\" alt=\"arrow\" width=\"16\" height=\"16\" \/>Link a la declaraci\u00f3n (en ingl\u00e9s)<\/a> <a href=\"https:\/\/www.access-info.org\/wp-content\/uploads\/CofE_Rec_20022_access_to_docs.pdf\" target=\"_self\" rel=\"noopener noreferrer\"><img decoding=\"async\" class=\" size-full wp-image-10727\" src=\"https:\/\/www.access-info.org\/wp-content\/uploads\/file_pdf.png\" alt=\"file_pdf\" width=\"16\" height=\"16\" \/> Descarga la declaraci\u00f3n (en ingl\u00e9s)<\/a><\/p>\n<p>Comisi\u00f3n Africana sobre los Derechos Humanos y de las Personas, Declaraci\u00f3n de Principios sobre Libertad de Expresi\u00f3n en \u00c1frica<\/p>\n<p><a href=\"https:\/\/www.access-info.org\/wp-content\/uploads\/cep43e.pdf\" target=\"_self\" rel=\"noopener noreferrer\"><img decoding=\"async\" class=\" size-full wp-image-10867\" src=\"https:\/\/www.access-info.org\/wp-content\/uploads\/arrow.png\" alt=\"arrow\" width=\"16\" height=\"16\" \/>Link a la declaraci\u00f3n (en ingl\u00e9s)<\/a> <a href=\"https:\/\/www.access-info.org\/wp-content\/uploads\/MAPUTO_DECLARATION__UNESCO-CI.pdf\" target=\"_self\" rel=\"noopener noreferrer\"><img decoding=\"async\" class=\" size-full wp-image-10727\" src=\"https:\/\/www.access-info.org\/wp-content\/uploads\/file_pdf.png\" alt=\"file_pdf\" width=\"16\" height=\"16\" \/> Descarga la declaraci\u00f3n (en ingl\u00e9s)<\/a><\/p>\n<p>Declaraci\u00f3n de Maputo del UNESCO sobre el Fomento de la Libertad de Expresi\u00f3n, Acceso a la Informaci\u00f3n y el Otorgamiento del Poder a las Personas<\/p>\n<p><a href=\"https:\/\/www.access-info.org\/wp-content\/uploads\/cep43e.pdf\" target=\"_self\" rel=\"noopener noreferrer\"><img decoding=\"async\" class=\" size-full wp-image-10867\" src=\"https:\/\/www.access-info.org\/wp-content\/uploads\/arrow.png\" alt=\"arrow\" width=\"16\" height=\"16\" \/>Link a la declaraci\u00f3n (en ingl\u00e9s)<\/a> <a href=\"https:\/\/www.access-info.org\/wp-content\/uploads\/MAPUTO_DECLARATION__UNESCO-CI.pdf\" target=\"_self\" rel=\"noopener noreferrer\"><img decoding=\"async\" class=\" size-full wp-image-10727\" src=\"https:\/\/www.access-info.org\/wp-content\/uploads\/file_pdf.png\" alt=\"file_pdf\" width=\"16\" height=\"16\" \/> Descarga la declaraci\u00f3n (en ingl\u00e9s)<br \/>\n<\/a><\/p>\n<h2>Declaraciones de los relatores internacionales sobre la Libertad de Expresi\u00f3n<\/h2>\n<p>Ver, <a href=\"http:\/\/www.article19.org\/publications\/law\/igo-materials.html\" target=\"_self\" rel=\"noopener noreferrer\">Materiales Intergubernamentales sobre la Expresi\u00f3n Libre desde el Art\u00edculo 19<\/a>, y tambi\u00e9n la declaraci\u00f3n conjunta de 2004 sobre <a href=\"http:\/\/www.article19.org\/pdfs\/igo-documents\/three-mandates-dec-2004.pdf\" target=\"_self\" rel=\"noopener noreferrer\">Mecanismos Internacionales para Promover la Libertad de Expresi\u00f3n.<\/a><\/p>\n<p><a href=\"https:\/\/www.access-info.org\/wp-content\/uploads\/three-mandates-dec-2004.pdf\" target=\"_self\" rel=\"noopener noreferrer\"><img decoding=\"async\" class=\" size-full wp-image-10867\" src=\"https:\/\/www.access-info.org\/wp-content\/uploads\/arrow.png\" alt=\"arrow\" width=\"16\" height=\"16\" \/>Link a la declaraci\u00f3n (en ingl\u00e9s)<\/a> <a href=\"https:\/\/www.access-info.org\/wp-content\/uploads\/Joint_Declaration_on_International_Mechanisms_for_Promoting_Freedom_of_Expression.pdf\" target=\"_self\" rel=\"noopener noreferrer\"><img decoding=\"async\" class=\" size-full wp-image-10727\" src=\"https:\/\/www.access-info.org\/wp-content\/uploads\/file_pdf.png\" alt=\"file_pdf\" width=\"16\" height=\"16\" \/> <\/a><a href=\"https:\/\/www.access-info.org\/wp-content\/uploads\/Joint_Declaration_on_International_Mechanisms_for_Promoting_Freedom_of_Expression.pdf\" target=\"_self\" rel=\"noopener noreferrer\">Descarga la declaraci\u00f3n (en ingl\u00e9s)<\/a><\/p>\n<div class=\"fusion-clearfix\"><\/div><\/div><\/div>\n<\/div><\/div>\n<div class=\"fusion-fullwidth fullwidth-box fusion-builder-row-3 hundred-percent-fullwidth non-hundred-percent-height-scrolling\" style=\"--awb-border-radius-top-left:0px;--awb-border-radius-top-right:0px;--awb-border-radius-bottom-right:0px;--awb-border-radius-bottom-left:0px;--awb-overflow:visible;--awb-padding-right:20px;--awb-padding-left:20px;--awb-margin-top:10px;--awb-margin-bottom:10px;--awb-background-color:rgba(255,255,255,0);--awb-flex-wrap:wrap;\" ><div class=\"fusion-builder-row fusion-row\"><div class=\"fusion-layout-column fusion_builder_column fusion-builder-column-1 fusion_builder_column_1_1 1_1 fusion-one-full fusion-column-first fusion-column-last fusion-column-no-min-height\" style=\"--awb-bg-size:cover;--awb-margin-bottom:0px;\"><div class=\"fusion-column-wrapper fusion-flex-column-wrapper-legacy\"><div class=\"fusion-sep-clear\"><\/div><div class=\"fusion-separator fusion-full-width-sep\" style=\"margin-left: auto;margin-right: auto;width:100%;\"><\/div><div class=\"fusion-sep-clear\"><\/div>\n<p style=\"text-align: center;\"><em>Cover photo: <a href=\"https:\/\/www.flickr.com\/photos\/144810968@N02\" target=\"_blank\" rel=\"noopener noreferrer\">International Open Data Conference<\/a> via Flickr (<a href=\"https:\/\/creativecommons.org\/licenses\/by\/2.0\/\" target=\"_blank\" rel=\"noopener noreferrer\">CC BY 2.0<\/a>)<\/em><\/p>\n<div class=\"fusion-clearfix\"><\/div><\/div><\/div><\/div><\/div>\n","protected":false},"excerpt":{"rendered":"","protected":false},"author":1,"featured_media":0,"parent":0,"menu_order":62,"comment_status":"closed","ping_status":"closed","template":"100-width.php","meta":{"footnotes":""},"class_list":["post-13509","page","type-page","status-publish","hentry"],"_links":{"self":[{"href":"https:\/\/www.access-info.org\/es\/wp-json\/wp\/v2\/pages\/13509","targetHints":{"allow":["GET"]}}],"collection":[{"href":"https:\/\/www.access-info.org\/es\/wp-json\/wp\/v2\/pages"}],"about":[{"href":"https:\/\/www.access-info.org\/es\/wp-json\/wp\/v2\/types\/page"}],"author":[{"embeddable":true,"href":"https:\/\/www.access-info.org\/es\/wp-json\/wp\/v2\/users\/1"}],"replies":[{"embeddable":true,"href":"https:\/\/www.access-info.org\/es\/wp-json\/wp\/v2\/comments?post=13509"}],"version-history":[{"count":11,"href":"https:\/\/www.access-info.org\/es\/wp-json\/wp\/v2\/pages\/13509\/revisions"}],"predecessor-version":[{"id":31791,"href":"https:\/\/www.access-info.org\/es\/wp-json\/wp\/v2\/pages\/13509\/revisions\/31791"}],"wp:attachment":[{"href":"https:\/\/www.access-info.org\/es\/wp-json\/wp\/v2\/media?parent=13509"}],"curies":[{"name":"wp","href":"https:\/\/api.w.org\/{rel}","templated":true}]}}