{"id":13519,"date":"2015-02-23T13:13:35","date_gmt":"2015-02-23T13:13:35","guid":{"rendered":"https:\/\/www.access-info.org\/?page_id=13519"},"modified":"2020-03-19T12:18:20","modified_gmt":"2020-03-19T11:18:20","slug":"que-es-el-derecho-a-saber","status":"publish","type":"page","link":"https:\/\/www.access-info.org\/es\/que-es-el-derecho-a-saber\/","title":{"rendered":"\u00bfQu\u00e9 es el derecho a saber?"},"content":{"rendered":"<div class=\"fusion-fullwidth fullwidth-box fusion-builder-row-1 fusion-parallax-none nonhundred-percent-fullwidth non-hundred-percent-height-scrolling\" style=\"--awb-background-position:bottom;--awb-border-radius-top-left:0px;--awb-border-radius-top-right:0px;--awb-border-radius-bottom-right:0px;--awb-border-radius-bottom-left:0px;--awb-padding-top:20px;--awb-padding-bottom:15px;--awb-background-image:url(&quot;https:\/\/www.access-info.org\/wp-content\/uploads\/resources.png&quot;);--awb-background-size:cover;--awb-flex-wrap:wrap;\" ><div class=\"fusion-builder-row fusion-row\">\n<h1 style=\"text-align: center; font-size: 50px; line-height: 60px;\"><span style=\"color: #fff;\">\u00bfQU\u00c9 ES EL DERECHO A SABER?<\/span><\/h1>\n<h1 style=\"text-align: center; font-size: 26px; line-height: 40px; color: #fff;\">TODO LO QUE NECESITAS CONOCER SOBRE EL DERECHO FUNDAMENTAL DE ACCESO A LA INFORMACI\u00d3N<\/h1>\n<\/div><\/div>\n<div class=\"fusion-fullwidth fullwidth-box fusion-builder-row-2 nonhundred-percent-fullwidth non-hundred-percent-height-scrolling\" style=\"--awb-border-radius-top-left:0px;--awb-border-radius-top-right:0px;--awb-border-radius-bottom-right:0px;--awb-border-radius-bottom-left:0px;--awb-padding-top:40px;--awb-padding-bottom:15px;--awb-flex-wrap:wrap;\" ><div class=\"fusion-builder-row fusion-row\">\n<div class=\"fusion-layout-column fusion_builder_column fusion-builder-column-0 fusion_builder_column_1_1 1_1 fusion-one-full fusion-column-first fusion-column-last\" style=\"--awb-bg-size:cover;\"><div class=\"fusion-column-wrapper fusion-flex-column-wrapper-legacy\">\n<h2>Acerca del acceso a la informaci\u00f3n<\/h2>\n<p>En una democracia es esencial que las personas puedan acceder a una amplia gama de informaciones para participar de una manera real y efectiva en los asuntos que les afectan.<\/p>\n<p>Los organismos p\u00fablicos manejan mucha informaci\u00f3n en nombre del p\u00fablico. La informaci\u00f3n pertenece al p\u00fablico y \u00e9sta es la raz\u00f3n para que todos nosotros tengamos derecho de acceso a ella, ya que est\u00e1 puesta en las manos de los organismos p\u00fablicos en cuanto \u00abservidores del pueblo\u00bb.<\/p>\n<p>El derecho de acceso a la informaci\u00f3n plantea dos obligaciones clave a los gobiernos. Primero, la obligaci\u00f3n de publicar y repartir la informaci\u00f3n clave sobre lo que est\u00e1n haciendo los diferentes organismos p\u00fablicos. Segundo, los gobiernos tienen la obligaci\u00f3n de recibir las solicitudes de informaci\u00f3n del p\u00fablico y la obligaci\u00f3n de responder, dejando, o que el p\u00fablico vea los documentos originales, o que reciba copias de documentos e informaciones en su poder.<\/p>\n<p>El acceso a la informaci\u00f3n es un derecho humano fundamental que consta de dos partes:<\/p>\n<p><strong><span style=\"color: #e3220e;\">\u00bb<\/span> Proactiva<\/strong><br \/>\nLa obligaci\u00f3n positiva de los organismos p\u00fablicos de proporcionar, publicar y difundir informaciones sobre sus principales actividades, presupuestos y pol\u00edticas de manera que el p\u00fablico pueda saber lo que est\u00e1n haciendo, participar en asuntos p\u00fablicos y controlar como se est\u00e1n comportando las autoridades pol\u00edticas.<\/p>\n<p><strong><span style=\"color: #e3220e;\">\u00bb<\/span> Reactiva<\/strong><br \/>\nEl derecho de todas las personas a solicitar a los funcionarios p\u00fablicos informaci\u00f3n sobre sus actividades y alg\u00fan documento que ellos tengan en su poder, y el derecho a recibir una respuesta. La mayor\u00eda de la informaci\u00f3n en poder de las entidades p\u00fablicas tendr\u00eda que estar disponible pero hay algunos casos en los que se oculta para proteger privacidad, seguridad nacional o intereses comerciales.<div class=\"fusion-clearfix\"><\/div><\/div><\/div>\n<div class=\"fusion-layout-column fusion_builder_column fusion-builder-column-1 fusion_builder_column_1_1 1_1 fusion-one-full fusion-column-first fusion-column-last fusion-column-no-min-height\" style=\"--awb-bg-size:cover;--awb-margin-bottom:0px;\"><div class=\"fusion-column-wrapper fusion-flex-column-wrapper-legacy\"><div class=\"fusion-sep-clear\"><\/div><div class=\"fusion-separator fusion-full-width-sep\" style=\"margin-left: auto;margin-right: auto;margin-top:25px;margin-bottom:45px;width:100%;\"><div class=\"fusion-separator-border sep-double sep-dotted\" style=\"--awb-height:20px;--awb-amount:20px;--awb-sep-color:#365f91;border-color:#365f91;border-top-width:1px;border-bottom-width:1px;\"><\/div><\/div><div class=\"fusion-sep-clear\"><\/div>\n<h2>\u00bfPuedo tener acceso a toda la informaci\u00f3n en poder de los organismos p\u00fablicos?<\/h2>\n<p>No. El derecho de acceso a la informaci\u00f3n no es un derecho absoluto. Puede haber una informaci\u00f3n que podr\u00eda causar da\u00f1os si hecha p\u00fablica, por lo menos en un momento dado. Para mayor informaci\u00f3n sobre las excepciones del acceso a la informaci\u00f3n <a href=\"https:\/\/www.access-info.org\/es\/que-es-el-derecho-a-saber\/44\" target=\"_blank\" rel=\"noopener noreferrer\">haz click aqu\u00ed<\/a>.<\/p>\n<h2>\u00bfC\u00f3mo puedo solicitar una informaci\u00f3n?<\/h2>\n<p>Acu\u00e9rdate que tienes <strong>el derecho a solicitar<\/strong> informaciones sobre cuestiones de gobierno y el gobierno tiene que contestarte porque es tu derecho saber. Debido a las excepciones consideradas arriba, los gobiernos podr\u00edan no darte siempre la informaci\u00f3n pero tienen que contestar siempre a tu solicitud.<\/p>\n<h2>\u00bfQui\u00e9n puede hacer una solicitud?<\/h2>\n<p><strong>Quien quiera<\/strong> puede solicitar informaciones a pesar de su nacionalidad y no hay necesidad de justificar el inter\u00e9s que tienes en la informaci\u00f3n, contestar a preguntas sobre la raz\u00f3n de la solicitud ni tampoco dar respuestas detalladas sobre quien eres o que quieres hacer con la informaci\u00f3n. De todas maneras, es buena idea facilitar un correo electr\u00f3nico para que puedan contactarte m\u00e1s f\u00e1cilmente.<\/p>\n<h2>\u00bfC\u00f3mo puedo hacer mi solicitud?<\/h2>\n<p>Presentar una solicitud es f\u00e1cil y no hay muchas formalidades. En la mayor\u00eda de los casos puedes presentar tu solicitud tanto escrita como oral y en el caso en el que solicites por escrito puedes hacerlo tambi\u00e9n por correo electr\u00f3nico.<\/p>\n<h2>\u00bfQu\u00e9 debo decir en mi solicitud?<\/h2>\n<p>Tu solicitud tiene que ser lo m\u00e1s espec\u00edfica posible. En la mayor\u00eda de los casos no es necesario identificar un documento espec\u00edfico con una referencia formal (Italia es una exepci\u00f3n).<br \/>\nSi se trata de la primera solicitud que presentas es bueno escribirla relativamente simple y clara. De esta manera tendr\u00e1s meyores posibilidades de recibir una respuesta r\u00e1pida ya que siempre podr\u00e1s hacer un seguimiento.<\/p>\n<h2>\u00bfC\u00f3mo recibir\u00e9 la informaci\u00f3n?<\/h2>\n<p>Puedes acceder a la informaci\u00f3n en diferentes formatos (revisi\u00f3n de los originales, copias, DVD, CD&#8230;). En casi todos los casos puedes solicitar un formato espec\u00edfico y tienes el derecho a recibir la informaci\u00f3n en \u00e9ste mismo a no ser que sea imposible o demasiado caro. Debes especificar en la solicitud en que formato prefieres recibir la informaci\u00f3n.<\/p>\n<h2>\u00bfCu\u00e1ndo recibir\u00e9 la informaci\u00f3n?<\/h2>\n<p>Los pa\u00edses tienen diferentes plazos para contestar a las solicitudes, notificar las pr\u00f3rrogas o emitir la denegaci\u00f3n, plazo que oscila entre lo antes posible y un mes. <strong>Pr\u00f3rrogas en caso de solicitudes complejas:<\/strong> La mayor\u00eda de los pa\u00edses permite a los organismos p\u00fablicos de extender el plazo si la solicitud es compleja. La pr\u00f3rroga generalmente oscila entre unos pocos d\u00edas adicionales y un mes extra. En todos los casos el solicitante tiene que ser advertido del retraso y de las razones que lo hayan producido.<\/p>\n<h2>\u00bfY si no recibo respuesta a mi solicitud?<\/h2>\n<p>Tienes derecho a apelar si no recibes la informaci\u00f3n. Normalmente hay por lo menos dos fases en la apelaci\u00f3n. Primero, apelar al organismo p\u00fablico que ha denegado la informaci\u00f3n o que no ha cumplido en proporcionarla. Verifica que dice tu ley nacional de acceso a la informaci\u00f3n aunque normalmente la carta de apelaci\u00f3n tiene que ser enviada al jefe de la instituci\u00f3n. En los pa\u00edses que tienen una buena ley de acceso a la informaci\u00f3n habr\u00e1 un sistema claro para rellenar las apelaciones. El segundo paso de la apelaci\u00f3n es recorrer o al tribunal o a la comisi\u00f3n de informaci\u00f3n si es que tu pa\u00eds la tiene.<div class=\"fusion-clearfix\"><\/div><\/div><\/div><\/div><\/div>\n<div class=\"fusion-fullwidth fullwidth-box fusion-builder-row-3 hundred-percent-fullwidth non-hundred-percent-height-scrolling\" style=\"--awb-border-radius-top-left:0px;--awb-border-radius-top-right:0px;--awb-border-radius-bottom-right:0px;--awb-border-radius-bottom-left:0px;--awb-overflow:visible;--awb-padding-right:20px;--awb-padding-left:20px;--awb-margin-top:10px;--awb-margin-bottom:10px;--awb-background-color:rgba(255,255,255,0);--awb-flex-wrap:wrap;\" ><div class=\"fusion-builder-row fusion-row\"><div class=\"fusion-layout-column fusion_builder_column fusion-builder-column-2 fusion_builder_column_1_1 1_1 fusion-one-full fusion-column-first fusion-column-last fusion-column-no-min-height\" style=\"--awb-bg-size:cover;--awb-margin-bottom:0px;\"><div class=\"fusion-column-wrapper fusion-flex-column-wrapper-legacy\"><div class=\"fusion-sep-clear\"><\/div><div class=\"fusion-separator fusion-full-width-sep\" style=\"margin-left: auto;margin-right: auto;width:100%;\"><\/div><div class=\"fusion-sep-clear\"><\/div>\n<p style=\"text-align: center;\"><em>Cover photo: <a href=\"https:\/\/www.flickr.com\/photos\/144810968@N02\" target=\"_blank\" rel=\"noopener noreferrer\">International Open Data Conference<\/a> via Flickr (<a href=\"https:\/\/creativecommons.org\/licenses\/by\/2.0\/\" target=\"_blank\" rel=\"noopener noreferrer\">CC BY 2.0<\/a>)<\/em><\/p>\n<div class=\"fusion-clearfix\"><\/div><\/div><\/div><\/div><\/div>\n","protected":false},"excerpt":{"rendered":"","protected":false},"author":1,"featured_media":0,"parent":0,"menu_order":61,"comment_status":"closed","ping_status":"closed","template":"100-width.php","meta":{"footnotes":""},"class_list":["post-13519","page","type-page","status-publish","hentry"],"_links":{"self":[{"href":"https:\/\/www.access-info.org\/es\/wp-json\/wp\/v2\/pages\/13519","targetHints":{"allow":["GET"]}}],"collection":[{"href":"https:\/\/www.access-info.org\/es\/wp-json\/wp\/v2\/pages"}],"about":[{"href":"https:\/\/www.access-info.org\/es\/wp-json\/wp\/v2\/types\/page"}],"author":[{"embeddable":true,"href":"https:\/\/www.access-info.org\/es\/wp-json\/wp\/v2\/users\/1"}],"replies":[{"embeddable":true,"href":"https:\/\/www.access-info.org\/es\/wp-json\/wp\/v2\/comments?post=13519"}],"version-history":[{"count":5,"href":"https:\/\/www.access-info.org\/es\/wp-json\/wp\/v2\/pages\/13519\/revisions"}],"predecessor-version":[{"id":33145,"href":"https:\/\/www.access-info.org\/es\/wp-json\/wp\/v2\/pages\/13519\/revisions\/33145"}],"wp:attachment":[{"href":"https:\/\/www.access-info.org\/es\/wp-json\/wp\/v2\/media?parent=13519"}],"curies":[{"name":"wp","href":"https:\/\/api.w.org\/{rel}","templated":true}]}}