{"id":14417,"date":"2015-03-02T13:56:07","date_gmt":"2015-03-02T13:56:07","guid":{"rendered":"https:\/\/www.access-info.org\/?page_id=14417"},"modified":"2017-04-16T14:29:27","modified_gmt":"2017-04-16T12:29:27","slug":"politica-de-cookies","status":"publish","type":"page","link":"https:\/\/www.access-info.org\/es\/politica-de-cookies\/","title":{"rendered":"Pol\u00edtica de cookies"},"content":{"rendered":"<h1>Pol\u00edtica de cookies de Access Info Europe<\/h1>\n<p>En cumplimiento con lo establecido en el art\u00edculo 22.2 de la Ley de Servicios de la Socie- dad de la Informaci\u00f3n y del Comercio Electr\u00f3nico (LSSI) y en adecuaci\u00f3n con la Directiva Europea 2009\/136\/CE, Access Info Europe le informa de que este sitio web hace uso de cookies.<\/p>\n<p>Para hacer un uso completo del contenido y las funciones personalizadas de este sitio web, el navegador de su ordenador o dispositivo m\u00f3vil debe aceptar las cookies. Es com\u00fan que su navegador lo haga de forma predeterminada.<\/p>\n<p>Las cookies de este sitio web no almacenan informaci\u00f3n confdencial como su nombre, direcci\u00f3n, etc., no obstante, si desea restringir, bloquear o eliminar las cookies de este si- tio web o de cualquier otro, puede confgurar su navegador para rechazar o aceptar las mismas o para que estas \u00e9stas sean eliminadas de forma autom\u00e1tica una vez cierre el navegador o apague el ordenador o dispositivo m\u00f3vil.<\/p>\n<p>La configuraci\u00f3n de las cookies en los navegadores se realiza de la siguiente forma:<\/p>\n<ul>\n<li>Firefox: Preferencias &gt; Privacidad.<\/li>\n<li>Google Chrome: Confguraci\u00f3n &gt; Privacidad &gt; Confguraci\u00f3n de contenido &gt; Cookies.<\/li>\n<li>Safari: Preferencias &gt; Privacidad<\/li>\n<li>Internet Explorer: Herramientas &gt; Opciones de Internet &gt; Privacidad &gt; Avanzada.<\/li>\n<\/ul>\n<p>Si comparte contenido de \u00e9ste sitio web mediante redes sociales como Facebook y Twitter, es posible que reciba cookies de dichos sitios web. Los ajustes de las cookies de terceros no est\u00e1n bajo el control de Access Info Europe, por lo que le sugerimos que compruebe los si- tios web de terceros para obtener m\u00e1s informaci\u00f3n sobre sus cookies y c\u00f3mo gestionarlas.<\/p>\n<p>En Access Info Europe utilizamos las siguientes cookies:<\/p>\n<p>_ga \u00a0 Sesi\u00f3n<\/p>\n<p>Esta cookie de Google es utilizada para su servicio de <strong>Google Analytics<\/strong>.\u00a0Estas cookies de Google Analytics generan un ID de usuario an\u00f3nimo, que es el que se utiliza para hacer recuento de cuantas veces visita el sitio un usuario. Tambi\u00e9n registra cuando fue la primera y la \u00faltima vez que visit\u00f3 la web. Asimismo, calcula cuando se ha terminado una sesi\u00f3n, origen del usuario, y keywords.<\/p>\n","protected":false},"excerpt":{"rendered":"<p>Pol\u00edtica de cookies de Access Info Europe En cumplimiento con lo establecido en el art\u00edculo 22.2 de la Ley de Servicios de la Socie- dad de la Informaci\u00f3n y del Comercio Electr\u00f3nico (LSSI) y en adecuaci\u00f3n con la Directiva Europea 2009\/136\/CE, Access Info Europe le informa de que este sitio web hace uso de cookies. Para hacer un uso completo del contenido y las funciones personalizadas de este sitio web, el navegador de su ordenador o dispositivo m\u00f3vil debe aceptar las cookies. Es com\u00fan que su navegador lo haga de forma predeterminada. Las cookies de este sitio web no almacenan<\/p>\n","protected":false},"author":6,"featured_media":0,"parent":0,"menu_order":102,"comment_status":"closed","ping_status":"closed","template":"","meta":{"footnotes":""},"class_list":["post-14417","page","type-page","status-publish","hentry"],"_links":{"self":[{"href":"https:\/\/www.access-info.org\/es\/wp-json\/wp\/v2\/pages\/14417","targetHints":{"allow":["GET"]}}],"collection":[{"href":"https:\/\/www.access-info.org\/es\/wp-json\/wp\/v2\/pages"}],"about":[{"href":"https:\/\/www.access-info.org\/es\/wp-json\/wp\/v2\/types\/page"}],"author":[{"embeddable":true,"href":"https:\/\/www.access-info.org\/es\/wp-json\/wp\/v2\/users\/6"}],"replies":[{"embeddable":true,"href":"https:\/\/www.access-info.org\/es\/wp-json\/wp\/v2\/comments?post=14417"}],"version-history":[{"count":3,"href":"https:\/\/www.access-info.org\/es\/wp-json\/wp\/v2\/pages\/14417\/revisions"}],"predecessor-version":[{"id":14731,"href":"https:\/\/www.access-info.org\/es\/wp-json\/wp\/v2\/pages\/14417\/revisions\/14731"}],"wp:attachment":[{"href":"https:\/\/www.access-info.org\/es\/wp-json\/wp\/v2\/media?parent=14417"}],"curies":[{"name":"wp","href":"https:\/\/api.w.org\/{rel}","templated":true}]}}