{"id":16254,"date":"2015-05-12T15:57:53","date_gmt":"2015-05-12T13:57:53","guid":{"rendered":"http:\/\/www.access-info.org\/?page_id=16254"},"modified":"2021-05-24T13:05:44","modified_gmt":"2021-05-24T11:05:44","slug":"eventos","status":"publish","type":"page","link":"https:\/\/www.access-info.org\/es\/eventos\/","title":{"rendered":"Eventos"},"content":{"rendered":"<p><div class=\"fusion-fullwidth fullwidth-box fusion-builder-row-1 fusion-parallax-none nonhundred-percent-fullwidth non-hundred-percent-height-scrolling\" style=\"--awb-background-position:top;--awb-border-radius-top-left:0px;--awb-border-radius-top-right:0px;--awb-border-radius-bottom-right:0px;--awb-border-radius-bottom-left:0px;--awb-padding-top:20px;--awb-padding-bottom:15px;--awb-background-image:url(&quot;https:\/\/www.access-info.org\/wp-content\/uploads\/madrid22.png&quot;);--awb-background-size:cover;--awb-flex-wrap:wrap;\" ><div class=\"fusion-builder-row fusion-row\"><div class=\"fusion-layout-column fusion_builder_column fusion-builder-column-0 fusion_builder_column_1_1 1_1 fusion-one-full fusion-column-first fusion-column-last\" style=\"--awb-bg-blend:overlay;--awb-bg-size:cover;\"><div class=\"fusion-column-wrapper fusion-flex-column-wrapper-legacy\"><div class=\"fusion-text fusion-text-1\"><h3><\/h3>\n<h3 style=\"text-align: center;\"><span style=\"font-size: 36pt;\">EVENTOS<\/span><\/h3>\n<h3 style=\"text-align: center;\"><span style=\"font-size: 18pt;\">ESTOS SON LOS EVENTOS EN LOS QUE ACCESS INFO <\/span><span style=\"font-size: 18pt;\">HA PARTICIPADO Y LAS REUNIONES QUE HA MANTENIDO CON FUNCIONARIOS Y POL\u00cdTICOS<\/span><\/h3>\n<\/div><div class=\"fusion-clearfix\"><\/div><\/div><\/div><\/div><\/div><div class=\"fusion-fullwidth fullwidth-box fusion-builder-row-2 nonhundred-percent-fullwidth non-hundred-percent-height-scrolling\" style=\"--awb-border-radius-top-left:0px;--awb-border-radius-top-right:0px;--awb-border-radius-bottom-right:0px;--awb-border-radius-bottom-left:0px;--awb-flex-wrap:wrap;\" ><div class=\"fusion-builder-row fusion-row\"><div class=\"fusion-layout-column fusion_builder_column fusion-builder-column-1 fusion_builder_column_1_1 1_1 fusion-one-full fusion-column-first fusion-column-last\" style=\"--awb-bg-size:cover;\"><div class=\"fusion-column-wrapper fusion-column-has-shadow fusion-flex-column-wrapper-legacy\"><div class=\"fusion-sep-clear\"><\/div><div class=\"fusion-separator fusion-full-width-sep\" style=\"margin-left: auto;margin-right: auto;width:100%;\"><div class=\"fusion-separator-border sep-double\" style=\"--awb-height:20px;--awb-amount:20px;--awb-sep-color:#fffcfc;border-color:#fffcfc;border-top-width:5px;border-bottom-width:5px;\"><\/div><\/div><div class=\"fusion-sep-clear\"><\/div><div class=\"fusion-clearfix\"><\/div><\/div><\/div><\/div><\/div><div class=\"fusion-fullwidth fullwidth-box fusion-builder-row-3 nonhundred-percent-fullwidth non-hundred-percent-height-scrolling\" style=\"--awb-border-radius-top-left:0px;--awb-border-radius-top-right:0px;--awb-border-radius-bottom-right:0px;--awb-border-radius-bottom-left:0px;--awb-flex-wrap:wrap;\" ><div class=\"fusion-builder-row fusion-row\"><div class=\"fusion-layout-column fusion_builder_column fusion-builder-column-2 fusion_builder_column_1_1 1_1 fusion-one-full fusion-column-first fusion-column-last fusion-column-no-min-height\" style=\"--awb-bg-size:cover;--awb-margin-bottom:0px;\"><div class=\"fusion-column-wrapper fusion-flex-column-wrapper-legacy\"><div class=\"fusion-blog-shortcode fusion-blog-shortcode-1 fusion-blog-archive fusion-blog-layout-medium fusion-blog-pagination fusion-blog-no-images\"><div class=\"fusion-posts-container fusion-posts-container-pagination\" data-pages=\"15\"><article id=\"blog-1-post-38562\" class=\"fusion-post-medium post-38562 post type-post status-publish format-standard has-post-thumbnail hentry category-acc-es category-events-es category-frontpage-es category-dmt-es\">\n<div class=\"fusion-post-content post-content\"><h2 class=\"blog-shortcode-post-title entry-title\"><a href=\"https:\/\/www.access-info.org\/es\/2024-08-13\/convocatoria-de-nominaciones-para-el-access-info-impact-award\/\">Convocatoria de nominaciones para el Access Info Impact Award<\/a><\/h2><div class=\"fusion-post-content-container\"><p><strong>Madrid, 12 de agosto de 2024 \u2013 Access Info Europe ha lanzado el Access Info Impact Award, un premio que celebra las personas que han utilizado su derecho a la informaci\u00f3n para tener un impacto positivo en la sociedad.<\/strong><\/p>\n<p>El Access<\/p>\n<\/div><\/div><div class=\"fusion-clearfix\"><\/div><div class=\"fusion-meta-info\"><span class=\"vcard\" style=\"display: none;\"><span class=\"fn\"><a href=\"https:\/\/www.access-info.org\/es\/author\/rachel\/\" title=\"Entradas de Rachel Hanna\" rel=\"author\">Rachel Hanna<\/a><\/span><\/span><span class=\"updated\" style=\"display:none;\">2024-08-13T15:54:40+02:00<\/span><div class=\"fusion-alignright\"><a class=\"fusion-read-more\" href=\"https:\/\/www.access-info.org\/es\/2024-08-13\/convocatoria-de-nominaciones-para-el-access-info-impact-award\/\" aria-label=\"More on Convocatoria de nominaciones para el Access Info Impact Award\">Read More<\/a><\/div><\/div><\/article>\n<article id=\"blog-1-post-35950\" class=\"fusion-post-medium post-35950 post type-post status-publish format-standard hentry category-events-es\">\n<div class=\"fusion-post-content post-content\"><h2 class=\"blog-shortcode-post-title entry-title\"><a href=\"https:\/\/www.access-info.org\/es\/2021-07-15\/libertad-de-informacion-en-los-balcanes-clasificado-rechazado-retrasado\/\">Libertad de Informaci\u00f3n en los Balcanes: Clasificado, rechazado, retrasado<\/a><\/h2><div class=\"fusion-post-content-container\"><p><strong>Fecha:<\/strong><br>\n15\/07\/2021<\/p>\n<p>La pandemia de Covid-19 se ha utilizado como excusa para que muchos pa\u00edses de los Balcanes no apliquen plenamente las leyes de libertad de informaci\u00f3n, dejando a los ciudadanos en la opacidad. La transparencia ha sido otra v\u00edctima de la<\/p>\n<\/div><\/div><div class=\"fusion-clearfix\"><\/div><div class=\"fusion-meta-info\"><span class=\"vcard\" style=\"display: none;\"><span class=\"fn\"><a href=\"https:\/\/www.access-info.org\/es\/author\/helen\/\" title=\"Entradas de Helen Darbishire\" rel=\"author\">Helen Darbishire<\/a><\/span><\/span><span class=\"updated\" style=\"display:none;\">2021-08-27T15:58:21+02:00<\/span><div class=\"fusion-alignright\"><a class=\"fusion-read-more\" href=\"https:\/\/www.access-info.org\/es\/2021-07-15\/libertad-de-informacion-en-los-balcanes-clasificado-rechazado-retrasado\/\" aria-label=\"More on Libertad de Informaci\u00f3n en los Balcanes: Clasificado, rechazado, retrasado\">Read More<\/a><\/div><\/div><\/article>\n<article id=\"blog-1-post-35944\" class=\"fusion-post-medium post-35944 post type-post status-publish format-standard hentry category-events-es\">\n<div class=\"fusion-post-content post-content\"><h2 class=\"blog-shortcode-post-title entry-title\"><a href=\"https:\/\/www.access-info.org\/es\/2021-06-24\/retiro-democracia-y-gobernanza-2021\/\">Retiro Democracia y Gobernanza 2021<\/a><\/h2><div class=\"fusion-post-content-container\"><p><strong>Fecha:<\/strong><br>\n24\/06\/2021<\/p>\n<p>La contrataci\u00f3n p\u00fablica (alrededor del 13% del PIB anual de la UE) es una poderosa herramienta para lograr un impacto social y es clave para la actuaci\u00f3n de los pa\u00edses, especialmente en medio de las crisis. Durante la pandemia de<\/p>\n<\/div><\/div><div class=\"fusion-clearfix\"><\/div><div class=\"fusion-meta-info\"><span class=\"vcard\" style=\"display: none;\"><span class=\"fn\"><a href=\"https:\/\/www.access-info.org\/es\/author\/helen\/\" title=\"Entradas de Helen Darbishire\" rel=\"author\">Helen Darbishire<\/a><\/span><\/span><span class=\"updated\" style=\"display:none;\">2021-08-27T15:36:01+02:00<\/span><div class=\"fusion-alignright\"><a class=\"fusion-read-more\" href=\"https:\/\/www.access-info.org\/es\/2021-06-24\/retiro-democracia-y-gobernanza-2021\/\" aria-label=\"More on Retiro Democracia y Gobernanza 2021\">Read More<\/a><\/div><\/div><\/article>\n<article id=\"blog-1-post-35616\" class=\"fusion-post-medium post-35616 post type-post status-publish format-standard hentry category-events-es\">\n<div class=\"fusion-post-content post-content\"><h2 class=\"blog-shortcode-post-title entry-title\"><a href=\"https:\/\/www.access-info.org\/es\/2021-06-04\/sustainable-development-goals-and-the-fight-against-corruption\/\">ODS y la lucha contra la corrupci\u00f3n<\/a><\/h2><div class=\"fusion-post-content-container\"><p><strong>Fecha:<\/strong><br>\n04\/06\/2021<\/p>\n<p>Expertos de la sociedad civil en libertad de expresi\u00f3n debatieron sobre c\u00f3mo los Estados miembros de la CNUCC deben implementar sus compromisos adquiridos para mejorar el espacio c\u00edvico, proteger a las organizaciones de la sociedad civil y a los periodistas<\/p>\n<\/div><\/div><div class=\"fusion-clearfix\"><\/div><div class=\"fusion-meta-info\"><span class=\"vcard\" style=\"display: none;\"><span class=\"fn\"><a href=\"https:\/\/www.access-info.org\/es\/author\/helen\/\" title=\"Entradas de Helen Darbishire\" rel=\"author\">Helen Darbishire<\/a><\/span><\/span><span class=\"updated\" style=\"display:none;\">2021-06-04T13:23:45+02:00<\/span><div class=\"fusion-alignright\"><a class=\"fusion-read-more\" href=\"https:\/\/www.access-info.org\/es\/2021-06-04\/sustainable-development-goals-and-the-fight-against-corruption\/\" aria-label=\"More on ODS y la lucha contra la corrupci\u00f3n\">Read More<\/a><\/div><\/div><\/article>\n<article id=\"blog-1-post-35512\" class=\"fusion-post-medium post-35512 post type-post status-publish format-standard has-post-thumbnail hentry category-events-es\">\n<div class=\"fusion-post-content post-content\"><h2 class=\"blog-shortcode-post-title entry-title\"><a href=\"https:\/\/www.access-info.org\/es\/2021-05-25\/global-data-barometer-capacity-building-session\/\">Bar\u00f3metro Global de Datos, sesi\u00f3n de capacitaci\u00f3n<\/a><\/h2><div class=\"fusion-post-content-container\"><p><strong>Fecha:<\/strong><br>\n25\/05\/2021<\/p>\n<p>El <a href=\"https:\/\/www.access-info.org\/es\/barometro-global-de-datos\/\">Bar\u00f3metro Global de Datos<\/a> (GDB, por sus siglas en ingl\u00e9s)\u00a0 inici\u00f3 la primera sesi\u00f3n de capacitaci\u00f3n para apoyar a los socios regionales en la recogida de datos. La Directora de Estrategia y Asociaciones del GDB, Ver\u00f3nica Cretu, tom\u00f3<\/p>\n<\/div><\/div><div class=\"fusion-clearfix\"><\/div><div class=\"fusion-meta-info\"><span class=\"vcard\" style=\"display: none;\"><span class=\"fn\"><a href=\"https:\/\/www.access-info.org\/es\/author\/helen\/\" title=\"Entradas de Helen Darbishire\" rel=\"author\">Helen Darbishire<\/a><\/span><\/span><span class=\"updated\" style=\"display:none;\">2021-05-27T13:16:18+02:00<\/span><div class=\"fusion-alignright\"><a class=\"fusion-read-more\" href=\"https:\/\/www.access-info.org\/es\/2021-05-25\/global-data-barometer-capacity-building-session\/\" aria-label=\"More on Bar\u00f3metro Global de Datos, sesi\u00f3n de capacitaci\u00f3n\">Read More<\/a><\/div><\/div><\/article>\n<article id=\"blog-1-post-35501\" class=\"fusion-post-medium post-35501 post type-post status-publish format-standard hentry category-events-es\">\n<div class=\"fusion-post-content post-content\"><h2 class=\"blog-shortcode-post-title entry-title\"><a href=\"https:\/\/www.access-info.org\/es\/2021-05-24\/los-desafios-de-la-mayoria-de-edad-para-la-transparencia-de-la-ue\/\">Los desaf\u00edos de la mayor\u00eda de edad para la transparencia de la UE<\/a><\/h2><div class=\"fusion-post-content-container\"><p><strong>Fecha:<\/strong><br>\n24\/05\/2021<\/p>\n<p>El 30 de mayo de 2021, se cumplen 20 a\u00f1os del Reglamento 1049\/01 relativo al acceso del p\u00fablico a los documentos del Parlamento Europeo, del Consejo y de la Comisi\u00f3n. El contexto pol\u00edtico, jur\u00eddico y digital es muy diferente veinte<\/p>\n<\/div><\/div><div class=\"fusion-clearfix\"><\/div><div class=\"fusion-meta-info\"><span class=\"vcard\" style=\"display: none;\"><span class=\"fn\"><a href=\"https:\/\/www.access-info.org\/es\/author\/helen\/\" title=\"Entradas de Helen Darbishire\" rel=\"author\">Helen Darbishire<\/a><\/span><\/span><span class=\"updated\" style=\"display:none;\">2021-05-25T12:05:39+02:00<\/span><div class=\"fusion-alignright\"><a class=\"fusion-read-more\" href=\"https:\/\/www.access-info.org\/es\/2021-05-24\/los-desafios-de-la-mayoria-de-edad-para-la-transparencia-de-la-ue\/\" aria-label=\"More on Los desaf\u00edos de la mayor\u00eda de edad para la transparencia de la UE\">Read More<\/a><\/div><\/div><\/article>\n<article id=\"blog-1-post-35492\" class=\"fusion-post-medium post-35492 post type-post status-publish format-standard has-post-thumbnail hentry category-events-es\">\n<div class=\"fusion-post-content post-content\"><h2 class=\"blog-shortcode-post-title entry-title\"><a href=\"https:\/\/www.access-info.org\/es\/2021-05-24\/buenas-practicas-de-participacion-ciudadana-en-la-mejora-de-la-informacion-publica-durante-la-pandemia-covid-19\/\">Buenas pr\u00e1cticas de participaci\u00f3n ciudadana en la mejora de la informaci\u00f3n p\u00fablica durante la pandemia COVID-19<\/a><\/h2><div class=\"fusion-post-content-container\"><p><strong>Fecha:<\/strong><br>\n24\/05\/2021<\/p>\n<p>Patricia Gonz\u00e1lez, Responsable de Investigaci\u00f3n y Campa\u00f1as en Espa\u00f1a de Access Info Europe, particip\u00f3 en el seminario internacional \u00abBuenas Pr\u00e1cticas de Participaci\u00f3n Ciudadana en la Mejora de la Informaci\u00f3n P\u00fablica durante la Pandemia COVID-19\u00bb, co-organizado por las siguientes instituciones:<\/p>\n<ul>\n<li>Instituto<br>\n<\/li><\/ul><\/div><\/div><div class=\"fusion-clearfix\"><\/div><div class=\"fusion-meta-info\"><span class=\"vcard\" style=\"display: none;\"><span class=\"fn\"><a href=\"https:\/\/www.access-info.org\/es\/author\/helen\/\" title=\"Entradas de Helen Darbishire\" rel=\"author\">Helen Darbishire<\/a><\/span><\/span><span class=\"updated\" style=\"display:none;\">2021-05-25T11:23:55+02:00<\/span><div class=\"fusion-alignright\"><a class=\"fusion-read-more\" href=\"https:\/\/www.access-info.org\/es\/2021-05-24\/buenas-practicas-de-participacion-ciudadana-en-la-mejora-de-la-informacion-publica-durante-la-pandemia-covid-19\/\" aria-label=\"More on Buenas pr\u00e1cticas de participaci\u00f3n ciudadana en la mejora de la informaci\u00f3n p\u00fablica durante la pandemia COVID-19\">Read More<\/a><\/div><\/div><\/article>\n<article id=\"blog-1-post-35460\" class=\"fusion-post-medium post-35460 post type-post status-publish format-standard has-post-thumbnail hentry category-events-es\">\n<div class=\"fusion-post-content post-content\"><h2 class=\"blog-shortcode-post-title entry-title\"><a href=\"https:\/\/www.access-info.org\/es\/2021-05-21\/gobierno-abierto-y-medios-de-comunicacion\/\">Gobierno Abierto y Medios de Comunicaci\u00f3n<\/a><\/h2><div class=\"fusion-post-content-container\"><p><strong>Fecha:\u00a0<\/strong><br>\n21\/05\/2021<\/p>\n<p>En el marco de la Semana de Gobierno Abierto, celebrada del 17 al 21 de mayo, el <a href=\"https:\/\/www.inap.es\/\" target=\"_blank\" rel=\"noopener noreferrer\">Instituto Nacional de Administraci\u00f3n P\u00fablica<\/a> acogi\u00f3 el evento titulado Gobierno Abierto y Medios de Comunicaci\u00f3n.<\/p>\n<p>Helen Darbishire, Directora Ejecutiva de<\/p>\n<\/div><\/div><div class=\"fusion-clearfix\"><\/div><div class=\"fusion-meta-info\"><span class=\"vcard\" style=\"display: none;\"><span class=\"fn\"><a href=\"https:\/\/www.access-info.org\/es\/author\/helen\/\" title=\"Entradas de Helen Darbishire\" rel=\"author\">Helen Darbishire<\/a><\/span><\/span><span class=\"updated\" style=\"display:none;\">2021-05-31T10:18:14+02:00<\/span><div class=\"fusion-alignright\"><a class=\"fusion-read-more\" href=\"https:\/\/www.access-info.org\/es\/2021-05-21\/gobierno-abierto-y-medios-de-comunicacion\/\" aria-label=\"More on Gobierno Abierto y Medios de Comunicaci\u00f3n\">Read More<\/a><\/div><\/div><\/article>\n<article id=\"blog-1-post-35348\" class=\"fusion-post-medium post-35348 post type-post status-publish format-standard hentry category-events-es\">\n<div class=\"fusion-post-content post-content\"><h2 class=\"blog-shortcode-post-title entry-title\"><a href=\"https:\/\/www.access-info.org\/es\/2021-05-18\/open-response-recovery-renewal-webinar-open-government-week-2021\/\">Open Response + Recovery + Renewal &#8211; Webinar. Semana del Gobierno Abierto 2021<\/a><\/h2><div class=\"fusion-post-content-container\"><p><strong>Fecha:<\/strong><br>\n18\/05\/2021<\/p>\n<p>La Directora Ejecutiva de Access Info Europe, Helen Darbishire, intervino en el webinar \u00abUn llamamiento mundial a la acci\u00f3n para transformar el modo en que los gobiernos sirven a sus ciudadanos\u00bb, abordando el marco institucional del gobierno abierto en Espa\u00f1a<\/p>\n<\/div><\/div><div class=\"fusion-clearfix\"><\/div><div class=\"fusion-meta-info\"><span class=\"vcard\" style=\"display: none;\"><span class=\"fn\"><a href=\"https:\/\/www.access-info.org\/es\/author\/helen\/\" title=\"Entradas de Helen Darbishire\" rel=\"author\">Helen Darbishire<\/a><\/span><\/span><span class=\"updated\" style=\"display:none;\">2021-05-19T17:03:24+02:00<\/span><div class=\"fusion-alignright\"><a class=\"fusion-read-more\" href=\"https:\/\/www.access-info.org\/es\/2021-05-18\/open-response-recovery-renewal-webinar-open-government-week-2021\/\" aria-label=\"More on Open Response + Recovery + Renewal &#8211; Webinar. Semana del Gobierno Abierto 2021\">Read More<\/a><\/div><\/div><\/article>\n<article id=\"blog-1-post-35320\" class=\"fusion-post-medium has-post-thumbnail post-35320 post type-post status-publish format-standard hentry category-events-es\">\n<div class=\"fusion-post-content post-content\"><h2 class=\"blog-shortcode-post-title entry-title\"><a href=\"https:\/\/www.access-info.org\/es\/2021-05-18\/si-participas-decides-madrid-2021-semana-de-la-administracion-abierta\/\">Si Participas, Decides Madrid 2021. Semana del Gobierno Abierto<\/a><\/h2><div class=\"fusion-post-content-container\"><p><strong>Fecha:\u00a0<\/strong><br>\n18\/05\/2021<\/p>\n<p>Helen Darbishire, Directora Ejecutiva de Access Info Europe, ha participado en la mesa redonda \u00abTransparencia y retos de futuro\u00bb como parte de las jornadas <a href=\"https:\/\/decide.madrid.es\/\" target=\"_blank\" rel=\"noopener noreferrer\">\u00abSi participas, decides Madrid 2021\u00bb<\/a>, organizadas por el Ayuntamiento de Madrid en<\/p>\n<\/div><\/div><div class=\"fusion-clearfix\"><\/div><div class=\"fusion-meta-info\"><span class=\"vcard\" style=\"display: none;\"><span class=\"fn\"><a href=\"https:\/\/www.access-info.org\/es\/author\/helen\/\" title=\"Entradas de Helen Darbishire\" rel=\"author\">Helen Darbishire<\/a><\/span><\/span><span class=\"updated\" style=\"display:none;\">2021-05-20T07:57:35+02:00<\/span><div class=\"fusion-alignright\"><a class=\"fusion-read-more\" href=\"https:\/\/www.access-info.org\/es\/2021-05-18\/si-participas-decides-madrid-2021-semana-de-la-administracion-abierta\/\" aria-label=\"More on Si Participas, Decides Madrid 2021. Semana del Gobierno Abierto\">Read More<\/a><\/div><\/div><\/article>\n<\/div><div class=\"pagination clearfix\"><span class=\"current\">1<\/span><a href=\"https:\/\/www.access-info.org\/es\/wp-json\/wp\/v2\/pages\/16254\/page\/2\/\" class=\"inactive\">2<\/a><a class=\"pagination-next\" rel=\"next\" href=\"https:\/\/www.access-info.org\/es\/wp-json\/wp\/v2\/pages\/16254\/page\/2\/\"><span class=\"page-text\">Next<\/span><span class=\"page-next\"><\/span><\/a><\/div><div class=\"fusion-clearfix\"><\/div><\/div><div class=\"fusion-clearfix\"><\/div><\/div><\/div><\/div><\/div><\/p>\n","protected":false},"excerpt":{"rendered":"","protected":false},"author":6,"featured_media":0,"parent":0,"menu_order":0,"comment_status":"closed","ping_status":"closed","template":"100-width.php","meta":{"footnotes":""},"class_list":["post-16254","page","type-page","status-publish","hentry"],"_links":{"self":[{"href":"https:\/\/www.access-info.org\/es\/wp-json\/wp\/v2\/pages\/16254","targetHints":{"allow":["GET"]}}],"collection":[{"href":"https:\/\/www.access-info.org\/es\/wp-json\/wp\/v2\/pages"}],"about":[{"href":"https:\/\/www.access-info.org\/es\/wp-json\/wp\/v2\/types\/page"}],"author":[{"embeddable":true,"href":"https:\/\/www.access-info.org\/es\/wp-json\/wp\/v2\/users\/6"}],"replies":[{"embeddable":true,"href":"https:\/\/www.access-info.org\/es\/wp-json\/wp\/v2\/comments?post=16254"}],"version-history":[{"count":12,"href":"https:\/\/www.access-info.org\/es\/wp-json\/wp\/v2\/pages\/16254\/revisions"}],"predecessor-version":[{"id":35478,"href":"https:\/\/www.access-info.org\/es\/wp-json\/wp\/v2\/pages\/16254\/revisions\/35478"}],"wp:attachment":[{"href":"https:\/\/www.access-info.org\/es\/wp-json\/wp\/v2\/media?parent=16254"}],"curies":[{"name":"wp","href":"https:\/\/api.w.org\/{rel}","templated":true}]}}