{"id":17387,"date":"2015-06-08T15:10:56","date_gmt":"2015-06-08T13:10:56","guid":{"rendered":"http:\/\/www.access-info.org\/open-government-2"},"modified":"2022-11-17T13:24:43","modified_gmt":"2022-11-17T12:24:43","slug":"open-government","status":"publish","type":"page","link":"https:\/\/www.access-info.org\/es\/open-government\/","title":{"rendered":"Gobierno Abierto"},"content":{"rendered":"<p><div class=\"fusion-fullwidth fullwidth-box fusion-builder-row-1 fusion-parallax-none nonhundred-percent-fullwidth non-hundred-percent-height-scrolling\" style=\"--awb-background-position:center;--awb-border-radius-top-left:0px;--awb-border-radius-top-right:0px;--awb-border-radius-bottom-right:0px;--awb-border-radius-bottom-left:0px;--awb-padding-top:20px;--awb-padding-bottom:15px;--awb-background-image:url(&quot;https:\/\/www.access-info.org\/wp-content\/uploads\/opengov-e1490113476390.png&quot;);--awb-background-size:cover;--awb-flex-wrap:wrap;\" ><div class=\"fusion-builder-row fusion-row\"><div class=\"fusion-layout-column fusion_builder_column fusion-builder-column-0 fusion_builder_column_1_1 1_1 fusion-one-full fusion-column-first fusion-column-last\" style=\"--awb-bg-size:cover;--awb-margin-bottom:0px;\"><div class=\"fusion-column-wrapper fusion-flex-column-wrapper-legacy\"><div class=\"fusion-text fusion-text-1\"><h1 style=\"text-align: center; font-size: 50px; line-height: 60px;\"><span style=\"color: #fff;\">GOBIERNO ABIERTO<\/span><\/h1>\n<h1 style=\"text-align: center; font-size: 26px; line-height: 40px; color: #fff;\">ABOGANDO POR UNA MAYOR TRANSPARENCIA, PARTICIPACI\u00d3N Y RENDICI\u00d3N DE CUENTAS<\/h1>\n<\/div><div class=\"fusion-clearfix\"><\/div><\/div><\/div><\/div><\/div><div class=\"fusion-fullwidth fullwidth-box fusion-builder-row-2 nonhundred-percent-fullwidth non-hundred-percent-height-scrolling\" style=\"--awb-border-radius-top-left:0px;--awb-border-radius-top-right:0px;--awb-border-radius-bottom-right:0px;--awb-border-radius-bottom-left:0px;--awb-padding-top:60px;--awb-flex-wrap:wrap;\" ><div class=\"fusion-builder-row fusion-row\"><div class=\"fusion-layout-column fusion_builder_column fusion-builder-column-1 fusion_builder_column_1_1 1_1 fusion-one-full fusion-column-first fusion-column-last fusion-column-no-min-height\" style=\"--awb-bg-size:cover;--awb-margin-bottom:0px;\"><div class=\"fusion-column-wrapper fusion-flex-column-wrapper-legacy\"><div class=\"fusion-blog-shortcode fusion-blog-shortcode-1 fusion-blog-archive fusion-blog-layout-medium-alternate fusion-blog-pagination\"><div class=\"fusion-posts-container fusion-posts-container-pagination\" data-pages=\"9\"><article id=\"blog-1-post-39007\" class=\"fusion-post-medium-alternate post-39007 post type-post status-publish format-standard has-post-thumbnail hentry category-ogs-es category-frontpage-es category-esp-es\">\n<div class=\"fusion-date-and-formats\"><div class=\"fusion-date-box updated\"><span class=\"fusion-date\">19<\/span><span class=\"fusion-month-year\">Mar 2026<\/span><\/div><div class=\"fusion-format-box\"><i class=\"awb-icon-pen\" aria-hidden=\"true\"><\/i><\/div><\/div>\t<style type=\"text\/css\">\n\t\t\n\t\t\n\t\t\n\t\t\n\t\t\t<\/style>\n\n\n\t\t\t<div class=\"fusion-flexslider flexslider fusion-flexslider-loading fusion-post-slideshow\" style=\"\">\n\t\t<ul class=\"slides\">\n\t\t\t\n\t\t\t\t\t\t\t\t\t\t\t\t\t\t<li><div  class=\"fusion-image-wrapper fusion-image-size-fixed\" aria-haspopup=\"true\">\n\t\t\t\t\t\t\t<a href=\"https:\/\/www.access-info.org\/es\/2026-03-19\/helen-darbishire-distinciones-audaz\/\" aria-label=\"RAGA Espa\u00f1a reconoce el legado de Helen Darbishire en las Distinciones AUDAZ\">\n\t\t\t\t\t\t\t<img decoding=\"async\" width=\"320\" height=\"202\" src=\"https:\/\/www.access-info.org\/wp-content\/uploads\/Distincion-AUDAZ-320x202.png\" class=\"attachment-blog-medium size-blog-medium wp-post-image\" alt=\"\" srcset=\"https:\/\/www.access-info.org\/wp-content\/uploads\/Distincion-AUDAZ-320x202.png 320w, https:\/\/www.access-info.org\/wp-content\/uploads\/Distincion-AUDAZ-700x441.png 700w\" sizes=\"(max-width: 320px) 100vw, 320px\" \/>\t\t\t<\/a>\n\t\t\t\t\t\t\t<\/div>\n<\/li>\n\t\t\t\n\t\t\t\n\t\t\t\t\t\t\t\t\t\t\t\t\t\t\t\t\t\t\t\t\t\t\t\t\t\t\t\t\t\t\t\t\t\t\t\t\t\t\t\t\t\t\t\t\t\t\t\t\t\t\t\t\t\t\t\t\t\t\t\t\t\t\t\t\t\t\t\t<\/ul>\n\t<\/div>\n\t<div class=\"fusion-post-content post-content\"><h2 class=\"blog-shortcode-post-title entry-title\"><a href=\"https:\/\/www.access-info.org\/es\/2026-03-19\/helen-darbishire-distinciones-audaz\/\">RAGA Espa\u00f1a reconoce el legado de Helen Darbishire en las Distinciones AUDAZ<\/a><\/h2><div class=\"fusion-post-content-container\"><p> Madrid, 19 de marzo de 2026 \u2014 Access Info Europe recibe con emoci\u00f3n la creaci\u00f3n de la Distinci\u00f3n especial AUDAZ Helen Darbishire en la II edici\u00f3n de las Distinciones AUDAZ: Transparencia Auton\u00f3mica, una iniciativa de la Red Acad\u00e9mica de Gobierno Abierto (RAGA Espa\u00f1a) que reconoce las mejores pr\u00e1cticas, iniciativas y trayectorias en materia de transparencia y acceso a la<\/p><\/div><\/div><div class=\"fusion-clearfix\"><\/div><div class=\"fusion-meta-info\"><div class=\"fusion-alignright\"><a class=\"fusion-read-more\" href=\"https:\/\/www.access-info.org\/es\/2026-03-19\/helen-darbishire-distinciones-audaz\/\" aria-label=\"More on RAGA Espa\u00f1a reconoce el legado de Helen Darbishire en las Distinciones AUDAZ\">Read More<\/a><\/div><\/div><\/article>\n<article id=\"blog-1-post-38586\" class=\"fusion-post-medium-alternate post-38586 post type-post status-publish format-standard has-post-thumbnail hentry category-acc category-dmt category-eut category-article category-a4r category-ogs\">\n<div class=\"fusion-date-and-formats\"><div class=\"fusion-date-box updated\"><span class=\"fusion-date\">23<\/span><span class=\"fusion-month-year\">Sep 2024<\/span><\/div><div class=\"fusion-format-box\"><i class=\"awb-icon-pen\" aria-hidden=\"true\"><\/i><\/div><\/div>\t<style type=\"text\/css\">\n\t\t\n\t\t\n\t\t\n\t\t\n\t\t\t<\/style>\n\n\n\t\t\t<div class=\"fusion-flexslider flexslider fusion-flexslider-loading fusion-post-slideshow\" style=\"\">\n\t\t<ul class=\"slides\">\n\t\t\t\n\t\t\t\t\t\t\t\t\t\t\t\t\t\t<li><div  class=\"fusion-image-wrapper fusion-image-size-fixed\" aria-haspopup=\"true\">\n\t\t\t\t\t\t\t<a href=\"https:\/\/www.access-info.org\/es\/2024-09-23\/finalists-announced-for-the-inaugural-access-info-impact-award\/\" aria-label=\"Finalists Announced for the Inaugural Access Info Impact Award\">\n\t\t\t\t\t\t\t<img decoding=\"async\" width=\"320\" height=\"202\" src=\"https:\/\/www.access-info.org\/wp-content\/uploads\/Access-Info-Finalists--320x202.png\" class=\"attachment-blog-medium size-blog-medium wp-post-image\" alt=\"\" \/>\t\t\t<\/a>\n\t\t\t\t\t\t\t<\/div>\n<\/li>\n\t\t\t\n\t\t\t\n\t\t\t\t\t\t\t\t\t\t\t\t\t\t\t\t\t\t\t\t\t\t\t\t\t\t\t\t\t\t\t\t\t\t\t\t\t\t\t\t\t\t\t\t\t\t\t\t\t\t\t\t\t\t\t\t\t\t\t\t\t\t\t\t\t\t\t\t<\/ul>\n\t<\/div>\n\t<div class=\"fusion-post-content post-content\"><h2 class=\"blog-shortcode-post-title entry-title\"><a href=\"https:\/\/www.access-info.org\/es\/2024-09-23\/finalists-announced-for-the-inaugural-access-info-impact-award\/\">Finalists Announced for the Inaugural Access Info Impact Award<\/a><\/h2><div class=\"fusion-post-content-container\"><p> Madrid 23 September 2024 \u2013 Access Info is proud to announce the three finalists for the first-ever Access Info Impact Award. The Access Info Impact Award aims to honour individuals and organisations that have effectively used their right to information to advance human rights, environmental protection, democracy, or anti-corruption efforts. After opening nominations last month, the award received 21<\/p><\/div><\/div><div class=\"fusion-clearfix\"><\/div><div class=\"fusion-meta-info\"><div class=\"fusion-alignright\"><a class=\"fusion-read-more\" href=\"https:\/\/www.access-info.org\/es\/2024-09-23\/finalists-announced-for-the-inaugural-access-info-impact-award\/\" aria-label=\"More on Finalists Announced for the Inaugural Access Info Impact Award\">Read More<\/a><\/div><\/div><\/article>\n<article id=\"blog-1-post-36991\" class=\"fusion-post-medium-alternate post-36991 post type-post status-publish format-standard has-post-thumbnail hentry category-ogs-es category-frontpage-es category-esp-es\">\n<div class=\"fusion-date-and-formats\"><div class=\"fusion-date-box updated\"><span class=\"fusion-date\">4<\/span><span class=\"fusion-month-year\">Jul 2022<\/span><\/div><div class=\"fusion-format-box\"><i class=\"awb-icon-pen\" aria-hidden=\"true\"><\/i><\/div><\/div>\t<style type=\"text\/css\">\n\t\t\n\t\t\n\t\t\n\t\t\n\t\t\t<\/style>\n\n\n\t\t\t<div class=\"fusion-flexslider flexslider fusion-flexslider-loading fusion-post-slideshow\" style=\"\">\n\t\t<ul class=\"slides\">\n\t\t\t\n\t\t\t\t\t\t\t\t\t\t\t\t\t\t<li><div  class=\"fusion-image-wrapper fusion-image-size-fixed\" aria-haspopup=\"true\">\n\t\t\t\t\t\t\t<a href=\"https:\/\/www.access-info.org\/es\/2022-07-04\/espana-otro-caso-de-falta-de-transparencia-sobre-la-transparencia\/\" aria-label=\"Espa\u00f1a: Otro caso de falta de transparencia sobre la transparencia\">\n\t\t\t\t\t\t\t<img decoding=\"async\" width=\"320\" height=\"202\" src=\"https:\/\/www.access-info.org\/wp-content\/uploads\/Tromso-320x202.jpg\" class=\"attachment-blog-medium size-blog-medium wp-post-image\" alt=\"\" \/>\t\t\t<\/a>\n\t\t\t\t\t\t\t<\/div>\n<\/li>\n\t\t\t\n\t\t\t\n\t\t\t\t\t\t\t\t\t\t\t\t\t\t\t\t\t\t\t\t\t\t\t\t\t\t\t\t\t\t\t\t\t\t\t\t\t\t\t\t\t\t\t\t\t\t\t\t\t\t\t\t\t\t\t\t\t\t\t\t\t\t\t\t\t\t\t\t<\/ul>\n\t<\/div>\n\t<div class=\"fusion-post-content post-content\"><h2 class=\"blog-shortcode-post-title entry-title\"><a href=\"https:\/\/www.access-info.org\/es\/2022-07-04\/espana-otro-caso-de-falta-de-transparencia-sobre-la-transparencia\/\">Espa\u00f1a: Otro caso de falta de transparencia sobre la transparencia<\/a><\/h2><div class=\"fusion-post-content-container\"><p>Madrid, 1 de julio de 2022 \u2013 Esta semana Access Info present\u00f3 una reclamaci\u00f3n ante el Consejo de Transparencia para impugnar una denegaci\u00f3n por parte del Ministerio de Asuntos Exteriores de dar acceso a cualquier documento sobre la firma y ratificaci\u00f3n del Convenio de Troms\u00f8 por parte del Gobierno de Espa\u00f1a, argumentando que la divulgaci\u00f3n podr\u00eda da\u00f1ar las relaciones internacionales.<\/p><\/div><\/div><div class=\"fusion-clearfix\"><\/div><div class=\"fusion-meta-info\"><div class=\"fusion-alignright\"><a class=\"fusion-read-more\" href=\"https:\/\/www.access-info.org\/es\/2022-07-04\/espana-otro-caso-de-falta-de-transparencia-sobre-la-transparencia\/\" aria-label=\"More on Espa\u00f1a: Otro caso de falta de transparencia sobre la transparencia\">Read More<\/a><\/div><\/div><\/article>\n<article id=\"blog-1-post-36859\" class=\"fusion-post-medium-alternate post-36859 post type-post status-publish format-standard has-post-thumbnail hentry category-ogs-es category-frontpage-es category-esp-es category-local-es\">\n<div class=\"fusion-date-and-formats\"><div class=\"fusion-date-box updated\"><span class=\"fusion-date\">18<\/span><span class=\"fusion-month-year\">May 2022<\/span><\/div><div class=\"fusion-format-box\"><i class=\"awb-icon-pen\" aria-hidden=\"true\"><\/i><\/div><\/div>\t<style type=\"text\/css\">\n\t\t\n\t\t\n\t\t\n\t\t\n\t\t\t<\/style>\n\n\n\t\t\t<div class=\"fusion-flexslider flexslider fusion-flexslider-loading fusion-post-slideshow\" style=\"\">\n\t\t<ul class=\"slides\">\n\t\t\t\n\t\t\t\t\t\t\t\t\t\t\t\t\t\t<li><div  class=\"fusion-image-wrapper fusion-image-size-fixed\" aria-haspopup=\"true\">\n\t\t\t\t\t\t\t<a href=\"https:\/\/www.access-info.org\/es\/2022-05-18\/espana-por-que-necesitamos-tantos-miembros-locales-de-ogp\/\" aria-label=\"Espa\u00f1a: \u00bfPor qu\u00e9 necesitamos tantos miembros locales de OGP?\">\n\t\t\t\t\t\t\t<img decoding=\"async\" width=\"320\" height=\"202\" src=\"https:\/\/www.access-info.org\/wp-content\/uploads\/ogp-local-320x202.png\" class=\"attachment-blog-medium size-blog-medium wp-post-image\" alt=\"\" srcset=\"https:\/\/www.access-info.org\/wp-content\/uploads\/ogp-local-320x202.png 320w, https:\/\/www.access-info.org\/wp-content\/uploads\/ogp-local-700x441.png 700w\" sizes=\"(max-width: 320px) 100vw, 320px\" \/>\t\t\t<\/a>\n\t\t\t\t\t\t\t<\/div>\n<\/li>\n\t\t\t\n\t\t\t\n\t\t\t\t\t\t\t\t\t\t\t\t\t\t\t\t\t\t\t\t\t\t\t\t\t\t\t\t\t\t\t\t\t\t\t\t\t\t\t\t\t\t\t\t\t\t\t\t\t\t\t\t\t\t\t\t\t\t\t\t\t\t\t\t\t\t\t\t<\/ul>\n\t<\/div>\n\t<div class=\"fusion-post-content post-content\"><h2 class=\"blog-shortcode-post-title entry-title\"><a href=\"https:\/\/www.access-info.org\/es\/2022-05-18\/espana-por-que-necesitamos-tantos-miembros-locales-de-ogp\/\">Espa\u00f1a: \u00bfPor qu\u00e9 necesitamos tantos miembros locales de OGP?<\/a><\/h2><div class=\"fusion-post-content-container\"><p>Madrid, 18 de mayo de 2022 \u2013 Access Info da la bienvenida a la noticia sobre la incorporaci\u00f3n de otras dos Comunidades Aut\u00f3nomas, Asturias y Comunidad Valenciana, al programa local de la Alianza para el Gobierno Abierto, convirtiendo a Espa\u00f1a en el pa\u00eds europeo con mayor n\u00famero de miembros locales, seis en total.[1] Access Info pide a estos gobiernos regionales<\/p><\/div><\/div><div class=\"fusion-clearfix\"><\/div><div class=\"fusion-meta-info\"><div class=\"fusion-alignright\"><a class=\"fusion-read-more\" href=\"https:\/\/www.access-info.org\/es\/2022-05-18\/espana-por-que-necesitamos-tantos-miembros-locales-de-ogp\/\" aria-label=\"More on Espa\u00f1a: \u00bfPor qu\u00e9 necesitamos tantos miembros locales de OGP?\">Read More<\/a><\/div><\/div><\/article>\n<article id=\"blog-1-post-36677\" class=\"fusion-post-medium-alternate post-36677 post type-post status-publish format-standard has-post-thumbnail hentry category-article category-gbd category-nat category-ogs\">\n<div class=\"fusion-date-and-formats\"><div class=\"fusion-date-box updated\"><span class=\"fusion-date\">21<\/span><span class=\"fusion-month-year\">Feb 2022<\/span><\/div><div class=\"fusion-format-box\"><i class=\"awb-icon-pen\" aria-hidden=\"true\"><\/i><\/div><\/div>\t<style type=\"text\/css\">\n\t\t\n\t\t\n\t\t\n\t\t\n\t\t\t<\/style>\n\n\n\t\t\t<div class=\"fusion-flexslider flexslider fusion-flexslider-loading fusion-post-slideshow\" style=\"\">\n\t\t<ul class=\"slides\">\n\t\t\t\n\t\t\t\t\t\t\t\t\t\t\t\t\t\t<li><div  class=\"fusion-image-wrapper fusion-image-size-fixed\" aria-haspopup=\"true\">\n\t\t\t\t\t\t\t<a href=\"https:\/\/www.access-info.org\/es\/2022-02-21\/ogp-summit-side-panel\/\" aria-label=\"OGP Summit Side Panel: How strong is your right to know?\">\n\t\t\t\t\t\t\t<img decoding=\"async\" width=\"320\" height=\"202\" src=\"https:\/\/www.access-info.org\/wp-content\/uploads\/UNESCO-Event_small-320x202.png\" class=\"attachment-blog-medium size-blog-medium wp-post-image\" alt=\"\" \/>\t\t\t<\/a>\n\t\t\t\t\t\t\t<\/div>\n<\/li>\n\t\t\t\n\t\t\t\n\t\t\t\t\t\t\t\t\t\t\t\t\t\t\t\t\t\t\t\t\t\t\t\t\t\t\t\t\t\t\t\t\t\t\t\t\t\t\t\t\t\t\t\t\t\t\t\t\t\t\t\t\t\t\t\t\t\t\t\t\t\t\t\t\t\t\t\t<\/ul>\n\t<\/div>\n\t<div class=\"fusion-post-content post-content\"><h2 class=\"blog-shortcode-post-title entry-title\"><a href=\"https:\/\/www.access-info.org\/es\/2022-02-21\/ogp-summit-side-panel\/\">OGP Summit Side Panel: How strong is your right to know?<\/a><\/h2><div class=\"fusion-post-content-container\"><p>14 December 2021 \u2013 The measurement of the right of access to information is still in its infancy, although there are now some important initiatives, including from UNESCO and the OECD to capture data from governments, whilst civil society projects are developing more in-depth tools to measure transparency in practice. The current state of measurement of the right to information<\/p><\/div><\/div><div class=\"fusion-clearfix\"><\/div><div class=\"fusion-meta-info\"><div class=\"fusion-alignright\"><a class=\"fusion-read-more\" href=\"https:\/\/www.access-info.org\/es\/2022-02-21\/ogp-summit-side-panel\/\" aria-label=\"More on OGP Summit Side Panel: How strong is your right to know?\">Read More<\/a><\/div><\/div><\/article>\n<article id=\"blog-1-post-35680\" class=\"fusion-post-medium-alternate post-35680 post type-post status-publish format-standard has-post-thumbnail hentry category-acc category-cos category-article category-ogs\">\n<div class=\"fusion-date-and-formats\"><div class=\"fusion-date-box updated\"><span class=\"fusion-date\">11<\/span><span class=\"fusion-month-year\">Jun 2021<\/span><\/div><div class=\"fusion-format-box\"><i class=\"awb-icon-pen\" aria-hidden=\"true\"><\/i><\/div><\/div>\t<style type=\"text\/css\">\n\t\t\n\t\t\n\t\t\n\t\t\n\t\t\t<\/style>\n\n\n\t\t\t<div class=\"fusion-flexslider flexslider fusion-flexslider-loading fusion-post-slideshow\" style=\"\">\n\t\t<ul class=\"slides\">\n\t\t\t\n\t\t\t\t\t\t\t\t\t\t\t\t\t\t<li><div  class=\"fusion-image-wrapper fusion-image-size-fixed\" aria-haspopup=\"true\">\n\t\t\t\t\t\t\t<a href=\"https:\/\/www.access-info.org\/es\/2021-06-11\/ogp-gov-open-company-registers\/\" aria-label=\"OGP governments urged to open company registers\">\n\t\t\t\t\t\t\t<img decoding=\"async\" width=\"320\" height=\"202\" src=\"https:\/\/www.access-info.org\/wp-content\/uploads\/2021-06-10-OGP-Steering-Committeee-Ministerial--320x202.jpg\" class=\"attachment-blog-medium size-blog-medium wp-post-image\" alt=\"\" srcset=\"https:\/\/www.access-info.org\/wp-content\/uploads\/2021-06-10-OGP-Steering-Committeee-Ministerial--320x202.jpg 320w, https:\/\/www.access-info.org\/wp-content\/uploads\/2021-06-10-OGP-Steering-Committeee-Ministerial--700x441.jpg 700w\" sizes=\"(max-width: 320px) 100vw, 320px\" \/>\t\t\t<\/a>\n\t\t\t\t\t\t\t<\/div>\n<\/li>\n\t\t\t\n\t\t\t\n\t\t\t\t\t\t\t\t\t\t\t\t\t\t\t\t\t\t\t\t\t\t\t\t\t\t\t\t\t\t\t\t\t\t\t\t\t\t\t\t\t\t\t\t\t\t\t\t\t\t\t\t\t\t\t\t\t\t\t\t\t\t\t\t\t\t\t\t<\/ul>\n\t<\/div>\n\t<div class=\"fusion-post-content post-content\"><h2 class=\"blog-shortcode-post-title entry-title\"><a href=\"https:\/\/www.access-info.org\/es\/2021-06-11\/ogp-gov-open-company-registers\/\">OGP governments urged to open company registers<\/a><\/h2><div class=\"fusion-post-content-container\"><p>Madrid, 10 June 2021- Speaking at the Ministerial Level meeting of the Open Government Partnership Steering Committee, Helen Darbishire of Access Info, in her role as a civil society member of the Steering Committee, stressed the need to act on the transparency agenda that the pandemic has indicated should be a top priority.<\/p><\/div><\/div><div class=\"fusion-clearfix\"><\/div><div class=\"fusion-meta-info\"><div class=\"fusion-alignright\"><a class=\"fusion-read-more\" href=\"https:\/\/www.access-info.org\/es\/2021-06-11\/ogp-gov-open-company-registers\/\" aria-label=\"More on OGP governments urged to open company registers\">Read More<\/a><\/div><\/div><\/article>\n<\/div><div class=\"pagination clearfix\"><span class=\"current\">1<\/span><a href=\"https:\/\/www.access-info.org\/es\/wp-json\/wp\/v2\/pages\/17387\/page\/2\/\" class=\"inactive\">2<\/a><a class=\"pagination-next\" rel=\"next\" href=\"https:\/\/www.access-info.org\/es\/wp-json\/wp\/v2\/pages\/17387\/page\/2\/\"><span class=\"page-text\">Next<\/span><span class=\"page-next\"><\/span><\/a><\/div><div class=\"fusion-clearfix\"><\/div><\/div><div class=\"fusion-clearfix\"><\/div><\/div><\/div><\/div><\/div><div class=\"fusion-fullwidth fullwidth-box fusion-builder-row-3 hundred-percent-fullwidth non-hundred-percent-height-scrolling\" style=\"--awb-border-radius-top-left:0px;--awb-border-radius-top-right:0px;--awb-border-radius-bottom-right:0px;--awb-border-radius-bottom-left:0px;--awb-overflow:visible;--awb-padding-right:20px;--awb-padding-left:20px;--awb-margin-top:10px;--awb-margin-bottom:10px;--awb-background-color:rgba(255,255,255,0);--awb-flex-wrap:wrap;\" ><div class=\"fusion-builder-row fusion-row\"><div class=\"fusion-layout-column fusion_builder_column fusion-builder-column-2 fusion_builder_column_1_1 1_1 fusion-one-full fusion-column-first fusion-column-last fusion-column-no-min-height\" style=\"--awb-bg-size:cover;--awb-margin-bottom:0px;\"><div class=\"fusion-column-wrapper fusion-flex-column-wrapper-legacy\"><div class=\"fusion-sep-clear\"><\/div><div class=\"fusion-separator fusion-full-width-sep\" style=\"margin-left: auto;margin-right: auto;width:100%;\"><\/div><div class=\"fusion-sep-clear\"><\/div><div class=\"fusion-text fusion-text-2\"><p style=\"text-align: center;\"><em>Cover photo: <a href=\"https:\/\/www.flickr.com\/photos\/144810968@N02\" target=\"_blank\" rel=\"noopener noreferrer\">International Open Data Conference<\/a> via Flick (<a href=\"https:\/\/creativecommons.org\/licenses\/by\/2.0\/\" target=\"_blank\" rel=\"noopener noreferrer\">CC BY 2.0<\/a>)<\/em><\/p>\n<\/div><div class=\"fusion-clearfix\"><\/div><\/div><\/div><\/div><\/div><\/p>\n","protected":false},"excerpt":{"rendered":"","protected":false},"author":6,"featured_media":0,"parent":0,"menu_order":47,"comment_status":"closed","ping_status":"closed","template":"100-width.php","meta":{"footnotes":""},"class_list":["post-17387","page","type-page","status-publish","hentry"],"_links":{"self":[{"href":"https:\/\/www.access-info.org\/es\/wp-json\/wp\/v2\/pages\/17387","targetHints":{"allow":["GET"]}}],"collection":[{"href":"https:\/\/www.access-info.org\/es\/wp-json\/wp\/v2\/pages"}],"about":[{"href":"https:\/\/www.access-info.org\/es\/wp-json\/wp\/v2\/types\/page"}],"author":[{"embeddable":true,"href":"https:\/\/www.access-info.org\/es\/wp-json\/wp\/v2\/users\/6"}],"replies":[{"embeddable":true,"href":"https:\/\/www.access-info.org\/es\/wp-json\/wp\/v2\/comments?post=17387"}],"version-history":[{"count":17,"href":"https:\/\/www.access-info.org\/es\/wp-json\/wp\/v2\/pages\/17387\/revisions"}],"predecessor-version":[{"id":37991,"href":"https:\/\/www.access-info.org\/es\/wp-json\/wp\/v2\/pages\/17387\/revisions\/37991"}],"wp:attachment":[{"href":"https:\/\/www.access-info.org\/es\/wp-json\/wp\/v2\/media?parent=17387"}],"curies":[{"name":"wp","href":"https:\/\/api.w.org\/{rel}","templated":true}]}}