{"id":21724,"date":"2015-12-21T12:12:40","date_gmt":"2015-12-21T11:12:40","guid":{"rendered":"http:\/\/www.access-info.org\/es\/?page_id=21724"},"modified":"2022-02-17T17:05:22","modified_gmt":"2022-02-17T16:05:22","slug":"asesoramiento-organismos-publicos","status":"publish","type":"page","link":"https:\/\/www.access-info.org\/es\/asesoramiento-organismos-publicos\/","title":{"rendered":"Asesoramiento a organismos p\u00fablicos"},"content":{"rendered":"<div class=\"fusion-fullwidth fullwidth-box fusion-builder-row-1 fusion-parallax-none nonhundred-percent-fullwidth non-hundred-percent-height-scrolling\" style=\"--awb-background-position:top;--awb-border-radius-top-left:0px;--awb-border-radius-top-right:0px;--awb-border-radius-bottom-right:0px;--awb-border-radius-bottom-left:0px;--awb-padding-top:20px;--awb-padding-bottom:15px;--awb-background-image:url(&quot;http:\/\/www.access-info.org\/wp-content\/uploads\/madrid22.png&quot;);--awb-background-size:cover;--awb-flex-wrap:wrap;\" ><\/p>\n<h1 style=\"text-align: center; font-size: 50px; line-height: 60px;\"><span style=\"color: #fff;\">\u00bfNECESITAS AYUDA?<\/span><\/h1>\n<h1 style=\"text-align: center; font-size: 26px; line-height: 40px; color: #fff;\">EL EQUIPO DE ACCESS INFO TEAM EST\u00c1 PREPARADO PARA GUIARTE Y OFRECERTE ASISTENCIA &#8211; \u00a1CONT\u00c1CTANOS!<\/h1>\n<p><\/div>\n<div class=\"fusion-sep-clear\"><\/div><div class=\"fusion-separator fusion-full-width-sep\" style=\"margin-left: auto;margin-right: auto;margin-top:15px;margin-bottom:15px;width:100%;\"><\/div><div class=\"fusion-sep-clear\"><\/div>\n<p><div class=\"fusion-fullwidth fullwidth-box fusion-builder-row-2 nonhundred-percent-fullwidth non-hundred-percent-height-scrolling\" style=\"--awb-border-radius-top-left:0px;--awb-border-radius-top-right:0px;--awb-border-radius-bottom-right:0px;--awb-border-radius-bottom-left:0px;--awb-padding-top:15px;--awb-padding-bottom:10px;--awb-flex-wrap:wrap;\" ><div class=\"fusion-builder-row fusion-row\">\n<div class=\"fusion-layout-column fusion_builder_column fusion-builder-column-0 fusion_builder_column_1_1 1_1 fusion-one-full fusion-column-first fusion-column-last\" style=\"--awb-bg-size:cover;\"><div class=\"fusion-column-wrapper fusion-flex-column-wrapper-legacy\">\n<h2>Asistencia para organismos p\u00fablicos<\/h2>\n<p>Si eres un\/a funcionario\/a intentando implementar o mejorar una ley de acceso a la informaci\u00f3n, dise\u00f1ar pol\u00edticas p\u00fablicas relacionadas con las bases del Gobierno Abierto (transparencia, participaci\u00f3n ciudadana y rendici\u00f3n de cuentas), as\u00ed como planes anticorrupci\u00f3n y necesitas asistencia t\u00e9cnica, por favor, mira nuestra <a href=\"https:\/\/www.access-info.org\/wp-content\/uploads\/Carta-de-servicios-AIE-Sustentia.pdf\">carta de servicios<\/a> y ponte en contacto con nuestro <a href=\"mailto:info@access-info.org?subject=Access%20Info%20Help%20Desk\">equipo<\/a>.<\/p>\n<h2>Ayuda a ciudadan@s y organizaciones de la sociedad civil<\/h2>\n<p>Si eres un\/a ciudadano\/a, una organizaci\u00f3n de la sociedad civil o un\/a periodista que necesita ayuda sobre c\u00f3mo presentar solicitudes de acceso a la informaci\u00f3n, ponte en contacto con el <a href=\"mailto:info@access-info.org?subject=Access%20Info%20Help%20Desk\" target=\"_blank\" rel=\"noopener noreferrer\">Access Info Help Desk<\/a>. El equipo de expertos de Access Info podr\u00e1 ayudarte en la defensa tu derecho de acceso a la informaci\u00f3n.<\/p>\n<div class=\"fusion-clearfix\"><\/div><\/div><\/div><\/div><\/div><br \/>\n<div class=\"fusion-fullwidth fullwidth-box fusion-builder-row-3 nonhundred-percent-fullwidth non-hundred-percent-height-scrolling\" style=\"--awb-border-radius-top-left:0px;--awb-border-radius-top-right:0px;--awb-border-radius-bottom-right:0px;--awb-border-radius-bottom-left:0px;--awb-padding-top:5px;--awb-padding-bottom:10px;--awb-flex-wrap:wrap;\" ><div class=\"fusion-builder-row fusion-row\">\n<div class=\"fusion-layout-column fusion_builder_column fusion-builder-column-1 fusion_builder_column_1_1 1_1 fusion-one-full fusion-column-first fusion-column-last\" style=\"--awb-bg-size:cover;\"><div class=\"fusion-column-wrapper fusion-flex-column-wrapper-legacy\">\n<div class=\"fusion-clearfix\"><\/div><\/div><\/div><\/div><\/div><\/p>\n<p style=\"text-align: center;\"><em>Cover photo: <a href=\"https:\/\/www.flickr.com\/photos\/technicolorpaul\/\" target=\"_blank\" rel=\"noopener noreferrer\">Paul Gagnon<\/a> via Flickr (<a href=\"https:\/\/creativecommons.org\/licenses\/by-nc-nd\/2.0\/\" target=\"_blank\" rel=\"noopener noreferrer\">CC BY-NC-ND 2.0<\/a>)<\/em><\/p>\n","protected":false},"excerpt":{"rendered":"<p>Cover photo: Paul Gagnon via Flickr (CC BY-NC-ND 2.0)<\/p>\n","protected":false},"author":6,"featured_media":0,"parent":0,"menu_order":0,"comment_status":"closed","ping_status":"closed","template":"100-width.php","meta":{"footnotes":""},"class_list":["post-21724","page","type-page","status-publish","hentry"],"_links":{"self":[{"href":"https:\/\/www.access-info.org\/es\/wp-json\/wp\/v2\/pages\/21724","targetHints":{"allow":["GET"]}}],"collection":[{"href":"https:\/\/www.access-info.org\/es\/wp-json\/wp\/v2\/pages"}],"about":[{"href":"https:\/\/www.access-info.org\/es\/wp-json\/wp\/v2\/types\/page"}],"author":[{"embeddable":true,"href":"https:\/\/www.access-info.org\/es\/wp-json\/wp\/v2\/users\/6"}],"replies":[{"embeddable":true,"href":"https:\/\/www.access-info.org\/es\/wp-json\/wp\/v2\/comments?post=21724"}],"version-history":[{"count":8,"href":"https:\/\/www.access-info.org\/es\/wp-json\/wp\/v2\/pages\/21724\/revisions"}],"predecessor-version":[{"id":36675,"href":"https:\/\/www.access-info.org\/es\/wp-json\/wp\/v2\/pages\/21724\/revisions\/36675"}],"wp:attachment":[{"href":"https:\/\/www.access-info.org\/es\/wp-json\/wp\/v2\/media?parent=21724"}],"curies":[{"name":"wp","href":"https:\/\/api.w.org\/{rel}","templated":true}]}}