{"id":27845,"date":"2017-03-03T14:49:09","date_gmt":"2017-03-03T13:49:09","guid":{"rendered":"https:\/\/www.access-info.org\/es\/?page_id=27845"},"modified":"2026-03-18T17:27:35","modified_gmt":"2026-03-18T16:27:35","slug":"noticias","status":"publish","type":"page","link":"https:\/\/www.access-info.org\/es\/noticias\/","title":{"rendered":"\u00daltimas Noticias Access Info"},"content":{"rendered":"<p><div class=\"fusion-fullwidth fullwidth-box fusion-builder-row-1 fusion-parallax-none nonhundred-percent-fullwidth non-hundred-percent-height-scrolling\" style=\"--awb-background-position:centre;--awb-border-radius-top-left:0px;--awb-border-radius-top-right:0px;--awb-border-radius-bottom-right:0px;--awb-border-radius-bottom-left:0px;--awb-padding-top:20px;--awb-padding-bottom:15px;--awb-background-image:url(&quot;https:\/\/www.access-info.org\/wp-content\/uploads\/transp_1.png&quot;);--awb-background-size:cover;--awb-flex-wrap:wrap;\" ><div class=\"fusion-builder-row fusion-row\"><div class=\"fusion-layout-column fusion_builder_column fusion-builder-column-0 fusion_builder_column_1_1 1_1 fusion-one-full fusion-column-first fusion-column-last\" style=\"--awb-bg-size:cover;--awb-margin-bottom:0px;\"><div class=\"fusion-column-wrapper fusion-flex-column-wrapper-legacy\"><div class=\"fusion-text fusion-text-1\"><div class=\"fusion-text fusion-text-1\"><\/div>\n<h1 style=\"text-align: center; font-size: 50px; line-height: 60px;\"><span style=\"color: #ffffff;\">NOVEDADES DE ACCESS INFO<\/span><\/h1>\n<h1 style=\"text-align: center; font-size: 26px; line-height: 40px; color: #fff;\"><span style=\"color: #ffffff;\">\u00a1MANTENTE AL D\u00cdA! LEE SOBRE NUESTRO D\u00cdA A D\u00cdA LUCHANDO POR UNA MAYOR TRANSPARENCIA EN TODA EUROPA<\/span><\/h1>\n<\/div><div class=\"fusion-text fusion-text-3\"><\/div><div class=\"fusion-clearfix\"><\/div><\/div><\/div><\/div><div class=\"fusion-builder-row fusion-row\"><\/div><\/div><div class=\"fusion-fullwidth fullwidth-box fusion-builder-row-2 nonhundred-percent-fullwidth non-hundred-percent-height-scrolling\" style=\"--awb-border-radius-top-left:0px;--awb-border-radius-top-right:0px;--awb-border-radius-bottom-right:0px;--awb-border-radius-bottom-left:0px;--awb-flex-wrap:wrap;\" ><\/div><div class=\"fusion-fullwidth fullwidth-box fusion-builder-row-3 nonhundred-percent-fullwidth non-hundred-percent-height-scrolling\" style=\"--awb-border-radius-top-left:0px;--awb-border-radius-top-right:0px;--awb-border-radius-bottom-right:0px;--awb-border-radius-bottom-left:0px;--awb-padding-top:65px;--awb-flex-wrap:wrap;\" ><div class=\"fusion-builder-row fusion-row\"><div class=\"fusion-layout-column fusion_builder_column fusion-builder-column-1 fusion_builder_column_1_1 1_1 fusion-one-full fusion-column-first fusion-column-last fusion-column-no-min-height\" style=\"--awb-bg-size:cover;--awb-margin-bottom:0px;\"><div class=\"fusion-column-wrapper fusion-flex-column-wrapper-legacy\"><div class=\"fusion-blog-shortcode fusion-blog-shortcode-1 fusion-blog-archive fusion-blog-layout-medium-alternate fusion-blog-infinite\"><div class=\"fusion-posts-container fusion-posts-container-infinite\" data-pages=\"138\"><article id=\"blog-1-post-39007\" class=\"fusion-post-medium-alternate post-39007 post type-post status-publish format-standard has-post-thumbnail hentry category-ogs-es category-frontpage-es category-esp-es\">\n<div class=\"fusion-date-and-formats\"><div class=\"fusion-date-box updated\"><span class=\"fusion-date\">19<\/span><span class=\"fusion-month-year\">Mar 2026<\/span><\/div><div class=\"fusion-format-box\"><i class=\"awb-icon-pen\" aria-hidden=\"true\"><\/i><\/div><\/div>\t<style type=\"text\/css\">\n\t\t\n\t\t\n\t\t\n\t\t\n\t\t\t<\/style>\n\n\n\t\t\t<div class=\"fusion-flexslider flexslider fusion-flexslider-loading fusion-post-slideshow\" style=\"\">\n\t\t<ul class=\"slides\">\n\t\t\t\n\t\t\t\t\t\t\t\t\t\t\t\t\t\t<li><div  class=\"fusion-image-wrapper fusion-image-size-fixed\" aria-haspopup=\"true\">\n\t\t\t\t\t\t\t<a href=\"https:\/\/www.access-info.org\/es\/2026-03-19\/helen-darbishire-distinciones-audaz\/\" aria-label=\"RAGA Espa\u00f1a reconoce el legado de Helen Darbishire en las Distinciones AUDAZ\">\n\t\t\t\t\t\t\t<img decoding=\"async\" width=\"320\" height=\"202\" src=\"https:\/\/www.access-info.org\/wp-content\/uploads\/Distincion-AUDAZ-320x202.png\" class=\"attachment-blog-medium size-blog-medium wp-post-image\" alt=\"\" srcset=\"https:\/\/www.access-info.org\/wp-content\/uploads\/Distincion-AUDAZ-320x202.png 320w, https:\/\/www.access-info.org\/wp-content\/uploads\/Distincion-AUDAZ-700x441.png 700w\" sizes=\"(max-width: 320px) 100vw, 320px\" \/>\t\t\t<\/a>\n\t\t\t\t\t\t\t<\/div>\n<\/li>\n\t\t\t\n\t\t\t\n\t\t\t\t\t\t\t\t\t\t\t\t\t\t\t\t\t\t\t\t\t\t\t\t\t\t\t\t\t\t\t\t\t\t\t\t\t\t\t\t\t\t\t\t\t\t\t\t\t\t\t\t\t\t\t\t\t\t\t\t\t\t\t\t\t\t\t\t<\/ul>\n\t<\/div>\n\t<div class=\"fusion-post-content post-content\"><h2 class=\"blog-shortcode-post-title entry-title\"><a href=\"https:\/\/www.access-info.org\/es\/2026-03-19\/helen-darbishire-distinciones-audaz\/\">RAGA Espa\u00f1a reconoce el legado de Helen Darbishire en las Distinciones AUDAZ<\/a><\/h2><div class=\"fusion-post-content-container\"><p> Madrid, 19 de marzo de 2026 \u2014 Access Info Europe recibe con emoci\u00f3n la creaci\u00f3n de la Distinci\u00f3n especial AUDAZ Helen Darbishire en la II edici\u00f3n de las Distinciones AUDAZ: Transparencia Auton\u00f3mica, una iniciativa de la Red Acad\u00e9mica de Gobierno Abierto (RAGA Espa\u00f1a) que reconoce las mejores pr\u00e1cticas, iniciativas y trayectorias en materia de transparencia y acceso a la<\/p><\/div><\/div><div class=\"fusion-clearfix\"><\/div><div class=\"fusion-meta-info\"><div class=\"fusion-alignright\"><a class=\"fusion-read-more\" href=\"https:\/\/www.access-info.org\/es\/2026-03-19\/helen-darbishire-distinciones-audaz\/\" aria-label=\"More on RAGA Espa\u00f1a reconoce el legado de Helen Darbishire en las Distinciones AUDAZ\">Read More<\/a><\/div><\/div><\/article>\n<article id=\"blog-1-post-38973\" class=\"fusion-post-medium-alternate post-38973 post type-post status-publish format-standard has-post-thumbnail hentry category-acc-es category-nat-es category-frontpage-es category-esp-es category-cos-es-2\">\n<div class=\"fusion-date-and-formats\"><div class=\"fusion-date-box updated\"><span class=\"fusion-date\">6<\/span><span class=\"fusion-month-year\">Mar 2026<\/span><\/div><div class=\"fusion-format-box\"><i class=\"awb-icon-pen\" aria-hidden=\"true\"><\/i><\/div><\/div>\t<style type=\"text\/css\">\n\t\t\n\t\t\n\t\t\n\t\t\n\t\t\t<\/style>\n\n\n\t\t\t<div class=\"fusion-flexslider flexslider fusion-flexslider-loading fusion-post-slideshow\" style=\"\">\n\t\t<ul class=\"slides\">\n\t\t\t\n\t\t\t\t\t\t\t\t\t\t\t\t\t\t<li><div  class=\"fusion-image-wrapper fusion-image-size-fixed\" aria-haspopup=\"true\">\n\t\t\t\t\t\t\t<a href=\"https:\/\/www.access-info.org\/es\/2026-03-06\/observaciones-anteproyecto-ley-integridad-publica\/\" aria-label=\"Access Info Presenta sus Observaciones al Anteproyecto de Ley Org\u00e1nica de Integridad P\u00fablica\">\n\t\t\t\t\t\t\t<img decoding=\"async\" width=\"320\" height=\"202\" src=\"https:\/\/www.access-info.org\/wp-content\/uploads\/Integrity-1-320x202.png\" class=\"attachment-blog-medium size-blog-medium wp-post-image\" alt=\"\" srcset=\"https:\/\/www.access-info.org\/wp-content\/uploads\/Integrity-1-320x202.png 320w, https:\/\/www.access-info.org\/wp-content\/uploads\/Integrity-1-700x441.png 700w\" sizes=\"(max-width: 320px) 100vw, 320px\" \/>\t\t\t<\/a>\n\t\t\t\t\t\t\t<\/div>\n<\/li>\n\t\t\t\n\t\t\t\n\t\t\t\t\t\t\t\t\t\t\t\t\t\t\t\t\t\t\t\t\t\t\t\t\t\t\t\t\t\t\t\t\t\t\t\t\t\t\t\t\t\t\t\t\t\t\t\t\t\t\t\t\t\t\t\t\t\t\t\t\t\t\t\t\t\t\t\t<\/ul>\n\t<\/div>\n\t<div class=\"fusion-post-content post-content\"><h2 class=\"blog-shortcode-post-title entry-title\"><a href=\"https:\/\/www.access-info.org\/es\/2026-03-06\/observaciones-anteproyecto-ley-integridad-publica\/\">Access Info Presenta sus Observaciones al Anteproyecto de Ley Org\u00e1nica de Integridad P\u00fablica<\/a><\/h2><div class=\"fusion-post-content-container\"><p> Madrid, 2 de marzo de 2026. \u2013 Access Info Europe ha participado en el tr\u00e1mite de Audiencia e Informaci\u00f3n P\u00fablica del Anteproyecto de Ley Org\u00e1nica de Integridad P\u00fablica, remitiendo sus observaciones al Ministerio de Hacienda con el objetivo de reforzar los requisitos de transparencia y acceso a la informaci\u00f3n de esta normativa clave para prevenir y combatir la corrupci\u00f3n.<\/p><\/div><\/div><div class=\"fusion-clearfix\"><\/div><div class=\"fusion-meta-info\"><div class=\"fusion-alignright\"><a class=\"fusion-read-more\" href=\"https:\/\/www.access-info.org\/es\/2026-03-06\/observaciones-anteproyecto-ley-integridad-publica\/\" aria-label=\"More on Access Info Presenta sus Observaciones al Anteproyecto de Ley Org\u00e1nica de Integridad P\u00fablica\">Read More<\/a><\/div><\/div><\/article>\n<article id=\"blog-1-post-38962\" class=\"fusion-post-medium-alternate post-38962 post type-post status-publish format-standard has-post-thumbnail hentry category-nat-es category-a4r-es category-frontpage-es category-esp-es\">\n<div class=\"fusion-date-and-formats\"><div class=\"fusion-date-box updated\"><span class=\"fusion-date\">25<\/span><span class=\"fusion-month-year\">Feb 2026<\/span><\/div><div class=\"fusion-format-box\"><i class=\"awb-icon-pen\" aria-hidden=\"true\"><\/i><\/div><\/div>\t<style type=\"text\/css\">\n\t\t\n\t\t\n\t\t\n\t\t\n\t\t\t<\/style>\n\n\n\t\t\t<div class=\"fusion-flexslider flexslider fusion-flexslider-loading fusion-post-slideshow\" style=\"\">\n\t\t<ul class=\"slides\">\n\t\t\t\n\t\t\t\t\t\t\t\t\t\t\t\t\t\t<li><div  class=\"fusion-image-wrapper fusion-image-size-fixed\" aria-haspopup=\"true\">\n\t\t\t\t\t\t\t<a href=\"https:\/\/www.access-info.org\/es\/2026-02-25\/access-info-celebra-desclasificacion-documentos-23f\/\" aria-label=\"Access Info Europe Celebra la Desclasificaci\u00f3n de los Documentos del 23F\">\n\t\t\t\t\t\t\t<img decoding=\"async\" width=\"320\" height=\"202\" src=\"https:\/\/www.access-info.org\/wp-content\/uploads\/Imagen-Nota-23F-320x202.png\" class=\"attachment-blog-medium size-blog-medium wp-post-image\" alt=\"\" srcset=\"https:\/\/www.access-info.org\/wp-content\/uploads\/Imagen-Nota-23F-320x202.png 320w, https:\/\/www.access-info.org\/wp-content\/uploads\/Imagen-Nota-23F-700x441.png 700w\" sizes=\"(max-width: 320px) 100vw, 320px\" \/>\t\t\t<\/a>\n\t\t\t\t\t\t\t<\/div>\n<\/li>\n\t\t\t\n\t\t\t\n\t\t\t\t\t\t\t\t\t\t\t\t\t\t\t\t\t\t\t\t\t\t\t\t\t\t\t\t\t\t\t\t\t\t\t\t\t\t\t\t\t\t\t\t\t\t\t\t\t\t\t\t\t\t\t\t\t\t\t\t\t\t\t\t\t\t\t\t<\/ul>\n\t<\/div>\n\t<div class=\"fusion-post-content post-content\"><h2 class=\"blog-shortcode-post-title entry-title\"><a href=\"https:\/\/www.access-info.org\/es\/2026-02-25\/access-info-celebra-desclasificacion-documentos-23f\/\">Access Info Europe Celebra la Desclasificaci\u00f3n de los Documentos del 23F<\/a><\/h2><div class=\"fusion-post-content-container\"><p> Madrid, 25 de febrero de 2026 \u2014 Access Info Europe aplaude la decisi\u00f3n del Gobierno espa\u00f1ol de desclasificar los documentos vinculados al intento de golpe de Estado del 23 de febrero de 1981, un gesto que reconoce el derecho de la ciudadan\u00eda a conocer los hechos que marcaron profundamente la historia democr\u00e1tica de Espa\u00f1a. Durante d\u00e9cadas, esa documentaci\u00f3n hab\u00eda<\/p><\/div><\/div><div class=\"fusion-clearfix\"><\/div><div class=\"fusion-meta-info\"><div class=\"fusion-alignright\"><a class=\"fusion-read-more\" href=\"https:\/\/www.access-info.org\/es\/2026-02-25\/access-info-celebra-desclasificacion-documentos-23f\/\" aria-label=\"More on Access Info Europe Celebra la Desclasificaci\u00f3n de los Documentos del 23F\">Read More<\/a><\/div><\/div><\/article>\n<article id=\"blog-1-post-38884\" class=\"fusion-post-medium-alternate post-38884 post type-post status-publish format-standard has-post-thumbnail hentry category-article\">\n<div class=\"fusion-date-and-formats\"><div class=\"fusion-date-box updated\"><span class=\"fusion-date\">22<\/span><span class=\"fusion-month-year\">Ago 2025<\/span><\/div><div class=\"fusion-format-box\"><i class=\"awb-icon-pen\" aria-hidden=\"true\"><\/i><\/div><\/div>\t<style type=\"text\/css\">\n\t\t\n\t\t\n\t\t\n\t\t\n\t\t\t<\/style>\n\n\n\t\t\t<div class=\"fusion-flexslider flexslider fusion-flexslider-loading fusion-post-slideshow\" style=\"\">\n\t\t<ul class=\"slides\">\n\t\t\t\n\t\t\t\t\t\t\t\t\t\t\t\t\t\t<li><div  class=\"fusion-image-wrapper fusion-image-size-fixed\" aria-haspopup=\"true\">\n\t\t\t\t\t\t\t<a href=\"https:\/\/www.access-info.org\/es\/2025-08-22\/access-info-ranks-ati-laws-in-15-european-countries-with-public-request-platforms\/\" aria-label=\"Access Info Ranks ATI Laws in 15 European Countries with Public Request Platforms\">\n\t\t\t\t\t\t\t<img decoding=\"async\" width=\"320\" height=\"202\" src=\"https:\/\/www.access-info.org\/wp-content\/uploads\/The-Palais-de-lEurope-5-320x202.jpg\" class=\"attachment-blog-medium size-blog-medium wp-post-image\" alt=\"\" srcset=\"https:\/\/www.access-info.org\/wp-content\/uploads\/The-Palais-de-lEurope-5-320x202.jpg 320w, https:\/\/www.access-info.org\/wp-content\/uploads\/The-Palais-de-lEurope-5-700x441.jpg 700w\" sizes=\"(max-width: 320px) 100vw, 320px\" \/>\t\t\t<\/a>\n\t\t\t\t\t\t\t<\/div>\n<\/li>\n\t\t\t\n\t\t\t\n\t\t\t\t\t\t\t\t\t\t\t\t\t\t\t\t\t\t\t\t\t\t\t\t\t\t\t\t\t\t\t\t\t\t\t\t\t\t\t\t\t\t\t\t\t\t\t\t\t\t\t\t\t\t\t\t\t\t\t\t\t\t\t\t\t\t\t\t<\/ul>\n\t<\/div>\n\t<div class=\"fusion-post-content post-content\"><h2 class=\"blog-shortcode-post-title entry-title\"><a href=\"https:\/\/www.access-info.org\/es\/2025-08-22\/access-info-ranks-ati-laws-in-15-european-countries-with-public-request-platforms\/\">Access Info Ranks ATI Laws in 15 European Countries with Public Request Platforms<\/a><\/h2><div class=\"fusion-post-content-container\"><p> 27 August 2025 - Access Info Europe has released a study comparing access to information (ATI) frameworks in 15 European countries, all of which operate public request platforms. The analysis measures how well national laws align with the Council of Europe\u2019s Troms\u00f8 Convention and other international standards. About the study The research was carried out under the Access to<\/p><\/div><\/div><div class=\"fusion-clearfix\"><\/div><div class=\"fusion-meta-info\"><div class=\"fusion-alignright\"><a class=\"fusion-read-more\" href=\"https:\/\/www.access-info.org\/es\/2025-08-22\/access-info-ranks-ati-laws-in-15-european-countries-with-public-request-platforms\/\" aria-label=\"More on Access Info Ranks ATI Laws in 15 European Countries with Public Request Platforms\">Read More<\/a><\/div><\/div><\/article>\n<article id=\"blog-1-post-38868\" class=\"fusion-post-medium-alternate post-38868 post type-post status-publish format-standard has-post-thumbnail hentry category-article\">\n<div class=\"fusion-date-and-formats\"><div class=\"fusion-date-box updated\"><span class=\"fusion-date\">1<\/span><span class=\"fusion-month-year\">Ago 2025<\/span><\/div><div class=\"fusion-format-box\"><i class=\"awb-icon-pen\" aria-hidden=\"true\"><\/i><\/div><\/div>\t<style type=\"text\/css\">\n\t\t\n\t\t\n\t\t\n\t\t\n\t\t\t<\/style>\n\n\n\t\t\t<div class=\"fusion-flexslider flexslider fusion-flexslider-loading fusion-post-slideshow\" style=\"\">\n\t\t<ul class=\"slides\">\n\t\t\t\n\t\t\t\t\t\t\t\t\t\t\t\t\t\t<li><div  class=\"fusion-image-wrapper fusion-image-size-fixed\" aria-haspopup=\"true\">\n\t\t\t\t\t\t\t<a href=\"https:\/\/www.access-info.org\/es\/2025-08-01\/winner-announced-for-the-helen-darbishire-award-2025\/\" aria-label=\"Winner Announced for the Helen Darbishire Award 2025\">\n\t\t\t\t\t\t\t<img decoding=\"async\" width=\"320\" height=\"202\" src=\"https:\/\/www.access-info.org\/wp-content\/uploads\/Screenshot-2025-08-01-at-11.20.04-320x202.png\" class=\"attachment-blog-medium size-blog-medium wp-post-image\" alt=\"\" srcset=\"https:\/\/www.access-info.org\/wp-content\/uploads\/Screenshot-2025-08-01-at-11.20.04-320x202.png 320w, https:\/\/www.access-info.org\/wp-content\/uploads\/Screenshot-2025-08-01-at-11.20.04-700x441.png 700w\" sizes=\"(max-width: 320px) 100vw, 320px\" \/>\t\t\t<\/a>\n\t\t\t\t\t\t\t<\/div>\n<\/li>\n\t\t\t\n\t\t\t\n\t\t\t\t\t\t\t\t\t\t\t\t\t\t\t\t\t\t\t\t\t\t\t\t\t\t\t\t\t\t\t\t\t\t\t\t\t\t\t\t\t\t\t\t\t\t\t\t\t\t\t\t\t\t\t\t\t\t\t\t\t\t\t\t\t\t\t\t<\/ul>\n\t<\/div>\n\t<div class=\"fusion-post-content post-content\"><h2 class=\"blog-shortcode-post-title entry-title\"><a href=\"https:\/\/www.access-info.org\/es\/2025-08-01\/winner-announced-for-the-helen-darbishire-award-2025\/\">Winner Announced for the Helen Darbishire Award 2025<\/a><\/h2><div class=\"fusion-post-content-container\"><p>Madrid, 1st August 2025 \u2013 Access Info Europe is delighted to announce that the winner of the 2025 Helen Darbishire Award is The Forever Lobbying Project. This cross-border investigation exposed how the chemical industry lobbied against EU action on PFAS, so-called \u201cforever chemicals\u201d, linked to ongoing environmental and public health risks. Now in its second year, the Helen Darbishire Award<\/p><\/div><\/div><div class=\"fusion-clearfix\"><\/div><div class=\"fusion-meta-info\"><div class=\"fusion-alignright\"><a class=\"fusion-read-more\" href=\"https:\/\/www.access-info.org\/es\/2025-08-01\/winner-announced-for-the-helen-darbishire-award-2025\/\" aria-label=\"More on Winner Announced for the Helen Darbishire Award 2025\">Read More<\/a><\/div><\/div><\/article>\n<article id=\"blog-1-post-38853\" class=\"fusion-post-medium-alternate post-38853 post type-post status-publish format-standard has-post-thumbnail hentry category-article\">\n<div class=\"fusion-date-and-formats\"><div class=\"fusion-date-box updated\"><span class=\"fusion-date\">25<\/span><span class=\"fusion-month-year\">Jul 2025<\/span><\/div><div class=\"fusion-format-box\"><i class=\"awb-icon-pen\" aria-hidden=\"true\"><\/i><\/div><\/div>\t<style type=\"text\/css\">\n\t\t\n\t\t\n\t\t\n\t\t\n\t\t\t<\/style>\n\n\n\t\t\t<div class=\"fusion-flexslider flexslider fusion-flexslider-loading fusion-post-slideshow\" style=\"\">\n\t\t<ul class=\"slides\">\n\t\t\t\n\t\t\t\t\t\t\t\t\t\t\t\t\t\t<li><div  class=\"fusion-image-wrapper fusion-image-size-fixed\" aria-haspopup=\"true\">\n\t\t\t\t\t\t\t<a href=\"https:\/\/www.access-info.org\/es\/2025-07-25\/finalists-announced-for-the-helen-darbishire-award-2025\/\" aria-label=\"Finalists Announced for the Helen Darbishire Award 2025\">\n\t\t\t\t\t\t\t<img decoding=\"async\" width=\"320\" height=\"202\" src=\"https:\/\/www.access-info.org\/wp-content\/uploads\/photo-320x202.png\" class=\"attachment-blog-medium size-blog-medium wp-post-image\" alt=\"\" srcset=\"https:\/\/www.access-info.org\/wp-content\/uploads\/photo-320x202.png 320w, https:\/\/www.access-info.org\/wp-content\/uploads\/photo-700x441.png 700w\" sizes=\"(max-width: 320px) 100vw, 320px\" \/>\t\t\t<\/a>\n\t\t\t\t\t\t\t<\/div>\n<\/li>\n\t\t\t\n\t\t\t\n\t\t\t\t\t\t\t\t\t\t\t\t\t\t\t\t\t\t\t\t\t\t\t\t\t\t\t\t\t\t\t\t\t\t\t\t\t\t\t\t\t\t\t\t\t\t\t\t\t\t\t\t\t\t\t\t\t\t\t\t\t\t\t\t\t\t\t\t<\/ul>\n\t<\/div>\n\t<div class=\"fusion-post-content post-content\"><h2 class=\"blog-shortcode-post-title entry-title\"><a href=\"https:\/\/www.access-info.org\/es\/2025-07-25\/finalists-announced-for-the-helen-darbishire-award-2025\/\">Finalists Announced for the Helen Darbishire Award 2025<\/a><\/h2><div class=\"fusion-post-content-container\"><p>Madrid, 25th July 2025 \u2013 Access Info Europe announces three finalists for this year's Helen Darbishire Award. Now in its second year, the award aims to honour individuals and organisations that have effectively used their right to information to advance human rights, environmental protection, democracy, or anti-corruption efforts. Following a competitive round of applications from across Europe, the Evaluation Committee<\/p><\/div><\/div><div class=\"fusion-clearfix\"><\/div><div class=\"fusion-meta-info\"><div class=\"fusion-alignright\"><a class=\"fusion-read-more\" href=\"https:\/\/www.access-info.org\/es\/2025-07-25\/finalists-announced-for-the-helen-darbishire-award-2025\/\" aria-label=\"More on Finalists Announced for the Helen Darbishire Award 2025\">Read More<\/a><\/div><\/div><\/article>\n<\/div><div class=\"fusion-infinite-scroll-trigger\"><\/div><div class=\"pagination infinite-scroll clearfix\" style=\"display:none;\"><span class=\"current\">1<\/span><a href=\"https:\/\/www.access-info.org\/es\/wp-json\/wp\/v2\/pages\/27845\/page\/2\/\" class=\"inactive\">2<\/a><a class=\"pagination-next\" rel=\"next\" href=\"https:\/\/www.access-info.org\/es\/wp-json\/wp\/v2\/pages\/27845\/page\/2\/\"><span class=\"page-text\">Next<\/span><span class=\"page-next\"><\/span><\/a><\/div><div class=\"fusion-clearfix\"><\/div><\/div><div class=\"fusion-clearfix\"><\/div><\/div><\/div><\/div><\/div><\/p>\n","protected":false},"excerpt":{"rendered":"","protected":false},"author":6,"featured_media":0,"parent":0,"menu_order":31,"comment_status":"closed","ping_status":"closed","template":"100-width.php","meta":{"footnotes":""},"class_list":["post-27845","page","type-page","status-publish","hentry"],"_links":{"self":[{"href":"https:\/\/www.access-info.org\/es\/wp-json\/wp\/v2\/pages\/27845","targetHints":{"allow":["GET"]}}],"collection":[{"href":"https:\/\/www.access-info.org\/es\/wp-json\/wp\/v2\/pages"}],"about":[{"href":"https:\/\/www.access-info.org\/es\/wp-json\/wp\/v2\/types\/page"}],"author":[{"embeddable":true,"href":"https:\/\/www.access-info.org\/es\/wp-json\/wp\/v2\/users\/6"}],"replies":[{"embeddable":true,"href":"https:\/\/www.access-info.org\/es\/wp-json\/wp\/v2\/comments?post=27845"}],"version-history":[{"count":12,"href":"https:\/\/www.access-info.org\/es\/wp-json\/wp\/v2\/pages\/27845\/revisions"}],"predecessor-version":[{"id":39006,"href":"https:\/\/www.access-info.org\/es\/wp-json\/wp\/v2\/pages\/27845\/revisions\/39006"}],"wp:attachment":[{"href":"https:\/\/www.access-info.org\/es\/wp-json\/wp\/v2\/media?parent=27845"}],"curies":[{"name":"wp","href":"https:\/\/api.w.org\/{rel}","templated":true}]}}