{"id":28215,"date":"2017-04-07T11:03:36","date_gmt":"2017-04-07T09:03:36","guid":{"rendered":"https:\/\/www.access-info.org\/es\/?page_id=28215"},"modified":"2021-08-30T11:48:49","modified_gmt":"2021-08-30T09:48:49","slug":"transparencia-en-espana-2","status":"publish","type":"page","link":"https:\/\/www.access-info.org\/es\/transparencia-en-espana-2\/","title":{"rendered":"Transparencia en Espa\u00f1a"},"content":{"rendered":"<p><div class=\"fusion-fullwidth fullwidth-box fusion-builder-row-1 fusion-parallax-none nonhundred-percent-fullwidth non-hundred-percent-height-scrolling\" style=\"--awb-background-position:bottom;--awb-border-radius-top-left:0px;--awb-border-radius-top-right:0px;--awb-border-radius-bottom-right:0px;--awb-border-radius-bottom-left:0px;--awb-padding-top:20px;--awb-padding-bottom:15px;--awb-background-image:url(&quot;https:\/\/www.access-info.org\/wp-content\/uploads\/parcguell-e1490096856598.png&quot;);--awb-background-size:cover;--awb-flex-wrap:wrap;\" ><div class=\"fusion-builder-row fusion-row\"><div class=\"fusion-layout-column fusion_builder_column fusion-builder-column-0 fusion_builder_column_1_1 1_1 fusion-one-full fusion-column-first fusion-column-last\" style=\"--awb-bg-size:cover;--awb-margin-bottom:0px;\"><div class=\"fusion-column-wrapper fusion-flex-column-wrapper-legacy\"><div class=\"fusion-text fusion-text-1\"><h1 style=\"text-align: center; font-size: 50px; line-height: 60px;\"><span style=\"color: #fff;\">FOMENTANDO EL DERECHO DE ACCESO A LA INFORMACI\u00d3N EN ESPA\u00d1A<\/span><\/h1>\n<h1 style=\"text-align: center; font-size: 26px; line-height: 40px; color: #fff;\">HACEMOS CAMPA\u00d1A PARA UNA MAYOR TRANSPARENCIA EN LA LEY Y EN LA PR\u00c1CTICA<\/h1>\n<\/div><div class=\"fusion-clearfix\"><\/div><\/div><\/div><\/div><\/div><div class=\"fusion-fullwidth fullwidth-box fusion-builder-row-2 nonhundred-percent-fullwidth non-hundred-percent-height-scrolling\" style=\"--awb-border-radius-top-left:0px;--awb-border-radius-top-right:0px;--awb-border-radius-bottom-right:0px;--awb-border-radius-bottom-left:0px;--awb-padding-top:60px;--awb-flex-wrap:wrap;\" ><div class=\"fusion-builder-row fusion-row\"><div class=\"fusion-layout-column fusion_builder_column fusion-builder-column-1 fusion_builder_column_1_1 1_1 fusion-one-full fusion-column-first fusion-column-last fusion-column-no-min-height\" style=\"--awb-bg-size:cover;--awb-margin-bottom:0px;\"><div class=\"fusion-column-wrapper fusion-flex-column-wrapper-legacy\"><div class=\"fusion-blog-shortcode fusion-blog-shortcode-1 fusion-blog-archive fusion-blog-layout-medium-alternate fusion-blog-pagination\"><div class=\"fusion-posts-container fusion-posts-container-pagination\" data-pages=\"40\"><article id=\"blog-1-post-39007\" class=\"fusion-post-medium-alternate post-39007 post type-post status-publish format-standard has-post-thumbnail hentry category-ogs-es category-frontpage-es category-esp-es\">\n<div class=\"fusion-date-and-formats\"><div class=\"fusion-date-box updated\"><span class=\"fusion-date\">19<\/span><span class=\"fusion-month-year\">Mar 2026<\/span><\/div><div class=\"fusion-format-box\"><i class=\"awb-icon-pen\" aria-hidden=\"true\"><\/i><\/div><\/div>\t<style type=\"text\/css\">\n\t\t\n\t\t\n\t\t\n\t\t\n\t\t\t<\/style>\n\n\n\t\t\t<div class=\"fusion-flexslider flexslider fusion-flexslider-loading fusion-post-slideshow\" style=\"\">\n\t\t<ul class=\"slides\">\n\t\t\t\n\t\t\t\t\t\t\t\t\t\t\t\t\t\t<li><div  class=\"fusion-image-wrapper fusion-image-size-fixed\" aria-haspopup=\"true\">\n\t\t\t\t\t\t\t<a href=\"https:\/\/www.access-info.org\/es\/2026-03-19\/helen-darbishire-distinciones-audaz\/\" aria-label=\"RAGA Espa\u00f1a reconoce el legado de Helen Darbishire en las Distinciones AUDAZ\">\n\t\t\t\t\t\t\t<img decoding=\"async\" width=\"320\" height=\"202\" src=\"https:\/\/www.access-info.org\/wp-content\/uploads\/Distincion-AUDAZ-320x202.png\" class=\"attachment-blog-medium size-blog-medium wp-post-image\" alt=\"\" srcset=\"https:\/\/www.access-info.org\/wp-content\/uploads\/Distincion-AUDAZ-320x202.png 320w, https:\/\/www.access-info.org\/wp-content\/uploads\/Distincion-AUDAZ-700x441.png 700w\" sizes=\"(max-width: 320px) 100vw, 320px\" \/>\t\t\t<\/a>\n\t\t\t\t\t\t\t<\/div>\n<\/li>\n\t\t\t\n\t\t\t\n\t\t\t\t\t\t\t\t\t\t\t\t\t\t\t\t\t\t\t\t\t\t\t\t\t\t\t\t\t\t\t\t\t\t\t\t\t\t\t\t\t\t\t\t\t\t\t\t\t\t\t\t\t\t\t\t\t\t\t\t\t\t\t\t\t\t\t\t<\/ul>\n\t<\/div>\n\t<div class=\"fusion-post-content post-content\"><h2 class=\"blog-shortcode-post-title entry-title\"><a href=\"https:\/\/www.access-info.org\/es\/2026-03-19\/helen-darbishire-distinciones-audaz\/\">RAGA Espa\u00f1a reconoce el legado de Helen Darbishire en las Distinciones AUDAZ<\/a><\/h2><div class=\"fusion-post-content-container\"><p> Madrid, 19 de marzo de 2026 \u2014 Access Info Europe recibe con emoci\u00f3n la creaci\u00f3n de la Distinci\u00f3n especial AUDAZ Helen Darbishire en la II edici\u00f3n de las Distinciones AUDAZ: Transparencia Auton\u00f3mica, una iniciativa de la Red Acad\u00e9mica de Gobierno Abierto (RAGA Espa\u00f1a) que reconoce las mejores pr\u00e1cticas, iniciativas y trayectorias en materia de transparencia y acceso a la<\/p><\/div><\/div><div class=\"fusion-clearfix\"><\/div><div class=\"fusion-meta-info\"><div class=\"fusion-alignright\"><a class=\"fusion-read-more\" href=\"https:\/\/www.access-info.org\/es\/2026-03-19\/helen-darbishire-distinciones-audaz\/\" aria-label=\"More on RAGA Espa\u00f1a reconoce el legado de Helen Darbishire en las Distinciones AUDAZ\">Read More<\/a><\/div><\/div><\/article>\n<article id=\"blog-1-post-38973\" class=\"fusion-post-medium-alternate post-38973 post type-post status-publish format-standard has-post-thumbnail hentry category-acc-es category-nat-es category-frontpage-es category-esp-es category-cos-es-2\">\n<div class=\"fusion-date-and-formats\"><div class=\"fusion-date-box updated\"><span class=\"fusion-date\">6<\/span><span class=\"fusion-month-year\">Mar 2026<\/span><\/div><div class=\"fusion-format-box\"><i class=\"awb-icon-pen\" aria-hidden=\"true\"><\/i><\/div><\/div>\t<style type=\"text\/css\">\n\t\t\n\t\t\n\t\t\n\t\t\n\t\t\t<\/style>\n\n\n\t\t\t<div class=\"fusion-flexslider flexslider fusion-flexslider-loading fusion-post-slideshow\" style=\"\">\n\t\t<ul class=\"slides\">\n\t\t\t\n\t\t\t\t\t\t\t\t\t\t\t\t\t\t<li><div  class=\"fusion-image-wrapper fusion-image-size-fixed\" aria-haspopup=\"true\">\n\t\t\t\t\t\t\t<a href=\"https:\/\/www.access-info.org\/es\/2026-03-06\/observaciones-anteproyecto-ley-integridad-publica\/\" aria-label=\"Access Info Presenta sus Observaciones al Anteproyecto de Ley Org\u00e1nica de Integridad P\u00fablica\">\n\t\t\t\t\t\t\t<img decoding=\"async\" width=\"320\" height=\"202\" src=\"https:\/\/www.access-info.org\/wp-content\/uploads\/Integrity-1-320x202.png\" class=\"attachment-blog-medium size-blog-medium wp-post-image\" alt=\"\" srcset=\"https:\/\/www.access-info.org\/wp-content\/uploads\/Integrity-1-320x202.png 320w, https:\/\/www.access-info.org\/wp-content\/uploads\/Integrity-1-700x441.png 700w\" sizes=\"(max-width: 320px) 100vw, 320px\" \/>\t\t\t<\/a>\n\t\t\t\t\t\t\t<\/div>\n<\/li>\n\t\t\t\n\t\t\t\n\t\t\t\t\t\t\t\t\t\t\t\t\t\t\t\t\t\t\t\t\t\t\t\t\t\t\t\t\t\t\t\t\t\t\t\t\t\t\t\t\t\t\t\t\t\t\t\t\t\t\t\t\t\t\t\t\t\t\t\t\t\t\t\t\t\t\t\t<\/ul>\n\t<\/div>\n\t<div class=\"fusion-post-content post-content\"><h2 class=\"blog-shortcode-post-title entry-title\"><a href=\"https:\/\/www.access-info.org\/es\/2026-03-06\/observaciones-anteproyecto-ley-integridad-publica\/\">Access Info Presenta sus Observaciones al Anteproyecto de Ley Org\u00e1nica de Integridad P\u00fablica<\/a><\/h2><div class=\"fusion-post-content-container\"><p> Madrid, 2 de marzo de 2026. \u2013 Access Info Europe ha participado en el tr\u00e1mite de Audiencia e Informaci\u00f3n P\u00fablica del Anteproyecto de Ley Org\u00e1nica de Integridad P\u00fablica, remitiendo sus observaciones al Ministerio de Hacienda con el objetivo de reforzar los requisitos de transparencia y acceso a la informaci\u00f3n de esta normativa clave para prevenir y combatir la corrupci\u00f3n.<\/p><\/div><\/div><div class=\"fusion-clearfix\"><\/div><div class=\"fusion-meta-info\"><div class=\"fusion-alignright\"><a class=\"fusion-read-more\" href=\"https:\/\/www.access-info.org\/es\/2026-03-06\/observaciones-anteproyecto-ley-integridad-publica\/\" aria-label=\"More on Access Info Presenta sus Observaciones al Anteproyecto de Ley Org\u00e1nica de Integridad P\u00fablica\">Read More<\/a><\/div><\/div><\/article>\n<article id=\"blog-1-post-38962\" class=\"fusion-post-medium-alternate post-38962 post type-post status-publish format-standard has-post-thumbnail hentry category-nat-es category-a4r-es category-frontpage-es category-esp-es\">\n<div class=\"fusion-date-and-formats\"><div class=\"fusion-date-box updated\"><span class=\"fusion-date\">25<\/span><span class=\"fusion-month-year\">Feb 2026<\/span><\/div><div class=\"fusion-format-box\"><i class=\"awb-icon-pen\" aria-hidden=\"true\"><\/i><\/div><\/div>\t<style type=\"text\/css\">\n\t\t\n\t\t\n\t\t\n\t\t\n\t\t\t<\/style>\n\n\n\t\t\t<div class=\"fusion-flexslider flexslider fusion-flexslider-loading fusion-post-slideshow\" style=\"\">\n\t\t<ul class=\"slides\">\n\t\t\t\n\t\t\t\t\t\t\t\t\t\t\t\t\t\t<li><div  class=\"fusion-image-wrapper fusion-image-size-fixed\" aria-haspopup=\"true\">\n\t\t\t\t\t\t\t<a href=\"https:\/\/www.access-info.org\/es\/2026-02-25\/access-info-celebra-desclasificacion-documentos-23f\/\" aria-label=\"Access Info Europe Celebra la Desclasificaci\u00f3n de los Documentos del 23F\">\n\t\t\t\t\t\t\t<img decoding=\"async\" width=\"320\" height=\"202\" src=\"https:\/\/www.access-info.org\/wp-content\/uploads\/Imagen-Nota-23F-320x202.png\" class=\"attachment-blog-medium size-blog-medium wp-post-image\" alt=\"\" srcset=\"https:\/\/www.access-info.org\/wp-content\/uploads\/Imagen-Nota-23F-320x202.png 320w, https:\/\/www.access-info.org\/wp-content\/uploads\/Imagen-Nota-23F-700x441.png 700w\" sizes=\"(max-width: 320px) 100vw, 320px\" \/>\t\t\t<\/a>\n\t\t\t\t\t\t\t<\/div>\n<\/li>\n\t\t\t\n\t\t\t\n\t\t\t\t\t\t\t\t\t\t\t\t\t\t\t\t\t\t\t\t\t\t\t\t\t\t\t\t\t\t\t\t\t\t\t\t\t\t\t\t\t\t\t\t\t\t\t\t\t\t\t\t\t\t\t\t\t\t\t\t\t\t\t\t\t\t\t\t<\/ul>\n\t<\/div>\n\t<div class=\"fusion-post-content post-content\"><h2 class=\"blog-shortcode-post-title entry-title\"><a href=\"https:\/\/www.access-info.org\/es\/2026-02-25\/access-info-celebra-desclasificacion-documentos-23f\/\">Access Info Europe Celebra la Desclasificaci\u00f3n de los Documentos del 23F<\/a><\/h2><div class=\"fusion-post-content-container\"><p> Madrid, 25 de febrero de 2026 \u2014 Access Info Europe aplaude la decisi\u00f3n del Gobierno espa\u00f1ol de desclasificar los documentos vinculados al intento de golpe de Estado del 23 de febrero de 1981, un gesto que reconoce el derecho de la ciudadan\u00eda a conocer los hechos que marcaron profundamente la historia democr\u00e1tica de Espa\u00f1a. Durante d\u00e9cadas, esa documentaci\u00f3n hab\u00eda<\/p><\/div><\/div><div class=\"fusion-clearfix\"><\/div><div class=\"fusion-meta-info\"><div class=\"fusion-alignright\"><a class=\"fusion-read-more\" href=\"https:\/\/www.access-info.org\/es\/2026-02-25\/access-info-celebra-desclasificacion-documentos-23f\/\" aria-label=\"More on Access Info Europe Celebra la Desclasificaci\u00f3n de los Documentos del 23F\">Read More<\/a><\/div><\/div><\/article>\n<article id=\"blog-1-post-38799\" class=\"fusion-post-medium-alternate post-38799 post type-post status-publish format-standard has-post-thumbnail hentry category-aieinthenews-es category-nat-es category-frontpage-es category-esp-es\">\n<div class=\"fusion-date-and-formats\"><div class=\"fusion-date-box updated\"><span class=\"fusion-date\">2<\/span><span class=\"fusion-month-year\">Jun 2025<\/span><\/div><div class=\"fusion-format-box\"><i class=\"awb-icon-pen\" aria-hidden=\"true\"><\/i><\/div><\/div>\t<style type=\"text\/css\">\n\t\t\n\t\t\n\t\t\n\t\t\n\t\t\t<\/style>\n\n\n\t\t\t<div class=\"fusion-flexslider flexslider fusion-flexslider-loading fusion-post-slideshow\" style=\"\">\n\t\t<ul class=\"slides\">\n\t\t\t\n\t\t\t\t\t\t\t\t\t\t\t\t\t\t<li><div  class=\"fusion-image-wrapper fusion-image-size-fixed\" aria-haspopup=\"true\">\n\t\t\t\t\t\t\t<a href=\"https:\/\/www.access-info.org\/es\/2025-06-02\/spanish-court-orders-government-to-disclose-uncac-self-assessment-documents\/\" aria-label=\"Spanish Court Orders Government to Disclose UNCAC Self-Assessment Documents\">\n\t\t\t\t\t\t\t<img decoding=\"async\" width=\"320\" height=\"202\" src=\"https:\/\/www.access-info.org\/wp-content\/uploads\/AN-2-320x202.jpg\" class=\"attachment-blog-medium size-blog-medium wp-post-image\" alt=\"\" srcset=\"https:\/\/www.access-info.org\/wp-content\/uploads\/AN-2-320x202.jpg 320w, https:\/\/www.access-info.org\/wp-content\/uploads\/AN-2-700x441.jpg 700w\" sizes=\"(max-width: 320px) 100vw, 320px\" \/>\t\t\t<\/a>\n\t\t\t\t\t\t\t<\/div>\n<\/li>\n\t\t\t\n\t\t\t\n\t\t\t\t\t\t\t\t\t\t\t\t\t\t\t\t\t\t\t\t\t\t\t\t\t\t\t\t\t\t\t\t\t\t\t\t\t\t\t\t\t\t\t\t\t\t\t\t\t\t\t\t\t\t\t\t\t\t\t\t\t\t\t\t\t\t\t\t<\/ul>\n\t<\/div>\n\t<div class=\"fusion-post-content post-content\"><h2 class=\"blog-shortcode-post-title entry-title\"><a href=\"https:\/\/www.access-info.org\/es\/2025-06-02\/spanish-court-orders-government-to-disclose-uncac-self-assessment-documents\/\">Spanish Court Orders Government to Disclose UNCAC Self-Assessment Documents<\/a><\/h2><div class=\"fusion-post-content-container\"><p> 02 June 2025 - A Spanish court has ruled that the Ministry of Foreign Affairs, European Union and Cooperation was wrong to refuse Access Info\u2019s request for documents related to Spain\u2019s self-assessment of its implementation of the United Nations Convention against Corruption (UNCAC). Spain is currently participating in the second cycle of the UNCAC review process. As part of<\/p><\/div><\/div><div class=\"fusion-clearfix\"><\/div><div class=\"fusion-meta-info\"><div class=\"fusion-alignright\"><a class=\"fusion-read-more\" href=\"https:\/\/www.access-info.org\/es\/2025-06-02\/spanish-court-orders-government-to-disclose-uncac-self-assessment-documents\/\" aria-label=\"More on Spanish Court Orders Government to Disclose UNCAC Self-Assessment Documents\">Read More<\/a><\/div><\/div><\/article>\n<article id=\"blog-1-post-37550\" class=\"fusion-post-medium-alternate post-37550 post type-post status-publish format-standard has-post-thumbnail hentry category-nat-es category-frontpage-es category-esp-es\">\n<div class=\"fusion-date-and-formats\"><div class=\"fusion-date-box updated\"><span class=\"fusion-date\">28<\/span><span class=\"fusion-month-year\">Sep 2022<\/span><\/div><div class=\"fusion-format-box\"><i class=\"awb-icon-pen\" aria-hidden=\"true\"><\/i><\/div><\/div>\t<style type=\"text\/css\">\n\t\t\n\t\t\n\t\t\n\t\t\n\t\t\t<\/style>\n\n\n\t\t\t<div class=\"fusion-flexslider flexslider fusion-flexslider-loading fusion-post-slideshow\" style=\"\">\n\t\t<ul class=\"slides\">\n\t\t\t\n\t\t\t\t\t\t\t\t\t\t\t\t\t\t<li><div  class=\"fusion-image-wrapper fusion-image-size-fixed\" aria-haspopup=\"true\">\n\t\t\t\t\t\t\t<a href=\"https:\/\/www.access-info.org\/es\/2022-09-28\/declaracion-conjunta-info-clasificada\/\" aria-label=\"Declaraci\u00f3n Conjunta Sobre El Anteproyecto De Ley De Informaci\u00f3n Clasificada\">\n\t\t\t\t\t\t\t<img decoding=\"async\" width=\"320\" height=\"202\" src=\"https:\/\/www.access-info.org\/wp-content\/uploads\/Logos-declaracion-28-sept-320x202.png\" class=\"attachment-blog-medium size-blog-medium wp-post-image\" alt=\"\" \/>\t\t\t<\/a>\n\t\t\t\t\t\t\t<\/div>\n<\/li>\n\t\t\t\n\t\t\t\n\t\t\t\t\t\t\t\t\t\t\t\t\t\t\t\t\t\t\t\t\t\t\t\t\t\t\t\t\t\t\t\t\t\t\t\t\t\t\t\t\t\t\t\t\t\t\t\t\t\t\t\t\t\t\t\t\t\t\t\t\t\t\t\t\t\t\t\t<\/ul>\n\t<\/div>\n\t<div class=\"fusion-post-content post-content\"><h2 class=\"blog-shortcode-post-title entry-title\"><a href=\"https:\/\/www.access-info.org\/es\/2022-09-28\/declaracion-conjunta-info-clasificada\/\">Declaraci\u00f3n Conjunta Sobre El Anteproyecto De Ley De Informaci\u00f3n Clasificada<\/a><\/h2><div class=\"fusion-post-content-container\"><p> 28 de septiembre - D\u00eda Internacional del Acceso Universal a la Informaci\u00f3n El Anteproyecto de Ley de Informaci\u00f3n Clasificada o de \u201cSecretos Oficiales\u201d como popularmente se la conoce y que actualmente tramita el Gobierno para sustituir a la de 1968, no garantiza un equilibrio entre la clasificaci\u00f3n de informaci\u00f3n y el derecho a la libertad de informaci\u00f3n, la rendici\u00f3n<\/p><\/div><\/div><div class=\"fusion-clearfix\"><\/div><div class=\"fusion-meta-info\"><div class=\"fusion-alignright\"><a class=\"fusion-read-more\" href=\"https:\/\/www.access-info.org\/es\/2022-09-28\/declaracion-conjunta-info-clasificada\/\" aria-label=\"More on Declaraci\u00f3n Conjunta Sobre El Anteproyecto De Ley De Informaci\u00f3n Clasificada\">Read More<\/a><\/div><\/div><\/article>\n<article id=\"blog-1-post-37528\" class=\"fusion-post-medium-alternate post-37528 post type-post status-publish format-standard has-post-thumbnail hentry category-nat-es category-frontpage-es category-esp-es\">\n<div class=\"fusion-date-and-formats\"><div class=\"fusion-date-box updated\"><span class=\"fusion-date\">19<\/span><span class=\"fusion-month-year\">Sep 2022<\/span><\/div><div class=\"fusion-format-box\"><i class=\"awb-icon-pen\" aria-hidden=\"true\"><\/i><\/div><\/div>\t<style type=\"text\/css\">\n\t\t\n\t\t\n\t\t\n\t\t\n\t\t\t<\/style>\n\n\n\t\t\t<div class=\"fusion-flexslider flexslider fusion-flexslider-loading fusion-post-slideshow\" style=\"\">\n\t\t<ul class=\"slides\">\n\t\t\t\n\t\t\t\t\t\t\t\t\t\t\t\t\t\t<li><div  class=\"fusion-image-wrapper fusion-image-size-fixed\" aria-haspopup=\"true\">\n\t\t\t\t\t\t\t<a href=\"https:\/\/www.access-info.org\/es\/2022-09-19\/malta-espana-solicitar-novedades\/\" aria-label=\"Malta y Espa\u00f1a: El Derecho a Solicitar &#8211; \u00a1\u00daltimas Novedades!\">\n\t\t\t\t\t\t\t<img decoding=\"async\" width=\"320\" height=\"202\" src=\"https:\/\/www.access-info.org\/wp-content\/uploads\/banner-malta-spain-320x202.png\" class=\"attachment-blog-medium size-blog-medium wp-post-image\" alt=\"\" srcset=\"https:\/\/www.access-info.org\/wp-content\/uploads\/banner-malta-spain-320x202.png 320w, https:\/\/www.access-info.org\/wp-content\/uploads\/banner-malta-spain-700x441.png 700w\" sizes=\"(max-width: 320px) 100vw, 320px\" \/>\t\t\t<\/a>\n\t\t\t\t\t\t\t<\/div>\n<\/li>\n\t\t\t\n\t\t\t\n\t\t\t\t\t\t\t\t\t\t\t\t\t\t\t\t\t\t\t\t\t\t\t\t\t\t\t\t\t\t\t\t\t\t\t\t\t\t\t\t\t\t\t\t\t\t\t\t\t\t\t\t\t\t\t\t\t\t\t\t\t\t\t\t\t\t\t\t<\/ul>\n\t<\/div>\n\t<div class=\"fusion-post-content post-content\"><h2 class=\"blog-shortcode-post-title entry-title\"><a href=\"https:\/\/www.access-info.org\/es\/2022-09-19\/malta-espana-solicitar-novedades\/\">Malta y Espa\u00f1a: El Derecho a Solicitar &#8211; \u00a1\u00daltimas Novedades!<\/a><\/h2><div class=\"fusion-post-content-container\"><p>19 de septiembre de 2022 \u2013 Access Info trabaja para promover que el acceso a la informaci\u00f3n sea un derecho para todas las personas, un derecho que se puede ejercer a nivel transnacional, y en relaci\u00f3n con ese trabajo os compartimos hoy dos novedades importantes sobre nuestras campa\u00f1as: un caso judicial clave en Malta y una buena noticia de apertura<\/p><\/div><\/div><div class=\"fusion-clearfix\"><\/div><div class=\"fusion-meta-info\"><div class=\"fusion-alignright\"><a class=\"fusion-read-more\" href=\"https:\/\/www.access-info.org\/es\/2022-09-19\/malta-espana-solicitar-novedades\/\" aria-label=\"More on Malta y Espa\u00f1a: El Derecho a Solicitar &#8211; \u00a1\u00daltimas Novedades!\">Read More<\/a><\/div><\/div><\/article>\n<\/div><div class=\"pagination clearfix\"><span class=\"current\">1<\/span><a href=\"https:\/\/www.access-info.org\/es\/wp-json\/wp\/v2\/pages\/28215\/page\/2\/\" class=\"inactive\">2<\/a><a class=\"pagination-next\" rel=\"next\" href=\"https:\/\/www.access-info.org\/es\/wp-json\/wp\/v2\/pages\/28215\/page\/2\/\"><span class=\"page-text\">Next<\/span><span class=\"page-next\"><\/span><\/a><\/div><div class=\"fusion-clearfix\"><\/div><\/div><div class=\"fusion-clearfix\"><\/div><\/div><\/div><\/div><\/div><div class=\"fusion-fullwidth fullwidth-box fusion-builder-row-3 hundred-percent-fullwidth non-hundred-percent-height-scrolling\" style=\"--awb-border-radius-top-left:0px;--awb-border-radius-top-right:0px;--awb-border-radius-bottom-right:0px;--awb-border-radius-bottom-left:0px;--awb-overflow:visible;--awb-padding-right:20px;--awb-padding-left:20px;--awb-margin-top:10px;--awb-margin-bottom:10px;--awb-background-color:rgba(255,255,255,0);--awb-flex-wrap:wrap;\" ><div class=\"fusion-builder-row fusion-row\"><div class=\"fusion-layout-column fusion_builder_column fusion-builder-column-2 fusion_builder_column_1_1 1_1 fusion-one-full fusion-column-first fusion-column-last fusion-column-no-min-height\" style=\"--awb-bg-size:cover;--awb-margin-bottom:0px;\"><div class=\"fusion-column-wrapper fusion-flex-column-wrapper-legacy\"><div class=\"fusion-sep-clear\"><\/div><div class=\"fusion-separator fusion-full-width-sep\" style=\"margin-left: auto;margin-right: auto;width:100%;\"><\/div><div class=\"fusion-sep-clear\"><\/div><div class=\"fusion-text fusion-text-2\"><p style=\"text-align: center;\"><em>Foto de portada: <a href=\"https:\/\/www.flickr.com\/photos\/randomix\/\" target=\"_blank\" rel=\"noopener noreferrer\">randomix<\/a> via Flick (<a href=\"https:\/\/creativecommons.org\/licenses\/by-nc-nd\/2.0\/\" target=\"_blank\" rel=\"noopener noreferrer\">CC BY-NC-ND 2.0<\/a>)<\/em><\/p>\n<\/div><div class=\"fusion-clearfix\"><\/div><\/div><\/div><\/div><\/div><\/p>\n","protected":false},"excerpt":{"rendered":"","protected":false},"author":6,"featured_media":0,"parent":0,"menu_order":50,"comment_status":"closed","ping_status":"closed","template":"100-width.php","meta":{"footnotes":""},"class_list":["post-28215","page","type-page","status-publish","hentry"],"_links":{"self":[{"href":"https:\/\/www.access-info.org\/es\/wp-json\/wp\/v2\/pages\/28215","targetHints":{"allow":["GET"]}}],"collection":[{"href":"https:\/\/www.access-info.org\/es\/wp-json\/wp\/v2\/pages"}],"about":[{"href":"https:\/\/www.access-info.org\/es\/wp-json\/wp\/v2\/types\/page"}],"author":[{"embeddable":true,"href":"https:\/\/www.access-info.org\/es\/wp-json\/wp\/v2\/users\/6"}],"replies":[{"embeddable":true,"href":"https:\/\/www.access-info.org\/es\/wp-json\/wp\/v2\/comments?post=28215"}],"version-history":[{"count":8,"href":"https:\/\/www.access-info.org\/es\/wp-json\/wp\/v2\/pages\/28215\/revisions"}],"predecessor-version":[{"id":35979,"href":"https:\/\/www.access-info.org\/es\/wp-json\/wp\/v2\/pages\/28215\/revisions\/35979"}],"wp:attachment":[{"href":"https:\/\/www.access-info.org\/es\/wp-json\/wp\/v2\/media?parent=28215"}],"curies":[{"name":"wp","href":"https:\/\/api.w.org\/{rel}","templated":true}]}}