{"id":28219,"date":"2017-04-07T11:21:02","date_gmt":"2017-04-07T09:21:02","guid":{"rendered":"https:\/\/www.access-info.org\/es\/?page_id=28219"},"modified":"2021-08-30T11:57:30","modified_gmt":"2021-08-30T09:57:30","slug":"transparencia-del-lobby","status":"publish","type":"page","link":"https:\/\/www.access-info.org\/es\/transparencia-del-lobby\/","title":{"rendered":"Transparencia del Lobby"},"content":{"rendered":"<p><div class=\"fusion-fullwidth fullwidth-box fusion-builder-row-1 fusion-parallax-none nonhundred-percent-fullwidth non-hundred-percent-height-scrolling\" style=\"--awb-background-position:bottom;--awb-border-radius-top-left:0px;--awb-border-radius-top-right:0px;--awb-border-radius-bottom-right:0px;--awb-border-radius-bottom-left:0px;--awb-padding-top:20px;--awb-padding-bottom:15px;--awb-background-image:url(&quot;https:\/\/www.access-info.org\/wp-content\/uploads\/businessmen.png&quot;);--awb-background-size:cover;--awb-flex-wrap:wrap;\" ><div class=\"fusion-builder-row fusion-row\"><div class=\"fusion-layout-column fusion_builder_column fusion-builder-column-0 fusion_builder_column_1_1 1_1 fusion-one-full fusion-column-first fusion-column-last\" style=\"--awb-bg-size:cover;--awb-margin-bottom:0px;\"><div class=\"fusion-column-wrapper fusion-flex-column-wrapper-legacy\"><div class=\"fusion-text fusion-text-1\"><h1 style=\"text-align: center; font-size: 50px; line-height: 60px;\"><span style=\"color: #fff;\">ARROJANDO LUZ SOBRE<br \/>\nLOS LOBBIES EUROPEOS<\/span><\/h1>\n<h1 style=\"text-align: center; font-size: 26px; line-height: 40px; color: #fff;\">HACIA UNA MAYOR TRANSPARENCIA, INTEGRIDAD<br \/>\nY PARTICIPACI\u00d3N EN EL LOBBY<\/h1>\n<\/div><div class=\"fusion-clearfix\"><\/div><\/div><\/div><\/div><\/div><div class=\"fusion-fullwidth fullwidth-box fusion-builder-row-2 nonhundred-percent-fullwidth non-hundred-percent-height-scrolling\" style=\"--awb-border-radius-top-left:0px;--awb-border-radius-top-right:0px;--awb-border-radius-bottom-right:0px;--awb-border-radius-bottom-left:0px;--awb-padding-top:45px;--awb-flex-wrap:wrap;\" ><div class=\"fusion-builder-row fusion-row\"><\/div><\/div><div class=\"fusion-fullwidth fullwidth-box fusion-builder-row-3 nonhundred-percent-fullwidth non-hundred-percent-height-scrolling\" style=\"--awb-border-radius-top-left:0px;--awb-border-radius-top-right:0px;--awb-border-radius-bottom-right:0px;--awb-border-radius-bottom-left:0px;--awb-padding-top:60px;--awb-flex-wrap:wrap;\" ><div class=\"fusion-builder-row fusion-row\"><div class=\"fusion-layout-column fusion_builder_column fusion-builder-column-1 fusion_builder_column_1_1 1_1 fusion-one-full fusion-column-first fusion-column-last fusion-column-no-min-height\" style=\"--awb-bg-size:cover;--awb-margin-bottom:0px;\"><div class=\"fusion-column-wrapper fusion-flex-column-wrapper-legacy\"><div class=\"fusion-blog-shortcode fusion-blog-shortcode-1 fusion-blog-archive fusion-blog-layout-medium-alternate fusion-blog-pagination\"><div class=\"fusion-posts-container fusion-posts-container-pagination\" data-pages=\"13\"><article id=\"blog-1-post-38069\" class=\"fusion-post-medium-alternate post-38069 post type-post status-publish format-standard has-post-thumbnail hentry category-acc category-dmt category-article category-gbd category-lob\">\n<div class=\"fusion-date-and-formats\"><div class=\"fusion-date-box updated\"><span class=\"fusion-date\">6<\/span><span class=\"fusion-month-year\">Dic 2022<\/span><\/div><div class=\"fusion-format-box\"><i class=\"awb-icon-pen\" aria-hidden=\"true\"><\/i><\/div><\/div>\t<style type=\"text\/css\">\n\t\t\n\t\t\n\t\t\n\t\t\n\t\t\t<\/style>\n\n\n\t\t\t<div class=\"fusion-flexslider flexslider fusion-flexslider-loading fusion-post-slideshow\" style=\"\">\n\t\t<ul class=\"slides\">\n\t\t\t\n\t\t\t\t\t\t\t\t\t\t\t\t\t\t<li><div  class=\"fusion-image-wrapper fusion-image-size-fixed\" aria-haspopup=\"true\">\n\t\t\t\t\t\t\t<a href=\"https:\/\/www.access-info.org\/es\/2022-12-06\/oecd-lobbying-analysis\/\" aria-label=\"Not all Expression is Lobbying\">\n\t\t\t\t\t\t\t<img decoding=\"async\" width=\"320\" height=\"202\" src=\"https:\/\/www.access-info.org\/wp-content\/uploads\/External-view-of-the-OECD-Headquarters-320x202.jpg\" class=\"attachment-blog-medium size-blog-medium wp-post-image\" alt=\"\" srcset=\"https:\/\/www.access-info.org\/wp-content\/uploads\/External-view-of-the-OECD-Headquarters-320x202.jpg 320w, https:\/\/www.access-info.org\/wp-content\/uploads\/External-view-of-the-OECD-Headquarters-700x441.jpg 700w\" sizes=\"(max-width: 320px) 100vw, 320px\" \/>\t\t\t<\/a>\n\t\t\t\t\t\t\t<\/div>\n<\/li>\n\t\t\t\n\t\t\t\n\t\t\t\t\t\t\t\t\t\t\t\t\t\t\t\t\t\t\t\t\t\t\t\t\t\t\t\t\t\t\t\t\t\t\t\t\t\t\t\t\t\t\t\t\t\t\t\t\t\t\t\t\t\t\t\t\t\t\t\t\t\t\t\t\t\t\t\t<\/ul>\n\t<\/div>\n\t<div class=\"fusion-post-content post-content\"><h2 class=\"blog-shortcode-post-title entry-title\"><a href=\"https:\/\/www.access-info.org\/es\/2022-12-06\/oecd-lobbying-analysis\/\">Not all Expression is Lobbying<\/a><\/h2><div class=\"fusion-post-content-container\"><p> Submission to OECD Consultation on Lobbying and Influence Madrid, 6 December 2022 \u2013 In its analysis of the draft OECD Recommendation on the regulation of lobbying and influence, Access Info has warned of the risk of some governments using the proposed provisions to limit media freedom and freedom of expression in the name of regulating \u201cinfluence\u201d and ensuring that<\/p><\/div><\/div><div class=\"fusion-clearfix\"><\/div><div class=\"fusion-meta-info\"><div class=\"fusion-alignright\"><a class=\"fusion-read-more\" href=\"https:\/\/www.access-info.org\/es\/2022-12-06\/oecd-lobbying-analysis\/\" aria-label=\"More on Not all Expression is Lobbying\">Read More<\/a><\/div><\/div><\/article>\n<article id=\"blog-1-post-36644\" class=\"fusion-post-medium-alternate post-36644 post type-post status-publish format-standard has-post-thumbnail hentry category-dmt category-eut category-article category-lob\">\n<div class=\"fusion-date-and-formats\"><div class=\"fusion-date-box updated\"><span class=\"fusion-date\">14<\/span><span class=\"fusion-month-year\">Feb 2022<\/span><\/div><div class=\"fusion-format-box\"><i class=\"awb-icon-pen\" aria-hidden=\"true\"><\/i><\/div><\/div>\t<style type=\"text\/css\">\n\t\t\n\t\t\n\t\t\n\t\t\n\t\t\t<\/style>\n\n\n\t\t\t<div class=\"fusion-flexslider flexslider fusion-flexslider-loading fusion-post-slideshow\" style=\"\">\n\t\t<ul class=\"slides\">\n\t\t\t\n\t\t\t\t\t\t\t\t\t\t\t\t\t\t<li><div  class=\"fusion-image-wrapper fusion-image-size-fixed\" aria-haspopup=\"true\">\n\t\t\t\t\t\t\t<a href=\"https:\/\/www.access-info.org\/es\/2022-02-14\/amicus-meetings-calendars\/\" aria-label=\"Access to meetings calendars? Access Info submits Amicus Curiae Brief to the European Court of Human Rights\">\n\t\t\t\t\t\t\t<img decoding=\"async\" width=\"320\" height=\"202\" src=\"https:\/\/www.access-info.org\/wp-content\/uploads\/TEDH-2-320x202.jpg\" class=\"attachment-blog-medium size-blog-medium wp-post-image\" alt=\"\" srcset=\"https:\/\/www.access-info.org\/wp-content\/uploads\/TEDH-2-320x202.jpg 320w, https:\/\/www.access-info.org\/wp-content\/uploads\/TEDH-2-700x441.jpg 700w\" sizes=\"(max-width: 320px) 100vw, 320px\" \/>\t\t\t<\/a>\n\t\t\t\t\t\t\t<\/div>\n<\/li>\n\t\t\t\n\t\t\t\n\t\t\t\t\t\t\t\t\t\t\t\t\t\t\t\t\t\t\t\t\t\t\t\t\t\t\t\t\t\t\t\t\t\t\t\t\t\t\t\t\t\t\t\t\t\t\t\t\t\t\t\t\t\t\t\t\t\t\t\t\t\t\t\t\t\t\t\t<\/ul>\n\t<\/div>\n\t<div class=\"fusion-post-content post-content\"><h2 class=\"blog-shortcode-post-title entry-title\"><a href=\"https:\/\/www.access-info.org\/es\/2022-02-14\/amicus-meetings-calendars\/\">Access to meetings calendars? Access Info submits Amicus Curiae Brief to the European Court of Human Rights<\/a><\/h2><div class=\"fusion-post-content-container\"><p>Madrid \/ Strasbourg, 14 February 2022 \u2013 There is strong comparative evidence from across Europe that national access to information laws apply to the meetings calendars of senior public officials according to a submission made by Access Info to the European Court of Human Rights. This evidence has been presented in the form of an Amicus Curiae (\u201cfriend of the<\/p><\/div><\/div><div class=\"fusion-clearfix\"><\/div><div class=\"fusion-meta-info\"><div class=\"fusion-alignright\"><a class=\"fusion-read-more\" href=\"https:\/\/www.access-info.org\/es\/2022-02-14\/amicus-meetings-calendars\/\" aria-label=\"More on Access to meetings calendars? Access Info submits Amicus Curiae Brief to the European Court of Human Rights\">Read More<\/a><\/div><\/div><\/article>\n<article id=\"blog-1-post-32036\" class=\"fusion-post-medium-alternate post-32036 post type-post status-publish format-standard has-post-thumbnail hentry category-frontpage-es category-eut-es category-lob-es\">\n<div class=\"fusion-date-and-formats\"><div class=\"fusion-date-box updated\"><span class=\"fusion-date\">28<\/span><span class=\"fusion-month-year\">Nov 2019<\/span><\/div><div class=\"fusion-format-box\"><i class=\"awb-icon-pen\" aria-hidden=\"true\"><\/i><\/div><\/div>\t<style type=\"text\/css\">\n\t\t\n\t\t\n\t\t\n\t\t\n\t\t\t<\/style>\n\n\n\t\t\t<div class=\"fusion-flexslider flexslider fusion-flexslider-loading fusion-post-slideshow\" style=\"\">\n\t\t<ul class=\"slides\">\n\t\t\t\n\t\t\t\t\t\t\t\t\t\t\t\t\t\t<li><div  class=\"fusion-image-wrapper fusion-image-size-fixed\" aria-haspopup=\"true\">\n\t\t\t\t\t\t\t<a href=\"https:\/\/www.access-info.org\/es\/2019-11-28\/new-european-council-president-urged-to-be-open-on-lobbying\/\" aria-label=\"El nuevo presidente del Consejo Europeo, Charles Michel, instado a comprometerse con la transparencia de lobbies\">\n\t\t\t\t\t\t\t<img decoding=\"async\" width=\"320\" height=\"202\" src=\"https:\/\/www.access-info.org\/wp-content\/uploads\/open-letter-Charles-Michel-2-320x202.png\" class=\"attachment-blog-medium size-blog-medium wp-post-image\" alt=\"\" srcset=\"https:\/\/www.access-info.org\/wp-content\/uploads\/open-letter-Charles-Michel-2-320x202.png 320w, https:\/\/www.access-info.org\/wp-content\/uploads\/open-letter-Charles-Michel-2-700x441.png 700w\" sizes=\"(max-width: 320px) 100vw, 320px\" \/>\t\t\t<\/a>\n\t\t\t\t\t\t\t<\/div>\n<\/li>\n\t\t\t\n\t\t\t\n\t\t\t\t\t\t\t\t\t\t\t\t\t\t\t\t\t\t\t\t\t\t\t\t\t\t\t\t\t\t\t\t\t\t\t\t\t\t\t\t\t\t\t\t\t\t\t\t\t\t\t\t\t\t\t\t\t\t\t\t\t\t\t\t\t\t\t\t<\/ul>\n\t<\/div>\n\t<div class=\"fusion-post-content post-content\"><h2 class=\"blog-shortcode-post-title entry-title\"><a href=\"https:\/\/www.access-info.org\/es\/2019-11-28\/new-european-council-president-urged-to-be-open-on-lobbying\/\">El nuevo presidente del Consejo Europeo, Charles Michel, instado a comprometerse con la transparencia de lobbies<\/a><\/h2><div class=\"fusion-post-content-container\"><p>Bruselas, 28 de noviembre de 2019 - El presidente entrante del Consejo Europeo, Charles Michel, ha sido instado a comprometerse con la plena transparencia de los grupos de presi\u00f3n, en una carta enviada hoy por Access Info Europe, junto con 30 organizaciones de la sociedad civil miembros de la plataforma de transparencia de lobbies ALTER-EU. La carta, coordinada por ALTER-EU<\/p><\/div><\/div><div class=\"fusion-clearfix\"><\/div><div class=\"fusion-meta-info\"><div class=\"fusion-alignright\"><a class=\"fusion-read-more\" href=\"https:\/\/www.access-info.org\/es\/2019-11-28\/new-european-council-president-urged-to-be-open-on-lobbying\/\" aria-label=\"More on El nuevo presidente del Consejo Europeo, Charles Michel, instado a comprometerse con la transparencia de lobbies\">Read More<\/a><\/div><\/div><\/article>\n<article id=\"blog-1-post-31200\" class=\"fusion-post-medium-alternate post-31200 post type-post status-publish format-standard has-post-thumbnail hentry category-eut category-article category-lob\">\n<div class=\"fusion-date-and-formats\"><div class=\"fusion-date-box updated\"><span class=\"fusion-date\">14<\/span><span class=\"fusion-month-year\">Jun 2019<\/span><\/div><div class=\"fusion-format-box\"><i class=\"awb-icon-pen\" aria-hidden=\"true\"><\/i><\/div><\/div>\t<style type=\"text\/css\">\n\t\t\n\t\t\n\t\t\n\t\t\n\t\t\t<\/style>\n\n\n\t\t\t<div class=\"fusion-flexslider flexslider fusion-flexslider-loading fusion-post-slideshow\" style=\"\">\n\t\t<ul class=\"slides\">\n\t\t\t\n\t\t\t\t\t\t\t\t\t\t\t\t\t\t<li><div  class=\"fusion-image-wrapper fusion-image-size-fixed\" aria-haspopup=\"true\">\n\t\t\t\t\t\t\t<a href=\"https:\/\/www.access-info.org\/es\/2019-06-14\/european-ombudsman-european-commission-was-wrong-to-withhold-its-legal-advice-on-the-future-lobby-register-from-access-info\/\" aria-label=\"European Ombudsman: European Commission was wrong to withhold its legal advice on the future Lobby Register from Access Info\">\n\t\t\t\t\t\t\t<img decoding=\"async\" width=\"320\" height=\"202\" src=\"https:\/\/www.access-info.org\/wp-content\/uploads\/decision-2-1-320x202.png\" class=\"attachment-blog-medium size-blog-medium wp-post-image\" alt=\"\" srcset=\"https:\/\/www.access-info.org\/wp-content\/uploads\/decision-2-1-320x202.png 320w, https:\/\/www.access-info.org\/wp-content\/uploads\/decision-2-1-700x441.png 700w\" sizes=\"(max-width: 320px) 100vw, 320px\" \/>\t\t\t<\/a>\n\t\t\t\t\t\t\t<\/div>\n<\/li>\n\t\t\t\n\t\t\t\n\t\t\t\t\t\t\t\t\t\t\t\t\t\t\t\t\t\t\t\t\t\t\t\t\t\t\t\t\t\t\t\t\t\t\t\t\t\t\t\t\t\t\t\t\t\t\t\t\t\t\t\t\t\t\t\t\t\t\t\t\t\t\t\t\t\t\t\t<\/ul>\n\t<\/div>\n\t<div class=\"fusion-post-content post-content\"><h2 class=\"blog-shortcode-post-title entry-title\"><a href=\"https:\/\/www.access-info.org\/es\/2019-06-14\/european-ombudsman-european-commission-was-wrong-to-withhold-its-legal-advice-on-the-future-lobby-register-from-access-info\/\">European Ombudsman: European Commission was wrong to withhold its legal advice on the future Lobby Register from Access Info<\/a><\/h2><div class=\"fusion-post-content-container\"><p>Madrid, 14 June 2019 \u2013 The European Ombudsman has found the European Commission guilty of maladministration for not releasing to Access Info the Commission\u2019s legal advice on the reform of the European Union\u2019s register of lobbyists, known as the Transparency Register. Today\u2019s decision by the Ombudsman comes after a three-year tussle over whether or not Access Info should have been<\/p><\/div><\/div><div class=\"fusion-clearfix\"><\/div><div class=\"fusion-meta-info\"><div class=\"fusion-alignright\"><a class=\"fusion-read-more\" href=\"https:\/\/www.access-info.org\/es\/2019-06-14\/european-ombudsman-european-commission-was-wrong-to-withhold-its-legal-advice-on-the-future-lobby-register-from-access-info\/\" aria-label=\"More on European Ombudsman: European Commission was wrong to withhold its legal advice on the future Lobby Register from Access Info\">Read More<\/a><\/div><\/div><\/article>\n<article id=\"blog-1-post-31085\" class=\"fusion-post-medium-alternate post-31085 post type-post status-publish format-standard has-post-thumbnail hentry category-frontpage-es category-eut-es category-lob-es\">\n<div class=\"fusion-date-and-formats\"><div class=\"fusion-date-box updated\"><span class=\"fusion-date\">25<\/span><span class=\"fusion-month-year\">May 2019<\/span><\/div><div class=\"fusion-format-box\"><i class=\"awb-icon-pen\" aria-hidden=\"true\"><\/i><\/div><\/div>\t<style type=\"text\/css\">\n\t\t\n\t\t\n\t\t\n\t\t\n\t\t\t<\/style>\n\n\n\t\t\t<div class=\"fusion-flexslider flexslider fusion-flexslider-loading fusion-post-slideshow\" style=\"\">\n\t\t<ul class=\"slides\">\n\t\t\t\n\t\t\t\t\t\t\t\t\t\t\t\t\t\t<li><div  class=\"fusion-image-wrapper fusion-image-size-fixed\" aria-haspopup=\"true\">\n\t\t\t\t\t\t\t<a href=\"https:\/\/www.access-info.org\/es\/2019-05-25\/access-info-evalua-los-programas-electorales-europeos\/\" aria-label=\"Elecciones europeas: una evaluaci\u00f3n de los programas electorales\">\n\t\t\t\t\t\t\t<img decoding=\"async\" width=\"270\" height=\"187\" src=\"https:\/\/www.access-info.org\/wp-content\/uploads\/elecciones-europeas-2.jpg\" class=\"attachment-blog-medium size-blog-medium wp-post-image\" alt=\"\" srcset=\"https:\/\/www.access-info.org\/wp-content\/uploads\/elecciones-europeas-2-200x139.jpg 200w, https:\/\/www.access-info.org\/wp-content\/uploads\/elecciones-europeas-2.jpg 270w\" sizes=\"(max-width: 270px) 100vw, 270px\" \/>\t\t\t<\/a>\n\t\t\t\t\t\t\t<\/div>\n<\/li>\n\t\t\t\n\t\t\t\n\t\t\t\t\t\t\t\t\t\t\t\t\t\t\t\t\t\t\t\t\t\t\t\t\t\t\t\t\t\t\t\t\t\t\t\t\t\t\t\t\t\t\t\t\t\t\t\t\t\t\t\t\t\t\t\t\t\t\t\t\t\t\t\t\t\t\t\t<\/ul>\n\t<\/div>\n\t<div class=\"fusion-post-content post-content\"><h2 class=\"blog-shortcode-post-title entry-title\"><a href=\"https:\/\/www.access-info.org\/es\/2019-05-25\/access-info-evalua-los-programas-electorales-europeos\/\">Elecciones europeas: una evaluaci\u00f3n de los programas electorales<\/a><\/h2><div class=\"fusion-post-content-container\"><p>A pocas horas de realizarse las elecciones europeas, Access Info hace un llamado a los ciudadan@s europe@s a que acudan a elegir a sus pr\u00f3ximos representantes. Conscientes de que un voto informado es crucial para nuestro futuro hemos realizado una valoraci\u00f3n en relaci\u00f3n con la transparencia en las actividades de la Uni\u00f3n Europea de cinco pa\u00edses en donde la representaci\u00f3n<\/p><\/div><\/div><div class=\"fusion-clearfix\"><\/div><div class=\"fusion-meta-info\"><div class=\"fusion-alignright\"><a class=\"fusion-read-more\" href=\"https:\/\/www.access-info.org\/es\/2019-05-25\/access-info-evalua-los-programas-electorales-europeos\/\" aria-label=\"More on Elecciones europeas: una evaluaci\u00f3n de los programas electorales\">Read More<\/a><\/div><\/div><\/article>\n<article id=\"blog-1-post-30814\" class=\"fusion-post-medium-alternate post-30814 post type-post status-publish format-standard has-post-thumbnail hentry category-eut category-lob\">\n<div class=\"fusion-date-and-formats\"><div class=\"fusion-date-box updated\"><span class=\"fusion-date\">4<\/span><span class=\"fusion-month-year\">Feb 2019<\/span><\/div><div class=\"fusion-format-box\"><i class=\"awb-icon-pen\" aria-hidden=\"true\"><\/i><\/div><\/div>\t<style type=\"text\/css\">\n\t\t\n\t\t\n\t\t\n\t\t\n\t\t\t<\/style>\n\n\n\t\t\t<div class=\"fusion-flexslider flexslider fusion-flexslider-loading fusion-post-slideshow\" style=\"\">\n\t\t<ul class=\"slides\">\n\t\t\t\n\t\t\t\t\t\t\t\t\t\t\t\t\t\t<li><div  class=\"fusion-image-wrapper fusion-image-size-fixed\" aria-haspopup=\"true\">\n\t\t\t\t\t\t\t<a href=\"https:\/\/www.access-info.org\/es\/2019-02-04\/members-of-european-parliament-vote-for-transparency-about-who-lobbies-them\/\" aria-label=\"Members of European Parliament vote for transparency about who lobbies them\">\n\t\t\t\t\t\t\t<img decoding=\"async\" width=\"320\" height=\"202\" src=\"https:\/\/www.access-info.org\/wp-content\/uploads\/parlamento-europeo-1-320x202.jpg\" class=\"attachment-blog-medium size-blog-medium wp-post-image\" alt=\"\" \/>\t\t\t<\/a>\n\t\t\t\t\t\t\t<\/div>\n<\/li>\n\t\t\t\n\t\t\t\n\t\t\t\t\t\t\t\t\t\t\t\t\t\t\t\t\t\t\t\t\t\t\t\t\t\t\t\t\t\t\t\t\t\t\t\t\t\t\t\t\t\t\t\t\t\t\t\t\t\t\t\t\t\t\t\t\t\t\t\t\t\t\t\t\t\t\t\t<\/ul>\n\t<\/div>\n\t<div class=\"fusion-post-content post-content\"><h2 class=\"blog-shortcode-post-title entry-title\"><a href=\"https:\/\/www.access-info.org\/es\/2019-02-04\/members-of-european-parliament-vote-for-transparency-about-who-lobbies-them\/\">Members of European Parliament vote for transparency about who lobbies them<\/a><\/h2><div class=\"fusion-post-content-container\"><p>With a difference of four votes, there is now more transparency in lobbying of Members of the European Parliament. The European Parliament voted for MEPs to publish online information about meetings with lobbyist on 31 January 2019. The vote had to be approved by at least 376 votes for an amendment to its Rules of Procedure. With a total of<\/p><\/div><\/div><div class=\"fusion-clearfix\"><\/div><div class=\"fusion-meta-info\"><div class=\"fusion-alignright\"><a class=\"fusion-read-more\" href=\"https:\/\/www.access-info.org\/es\/2019-02-04\/members-of-european-parliament-vote-for-transparency-about-who-lobbies-them\/\" aria-label=\"More on Members of European Parliament vote for transparency about who lobbies them\">Read More<\/a><\/div><\/div><\/article>\n<\/div><div class=\"pagination clearfix\"><span class=\"current\">1<\/span><a href=\"https:\/\/www.access-info.org\/es\/wp-json\/wp\/v2\/pages\/28219\/page\/2\/\" class=\"inactive\">2<\/a><a class=\"pagination-next\" rel=\"next\" href=\"https:\/\/www.access-info.org\/es\/wp-json\/wp\/v2\/pages\/28219\/page\/2\/\"><span class=\"page-text\">Next<\/span><span class=\"page-next\"><\/span><\/a><\/div><div class=\"fusion-clearfix\"><\/div><\/div><div class=\"fusion-clearfix\"><\/div><\/div><\/div><\/div><\/div><div class=\"fusion-fullwidth fullwidth-box fusion-builder-row-4 hundred-percent-fullwidth non-hundred-percent-height-scrolling\" style=\"--awb-border-radius-top-left:0px;--awb-border-radius-top-right:0px;--awb-border-radius-bottom-right:0px;--awb-border-radius-bottom-left:0px;--awb-overflow:visible;--awb-padding-right:20px;--awb-padding-left:20px;--awb-margin-top:10px;--awb-margin-bottom:10px;--awb-background-color:rgba(255,255,255,0);--awb-flex-wrap:wrap;\" ><div class=\"fusion-builder-row fusion-row\"><div class=\"fusion-layout-column fusion_builder_column fusion-builder-column-2 fusion_builder_column_1_1 1_1 fusion-one-full fusion-column-first fusion-column-last fusion-column-no-min-height\" style=\"--awb-bg-size:cover;--awb-margin-bottom:0px;\"><div class=\"fusion-column-wrapper fusion-flex-column-wrapper-legacy\"><div class=\"fusion-sep-clear\"><\/div><div class=\"fusion-separator fusion-full-width-sep\" style=\"margin-left: auto;margin-right: auto;width:100%;\"><\/div><div class=\"fusion-sep-clear\"><\/div><div class=\"fusion-text fusion-text-2\"><p style=\"text-align: center;\"><em>Foto de portada: <a href=\"https:\/\/www.flickr.com\/photos\/europeancouncil_meetings\/\" target=\"_blank\" rel=\"noopener noreferrer\">Consejo de Europa<\/a> via Flick (<a href=\"https:\/\/creativecommons.org\/licenses\/by-nc-nd\/2.0\/\" target=\"_blank\" rel=\"noopener noreferrer\">CC BY-NC-ND 2.0<\/a>)<\/em><\/p>\n<\/div><div class=\"fusion-clearfix\"><\/div><\/div><\/div><\/div><\/div><\/p>\n","protected":false},"excerpt":{"rendered":"","protected":false},"author":6,"featured_media":0,"parent":0,"menu_order":44,"comment_status":"closed","ping_status":"closed","template":"100-width.php","meta":{"footnotes":""},"class_list":["post-28219","page","type-page","status-publish","hentry"],"_links":{"self":[{"href":"https:\/\/www.access-info.org\/es\/wp-json\/wp\/v2\/pages\/28219","targetHints":{"allow":["GET"]}}],"collection":[{"href":"https:\/\/www.access-info.org\/es\/wp-json\/wp\/v2\/pages"}],"about":[{"href":"https:\/\/www.access-info.org\/es\/wp-json\/wp\/v2\/types\/page"}],"author":[{"embeddable":true,"href":"https:\/\/www.access-info.org\/es\/wp-json\/wp\/v2\/users\/6"}],"replies":[{"embeddable":true,"href":"https:\/\/www.access-info.org\/es\/wp-json\/wp\/v2\/comments?post=28219"}],"version-history":[{"count":8,"href":"https:\/\/www.access-info.org\/es\/wp-json\/wp\/v2\/pages\/28219\/revisions"}],"predecessor-version":[{"id":35986,"href":"https:\/\/www.access-info.org\/es\/wp-json\/wp\/v2\/pages\/28219\/revisions\/35986"}],"wp:attachment":[{"href":"https:\/\/www.access-info.org\/es\/wp-json\/wp\/v2\/media?parent=28219"}],"curies":[{"name":"wp","href":"https:\/\/api.w.org\/{rel}","templated":true}]}}