{"id":32376,"date":"2018-05-23T09:00:21","date_gmt":"2018-05-23T07:00:21","guid":{"rendered":"https:\/\/www.access-info.org\/eu-agencies-expenses\/"},"modified":"2020-02-10T13:04:09","modified_gmt":"2020-02-10T12:04:09","slug":"eu-agencies-expenses","status":"publish","type":"page","link":"https:\/\/www.access-info.org\/es\/eu-agencies-expenses\/","title":{"rendered":"\u00abLa transparencia es el nuevo est\u00e1ndar: 50 agencias publican sus gastos de viaje\u00bb"},"content":{"rendered":"<div class=\"fusion-fullwidth fullwidth-box fusion-builder-row-1 fusion-parallax-none nonhundred-percent-fullwidth non-hundred-percent-height-scrolling\" style=\"--awb-background-position:center;--awb-border-radius-top-left:0px;--awb-border-radius-top-right:0px;--awb-border-radius-bottom-right:0px;--awb-border-radius-bottom-left:0px;--awb-padding-top:20px;--awb-padding-bottom:0px;--awb-background-image:url(&quot;https:\/\/www.access-info.org\/wp-content\/uploads\/Cover-photo-agencies-1.png&quot;);--awb-background-size:cover;--awb-border-sizes-top:0px;--awb-border-sizes-bottom:0px;--awb-flex-wrap:wrap;\" ><div class=\"fusion-builder-row fusion-row\">\n<h1 style=\"text-align: center; font-size: 50px;\"><span style=\"color: #ffffff; line-height: 60px;\">LA TRANSPARENCIA ES EL<br \/>\nNUEVO EST\u00c1NDAR<\/span><\/h1>\n<h2 style=\"text-align: center; font-size: 26px; line-height: 40px; color: #fff;\"><span style=\"color: #ffffff;\">CINCUENTA AGENCIAS EUROPEAS HACEN P\u00daBLICOS SUS GASTOS DE VIAJE<\/span><br \/>\n<i class=\"fa fa-arrow-circle-down\"><\/i><\/h2>\n<\/div><\/div>\n<div class=\"fusion-fullwidth fullwidth-box fusion-builder-row-2 hundred-percent-fullwidth non-hundred-percent-height-scrolling\" style=\"--awb-border-radius-top-left:0px;--awb-border-radius-top-right:0px;--awb-border-radius-bottom-right:0px;--awb-border-radius-bottom-left:0px;--awb-padding-top:30px;--awb-padding-right:300px;--awb-padding-bottom:50px;--awb-padding-left:300px;--awb-flex-wrap:wrap;\" ><\/p>\n<div class=\"fusion-sep-clear\"><\/div><div class=\"fusion-separator fusion-full-width-sep\" style=\"margin-left: auto;margin-right: auto;margin-top:7px;margin-bottom:0px;width:100%;\"><\/div><div class=\"fusion-sep-clear\"><\/div>\n<span class=\"fusion-dropcap dropcap\" style=\"--awb-color:#e3220e;\">P<\/span>or primera vez, cincuenta agencias europeas han hecho transparentes los gastos de viaje de sus presidentes y directores. Esta informaci\u00f3n, que cubre todos los gastos de todas las misiones que tuvieron lugar en 2016, fue publicada tras el env\u00edo de una serie de solicitudes de acceso a documentos por parte de Access Info Europe.<\/p>\n<p><img decoding=\"async\" class=\"wp-image-30632 alignright\" src=\"https:\/\/www.access-info.org\/wp-content\/uploads\/agencies-expenses.gif\" alt=\"\" width=\"283\" height=\"399\" \/><\/p>\n<p>Las Agencias son los organismos descentralizados, ejecutivos e independientes de la Uni\u00f3n Europea. Se establecen para llevar a cabo tareas espec\u00edficas, como la supervisi\u00f3n del sector bancario (Autoridad Bancaria Europea), la promoci\u00f3n de la igualdad de g\u00e9nero (Instituto Europeo de la Igualdad de G\u00e9nero), cumplimiento de la ley (Europol), o control y vigilancia de las fronteras externas de la UE (FRONTEX).<\/p>\n<p>Ahora, la publicaci\u00f3n de los gastos de viaje de su m\u00e1s alto representante nos permiten esbozar la imagen m\u00e1s completa de la frecuencia y los costes de los viajes hasta la fecha.<\/p>\n<p class=\"Cuerpo\">Esta imagen tambi\u00e9n es positiva: el an\u00e1lisis llevado a cabo por el medio belga Kack demuestra que estos gastos se hacen de manera responsable y proporcionada. El representante que incurre en mayores gastos es Mario Draghi, presidente del Banco Central Europeo, con cuatro viajes de m\u00e1s de 20.000\u20ac.<\/p>\n<p style=\"text-align: right;\"><em><strong><a href=\"http:\/\/www.knack.be\/nieuws\/wereld\/eu-agentschappen-maken-reiskosten-toplui-publiek\/article-longread-1149593.html\" target=\"_blank\" rel=\"noopener noreferrer\">Lee el an\u00e1lisis de Knack aqu\u00ed: La transparencia es el nuevo est\u00e1ndar<\/a>\u00a0<span style=\"color: #e3220e;\">\u00bb<\/span><br \/>\n<\/strong><\/em><\/p>\n<blockquote><p>\u201cApreciamos la voluntad de las Agencias de hacer p\u00fablica esta informaci\u00f3n, ya que se trata de un paso importante hacia una mayor rendici\u00f3n de cuentas\u201d, declar\u00f3 Luisa Izuzquiza, responsable de comunicaci\u00f3n de Access Info Europe.<\/p><\/blockquote>\n<p>Con anterioridad a estas solicitudes, solo el Defensor del Pueblo Europeo publicaba esta informaci\u00f3n proactivamente, mientras que el Servicio Europeo de Acci\u00f3n Exterior se hab\u00eda comprometido a hacerlo y ahora lo ha cumplido.<\/p>\n<p><img decoding=\"async\" class=\" wp-image-30629 alignleft\" src=\"https:\/\/www.access-info.org\/wp-content\/uploads\/agencies-expenses-request.png\" alt=\"\" width=\"298\" height=\"351\" srcset=\"https:\/\/www.access-info.org\/wp-content\/uploads\/agencies-expenses-request-200x235.png 200w, https:\/\/www.access-info.org\/wp-content\/uploads\/agencies-expenses-request-255x300.png 255w, https:\/\/www.access-info.org\/wp-content\/uploads\/agencies-expenses-request-400x471.png 400w, https:\/\/www.access-info.org\/wp-content\/uploads\/agencies-expenses-request.png 479w\" sizes=\"(max-width: 298px) 100vw, 298px\" \/>Access Info realiz\u00f3 las solicitudes a finales de 2017 a las 52 agencias que a\u00fan no hab\u00edan publicado esta informaci\u00f3n, de las cuales 48 la proporcionaron. Dos agencias (Europol y HACER) a\u00fan no han respondido y\u00a0 ENISA est\u00e1 en proceso de proporcionar la informaci\u00f3n.<\/p>\n<p>Solo una agencia (Euratom) ha negado el acceso afirmando que la informaci\u00f3n solicitada \u201cforma parte de la informaci\u00f3n personal de los representantes de la Comisi\u00f3n, y su divulgaci\u00f3n socavar\u00eda la protecci\u00f3n de la privacidad y la integridad de los individuos\u201d. Access Info ha recurrido administrativamente esta decisi\u00f3n (mediante una \u201csolicitud confirmatoria\u201d). Cabe destacar que la Comisi\u00f3n Europea aplic\u00f3 en un principio este l\u00edmite pero m\u00e1s tarde abandon\u00f3 esta l\u00ednea de argumentaci\u00f3n.<\/p>\n<p>Los documentos divulgados tambi\u00e9n muestran grandes diferencias y falta de uniformidad en como la informaci\u00f3n se recopila y se almacena a nivel de la Uni\u00f3n Europea.<\/p>\n<p>Una recopilaci\u00f3n de gastos de viaje del a\u00f1o completo, desglosado por viaje y tipo de gasto y enviado en formato PDF es la forma m\u00e1s habitual de exposici\u00f3n. Otras agencias eligieron proporcionar copias escaneadas de sus declaraciones de gastos, mientras que solo dos agencias nos proporcionaron la informaci\u00f3n en formato reutilizable.<\/p>\n<blockquote><p>\u201cEl siguiente paso ser\u00eda que las agencias hagan p\u00fablica esta informaci\u00f3n de forma proactiva\u201d, dijo Helen Darbishire, Directora Ejecutiva de Access Info Europe. <em>\u201cNo es solo un est\u00e1ndar de transparencia deseable, sino una realidad posible, como ya han demostrado la Comisi\u00f3n Europea, el SEAE, y el Defensor del Pueblo Europeo\u201d<\/em>, a\u00f1adi\u00f3.<\/p><\/blockquote>\n<p>La revelaci\u00f3n de esta informaci\u00f3n por parte de las Agencias deja ahora al Parlamento Europeo al final del ranking de transparencia; el acceso a la informaci\u00f3n de los gastos de viaje de los parlamentarios europeos todav\u00eda es objeto de litigaci\u00f3n ante el Tribunal General de la UE tras la interposici\u00f3n de un recurso por un equipo de periodistas de investigaci\u00f3n.<\/p>\n<p>El acceso a todas las solicitudes y gastos de viaje de las Agencias est\u00e1 disponible\u00a0<a href=\"https:\/\/www.asktheeu.org\/en\/user\/luisa_izuzquiza?utf8=%E2%9C%93&amp;user_query=%22travel+expenses+of%22&amp;request_latest_status=&amp;commit=Search+your+contributions\" target=\"_blank\" rel=\"noopener noreferrer\">aqu\u00ed<\/a>, y la informaci\u00f3n por agencia a continuaci\u00f3n (en ingl\u00e9s):<\/p>\n<p><span style=\"color: #e3220e;\"><strong>Consulte los gastos de viaje de las Agencias que publican la informaci\u00f3n proactivamente:<\/strong><br \/>\n<\/span><a href=\"https:\/\/www.ombudsman.europa.eu\/en\/resources\/ethics_and_conduct\/home.faces\" target=\"_blank\" rel=\"noopener noreferrer\">Defensor del Pueblo Europeo<\/a><br \/>\n<a href=\"http:\/\/ec.europa.eu\/transparencyinitiative\/meetings\/mission.do?host=6e27e5b2-65cf-4733-99b1-0a5e094088c1\" target=\"_blank\" rel=\"noopener noreferrer\">Servicio Europeo de Acci\u00f3n Exterior<\/a><\/p>\n<p><span style=\"color: #e3220e;\"><strong>Consulte o descargue la informaci\u00f3n sobre gastos de viaje de las siguientes agencias:<\/strong><br \/>\n<\/span><a href=\"https:\/\/www.asktheeu.org\/en\/request\/travel_expenses_of_eib_president\" target=\"_blank\" rel=\"noopener noreferrer\">Banco Europeo de Inversiones (EIB)<\/a><br \/>\n<a href=\"https:\/\/www.asktheeu.org\/en\/request\/travel_expenses_of_eurofound_dir\" target=\"_blank\" rel=\"noopener noreferrer\">Fundaci\u00f3n <\/a><a href=\"https:\/\/www.asktheeu.org\/en\/request\/travel_expenses_of_eurofound_dir\" target=\"_blank\" rel=\"noopener noreferrer\">Europea para la Mejora de las Condiciones de Vida y de Trabajo <\/a><a href=\"https:\/\/www.asktheeu.org\/en\/request\/travel_expenses_of_eurofound_dir\" target=\"_blank\" rel=\"noopener noreferrer\">(Eurofound)<\/a><br \/>\n<a href=\"https:\/\/www.asktheeu.org\/en\/request\/travel_expenses_of_f4e_director\" target=\"_blank\" rel=\"noopener noreferrer\">Fusion for Energy (F4E)<\/a><br \/>\n<a href=\"https:\/\/www.asktheeu.org\/en\/request\/travel_expenses_of_euiss_directo\" target=\"_blank\" rel=\"noopener noreferrer\">Instituto de Estudios de Seguridad de la Uni\u00f3n Europea (EUISS)<\/a><br \/>\n<a href=\"https:\/\/www.asktheeu.org\/en\/request\/travel_expenses_of_eib_president\" target=\"_blank\" rel=\"noopener noreferrer\">Tribunal de Cuentas Europeo (ECA)<\/a><br \/>\n<a href=\"https:\/\/www.asktheeu.org\/en\/request\/travel_expenses_of_ecsel_directo\" target=\"_blank\" rel=\"noopener noreferrer\">ECSEL Joint Undertaking<\/a><br \/>\n<a href=\"https:\/\/www.asktheeu.org\/en\/request\/travel_expenses_of_edps_supervis\" target=\"_blank\" rel=\"noopener noreferrer\">Supervisor Europeo de Protecci\u00f3n de Datos (EDPS)<\/a><br \/>\n<a href=\"https:\/\/www.asktheeu.org\/en\/request\/travel_expenses_of_ecb_president\" target=\"_blank\" rel=\"noopener noreferrer\">Banco Central Europeo(ECB)<\/a><br \/>\n<a href=\"https:\/\/www.asktheeu.org\/en\/request\/travel_expenses_of_cor_president\" target=\"_blank\" rel=\"noopener noreferrer\">Comit\u00e9 Europeo de las Regiones (CoR)<\/a><br \/>\n<a href=\"https:\/\/www.asktheeu.org\/en\/request\/travel_expenses_of_eesc_presiden\" target=\"_blank\" rel=\"noopener noreferrer\">Comit\u00e9 Econ\u00f3mico y Social Europeo (EESC)<\/a><br \/>\n<a href=\"https:\/\/www.asktheeu.org\/en\/request\/travel_expenses_of_berec_directo\" target=\"_blank\" rel=\"noopener noreferrer\">Office of the Body of European Regulators for Electronic Communications (BEREC Office)<\/a><br \/>\n<a href=\"https:\/\/www.asktheeu.org\/en\/request\/travel_expenses_of_cpvo_director\" target=\"_blank\" rel=\"noopener noreferrer\">Community Plant Variety Office (CPVO)<\/a><br \/>\n<a href=\"https:\/\/www.asktheeu.org\/en\/request\/travel_expenses_of_eu_osha_direc\" target=\"_blank\" rel=\"noopener noreferrer\">Agencia <\/a><a href=\"https:\/\/www.asktheeu.org\/en\/request\/travel_expenses_of_eu_osha_direc\" target=\"_blank\" rel=\"noopener noreferrer\">Europea para la Seguridad y la Salud en el Trabajo<\/a><a href=\"https:\/\/www.asktheeu.org\/en\/request\/travel_expenses_of_eu_osha_direc\" target=\"_blank\" rel=\"noopener noreferrer\"> (EU-OSHA)<\/a><br \/>\n<a href=\"https:\/\/www.asktheeu.org\/en\/request\/meetings_and_travel_expenses_of\" target=\"_blank\" rel=\"noopener noreferrer\">Agencia Europea de la Guardia de Fronters y Costas (Frontex)<\/a><br \/>\n<a href=\"https:\/\/www.asktheeu.org\/en\/request\/travel_expenses_of_eu_lisa_direc\" target=\"_blank\" rel=\"noopener noreferrer\">Agencia Europea para la Gesti\u00f3n Operativa y for the operational management of large-scale IT systems in the area of freedom, security and justice (eu-LISA)<\/a><br \/>\n<a href=\"https:\/\/www.asktheeu.org\/en\/request\/travel_expenses_of_easo_director\" target=\"_blank\" rel=\"noopener noreferrer\">Oficina Europea de Apoyo al Asilo (EASO)<\/a><br \/>\n<a href=\"https:\/\/www.asktheeu.org\/en\/request\/travel_expenses_of_easa_director\" target=\"_blank\" rel=\"noopener noreferrer\">Agencia de la Uni\u00f3n Europea para la Seguridad A\u00e9rea (EASA)<\/a><br \/>\n<a href=\"https:\/\/www.asktheeu.org\/en\/request\/travel_expenses_of_eba_director\" target=\"_blank\" rel=\"noopener noreferrer\">Autoridad Bancaria Europea (EBA)<\/a><br \/>\n<a href=\"https:\/\/www.asktheeu.org\/en\/request\/travel_expenses_of_ecdc_director\" target=\"_blank\" rel=\"noopener noreferrer\">Centro Europeo para la Prevenci\u00f3n y\u00a0 el Control de las Enfermedades (ECDC)<\/a><br \/>\n<a href=\"https:\/\/www.asktheeu.org\/en\/request\/travel_expenses_of_cedefop_direc\" target=\"_blank\" rel=\"noopener noreferrer\">Centro Europeo para el Desarrollo de la Formaci\u00f3n Profesional (Cedefop)<\/a><br \/>\n<a href=\"https:\/\/www.asktheeu.org\/en\/request\/travel_expenses_of_echa_director\" target=\"_blank\" rel=\"noopener noreferrer\">Agencia Europea de Productos Qu\u00edmicos (ECHA)<\/a><br \/>\n<a href=\"https:\/\/www.asktheeu.org\/en\/request\/travel_expenses_of_eea_director\" target=\"_blank\" rel=\"noopener noreferrer\">Agencia Europea de Medio Ambiente (EEA)<\/a><br \/>\n<a href=\"https:\/\/www.asktheeu.org\/en\/request\/travel_expenses_of_efca_director\" target=\"_blank\" rel=\"noopener noreferrer\">Agencia Europea de Control de la Pesca (EFCA)<\/a><br \/>\n<a href=\"https:\/\/www.asktheeu.org\/en\/request\/travel_expenses_of_efsa_director\" target=\"_blank\" rel=\"noopener noreferrer\">Autoridad Europea de Seguridad Alimentaria (EFSA)<\/a><br \/>\n<a href=\"https:\/\/www.asktheeu.org\/en\/request\/travel_expenses_of_gsa_director\" target=\"_blank\" rel=\"noopener noreferrer\">European GNSS Agency<\/a><br \/>\n<a href=\"https:\/\/www.asktheeu.org\/en\/request\/travel_expenses_of_eige_director\" target=\"_blank\" rel=\"noopener noreferrer\">Instituto Europeo para la Igualdad de G\u00e9nero (EIGE)<\/a><br \/>\n<a href=\"https:\/\/www.asktheeu.org\/en\/request\/travel_expenses_of_eiopa_executi\" target=\"_blank\" rel=\"noopener noreferrer\">Autoridad Europea de Seguros y Pensiones (EIOPA)<\/a><br \/>\n<a href=\"https:\/\/www.asktheeu.org\/en\/request\/travel_expenses_of_emsa_executiv\/\" target=\"_blank\" rel=\"noopener noreferrer\">Agencia Europea de Seguridad Mar\u00edtima (EMSA)<\/a><br \/>\n<a href=\"https:\/\/www.asktheeu.org\/en\/request\/travel_expenses_of_ema_executive\" target=\"_blank\" rel=\"noopener noreferrer\">Agencia Europea de Medicamentos (EMA)<\/a><br \/>\n<a href=\"https:\/\/www.asktheeu.org\/en\/request\/travel_expenses_of_emcdda_direct\" target=\"_blank\" rel=\"noopener noreferrer\">Observatorio Europeo de las Drogas y la Toxicoman\u00eda (EMCDDA)<\/a><br \/>\n<a href=\"https:\/\/www.asktheeu.org\/en\/request\/travel_expenses_of_cepol_executi\" target=\"_blank\" rel=\"noopener noreferrer\">Agencia de la Uni\u00f3n Europea para la Formaci\u00f3n Policial (CEPOL)<\/a><br \/>\n<a href=\"https:\/\/www.asktheeu.org\/en\/request\/travel_expenses_of_era_executive\" target=\"_blank\" rel=\"noopener noreferrer\">Agencia Ferroviaria de la Uni\u00f3n Europea (ERA)<\/a><br \/>\n<a href=\"https:\/\/www.asktheeu.org\/en\/request\/travel_expenses_of_esma_executiv\" target=\"_blank\" rel=\"noopener noreferrer\">Autoridad Europea de Valores y Mercados (ESMA)<\/a><br \/>\n<a href=\"https:\/\/www.asktheeu.org\/en\/request\/travel_expenses_of_etf_director\" target=\"_blank\" rel=\"noopener noreferrer\">European Training Foundation (ETF)<\/a><br \/>\n<a href=\"https:\/\/www.asktheeu.org\/en\/request\/travel_expenses_of_fra_director\" target=\"_blank\" rel=\"noopener noreferrer\">Agencia de los Derechos Fundamentales de la Uni\u00f3n Europea (FRA)<\/a><br \/>\n<a href=\"https:\/\/www.asktheeu.org\/en\/request\/travel_expenses_of_ohim_presiden\" target=\"_blank\" rel=\"noopener noreferrer\">Oficina de Propiedad Intelectual de la Uni\u00f3n Europea (EUIPO)<\/a><br \/>\n<a href=\"https:\/\/www.asktheeu.org\/en\/request\/travel_expenses_of_srb_chair\/\" target=\"_blank\" rel=\"noopener noreferrer\">Junta \u00danica de Resoluci\u00f3n (SRB)<\/a><br \/>\n<a href=\"https:\/\/www.asktheeu.org\/en\/request\/travel_expenses_of_eurojust_admi\" target=\"_blank\" rel=\"noopener noreferrer\">Agencia de la Uni\u00f3n Europea para la Cooperaci\u00f3n en materia de Justicia Penal (Eurojust)<\/a><br \/>\n<a href=\"https:\/\/www.asktheeu.org\/en\/request\/travel_expenses_of_cdt_director\" target=\"_blank\" rel=\"noopener noreferrer\">Centro de Traducci\u00f3n de los \u00d3rganos de la Uni\u00f3n Europea (CdT)<\/a><br \/>\n<a href=\"https:\/\/www.asktheeu.org\/en\/request\/travel_expenses_of_eda_director\" target=\"_blank\" rel=\"noopener noreferrer\">Agencia Europea de Defensa (EDA)<\/a><br \/>\n<a href=\"https:\/\/www.asktheeu.org\/en\/request\/travel_expenses_of_satcen_direct\/\" target=\"_blank\" rel=\"noopener noreferrer\">Centro de Sat\u00e9lites de la Uni\u00f3n Europea (SatCen)<\/a><br \/>\n<a href=\"https:\/\/www.asktheeu.org\/en\/request\/travel_expenses_of_eacea_directo\" target=\"_blank\" rel=\"noopener noreferrer\">Agencia Ejecutiva en el \u00e1mbito Educativo, Audiovisual y Cultural (EACEA)<\/a><br \/>\n<a href=\"https:\/\/www.asktheeu.org\/en\/request\/travel_expenses_of_easme_directo\" target=\"_blank\" rel=\"noopener noreferrer\">Agencia Ejecutiva para las Peque\u00f1as y Medianas Empresas (EASME)<\/a><br \/>\n<a href=\"https:\/\/www.asktheeu.org\/en\/request\/travel_expenses_of_ercea_directo\" target=\"_blank\" rel=\"noopener noreferrer\">Agencia Ejecutiva del Consejo Europeo de Investigaci\u00f3n (ERCEA)<\/a><br \/>\n<a href=\"https:\/\/www.asktheeu.org\/en\/request\/travel_expenses_of_chafea_direct\" target=\"_blank\" rel=\"noopener noreferrer\">Agencia Ejecutiva de Consumidores, Salud, Agricultura y Alimentaci\u00f3n (Chafea)<\/a><br \/>\n<a href=\"https:\/\/www.asktheeu.org\/en\/request\/travel_expenses_of_research_exec\" target=\"_blank\" rel=\"noopener noreferrer\">Agencia Ejecutiva de Investigaci\u00f3n<\/a><br \/>\n<a href=\"https:\/\/www.asktheeu.org\/en\/request\/travel_expenses_of_inea_director\" target=\"_blank\" rel=\"noopener noreferrer\">Agencia Ejecutiva de Innovaci\u00f3n y Redes (INEA)<\/a><br \/>\n<a href=\"https:\/\/www.asktheeu.org\/en\/request\/travel_expenses_of_eit_director\" target=\"_blank\" rel=\"noopener noreferrer\">Instituto Europeo de Innovaci\u00f3n y Tecnolog\u00eda (EIT)<\/a><br \/>\n<a href=\"https:\/\/www.asktheeu.org\/en\/request\/travel_expenses_of_enisa_directo\" target=\"_blank\" rel=\"noopener noreferrer\">Agencia de la Uni\u00f3n Europea para la Ciberseguridad (ENISA)<\/a><\/p>\n<p><span style=\"color: #e3220e;\"><strong>Agencias de la UE que denegaron el acceso a la informaci\u00f3n:<\/strong><br \/>\n<\/span><a href=\"https:\/\/www.asktheeu.org\/en\/request\/travel_expenses_of_esa_director\" target=\"_blank\" rel=\"noopener noreferrer\">EURATOM Agencia de Abastecimiento (ESA)<\/a><\/p>\n<p><strong><span style=\"color: #e3220e;\">Agencias de la UE que no respondieron a la solicitud de acceso a documentos:<\/span><\/strong><br \/>\n<a href=\"https:\/\/www.asktheeu.org\/en\/request\/travel_expenses_of_europol_direc\" target=\"_blank\" rel=\"noopener noreferrer\">Agencia Europea de Polic\u00eda\u00a0 (Europol)<\/a><br \/>\n<a href=\"https:\/\/www.asktheeu.org\/en\/request\/travel_expenses_of_acer_director\" target=\"_blank\" rel=\"noopener noreferrer\">Agencia para la Cooperaci\u00f3n de los Reguladores de\u00a0 Energ\u00eda (ACER)<\/a><\/p>\n<h2>Para m\u00e1s informaci\u00f3n, por favor, p\u00f3ngase en contacto con:<\/h2>\n<p><strong>Helen Darbishire<\/strong>, Directora Ejecutiva | Access Info Europe<\/p>\n<p><a href=\"http:\/\/www.access-info.org\/about-us\" target=\"_blank\" rel=\"noopener noreferrer\">Send an e-mail<\/a> or call +34\u202f609 707 264<\/p>\n<p><\/div>\n<p style=\"text-align: center;\"><em>Cover p<\/em><em>hoto: <a href=\"https:\/\/www.flickr.com\/photos\/european_parliament\/\" target=\"_blank\" rel=\"noopener noreferrer\">European Parliament<\/a> via Flickr (<a href=\"https:\/\/creativecommons.org\/licenses\/by-nc-nd\/2.0\/\" target=\"_blank\" rel=\"noopener noreferrer\">CC BY-NC-ND 2.0<\/a>)<\/em><\/p>\n","protected":false},"excerpt":{"rendered":"<p>Cover photo: European Parliament via Flickr (CC BY-NC-ND 2.0)<\/p>\n","protected":false},"author":6,"featured_media":0,"parent":0,"menu_order":0,"comment_status":"closed","ping_status":"closed","template":"100-width.php","meta":{"footnotes":""},"class_list":["post-32376","page","type-page","status-publish","hentry"],"_links":{"self":[{"href":"https:\/\/www.access-info.org\/es\/wp-json\/wp\/v2\/pages\/32376","targetHints":{"allow":["GET"]}}],"collection":[{"href":"https:\/\/www.access-info.org\/es\/wp-json\/wp\/v2\/pages"}],"about":[{"href":"https:\/\/www.access-info.org\/es\/wp-json\/wp\/v2\/types\/page"}],"author":[{"embeddable":true,"href":"https:\/\/www.access-info.org\/es\/wp-json\/wp\/v2\/users\/6"}],"replies":[{"embeddable":true,"href":"https:\/\/www.access-info.org\/es\/wp-json\/wp\/v2\/comments?post=32376"}],"version-history":[{"count":7,"href":"https:\/\/www.access-info.org\/es\/wp-json\/wp\/v2\/pages\/32376\/revisions"}],"predecessor-version":[{"id":32585,"href":"https:\/\/www.access-info.org\/es\/wp-json\/wp\/v2\/pages\/32376\/revisions\/32585"}],"wp:attachment":[{"href":"https:\/\/www.access-info.org\/es\/wp-json\/wp\/v2\/media?parent=32376"}],"curies":[{"name":"wp","href":"https:\/\/api.w.org\/{rel}","templated":true}]}}