{"id":33386,"date":"2020-04-17T19:09:21","date_gmt":"2020-04-17T17:09:21","guid":{"rendered":"https:\/\/www.access-info.org\/?page_id=33386"},"modified":"2021-04-01T14:36:24","modified_gmt":"2021-04-01T12:36:24","slug":"covid19","status":"publish","type":"page","link":"https:\/\/www.access-info.org\/es\/covid19\/","title":{"rendered":"COVID-19"},"content":{"rendered":"<p><div class=\"fusion-fullwidth fullwidth-box fusion-builder-row-1 fusion-parallax-none hundred-percent-fullwidth non-hundred-percent-height-scrolling\" style=\"--awb-background-position:left top;--awb-border-radius-top-left:0px;--awb-border-radius-top-right:0px;--awb-border-radius-bottom-right:0px;--awb-border-radius-bottom-left:0px;--awb-padding-top:22px;--awb-padding-bottom:10px;--awb-background-image:url(&quot;https:\/\/www.access-info.org\/wp-content\/uploads\/coronavirus-page2-oscuro.jpg&quot;);--awb-background-size:cover;--awb-flex-wrap:wrap;\" ><div class=\"fusion-builder-row fusion-row\"><div class=\"fusion-layout-column fusion_builder_column fusion-builder-column-0 fusion_builder_column_1_1 1_1 fusion-one-full fusion-column-first fusion-column-last\" style=\"--awb-bg-size:cover;--awb-margin-bottom:0px;\"><div class=\"fusion-column-wrapper fusion-flex-column-wrapper-legacy\"><div class=\"fusion-text fusion-text-1\"><h1 style=\"text-align: center; font-size: 50px; line-height: 60px;\"><\/h1>\n<h1 style=\"text-align: center; font-size: 50px; line-height: 60px;\"><span style=\"color: #ffffff;\">TRANSPARENCIA EN TIEMPOS DEL CORONAVIRUS<\/span><\/h1>\n<h1 style=\"text-align: center; font-size: 26px; line-height: 40px; color: #fff;\"><span style=\"color: #ffffff;\">EN TIEMPOS DE EMERGENCIA, LA TRANSPARENCIA Y EL ACCESO A LA INFORMACI\u00d3N SE HACEN M\u00c1S NECESARIOS QUE NUNCA<\/span><\/h1>\n<\/div><div class=\"fusion-sep-clear\"><\/div><div class=\"fusion-separator fusion-full-width-sep\" style=\"margin-left: auto;margin-right: auto;width:100%;\"><\/div><div class=\"fusion-sep-clear\"><\/div><div class=\"fusion-sep-clear\"><\/div><div class=\"fusion-separator fusion-full-width-sep\" style=\"margin-left: auto;margin-right: auto;width:100%;\"><\/div><div class=\"fusion-sep-clear\"><\/div><div class=\"fusion-sep-clear\"><\/div><div class=\"fusion-separator fusion-full-width-sep\" style=\"margin-left: auto;margin-right: auto;width:100%;\"><\/div><div class=\"fusion-sep-clear\"><\/div><div class=\"fusion-clearfix\"><\/div><\/div><\/div><\/div><\/div><div class=\"fusion-fullwidth fullwidth-box fusion-builder-row-2 nonhundred-percent-fullwidth non-hundred-percent-height-scrolling\" style=\"--awb-border-radius-top-left:0px;--awb-border-radius-top-right:0px;--awb-border-radius-bottom-right:0px;--awb-border-radius-bottom-left:0px;--awb-flex-wrap:wrap;\" ><div class=\"fusion-builder-row fusion-row\"><div class=\"fusion-layout-column fusion_builder_column fusion-builder-column-1 fusion_builder_column_1_1 1_1 fusion-one-full fusion-column-first fusion-column-last\" style=\"--awb-bg-size:cover;\"><div class=\"fusion-column-wrapper fusion-column-has-shadow fusion-flex-column-wrapper-legacy\"><div class=\"fusion-clearfix\"><\/div><\/div><\/div><\/div><\/div><div class=\"fusion-fullwidth fullwidth-box fusion-builder-row-3 nonhundred-percent-fullwidth non-hundred-percent-height-scrolling\" style=\"--awb-border-radius-top-left:0px;--awb-border-radius-top-right:0px;--awb-border-radius-bottom-right:0px;--awb-border-radius-bottom-left:0px;--awb-flex-wrap:wrap;\" ><div class=\"fusion-builder-row fusion-row\"><div class=\"fusion-layout-column fusion_builder_column fusion-builder-column-2 fusion_builder_column_1_1 1_1 fusion-one-full fusion-column-first fusion-column-last\" style=\"--awb-bg-size:cover;\"><div class=\"fusion-column-wrapper fusion-column-has-shadow fusion-flex-column-wrapper-legacy\"><div class=\"fusion-blog-shortcode fusion-blog-shortcode-1 fusion-blog-archive fusion-blog-layout-medium-alternate fusion-blog-pagination\"><div class=\"fusion-posts-container fusion-posts-container-pagination\" data-pages=\"3\"><article id=\"blog-1-post-34291\" class=\"fusion-post-medium-alternate post-34291 post type-post status-publish format-standard has-post-thumbnail hentry category-transparencia-covid-19 category-frontpage-es category-esp-es\">\n<div class=\"fusion-date-and-formats\"><div class=\"fusion-date-box updated\"><span class=\"fusion-date\">2<\/span><span class=\"fusion-month-year\">Oct 2020<\/span><\/div><div class=\"fusion-format-box\"><i class=\"awb-icon-pen\" aria-hidden=\"true\"><\/i><\/div><\/div>\t<style type=\"text\/css\">\n\t\t\n\t\t\n\t\t\n\t\t\n\t\t\t<\/style>\n\n\n\t\t\t<div class=\"fusion-flexslider flexslider fusion-flexslider-loading fusion-post-slideshow\" style=\"\">\n\t\t<ul class=\"slides\">\n\t\t\t\n\t\t\t\t\t\t\t\t\t\t\t\t\t\t<li><div  class=\"fusion-image-wrapper fusion-image-size-fixed\" aria-haspopup=\"true\">\n\t\t\t\t\t\t\t<a href=\"https:\/\/www.access-info.org\/es\/2020-10-02\/spain-transparency-news\/\" aria-label=\"\u00bfQu\u00e9 est\u00e1 pasando en Espa\u00f1a? Ratificaci\u00f3n del Convenio del Consejo de Europa, un nuevo Plan de Acci\u00f3n de Gobierno Abierto de 4 a\u00f1os y un nuevo Director del Consejo de Transparencia\">\n\t\t\t\t\t\t\t<img decoding=\"async\" width=\"320\" height=\"202\" src=\"https:\/\/www.access-info.org\/wp-content\/uploads\/photo_2020-10-02_16-26-32-e1603367786878-320x202.jpg\" class=\"attachment-blog-medium size-blog-medium wp-post-image\" alt=\"\" \/>\t\t\t<\/a>\n\t\t\t\t\t\t\t<\/div>\n<\/li>\n\t\t\t\n\t\t\t\n\t\t\t\t\t\t\t\t\t\t\t\t\t\t\t\t\t\t\t\t\t\t\t\t\t\t\t\t\t\t\t\t\t\t\t\t\t\t\t\t\t\t\t\t\t\t\t\t\t\t\t\t\t\t\t\t\t\t\t\t\t\t\t\t\t\t\t\t<\/ul>\n\t<\/div>\n\t<div class=\"fusion-post-content post-content\"><h2 class=\"blog-shortcode-post-title entry-title\"><a href=\"https:\/\/www.access-info.org\/es\/2020-10-02\/spain-transparency-news\/\">\u00bfQu\u00e9 est\u00e1 pasando en Espa\u00f1a? Ratificaci\u00f3n del Convenio del Consejo de Europa, un nuevo Plan de Acci\u00f3n de Gobierno Abierto de 4 a\u00f1os y un nuevo Director del Consejo de Transparencia<\/a><\/h2><div class=\"fusion-post-content-container\"><p>Madrid, 2 de octubre de 2020 \u2013 Medios de todo el mundo est\u00e1n hablando del alarmante aumento de contagios por coronavirus en Madrid \u2013 y del nuevo confinamiento. Sin embargo, esta semana tambi\u00e9n fueron noticia acontecimientos muy importantes para los activistas de la transparencia en Espa\u00f1a, coincidiendo gratamente con el D\u00eda Internacional del Acceso a la Informaci\u00f3n, el 28 de septiembre.<\/p><\/div><\/div><div class=\"fusion-clearfix\"><\/div><div class=\"fusion-meta-info\"><div class=\"fusion-alignright\"><a class=\"fusion-read-more\" href=\"https:\/\/www.access-info.org\/es\/2020-10-02\/spain-transparency-news\/\" aria-label=\"More on \u00bfQu\u00e9 est\u00e1 pasando en Espa\u00f1a? Ratificaci\u00f3n del Convenio del Consejo de Europa, un nuevo Plan de Acci\u00f3n de Gobierno Abierto de 4 a\u00f1os y un nuevo Director del Consejo de Transparencia\">Read More<\/a><\/div><\/div><\/article>\n<article id=\"blog-1-post-34227\" class=\"fusion-post-medium-alternate post-34227 post type-post status-publish format-standard has-post-thumbnail hentry category-transparencia-covid-19 category-frontpage-es category-esp-es\">\n<div class=\"fusion-date-and-formats\"><div class=\"fusion-date-box updated\"><span class=\"fusion-date\">28<\/span><span class=\"fusion-month-year\">Sep 2020<\/span><\/div><div class=\"fusion-format-box\"><i class=\"awb-icon-pen\" aria-hidden=\"true\"><\/i><\/div><\/div>\t<style type=\"text\/css\">\n\t\t\n\t\t\n\t\t\n\t\t\n\t\t\t<\/style>\n\n\n\t\t\t<div class=\"fusion-flexslider flexslider fusion-flexslider-loading fusion-post-slideshow\" style=\"\">\n\t\t<ul class=\"slides\">\n\t\t\t\n\t\t\t\t\t\t\t\t\t\t\t\t\t\t<li><div  class=\"fusion-image-wrapper fusion-image-size-fixed\" aria-haspopup=\"true\">\n\t\t\t\t\t\t\t<a href=\"https:\/\/www.access-info.org\/es\/2020-09-28\/dia-internacional-acceso-informacion-2020\/\" aria-label=\"D\u00eda Internacional del Acceso a la Informaci\u00f3n 2020: Es hora de reconocer el derecho a la informaci\u00f3n en Espa\u00f1a\">\n\t\t\t\t\t\t\t<img decoding=\"async\" width=\"320\" height=\"202\" src=\"https:\/\/www.access-info.org\/wp-content\/uploads\/28-septiembre-reeducido-320x202.png\" class=\"attachment-blog-medium size-blog-medium wp-post-image\" alt=\"\" \/>\t\t\t<\/a>\n\t\t\t\t\t\t\t<\/div>\n<\/li>\n\t\t\t\n\t\t\t\n\t\t\t\t\t\t\t\t\t\t\t\t\t\t\t\t\t\t\t\t\t\t\t\t\t\t\t\t\t\t\t\t\t\t\t\t\t\t\t\t\t\t\t\t\t\t\t\t\t\t\t\t\t\t\t\t\t\t\t\t\t\t\t\t\t\t\t\t<\/ul>\n\t<\/div>\n\t<div class=\"fusion-post-content post-content\"><h2 class=\"blog-shortcode-post-title entry-title\"><a href=\"https:\/\/www.access-info.org\/es\/2020-09-28\/dia-internacional-acceso-informacion-2020\/\">D\u00eda Internacional del Acceso a la Informaci\u00f3n 2020: Es hora de reconocer el derecho a la informaci\u00f3n en Espa\u00f1a<\/a><\/h2><div class=\"fusion-post-content-container\"><p>Madrid, 28 de septiembre de 2020- Con ocasi\u00f3n del D\u00eda Internacional del Derecho de Acceso a la Informaci\u00f3n, Access Info Europe hace un llamamiento al gobierno espa\u00f1ol para que reconozca el derecho fundamental de acceso a la informaci\u00f3n y adopte una Ley de Transparencia m\u00e1s fuerte, y para que ratifique el Convenio del Consejo de Europa sobre el Acceso a los Documentos Oficiales que entrar\u00e1 en vigor el 1 de diciembre de 2020.<\/p><\/div><\/div><div class=\"fusion-clearfix\"><\/div><div class=\"fusion-meta-info\"><div class=\"fusion-alignright\"><a class=\"fusion-read-more\" href=\"https:\/\/www.access-info.org\/es\/2020-09-28\/dia-internacional-acceso-informacion-2020\/\" aria-label=\"More on D\u00eda Internacional del Acceso a la Informaci\u00f3n 2020: Es hora de reconocer el derecho a la informaci\u00f3n en Espa\u00f1a\">Read More<\/a><\/div><\/div><\/article>\n<article id=\"blog-1-post-34758\" class=\"fusion-post-medium-alternate post-34758 post type-post status-publish format-standard has-post-thumbnail hentry category-transparencia-covid-19 category-frontpage-es category-pvc-es\">\n<div class=\"fusion-date-and-formats\"><div class=\"fusion-date-box updated\"><span class=\"fusion-date\">4<\/span><span class=\"fusion-month-year\">Sep 2020<\/span><\/div><div class=\"fusion-format-box\"><i class=\"awb-icon-pen\" aria-hidden=\"true\"><\/i><\/div><\/div>\t<style type=\"text\/css\">\n\t\t\n\t\t\n\t\t\n\t\t\n\t\t\t<\/style>\n\n\n\t\t\t<div class=\"fusion-flexslider flexslider fusion-flexslider-loading fusion-post-slideshow\" style=\"\">\n\t\t<ul class=\"slides\">\n\t\t\t\n\t\t\t\t\t\t\t\t\t\t\t\t\t\t<li><div  class=\"fusion-image-wrapper fusion-image-size-fixed\" aria-haspopup=\"true\">\n\t\t\t\t\t\t\t<a href=\"https:\/\/www.access-info.org\/es\/2020-09-04\/information-privacy-pandemic-rightscon\/\" aria-label=\"Equilibrar el derecho a la informaci\u00f3n con el derecho a la privacidad durante una pandemia: Access Info analiza las lecciones aprendidas y los pr\u00f3ximos pasos en la RightsCon\">\n\t\t\t\t\t\t\t<img decoding=\"async\" width=\"320\" height=\"202\" src=\"https:\/\/www.access-info.org\/wp-content\/uploads\/2020-09-RightsCon-article-320x202.jpg\" class=\"attachment-blog-medium size-blog-medium wp-post-image\" alt=\"\" \/>\t\t\t<\/a>\n\t\t\t\t\t\t\t<\/div>\n<\/li>\n\t\t\t\n\t\t\t\n\t\t\t\t\t\t\t\t\t\t\t\t\t\t\t\t\t\t\t\t\t\t\t\t\t\t\t\t\t\t\t\t\t\t\t\t\t\t\t\t\t\t\t\t\t\t\t\t\t\t\t\t\t\t\t\t\t\t\t\t\t\t\t\t\t\t\t\t<\/ul>\n\t<\/div>\n\t<div class=\"fusion-post-content post-content\"><h2 class=\"blog-shortcode-post-title entry-title\"><a href=\"https:\/\/www.access-info.org\/es\/2020-09-04\/information-privacy-pandemic-rightscon\/\">Equilibrar el derecho a la informaci\u00f3n con el derecho a la privacidad durante una pandemia: Access Info analiza las lecciones aprendidas y los pr\u00f3ximos pasos en la RightsCon<\/a><\/h2><div class=\"fusion-post-content-container\"><p>Access Info Europe and the Open Data Charter co-hosted a RightsCon panel where they spoke with data and privacy experts on the importance of making data open during the Covid-19 pandemic, while ensuring both the public\u2019s safety and the privacy of the individual.<\/p><\/div><\/div><div class=\"fusion-clearfix\"><\/div><div class=\"fusion-meta-info\"><div class=\"fusion-alignright\"><a class=\"fusion-read-more\" href=\"https:\/\/www.access-info.org\/es\/2020-09-04\/information-privacy-pandemic-rightscon\/\" aria-label=\"More on Equilibrar el derecho a la informaci\u00f3n con el derecho a la privacidad durante una pandemia: Access Info analiza las lecciones aprendidas y los pr\u00f3ximos pasos en la RightsCon\">Read More<\/a><\/div><\/div><\/article>\n<article id=\"blog-1-post-33793\" class=\"fusion-post-medium-alternate post-33793 post type-post status-publish format-standard has-post-thumbnail hentry category-transparencia-covid-19 category-frontpage-es category-esp-es\">\n<div class=\"fusion-date-and-formats\"><div class=\"fusion-date-box updated\"><span class=\"fusion-date\">10<\/span><span class=\"fusion-month-year\">Jun 2020<\/span><\/div><div class=\"fusion-format-box\"><i class=\"awb-icon-pen\" aria-hidden=\"true\"><\/i><\/div><\/div>\t<style type=\"text\/css\">\n\t\t\n\t\t\n\t\t\n\t\t\n\t\t\t<\/style>\n\n\n\t\t\t<div class=\"fusion-flexslider flexslider fusion-flexslider-loading fusion-post-slideshow\" style=\"\">\n\t\t<ul class=\"slides\">\n\t\t\t\n\t\t\t\t\t\t\t\t\t\t\t\t\t\t<li><div  class=\"fusion-image-wrapper fusion-image-size-fixed\" aria-haspopup=\"true\">\n\t\t\t\t\t\t\t<a href=\"https:\/\/www.access-info.org\/es\/2020-06-10\/comision-publicara-propuestas-ciudadanas-reconstruccion\/\" aria-label=\"\u00c9xito de las ONG pro-transparencia: la Comisi\u00f3n para la Reconstrucci\u00f3n publicar\u00e1 las propuestas de la ciudadan\u00eda\">\n\t\t\t\t\t\t\t<img decoding=\"async\" width=\"320\" height=\"202\" src=\"https:\/\/www.access-info.org\/wp-content\/uploads\/2020-06-10-Comision-Reconstruccion-320x202.png\" class=\"attachment-blog-medium size-blog-medium wp-post-image\" alt=\"\" srcset=\"https:\/\/www.access-info.org\/wp-content\/uploads\/2020-06-10-Comision-Reconstruccion-320x202.png 320w, https:\/\/www.access-info.org\/wp-content\/uploads\/2020-06-10-Comision-Reconstruccion-700x441.png 700w\" sizes=\"(max-width: 320px) 100vw, 320px\" \/>\t\t\t<\/a>\n\t\t\t\t\t\t\t<\/div>\n<\/li>\n\t\t\t\n\t\t\t\n\t\t\t\t\t\t\t\t\t\t\t\t\t\t\t\t\t\t\t\t\t\t\t\t\t\t\t\t\t\t\t\t\t\t\t\t\t\t\t\t\t\t\t\t\t\t\t\t\t\t\t\t\t\t\t\t\t\t\t\t\t\t\t\t\t\t\t\t<\/ul>\n\t<\/div>\n\t<div class=\"fusion-post-content post-content\"><h2 class=\"blog-shortcode-post-title entry-title\"><a href=\"https:\/\/www.access-info.org\/es\/2020-06-10\/comision-publicara-propuestas-ciudadanas-reconstruccion\/\">\u00c9xito de las ONG pro-transparencia: la Comisi\u00f3n para la Reconstrucci\u00f3n publicar\u00e1 las propuestas de la ciudadan\u00eda<\/a><\/h2><div class=\"fusion-post-content-container\"><p>Madrid, 10 de junio de 2020 \u2013Access Info Europe celebra la decisi\u00f3n de la Comisi\u00f3n para la Reconstrucci\u00f3n Social y Econ\u00f3mica de hacer p\u00fablicas las propuestas de los ciudadanos ante el escenario pos-Covid que se est\u00e1n recogiendo en el buz\u00f3n de sugerencias habilitado desde el pasado 26 de mayo, despu\u00e9s<\/p><\/div><\/div><div class=\"fusion-clearfix\"><\/div><div class=\"fusion-meta-info\"><div class=\"fusion-alignright\"><a class=\"fusion-read-more\" href=\"https:\/\/www.access-info.org\/es\/2020-06-10\/comision-publicara-propuestas-ciudadanas-reconstruccion\/\" aria-label=\"More on \u00c9xito de las ONG pro-transparencia: la Comisi\u00f3n para la Reconstrucci\u00f3n publicar\u00e1 las propuestas de la ciudadan\u00eda\">Read More<\/a><\/div><\/div><\/article>\n<article id=\"blog-1-post-33752\" class=\"fusion-post-medium-alternate post-33752 post type-post status-publish format-standard has-post-thumbnail hentry category-transparencia-covid-19 category-frontpage-es category-esp-es\">\n<div class=\"fusion-date-and-formats\"><div class=\"fusion-date-box updated\"><span class=\"fusion-date\">4<\/span><span class=\"fusion-month-year\">Jun 2020<\/span><\/div><div class=\"fusion-format-box\"><i class=\"awb-icon-pen\" aria-hidden=\"true\"><\/i><\/div><\/div>\t<style type=\"text\/css\">\n\t\t\n\t\t\n\t\t\n\t\t\n\t\t\t<\/style>\n\n\n\t\t\t<div class=\"fusion-flexslider flexslider fusion-flexslider-loading fusion-post-slideshow\" style=\"\">\n\t\t<ul class=\"slides\">\n\t\t\t\n\t\t\t\t\t\t\t\t\t\t\t\t\t\t<li><div  class=\"fusion-image-wrapper fusion-image-size-fixed\" aria-haspopup=\"true\">\n\t\t\t\t\t\t\t<a href=\"https:\/\/www.access-info.org\/es\/2020-06-04\/respuestas-a-la-coalicion-pro-acceso\/\" aria-label=\"Respuestas de las autonom\u00edas a la carta de la Coalici\u00f3n Pro Acceso\">\n\t\t\t\t\t\t\t<img decoding=\"async\" width=\"320\" height=\"202\" src=\"https:\/\/www.access-info.org\/wp-content\/uploads\/Imagen-Respuestas-CCAA-small-1-e1591267268689-320x202.png\" class=\"attachment-blog-medium size-blog-medium wp-post-image\" alt=\"\" srcset=\"https:\/\/www.access-info.org\/wp-content\/uploads\/Imagen-Respuestas-CCAA-small-1-e1591267268689-320x202.png 320w, https:\/\/www.access-info.org\/wp-content\/uploads\/Imagen-Respuestas-CCAA-small-1-e1591267268689-700x441.png 700w\" sizes=\"(max-width: 320px) 100vw, 320px\" \/>\t\t\t<\/a>\n\t\t\t\t\t\t\t<\/div>\n<\/li>\n\t\t\t\n\t\t\t\n\t\t\t\t\t\t\t\t\t\t\t\t\t\t\t\t\t\t\t\t\t\t\t\t\t\t\t\t\t\t\t\t\t\t\t\t\t\t\t\t\t\t\t\t\t\t\t\t\t\t\t\t\t\t\t\t\t\t\t\t\t\t\t\t\t\t\t\t<\/ul>\n\t<\/div>\n\t<div class=\"fusion-post-content post-content\"><h2 class=\"blog-shortcode-post-title entry-title\"><a href=\"https:\/\/www.access-info.org\/es\/2020-06-04\/respuestas-a-la-coalicion-pro-acceso\/\">Respuestas de las autonom\u00edas a la carta de la Coalici\u00f3n Pro Acceso<\/a><\/h2><div class=\"fusion-post-content-container\"><p>Madrid, 4 de junio de 2020- Siete gobiernos auton\u00f3micos han respondido ya a la misiva que el pasado 7 de mayo enviaron m\u00e1s de 30 organizaciones miembro de la Coalici\u00f3n Pro Acceso, pidiendo medidas para garantizar el derecho de acceso a la informaci\u00f3n ante la crisis generada por la pandemia<\/p><\/div><\/div><div class=\"fusion-clearfix\"><\/div><div class=\"fusion-meta-info\"><div class=\"fusion-alignright\"><a class=\"fusion-read-more\" href=\"https:\/\/www.access-info.org\/es\/2020-06-04\/respuestas-a-la-coalicion-pro-acceso\/\" aria-label=\"More on Respuestas de las autonom\u00edas a la carta de la Coalici\u00f3n Pro Acceso\">Read More<\/a><\/div><\/div><\/article>\n<article id=\"blog-1-post-33724\" class=\"fusion-post-medium-alternate post-33724 post type-post status-publish format-standard has-post-thumbnail hentry category-transparencia-covid-19 category-frontpage-es category-esp-es\">\n<div class=\"fusion-date-and-formats\"><div class=\"fusion-date-box updated\"><span class=\"fusion-date\">2<\/span><span class=\"fusion-month-year\">Jun 2020<\/span><\/div><div class=\"fusion-format-box\"><i class=\"awb-icon-pen\" aria-hidden=\"true\"><\/i><\/div><\/div>\t<style type=\"text\/css\">\n\t\t\n\t\t\n\t\t\n\t\t\n\t\t\t<\/style>\n\n\n\t\t\t<div class=\"fusion-flexslider flexslider fusion-flexslider-loading fusion-post-slideshow\" style=\"\">\n\t\t<ul class=\"slides\">\n\t\t\t\n\t\t\t\t\t\t\t\t\t\t\t\t\t\t<li><div  class=\"fusion-image-wrapper fusion-image-size-fixed\" aria-haspopup=\"true\">\n\t\t\t\t\t\t\t<a href=\"https:\/\/www.access-info.org\/es\/2020-06-02\/espana-reconstruccion-pos-covid-transparente\/\" aria-label=\"Espa\u00f1a: por una Reconstrucci\u00f3n pos-Covid transparente\">\n\t\t\t\t\t\t\t<img decoding=\"async\" width=\"320\" height=\"202\" src=\"https:\/\/www.access-info.org\/wp-content\/uploads\/2817_1590673783083-320x202.png\" class=\"attachment-blog-medium size-blog-medium wp-post-image\" alt=\"\" srcset=\"https:\/\/www.access-info.org\/wp-content\/uploads\/2817_1590673783083-320x202.png 320w, https:\/\/www.access-info.org\/wp-content\/uploads\/2817_1590673783083-700x441.png 700w\" sizes=\"(max-width: 320px) 100vw, 320px\" \/>\t\t\t<\/a>\n\t\t\t\t\t\t\t<\/div>\n<\/li>\n\t\t\t\n\t\t\t\n\t\t\t\t\t\t\t\t\t\t\t\t\t\t\t\t\t\t\t\t\t\t\t\t\t\t\t\t\t\t\t\t\t\t\t\t\t\t\t\t\t\t\t\t\t\t\t\t\t\t\t\t\t\t\t\t\t\t\t\t\t\t\t\t\t\t\t\t<\/ul>\n\t<\/div>\n\t<div class=\"fusion-post-content post-content\"><h2 class=\"blog-shortcode-post-title entry-title\"><a href=\"https:\/\/www.access-info.org\/es\/2020-06-02\/espana-reconstruccion-pos-covid-transparente\/\">Espa\u00f1a: por una Reconstrucci\u00f3n pos-Covid transparente<\/a><\/h2><div class=\"fusion-post-content-container\"><p>Madrid, 2 de junio de 2020 \u2013Access Info Europe se ha sumado a m\u00e1s de 40 organizaciones y expertos para pedir a la Comisi\u00f3n para la Reconstrucci\u00f3n Social y Econ\u00f3mica que garantice la publicidad plena y el acceso a toda la informaci\u00f3n relacionada con su actividad, una petici\u00f3n que tambi\u00e9n<\/p><\/div><\/div><div class=\"fusion-clearfix\"><\/div><div class=\"fusion-meta-info\"><div class=\"fusion-alignright\"><a class=\"fusion-read-more\" href=\"https:\/\/www.access-info.org\/es\/2020-06-02\/espana-reconstruccion-pos-covid-transparente\/\" aria-label=\"More on Espa\u00f1a: por una Reconstrucci\u00f3n pos-Covid transparente\">Read More<\/a><\/div><\/div><\/article>\n<\/div><div class=\"pagination clearfix\"><span class=\"current\">1<\/span><a href=\"https:\/\/www.access-info.org\/es\/wp-json\/wp\/v2\/pages\/33386\/page\/2\/\" class=\"inactive\">2<\/a><a class=\"pagination-next\" rel=\"next\" href=\"https:\/\/www.access-info.org\/es\/wp-json\/wp\/v2\/pages\/33386\/page\/2\/\"><span class=\"page-text\">Next<\/span><span class=\"page-next\"><\/span><\/a><\/div><div class=\"fusion-clearfix\"><\/div><\/div><div class=\"fusion-clearfix\"><\/div><\/div><\/div><\/div><\/div><div class=\"fusion-fullwidth fullwidth-box fusion-builder-row-4 nonhundred-percent-fullwidth non-hundred-percent-height-scrolling\" style=\"--awb-border-radius-top-left:0px;--awb-border-radius-top-right:0px;--awb-border-radius-bottom-right:0px;--awb-border-radius-bottom-left:0px;--awb-flex-wrap:wrap;\" ><div class=\"fusion-builder-row fusion-row\"><div class=\"fusion-layout-column fusion_builder_column fusion-builder-column-3 fusion_builder_column_1_1 1_1 fusion-one-full fusion-column-first fusion-column-last\" style=\"--awb-bg-size:cover;\"><div class=\"fusion-column-wrapper fusion-column-has-shadow fusion-flex-column-wrapper-legacy\"><div class=\"fusion-sep-clear\"><\/div><div class=\"fusion-separator fusion-full-width-sep\" style=\"margin-left: auto;margin-right: auto;width:100%;\"><\/div><div class=\"fusion-sep-clear\"><\/div><div class=\"fusion-text fusion-text-2\"><p style=\"text-align: center;\"><em>Foto de portada: <a href=\"https:\/\/www.flickr.com\/photos\/pkbazaar\/\" target=\"_blank\" rel=\"noopener noreferrer\">PK Bazaar<\/a>\u00a0via Flick (<a href=\"https:\/\/creativecommons.org\/licenses\/by-nc-nd\/2.0\/\" target=\"_blank\" rel=\"noopener noreferrer\">CC BY-NC-ND 2.0<\/a>)<\/em><\/p>\n<\/div><div class=\"fusion-clearfix\"><\/div><\/div><\/div><\/div><\/div><\/p>\n","protected":false},"excerpt":{"rendered":"","protected":false},"author":6,"featured_media":0,"parent":0,"menu_order":0,"comment_status":"closed","ping_status":"closed","template":"100-width.php","meta":{"footnotes":""},"class_list":["post-33386","page","type-page","status-publish","hentry"],"_links":{"self":[{"href":"https:\/\/www.access-info.org\/es\/wp-json\/wp\/v2\/pages\/33386","targetHints":{"allow":["GET"]}}],"collection":[{"href":"https:\/\/www.access-info.org\/es\/wp-json\/wp\/v2\/pages"}],"about":[{"href":"https:\/\/www.access-info.org\/es\/wp-json\/wp\/v2\/types\/page"}],"author":[{"embeddable":true,"href":"https:\/\/www.access-info.org\/es\/wp-json\/wp\/v2\/users\/6"}],"replies":[{"embeddable":true,"href":"https:\/\/www.access-info.org\/es\/wp-json\/wp\/v2\/comments?post=33386"}],"version-history":[{"count":17,"href":"https:\/\/www.access-info.org\/es\/wp-json\/wp\/v2\/pages\/33386\/revisions"}],"predecessor-version":[{"id":34942,"href":"https:\/\/www.access-info.org\/es\/wp-json\/wp\/v2\/pages\/33386\/revisions\/34942"}],"wp:attachment":[{"href":"https:\/\/www.access-info.org\/es\/wp-json\/wp\/v2\/media?parent=33386"}],"curies":[{"name":"wp","href":"https:\/\/api.w.org\/{rel}","templated":true}]}}