{"id":35159,"date":"2021-05-18T14:36:38","date_gmt":"2021-05-18T12:36:38","guid":{"rendered":"https:\/\/www.access-info.org\/?page_id=35159"},"modified":"2021-08-30T12:00:45","modified_gmt":"2021-08-30T10:00:45","slug":"anticorrupcion","status":"publish","type":"page","link":"https:\/\/www.access-info.org\/es\/anticorrupcion\/","title":{"rendered":"Anticorrupci\u00f3n"},"content":{"rendered":"<div class=\"fusion-fullwidth fullwidth-box fusion-builder-row-1 nonhundred-percent-fullwidth non-hundred-percent-height-scrolling\" style=\"--awb-border-radius-top-left:0px;--awb-border-radius-top-right:0px;--awb-border-radius-bottom-right:0px;--awb-border-radius-bottom-left:0px;--awb-flex-wrap:wrap;\" ><div class=\"fusion-builder-row fusion-row\"><div class=\"fusion-layout-column fusion_builder_column fusion-builder-column-0 fusion_builder_column_1_1 1_1 fusion-one-full fusion-column-first fusion-column-last\" style=\"--awb-bg-size:cover;\"><div class=\"fusion-column-wrapper fusion-column-has-shadow fusion-flex-column-wrapper-legacy\"><div class=\"fusion-blog-shortcode fusion-blog-shortcode-1 fusion-blog-archive fusion-blog-layout-medium-alternate fusion-blog-pagination\"><div class=\"fusion-posts-container fusion-posts-container-pagination\" data-pages=\"8\"><article id=\"blog-1-post-38973\" class=\"fusion-post-medium-alternate post-38973 post type-post status-publish format-standard has-post-thumbnail hentry category-acc-es category-nat-es category-frontpage-es category-esp-es category-cos-es-2\">\n<div class=\"fusion-date-and-formats\"><div class=\"fusion-date-box updated\"><span class=\"fusion-date\">6<\/span><span class=\"fusion-month-year\">Mar 2026<\/span><\/div><div class=\"fusion-format-box\"><i class=\"awb-icon-pen\" aria-hidden=\"true\"><\/i><\/div><\/div>\t<style type=\"text\/css\">\n\t\t\n\t\t\n\t\t\n\t\t\n\t\t\t<\/style>\n\n\n\t\t\t<div class=\"fusion-flexslider flexslider fusion-flexslider-loading fusion-post-slideshow\" style=\"\">\n\t\t<ul class=\"slides\">\n\t\t\t\n\t\t\t\t\t\t\t\t\t\t\t\t\t\t<li><div  class=\"fusion-image-wrapper fusion-image-size-fixed\" aria-haspopup=\"true\">\n\t\t\t\t\t\t\t<a href=\"https:\/\/www.access-info.org\/es\/2026-03-06\/observaciones-anteproyecto-ley-integridad-publica\/\" aria-label=\"Access Info Presenta sus Observaciones al Anteproyecto de Ley Org\u00e1nica de Integridad P\u00fablica\">\n\t\t\t\t\t\t\t<img decoding=\"async\" width=\"320\" height=\"202\" src=\"https:\/\/www.access-info.org\/wp-content\/uploads\/Integrity-1-320x202.png\" class=\"attachment-blog-medium size-blog-medium wp-post-image\" alt=\"\" srcset=\"https:\/\/www.access-info.org\/wp-content\/uploads\/Integrity-1-320x202.png 320w, https:\/\/www.access-info.org\/wp-content\/uploads\/Integrity-1-700x441.png 700w\" sizes=\"(max-width: 320px) 100vw, 320px\" \/>\t\t\t<\/a>\n\t\t\t\t\t\t\t<\/div>\n<\/li>\n\t\t\t\n\t\t\t\n\t\t\t\t\t\t\t\t\t\t\t\t\t\t\t\t\t\t\t\t\t\t\t\t\t\t\t\t\t\t\t\t\t\t\t\t\t\t\t\t\t\t\t\t\t\t\t\t\t\t\t\t\t\t\t\t\t\t\t\t\t\t\t\t\t\t\t\t<\/ul>\n\t<\/div>\n\t<div class=\"fusion-post-content post-content\"><h2 class=\"blog-shortcode-post-title entry-title\"><a href=\"https:\/\/www.access-info.org\/es\/2026-03-06\/observaciones-anteproyecto-ley-integridad-publica\/\">Access Info Presenta sus Observaciones al Anteproyecto de Ley Org\u00e1nica de Integridad P\u00fablica<\/a><\/h2><div class=\"fusion-post-content-container\"><p> Madrid, 2 de marzo de 2026. \u2013 Access Info Europe ha participado en el tr\u00e1mite de Audiencia e Informaci\u00f3n P\u00fablica del Anteproyecto de Ley Org\u00e1nica de Integridad P\u00fablica, remitiendo sus observaciones al Ministerio de Hacienda con el objetivo de reforzar los requisitos de transparencia y acceso a la informaci\u00f3n de esta normativa clave para prevenir y combatir la corrupci\u00f3n.<\/p><\/div><\/div><div class=\"fusion-clearfix\"><\/div><div class=\"fusion-meta-info\"><div class=\"fusion-alignright\"><a class=\"fusion-read-more\" href=\"https:\/\/www.access-info.org\/es\/2026-03-06\/observaciones-anteproyecto-ley-integridad-publica\/\" aria-label=\"More on Access Info Presenta sus Observaciones al Anteproyecto de Ley Org\u00e1nica de Integridad P\u00fablica\">Read More<\/a><\/div><\/div><\/article>\n<article id=\"blog-1-post-38586\" class=\"fusion-post-medium-alternate post-38586 post type-post status-publish format-standard has-post-thumbnail hentry category-acc category-dmt category-eut category-article category-a4r category-ogs\">\n<div class=\"fusion-date-and-formats\"><div class=\"fusion-date-box updated\"><span class=\"fusion-date\">23<\/span><span class=\"fusion-month-year\">Sep 2024<\/span><\/div><div class=\"fusion-format-box\"><i class=\"awb-icon-pen\" aria-hidden=\"true\"><\/i><\/div><\/div>\t<style type=\"text\/css\">\n\t\t\n\t\t\n\t\t\n\t\t\n\t\t\t<\/style>\n\n\n\t\t\t<div class=\"fusion-flexslider flexslider fusion-flexslider-loading fusion-post-slideshow\" style=\"\">\n\t\t<ul class=\"slides\">\n\t\t\t\n\t\t\t\t\t\t\t\t\t\t\t\t\t\t<li><div  class=\"fusion-image-wrapper fusion-image-size-fixed\" aria-haspopup=\"true\">\n\t\t\t\t\t\t\t<a href=\"https:\/\/www.access-info.org\/es\/2024-09-23\/finalists-announced-for-the-inaugural-access-info-impact-award\/\" aria-label=\"Finalists Announced for the Inaugural Access Info Impact Award\">\n\t\t\t\t\t\t\t<img decoding=\"async\" width=\"320\" height=\"202\" src=\"https:\/\/www.access-info.org\/wp-content\/uploads\/Access-Info-Finalists--320x202.png\" class=\"attachment-blog-medium size-blog-medium wp-post-image\" alt=\"\" \/>\t\t\t<\/a>\n\t\t\t\t\t\t\t<\/div>\n<\/li>\n\t\t\t\n\t\t\t\n\t\t\t\t\t\t\t\t\t\t\t\t\t\t\t\t\t\t\t\t\t\t\t\t\t\t\t\t\t\t\t\t\t\t\t\t\t\t\t\t\t\t\t\t\t\t\t\t\t\t\t\t\t\t\t\t\t\t\t\t\t\t\t\t\t\t\t\t<\/ul>\n\t<\/div>\n\t<div class=\"fusion-post-content post-content\"><h2 class=\"blog-shortcode-post-title entry-title\"><a href=\"https:\/\/www.access-info.org\/es\/2024-09-23\/finalists-announced-for-the-inaugural-access-info-impact-award\/\">Finalists Announced for the Inaugural Access Info Impact Award<\/a><\/h2><div class=\"fusion-post-content-container\"><p> Madrid 23 September 2024 \u2013 Access Info is proud to announce the three finalists for the first-ever Access Info Impact Award. The Access Info Impact Award aims to honour individuals and organisations that have effectively used their right to information to advance human rights, environmental protection, democracy, or anti-corruption efforts. After opening nominations last month, the award received 21<\/p><\/div><\/div><div class=\"fusion-clearfix\"><\/div><div class=\"fusion-meta-info\"><div class=\"fusion-alignright\"><a class=\"fusion-read-more\" href=\"https:\/\/www.access-info.org\/es\/2024-09-23\/finalists-announced-for-the-inaugural-access-info-impact-award\/\" aria-label=\"More on Finalists Announced for the Inaugural Access Info Impact Award\">Read More<\/a><\/div><\/div><\/article>\n<article id=\"blog-1-post-38562\" class=\"fusion-post-medium-alternate post-38562 post type-post status-publish format-standard has-post-thumbnail hentry category-acc-es category-events-es category-frontpage-es category-dmt-es\">\n<div class=\"fusion-date-and-formats\"><div class=\"fusion-date-box updated\"><span class=\"fusion-date\">13<\/span><span class=\"fusion-month-year\">Ago 2024<\/span><\/div><div class=\"fusion-format-box\"><i class=\"awb-icon-pen\" aria-hidden=\"true\"><\/i><\/div><\/div>\t<style type=\"text\/css\">\n\t\t\n\t\t\n\t\t\n\t\t\n\t\t\t<\/style>\n\n\n\t\t\t<div class=\"fusion-flexslider flexslider fusion-flexslider-loading fusion-post-slideshow\" style=\"\">\n\t\t<ul class=\"slides\">\n\t\t\t\n\t\t\t\t\t\t\t\t\t\t\t\t\t\t<li><div  class=\"fusion-image-wrapper fusion-image-size-fixed\" aria-haspopup=\"true\">\n\t\t\t\t\t\t\t<a href=\"https:\/\/www.access-info.org\/es\/2024-08-13\/convocatoria-de-nominaciones-para-el-access-info-impact-award\/\" aria-label=\"Convocatoria de nominaciones para el Access Info Impact Award\">\n\t\t\t\t\t\t\t<img decoding=\"async\" width=\"320\" height=\"202\" src=\"https:\/\/www.access-info.org\/wp-content\/uploads\/new-foto--320x202.png\" class=\"attachment-blog-medium size-blog-medium wp-post-image\" alt=\"\" \/>\t\t\t<\/a>\n\t\t\t\t\t\t\t<\/div>\n<\/li>\n\t\t\t\n\t\t\t\n\t\t\t\t\t\t\t\t\t\t\t\t\t\t\t\t\t\t\t\t\t\t\t\t\t\t\t\t\t\t\t\t\t\t\t\t\t\t\t\t\t\t\t\t\t\t\t\t\t\t\t\t\t\t\t\t\t\t\t\t\t\t\t\t\t\t\t\t<\/ul>\n\t<\/div>\n\t<div class=\"fusion-post-content post-content\"><h2 class=\"blog-shortcode-post-title entry-title\"><a href=\"https:\/\/www.access-info.org\/es\/2024-08-13\/convocatoria-de-nominaciones-para-el-access-info-impact-award\/\">Convocatoria de nominaciones para el Access Info Impact Award<\/a><\/h2><div class=\"fusion-post-content-container\"><p> Madrid, 12 de agosto de 2024 \u2013 Access Info Europe ha lanzado el Access Info Impact Award, un premio que celebra las personas que han utilizado su derecho a la informaci\u00f3n para tener un impacto positivo en la sociedad. El Access Info Impact Award reconoce a quienes han aprovechado significativamente su derecho a la informaci\u00f3n para promover los derechos<\/p><\/div><\/div><div class=\"fusion-clearfix\"><\/div><div class=\"fusion-meta-info\"><div class=\"fusion-alignright\"><a class=\"fusion-read-more\" href=\"https:\/\/www.access-info.org\/es\/2024-08-13\/convocatoria-de-nominaciones-para-el-access-info-impact-award\/\" aria-label=\"More on Convocatoria de nominaciones para el Access Info Impact Award\">Read More<\/a><\/div><\/div><\/article>\n<article id=\"blog-1-post-38325\" class=\"fusion-post-medium-alternate post-38325 post type-post status-publish format-standard has-post-thumbnail hentry category-acc category-cos category-article category-gbd category-odd\">\n<div class=\"fusion-date-and-formats\"><div class=\"fusion-date-box updated\"><span class=\"fusion-date\">22<\/span><span class=\"fusion-month-year\">Dic 2022<\/span><\/div><div class=\"fusion-format-box\"><i class=\"awb-icon-pen\" aria-hidden=\"true\"><\/i><\/div><\/div>\t<style type=\"text\/css\">\n\t\t\n\t\t\n\t\t\n\t\t\n\t\t\t<\/style>\n\n\n\t\t\t<div class=\"fusion-flexslider flexslider fusion-flexslider-loading fusion-post-slideshow\" style=\"\">\n\t\t<ul class=\"slides\">\n\t\t\t\n\t\t\t\t\t\t\t\t\t\t\t\t\t\t<li><div  class=\"fusion-image-wrapper fusion-image-size-fixed\" aria-haspopup=\"true\">\n\t\t\t\t\t\t\t<a href=\"https:\/\/www.access-info.org\/es\/2022-12-22\/gdb-eu-close-data-gap\/\" aria-label=\"Global Data Barometer: What the EU should do to close the data gap\">\n\t\t\t\t\t\t\t<img decoding=\"async\" width=\"320\" height=\"202\" src=\"https:\/\/www.access-info.org\/wp-content\/uploads\/Promotion-reports-1-320x202.jpg\" class=\"attachment-blog-medium size-blog-medium wp-post-image\" alt=\"\" srcset=\"https:\/\/www.access-info.org\/wp-content\/uploads\/Promotion-reports-1-320x202.jpg 320w, https:\/\/www.access-info.org\/wp-content\/uploads\/Promotion-reports-1-700x441.jpg 700w\" sizes=\"(max-width: 320px) 100vw, 320px\" \/>\t\t\t<\/a>\n\t\t\t\t\t\t\t<\/div>\n<\/li>\n\t\t\t\n\t\t\t\n\t\t\t\t\t\t\t\t\t\t\t\t\t\t\t\t\t\t\t\t\t\t\t\t\t\t\t\t\t\t\t\t\t\t\t\t\t\t\t\t\t\t\t\t\t\t\t\t\t\t\t\t\t\t\t\t\t\t\t\t\t\t\t\t\t\t\t\t<\/ul>\n\t<\/div>\n\t<div class=\"fusion-post-content post-content\"><h2 class=\"blog-shortcode-post-title entry-title\"><a href=\"https:\/\/www.access-info.org\/es\/2022-12-22\/gdb-eu-close-data-gap\/\">Global Data Barometer: What the EU should do to close the data gap<\/a><\/h2><div class=\"fusion-post-content-container\"><p> Madrid, 22 December 2022 \u2013 Access Info is today calling on the European Union and EU Member States to act to ensure that data needed for priority issues such as for preventing corruption and tackling climate change, is made public in all countries. This call comes following the publication on 16 December 2022 of the report \u201cThe State of<\/p><\/div><\/div><div class=\"fusion-clearfix\"><\/div><div class=\"fusion-meta-info\"><div class=\"fusion-alignright\"><a class=\"fusion-read-more\" href=\"https:\/\/www.access-info.org\/es\/2022-12-22\/gdb-eu-close-data-gap\/\" aria-label=\"More on Global Data Barometer: What the EU should do to close the data gap\">Read More<\/a><\/div><\/div><\/article>\n<article id=\"blog-1-post-38069\" class=\"fusion-post-medium-alternate post-38069 post type-post status-publish format-standard has-post-thumbnail hentry category-acc category-dmt category-article category-gbd category-lob\">\n<div class=\"fusion-date-and-formats\"><div class=\"fusion-date-box updated\"><span class=\"fusion-date\">6<\/span><span class=\"fusion-month-year\">Dic 2022<\/span><\/div><div class=\"fusion-format-box\"><i class=\"awb-icon-pen\" aria-hidden=\"true\"><\/i><\/div><\/div>\t<style type=\"text\/css\">\n\t\t\n\t\t\n\t\t\n\t\t\n\t\t\t<\/style>\n\n\n\t\t\t<div class=\"fusion-flexslider flexslider fusion-flexslider-loading fusion-post-slideshow\" style=\"\">\n\t\t<ul class=\"slides\">\n\t\t\t\n\t\t\t\t\t\t\t\t\t\t\t\t\t\t<li><div  class=\"fusion-image-wrapper fusion-image-size-fixed\" aria-haspopup=\"true\">\n\t\t\t\t\t\t\t<a href=\"https:\/\/www.access-info.org\/es\/2022-12-06\/oecd-lobbying-analysis\/\" aria-label=\"Not all Expression is Lobbying\">\n\t\t\t\t\t\t\t<img decoding=\"async\" width=\"320\" height=\"202\" src=\"https:\/\/www.access-info.org\/wp-content\/uploads\/External-view-of-the-OECD-Headquarters-320x202.jpg\" class=\"attachment-blog-medium size-blog-medium wp-post-image\" alt=\"\" srcset=\"https:\/\/www.access-info.org\/wp-content\/uploads\/External-view-of-the-OECD-Headquarters-320x202.jpg 320w, https:\/\/www.access-info.org\/wp-content\/uploads\/External-view-of-the-OECD-Headquarters-700x441.jpg 700w\" sizes=\"(max-width: 320px) 100vw, 320px\" \/>\t\t\t<\/a>\n\t\t\t\t\t\t\t<\/div>\n<\/li>\n\t\t\t\n\t\t\t\n\t\t\t\t\t\t\t\t\t\t\t\t\t\t\t\t\t\t\t\t\t\t\t\t\t\t\t\t\t\t\t\t\t\t\t\t\t\t\t\t\t\t\t\t\t\t\t\t\t\t\t\t\t\t\t\t\t\t\t\t\t\t\t\t\t\t\t\t<\/ul>\n\t<\/div>\n\t<div class=\"fusion-post-content post-content\"><h2 class=\"blog-shortcode-post-title entry-title\"><a href=\"https:\/\/www.access-info.org\/es\/2022-12-06\/oecd-lobbying-analysis\/\">Not all Expression is Lobbying<\/a><\/h2><div class=\"fusion-post-content-container\"><p> Submission to OECD Consultation on Lobbying and Influence Madrid, 6 December 2022 \u2013 In its analysis of the draft OECD Recommendation on the regulation of lobbying and influence, Access Info has warned of the risk of some governments using the proposed provisions to limit media freedom and freedom of expression in the name of regulating \u201cinfluence\u201d and ensuring that<\/p><\/div><\/div><div class=\"fusion-clearfix\"><\/div><div class=\"fusion-meta-info\"><div class=\"fusion-alignright\"><a class=\"fusion-read-more\" href=\"https:\/\/www.access-info.org\/es\/2022-12-06\/oecd-lobbying-analysis\/\" aria-label=\"More on Not all Expression is Lobbying\">Read More<\/a><\/div><\/div><\/article>\n<article id=\"blog-1-post-38035\" class=\"fusion-post-medium-alternate post-38035 post type-post status-publish format-standard has-post-thumbnail hentry category-acc category-cos category-eut category-article\">\n<div class=\"fusion-date-and-formats\"><div class=\"fusion-date-box updated\"><span class=\"fusion-date\">28<\/span><span class=\"fusion-month-year\">Nov 2022<\/span><\/div><div class=\"fusion-format-box\"><i class=\"awb-icon-pen\" aria-hidden=\"true\"><\/i><\/div><\/div>\t<style type=\"text\/css\">\n\t\t\n\t\t\n\t\t\n\t\t\n\t\t\t<\/style>\n\n\n\t\t\t<div class=\"fusion-flexslider flexslider fusion-flexslider-loading fusion-post-slideshow\" style=\"\">\n\t\t<ul class=\"slides\">\n\t\t\t\n\t\t\t\t\t\t\t\t\t\t\t\t\t\t<li><div  class=\"fusion-image-wrapper fusion-image-size-fixed\" aria-haspopup=\"true\">\n\t\t\t\t\t\t\t<a href=\"https:\/\/www.access-info.org\/es\/2022-11-28\/civil-society-concerned-cjeu-ruling\/\" aria-label=\"Global Civil Society Organisations Concerned About European Court Ruling on Beneficial Ownership Transparency\">\n\t\t\t\t\t\t\t<img decoding=\"async\" width=\"320\" height=\"202\" src=\"https:\/\/www.access-info.org\/wp-content\/uploads\/AdobeStock_AUEU-320x202.jpeg\" class=\"attachment-blog-medium size-blog-medium wp-post-image\" alt=\"\" srcset=\"https:\/\/www.access-info.org\/wp-content\/uploads\/AdobeStock_AUEU-320x202.jpeg 320w, https:\/\/www.access-info.org\/wp-content\/uploads\/AdobeStock_AUEU-700x441.jpeg 700w\" sizes=\"(max-width: 320px) 100vw, 320px\" \/>\t\t\t<\/a>\n\t\t\t\t\t\t\t<\/div>\n<\/li>\n\t\t\t\n\t\t\t\n\t\t\t\t\t\t\t\t\t\t\t\t\t\t\t\t\t\t\t\t\t\t\t\t\t\t\t\t\t\t\t\t\t\t\t\t\t\t\t\t\t\t\t\t\t\t\t\t\t\t\t\t\t\t\t\t\t\t\t\t\t\t\t\t\t\t\t\t<\/ul>\n\t<\/div>\n\t<div class=\"fusion-post-content post-content\"><h2 class=\"blog-shortcode-post-title entry-title\"><a href=\"https:\/\/www.access-info.org\/es\/2022-11-28\/civil-society-concerned-cjeu-ruling\/\">Global Civil Society Organisations Concerned About European Court Ruling on Beneficial Ownership Transparency<\/a><\/h2><div class=\"fusion-post-content-container\"><p> As European Union and African Union representatives meet in Brussels on Monday 28 November 2022 to review progress following the EU-AU Summit in February, 34 African and European civil society organisations have raised concerns about threats to ground-breaking EU transparency measures, which could undermine all that has been put in place to prevent and combat the problem of illicit<\/p><\/div><\/div><div class=\"fusion-clearfix\"><\/div><div class=\"fusion-meta-info\"><div class=\"fusion-alignright\"><a class=\"fusion-read-more\" href=\"https:\/\/www.access-info.org\/es\/2022-11-28\/civil-society-concerned-cjeu-ruling\/\" aria-label=\"More on Global Civil Society Organisations Concerned About European Court Ruling on Beneficial Ownership Transparency\">Read More<\/a><\/div><\/div><\/article>\n<\/div><div class=\"pagination clearfix\"><span class=\"current\">1<\/span><a href=\"https:\/\/www.access-info.org\/es\/wp-json\/wp\/v2\/pages\/35159\/page\/2\/\" class=\"inactive\">2<\/a><a class=\"pagination-next\" rel=\"next\" href=\"https:\/\/www.access-info.org\/es\/wp-json\/wp\/v2\/pages\/35159\/page\/2\/\"><span class=\"page-text\">Next<\/span><span class=\"page-next\"><\/span><\/a><\/div><div class=\"fusion-clearfix\"><\/div><\/div><div class=\"fusion-clearfix\"><\/div><\/div><\/div><\/div><\/div>\n","protected":false},"excerpt":{"rendered":"","protected":false},"author":6,"featured_media":0,"parent":0,"menu_order":0,"comment_status":"closed","ping_status":"closed","template":"100-width.php","meta":{"footnotes":""},"class_list":["post-35159","page","type-page","status-publish","hentry"],"_links":{"self":[{"href":"https:\/\/www.access-info.org\/es\/wp-json\/wp\/v2\/pages\/35159","targetHints":{"allow":["GET"]}}],"collection":[{"href":"https:\/\/www.access-info.org\/es\/wp-json\/wp\/v2\/pages"}],"about":[{"href":"https:\/\/www.access-info.org\/es\/wp-json\/wp\/v2\/types\/page"}],"author":[{"embeddable":true,"href":"https:\/\/www.access-info.org\/es\/wp-json\/wp\/v2\/users\/6"}],"replies":[{"embeddable":true,"href":"https:\/\/www.access-info.org\/es\/wp-json\/wp\/v2\/comments?post=35159"}],"version-history":[{"count":4,"href":"https:\/\/www.access-info.org\/es\/wp-json\/wp\/v2\/pages\/35159\/revisions"}],"predecessor-version":[{"id":35989,"href":"https:\/\/www.access-info.org\/es\/wp-json\/wp\/v2\/pages\/35159\/revisions\/35989"}],"wp:attachment":[{"href":"https:\/\/www.access-info.org\/es\/wp-json\/wp\/v2\/media?parent=35159"}],"curies":[{"name":"wp","href":"https:\/\/api.w.org\/{rel}","templated":true}]}}