{"id":35425,"date":"2021-05-21T12:51:14","date_gmt":"2021-05-21T10:51:14","guid":{"rendered":"https:\/\/www.access-info.org\/?page_id=35425"},"modified":"2021-08-11T13:44:37","modified_gmt":"2021-08-11T11:44:37","slug":"tenders-guru","status":"publish","type":"page","link":"https:\/\/www.access-info.org\/es\/tenders-guru\/","title":{"rendered":"Proyecto TENDERS GURU"},"content":{"rendered":"<div class=\"fusion-fullwidth fullwidth-box fusion-builder-row-1 nonhundred-percent-fullwidth non-hundred-percent-height-scrolling\" style=\"--awb-border-radius-top-left:0px;--awb-border-radius-top-right:0px;--awb-border-radius-bottom-right:0px;--awb-border-radius-bottom-left:0px;--awb-flex-wrap:wrap;\" ><div class=\"fusion-builder-row fusion-row\"><div class=\"fusion-layout-column fusion_builder_column fusion-builder-column-0 fusion_builder_column_1_1 1_1 fusion-one-full fusion-column-first fusion-column-last\" style=\"--awb-bg-size:cover;\"><div class=\"fusion-column-wrapper fusion-column-has-shadow fusion-flex-column-wrapper-legacy\"><div class=\"fusion-blog-shortcode fusion-blog-shortcode-1 fusion-blog-archive fusion-blog-layout-medium-alternate fusion-blog-pagination\"><div class=\"fusion-posts-container fusion-posts-container-pagination\" data-pages=\"1\"><article id=\"blog-1-post-35931\" class=\"fusion-post-medium-alternate post-35931 post type-post status-publish format-standard has-post-thumbnail hentry category-acc-es category-frontpage-es category-proyecto-tenders-guru category-pro-es\">\n<div class=\"fusion-date-and-formats\"><div class=\"fusion-date-box updated\"><span class=\"fusion-date\">29<\/span><span class=\"fusion-month-year\">Jun 2021<\/span><\/div><div class=\"fusion-format-box\"><i class=\"awb-icon-pen\" aria-hidden=\"true\"><\/i><\/div><\/div>\t<style type=\"text\/css\">\n\t\t\n\t\t\n\t\t\n\t\t\n\t\t\t<\/style>\n\n\n\t\t\t<div class=\"fusion-flexslider flexslider fusion-flexslider-loading fusion-post-slideshow\" style=\"\">\n\t\t<ul class=\"slides\">\n\t\t\t\n\t\t\t\t\t\t\t\t\t\t\t\t\t\t<li><div  class=\"fusion-image-wrapper fusion-image-size-fixed\" aria-haspopup=\"true\">\n\t\t\t\t\t\t\t<a href=\"https:\/\/www.access-info.org\/es\/2021-06-29\/se-insta-a-la-comision-europea-a-hacer-transparente-la-contratacion-para-garantizar-la-recuperacion-de-la-pandemia-y-el-pacto-verde\/\" aria-label=\"Se insta a la Comisi\u00f3n Europea a hacer transparente la contrataci\u00f3n para garantizar la recuperaci\u00f3n de la pandemia y el Pacto Verde\">\n\t\t\t\t\t\t\t<img decoding=\"async\" width=\"320\" height=\"202\" src=\"https:\/\/www.access-info.org\/wp-content\/uploads\/Picture-final-recs-320x202.jpg\" class=\"attachment-blog-medium size-blog-medium wp-post-image\" alt=\"\" srcset=\"https:\/\/www.access-info.org\/wp-content\/uploads\/Picture-final-recs-320x202.jpg 320w, https:\/\/www.access-info.org\/wp-content\/uploads\/Picture-final-recs-700x441.jpg 700w\" sizes=\"(max-width: 320px) 100vw, 320px\" \/>\t\t\t<\/a>\n\t\t\t\t\t\t\t<\/div>\n<\/li>\n\t\t\t\n\t\t\t\n\t\t\t\t\t\t\t\t\t\t\t\t\t\t\t\t\t\t\t\t\t\t\t\t\t\t\t\t\t\t\t\t\t\t\t\t\t\t\t\t\t\t\t\t\t\t\t\t\t\t\t\t\t\t\t\t\t\t\t\t\t\t\t\t\t\t\t\t<\/ul>\n\t<\/div>\n\t<div class=\"fusion-post-content post-content\"><h2 class=\"blog-shortcode-post-title entry-title\"><a href=\"https:\/\/www.access-info.org\/es\/2021-06-29\/se-insta-a-la-comision-europea-a-hacer-transparente-la-contratacion-para-garantizar-la-recuperacion-de-la-pandemia-y-el-pacto-verde\/\">Se insta a la Comisi\u00f3n Europea a hacer transparente la contrataci\u00f3n para garantizar la recuperaci\u00f3n de la pandemia y el Pacto Verde<\/a><\/h2><div class=\"fusion-post-content-container\"><p>Bruselas, 29 de junio de 2021 \u2013 Las principales organizaciones de transparencia de toda Europa han alertado hoy a la Comisi\u00f3n Europea de una serie de deficiencias en los sistemas nacionales de contrataci\u00f3n p\u00fablica, y han recomendado la adopci\u00f3n de medidas espec\u00edficas urgentes para proteger de la corrupci\u00f3n los fondos de recuperaci\u00f3n de la pandemia y el gasto del Pacto Verde.<\/p><\/div><\/div><div class=\"fusion-clearfix\"><\/div><div class=\"fusion-meta-info\"><div class=\"fusion-alignright\"><a class=\"fusion-read-more\" href=\"https:\/\/www.access-info.org\/es\/2021-06-29\/se-insta-a-la-comision-europea-a-hacer-transparente-la-contratacion-para-garantizar-la-recuperacion-de-la-pandemia-y-el-pacto-verde\/\" aria-label=\"More on Se insta a la Comisi\u00f3n Europea a hacer transparente la contrataci\u00f3n para garantizar la recuperaci\u00f3n de la pandemia y el Pacto Verde\">Read More<\/a><\/div><\/div><\/article>\n<article id=\"blog-1-post-33574\" class=\"fusion-post-medium-alternate post-33574 post type-post status-publish format-standard has-post-thumbnail hentry category-acc-es category-transparencia-covid-19 category-frontpage-es category-proyecto-tenders-guru category-pro-es\">\n<div class=\"fusion-date-and-formats\"><div class=\"fusion-date-box updated\"><span class=\"fusion-date\">4<\/span><span class=\"fusion-month-year\">May 2020<\/span><\/div><div class=\"fusion-format-box\"><i class=\"awb-icon-pen\" aria-hidden=\"true\"><\/i><\/div><\/div>\t<style type=\"text\/css\">\n\t\t\n\t\t\n\t\t\n\t\t\n\t\t\t<\/style>\n\n\n\t\t\t<div class=\"fusion-flexslider flexslider fusion-flexslider-loading fusion-post-slideshow\" style=\"\">\n\t\t<ul class=\"slides\">\n\t\t\t\n\t\t\t\t\t\t\t\t\t\t\t\t\t\t<li><div  class=\"fusion-image-wrapper fusion-image-size-fixed\" aria-haspopup=\"true\">\n\t\t\t\t\t\t\t<a href=\"https:\/\/www.access-info.org\/es\/2020-05-04\/transparency-emergency-procurement\/\" aria-label=\"Garantizar la Transparencia de la Contrataci\u00f3n de Emergencia: Recomendaciones durante la Covid-19\">\n\t\t\t\t\t\t\t<img decoding=\"async\" width=\"320\" height=\"202\" src=\"https:\/\/www.access-info.org\/wp-content\/uploads\/49833299602_ccbe4bae03_c-320x202.jpg\" class=\"attachment-blog-medium size-blog-medium wp-post-image\" alt=\"\" srcset=\"https:\/\/www.access-info.org\/wp-content\/uploads\/49833299602_ccbe4bae03_c-320x202.jpg 320w, https:\/\/www.access-info.org\/wp-content\/uploads\/49833299602_ccbe4bae03_c-700x441.jpg 700w\" sizes=\"(max-width: 320px) 100vw, 320px\" \/>\t\t\t<\/a>\n\t\t\t\t\t\t\t<\/div>\n<\/li>\n\t\t\t\n\t\t\t\n\t\t\t\t\t\t\t\t\t\t\t\t\t\t\t\t\t\t\t\t\t\t\t\t\t\t\t\t\t\t\t\t\t\t\t\t\t\t\t\t\t\t\t\t\t\t\t\t\t\t\t\t\t\t\t\t\t\t\t\t\t\t\t\t\t\t\t\t<\/ul>\n\t<\/div>\n\t<div class=\"fusion-post-content post-content\"><h2 class=\"blog-shortcode-post-title entry-title\"><a href=\"https:\/\/www.access-info.org\/es\/2020-05-04\/transparency-emergency-procurement\/\">Garantizar la Transparencia de la Contrataci\u00f3n de Emergencia: Recomendaciones durante la Covid-19<\/a><\/h2><div class=\"fusion-post-content-container\"><p>Madrid, 11 de mayo de 2020- Organizaciones l\u00edderes en transparencia y lucha anti-corrupci\u00f3n de toda Europa han lanzado un conjunto de diez recomendaciones para que los gobiernos puedan asegurar la transparencia en las contrataciones de emergencia realizadas durante la pandemia del coronavirus.<\/p><\/div><\/div><div class=\"fusion-clearfix\"><\/div><div class=\"fusion-meta-info\"><div class=\"fusion-alignright\"><a class=\"fusion-read-more\" href=\"https:\/\/www.access-info.org\/es\/2020-05-04\/transparency-emergency-procurement\/\" aria-label=\"More on Garantizar la Transparencia de la Contrataci\u00f3n de Emergencia: Recomendaciones durante la Covid-19\">Read More<\/a><\/div><\/div><\/article>\n<article id=\"blog-1-post-33299\" class=\"fusion-post-medium-alternate post-33299 post type-post status-publish format-standard has-post-thumbnail hentry category-acc-es category-transparencia-covid-19 category-frontpage-es category-proyecto-tenders-guru\">\n<div class=\"fusion-date-and-formats\"><div class=\"fusion-date-box updated\"><span class=\"fusion-date\">6<\/span><span class=\"fusion-month-year\">Abr 2020<\/span><\/div><div class=\"fusion-format-box\"><i class=\"awb-icon-pen\" aria-hidden=\"true\"><\/i><\/div><\/div>\t<style type=\"text\/css\">\n\t\t\n\t\t\n\t\t\n\t\t\n\t\t\t<\/style>\n\n\n\t\t\t<div class=\"fusion-flexslider flexslider fusion-flexslider-loading fusion-post-slideshow\" style=\"\">\n\t\t<ul class=\"slides\">\n\t\t\t\n\t\t\t\t\t\t\t\t\t\t\t\t\t\t<li><div  class=\"fusion-image-wrapper fusion-image-size-fixed\" aria-haspopup=\"true\">\n\t\t\t\t\t\t\t<a href=\"https:\/\/www.access-info.org\/es\/2020-04-06\/now-more-than-ever-whistleblower-protection\/\" aria-label=\"Ahora m\u00e1s que nunca: transparencia y protecci\u00f3n de los alertadores\">\n\t\t\t\t\t\t\t<img decoding=\"async\" width=\"320\" height=\"202\" src=\"https:\/\/www.access-info.org\/wp-content\/uploads\/Covid19-whistleblower-e1586342304132-320x202.png\" class=\"attachment-blog-medium size-blog-medium wp-post-image\" alt=\"\" \/>\t\t\t<\/a>\n\t\t\t\t\t\t\t<\/div>\n<\/li>\n\t\t\t\n\t\t\t\n\t\t\t\t\t\t\t\t\t\t\t\t\t\t\t\t\t\t\t\t\t\t\t\t\t\t\t\t\t\t\t\t\t\t\t\t\t\t\t\t\t\t\t\t\t\t\t\t\t\t\t\t\t\t\t\t\t\t\t\t\t\t\t\t\t\t\t\t<\/ul>\n\t<\/div>\n\t<div class=\"fusion-post-content post-content\"><h2 class=\"blog-shortcode-post-title entry-title\"><a href=\"https:\/\/www.access-info.org\/es\/2020-04-06\/now-more-than-ever-whistleblower-protection\/\">Ahora m\u00e1s que nunca: transparencia y protecci\u00f3n de los alertadores<\/a><\/h2><div class=\"fusion-post-content-container\"><p>Madrid, 6 de abril 2020\u2013 Access Info Europe se ha sumado hoy a organizaciones l\u00edderes en transparencia y lucha anti-corrupci\u00f3n, llamando a todas las autoridades p\u00fablicas a garantizar y fortalecer la protecci\u00f3n de alertadores durante el estado de emergencia causado por la pandemia del coronavirus.<\/p><\/div><\/div><div class=\"fusion-clearfix\"><\/div><div class=\"fusion-meta-info\"><div class=\"fusion-alignright\"><a class=\"fusion-read-more\" href=\"https:\/\/www.access-info.org\/es\/2020-04-06\/now-more-than-ever-whistleblower-protection\/\" aria-label=\"More on Ahora m\u00e1s que nunca: transparencia y protecci\u00f3n de los alertadores\">Read More<\/a><\/div><\/div><\/article>\n<article id=\"blog-1-post-32996\" class=\"fusion-post-medium-alternate post-32996 post type-post status-publish format-standard has-post-thumbnail hentry category-acc-es category-frontpage-es category-proyecto-tenders-guru\">\n<div class=\"fusion-date-and-formats\"><div class=\"fusion-date-box updated\"><span class=\"fusion-date\">22<\/span><span class=\"fusion-month-year\">Ene 2020<\/span><\/div><div class=\"fusion-format-box\"><i class=\"awb-icon-pen\" aria-hidden=\"true\"><\/i><\/div><\/div>\t<style type=\"text\/css\">\n\t\t\n\t\t\n\t\t\n\t\t\n\t\t\t<\/style>\n\n\n\t\t\t<div class=\"fusion-flexslider flexslider fusion-flexslider-loading fusion-post-slideshow\" style=\"\">\n\t\t<ul class=\"slides\">\n\t\t\t\n\t\t\t\t\t\t\t\t\t\t\t\t\t\t<li><div  class=\"fusion-image-wrapper fusion-image-size-fixed\" aria-haspopup=\"true\">\n\t\t\t\t\t\t\t<a href=\"https:\/\/www.access-info.org\/es\/2020-01-22\/tenders-guru-eu-whistleblower-protection-directive\/\" aria-label=\"Proyecto Tenders Guru: Directiva de la UE para la Protecci\u00f3n de los Alertadores\">\n\t\t\t\t\t\t\t<img decoding=\"async\" width=\"320\" height=\"202\" src=\"https:\/\/www.access-info.org\/wp-content\/uploads\/Whistleblower_image_small2-320x202.png\" class=\"attachment-blog-medium size-blog-medium wp-post-image\" alt=\"\" \/>\t\t\t<\/a>\n\t\t\t\t\t\t\t<\/div>\n<\/li>\n\t\t\t\n\t\t\t\n\t\t\t\t\t\t\t\t\t\t\t\t\t\t\t\t\t\t\t\t\t\t\t\t\t\t\t\t\t\t\t\t\t\t\t\t\t\t\t\t\t\t\t\t\t\t\t\t\t\t\t\t\t\t\t\t\t\t\t\t\t\t\t\t\t\t\t\t<\/ul>\n\t<\/div>\n\t<div class=\"fusion-post-content post-content\"><h2 class=\"blog-shortcode-post-title entry-title\"><a href=\"https:\/\/www.access-info.org\/es\/2020-01-22\/tenders-guru-eu-whistleblower-protection-directive\/\">Proyecto Tenders Guru: Directiva de la UE para la Protecci\u00f3n de los Alertadores<\/a><\/h2><div class=\"fusion-post-content-container\"><p>Madrid, 22 de enero de 2020-Organizaciones l\u00edderes en transparencia y lucha anti-corrupci\u00f3n de toda Europa han lanzado hoy la Gu\u00eda sobre la Directiva de la Uni\u00f3n Europea de Protecci\u00f3n de los Alertadores - whistleblowers, que entr\u00f3 en vigor el 16 de diciembre de 2019 y que los miembros de la UE deben transferir a sus legislaciones en un plazo de dos a\u00f1os.<\/p><\/div><\/div><div class=\"fusion-clearfix\"><\/div><div class=\"fusion-meta-info\"><div class=\"fusion-alignright\"><a class=\"fusion-read-more\" href=\"https:\/\/www.access-info.org\/es\/2020-01-22\/tenders-guru-eu-whistleblower-protection-directive\/\" aria-label=\"More on Proyecto Tenders Guru: Directiva de la UE para la Protecci\u00f3n de los Alertadores\">Read More<\/a><\/div><\/div><\/article>\n<article id=\"blog-1-post-32991\" class=\"fusion-post-medium-alternate post-32991 post type-post status-publish format-standard has-post-thumbnail hentry category-acc-es category-frontpage-es category-proyecto-tenders-guru category-pro-es\">\n<div class=\"fusion-date-and-formats\"><div class=\"fusion-date-box updated\"><span class=\"fusion-date\">16<\/span><span class=\"fusion-month-year\">Ene 2020<\/span><\/div><div class=\"fusion-format-box\"><i class=\"awb-icon-pen\" aria-hidden=\"true\"><\/i><\/div><\/div>\t<style type=\"text\/css\">\n\t\t\n\t\t\n\t\t\n\t\t\n\t\t\t<\/style>\n\n\n\t\t\t<div class=\"fusion-flexslider flexslider fusion-flexslider-loading fusion-post-slideshow\" style=\"\">\n\t\t<ul class=\"slides\">\n\t\t\t\n\t\t\t\t\t\t\t\t\t\t\t\t\t\t<li><div  class=\"fusion-image-wrapper fusion-image-size-fixed\" aria-haspopup=\"true\">\n\t\t\t\t\t\t\t<a href=\"https:\/\/www.access-info.org\/es\/2020-01-16\/tenders-guru-project-public-procurement-glossary\/\" aria-label=\"Proyecto Tenders Guru: Glosario sobre Contrataci\u00f3n P\u00fablica\">\n\t\t\t\t\t\t\t<img decoding=\"async\" width=\"320\" height=\"202\" src=\"https:\/\/www.access-info.org\/wp-content\/uploads\/Glossary_image_44-320x202.png\" class=\"attachment-blog-medium size-blog-medium wp-post-image\" alt=\"\" \/>\t\t\t<\/a>\n\t\t\t\t\t\t\t<\/div>\n<\/li>\n\t\t\t\n\t\t\t\n\t\t\t\t\t\t\t\t\t\t\t\t\t\t\t\t\t\t\t\t\t\t\t\t\t\t\t\t\t\t\t\t\t\t\t\t\t\t\t\t\t\t\t\t\t\t\t\t\t\t\t\t\t\t\t\t\t\t\t\t\t\t\t\t\t\t\t\t<\/ul>\n\t<\/div>\n\t<div class=\"fusion-post-content post-content\"><h2 class=\"blog-shortcode-post-title entry-title\"><a href=\"https:\/\/www.access-info.org\/es\/2020-01-16\/tenders-guru-project-public-procurement-glossary\/\">Proyecto Tenders Guru: Glosario sobre Contrataci\u00f3n P\u00fablica<\/a><\/h2><div class=\"fusion-post-content-container\"><p>Madrid, 15 de enero de 2020- Organizaciones l\u00edderes en transparencia y lucha anti-corrupci\u00f3n de toda Europa han lanzado hoy el Glosario sobre Contrataci\u00f3n P\u00fablica, una gu\u00eda sobre la terminolog\u00eda utilizada en los procesos de contrataci\u00f3n por las administraciones p\u00fablicas, con el objetivo de facilitar a la sociedad civil y a los periodistas el seguimiento de la corrupci\u00f3n y las irregularidades en los procesos de contrataci\u00f3n locales.\u00a0<\/p><\/div><\/div><div class=\"fusion-clearfix\"><\/div><div class=\"fusion-meta-info\"><div class=\"fusion-alignright\"><a class=\"fusion-read-more\" href=\"https:\/\/www.access-info.org\/es\/2020-01-16\/tenders-guru-project-public-procurement-glossary\/\" aria-label=\"More on Proyecto Tenders Guru: Glosario sobre Contrataci\u00f3n P\u00fablica\">Read More<\/a><\/div><\/div><\/article>\n<article id=\"blog-1-post-32198\" class=\"fusion-post-medium-alternate post-32198 post type-post status-publish format-standard has-post-thumbnail hentry category-acc-es category-frontpage-es category-proyecto-tenders-guru\">\n<div class=\"fusion-date-and-formats\"><div class=\"fusion-date-box updated\"><span class=\"fusion-date\">20<\/span><span class=\"fusion-month-year\">Dic 2019<\/span><\/div><div class=\"fusion-format-box\"><i class=\"awb-icon-pen\" aria-hidden=\"true\"><\/i><\/div><\/div>\t<style type=\"text\/css\">\n\t\t\n\t\t\n\t\t\n\t\t\n\t\t\t<\/style>\n\n\n\t\t\t<div class=\"fusion-flexslider flexslider fusion-flexslider-loading fusion-post-slideshow\" style=\"\">\n\t\t<ul class=\"slides\">\n\t\t\t\n\t\t\t\t\t\t\t\t\t\t\t\t\t\t<li><div  class=\"fusion-image-wrapper fusion-image-size-fixed\" aria-haspopup=\"true\">\n\t\t\t\t\t\t\t<a href=\"https:\/\/www.access-info.org\/es\/2019-12-20\/tenders-guru-reducing-corruption-risks-with-data-project\/\" aria-label=\"Proyecto Tenders Guru: reducir los riesgos de  corrupci\u00f3n a trav\u00e9s de los datos\">\n\t\t\t\t\t\t\t<img decoding=\"async\" width=\"320\" height=\"202\" src=\"https:\/\/www.access-info.org\/wp-content\/uploads\/Picture-final-recs-320x202.jpg\" class=\"attachment-blog-medium size-blog-medium wp-post-image\" alt=\"\" srcset=\"https:\/\/www.access-info.org\/wp-content\/uploads\/Picture-final-recs-320x202.jpg 320w, https:\/\/www.access-info.org\/wp-content\/uploads\/Picture-final-recs-700x441.jpg 700w\" sizes=\"(max-width: 320px) 100vw, 320px\" \/>\t\t\t<\/a>\n\t\t\t\t\t\t\t<\/div>\n<\/li>\n\t\t\t\n\t\t\t\n\t\t\t\t\t\t\t\t\t\t\t\t\t\t\t\t\t\t\t\t\t\t\t\t\t\t\t\t\t\t\t\t\t\t\t\t\t\t\t\t\t\t\t\t\t\t\t\t\t\t\t\t\t\t\t\t\t\t\t\t\t\t\t\t\t\t\t\t<\/ul>\n\t<\/div>\n\t<div class=\"fusion-post-content post-content\"><h2 class=\"blog-shortcode-post-title entry-title\"><a href=\"https:\/\/www.access-info.org\/es\/2019-12-20\/tenders-guru-reducing-corruption-risks-with-data-project\/\">Proyecto Tenders Guru: reducir los riesgos de  corrupci\u00f3n a trav\u00e9s de los datos<\/a><\/h2><div class=\"fusion-post-content-container\"><p>Madrid, 20 de diciembre 2019- Access Info participa en Tenders Guru, un importante proyecto pan-europeo que busca c\u00f3mo reducir la corrupci\u00f3n en la contrataci\u00f3n p\u00fablica -incluido a nivel local-, cuyos primeros resultados pueden encontrarse en la web Tenders Guru.<\/p><\/div><\/div><div class=\"fusion-clearfix\"><\/div><div class=\"fusion-meta-info\"><div class=\"fusion-alignright\"><a class=\"fusion-read-more\" href=\"https:\/\/www.access-info.org\/es\/2019-12-20\/tenders-guru-reducing-corruption-risks-with-data-project\/\" aria-label=\"More on Proyecto Tenders Guru: reducir los riesgos de  corrupci\u00f3n a trav\u00e9s de los datos\">Read More<\/a><\/div><\/div><\/article>\n<\/div><\/div><div class=\"fusion-clearfix\"><\/div><\/div><\/div><\/div><\/div>\n","protected":false},"excerpt":{"rendered":"<p>yes<\/p>\n","protected":false},"author":6,"featured_media":0,"parent":0,"menu_order":0,"comment_status":"closed","ping_status":"closed","template":"","meta":{"footnotes":""},"class_list":["post-35425","page","type-page","status-publish","hentry"],"_links":{"self":[{"href":"https:\/\/www.access-info.org\/es\/wp-json\/wp\/v2\/pages\/35425","targetHints":{"allow":["GET"]}}],"collection":[{"href":"https:\/\/www.access-info.org\/es\/wp-json\/wp\/v2\/pages"}],"about":[{"href":"https:\/\/www.access-info.org\/es\/wp-json\/wp\/v2\/types\/page"}],"author":[{"embeddable":true,"href":"https:\/\/www.access-info.org\/es\/wp-json\/wp\/v2\/users\/6"}],"replies":[{"embeddable":true,"href":"https:\/\/www.access-info.org\/es\/wp-json\/wp\/v2\/comments?post=35425"}],"version-history":[{"count":6,"href":"https:\/\/www.access-info.org\/es\/wp-json\/wp\/v2\/pages\/35425\/revisions"}],"predecessor-version":[{"id":35895,"href":"https:\/\/www.access-info.org\/es\/wp-json\/wp\/v2\/pages\/35425\/revisions\/35895"}],"wp:attachment":[{"href":"https:\/\/www.access-info.org\/es\/wp-json\/wp\/v2\/media?parent=35425"}],"curies":[{"name":"wp","href":"https:\/\/api.w.org\/{rel}","templated":true}]}}