{"id":35995,"date":"2021-08-30T12:10:23","date_gmt":"2021-08-30T10:10:23","guid":{"rendered":"https:\/\/www.access-info.org\/?page_id=35995"},"modified":"2021-08-30T12:42:17","modified_gmt":"2021-08-30T10:42:17","slug":"entidades-locales","status":"publish","type":"page","link":"https:\/\/www.access-info.org\/es\/entidades-locales\/","title":{"rendered":"Transparencia en las Entidades Locales"},"content":{"rendered":"<div class=\"fusion-fullwidth fullwidth-box fusion-builder-row-1 fusion-flex-container nonhundred-percent-fullwidth non-hundred-percent-height-scrolling\" style=\"--awb-border-radius-top-left:0px;--awb-border-radius-top-right:0px;--awb-border-radius-bottom-right:0px;--awb-border-radius-bottom-left:0px;--awb-flex-wrap:wrap;\" ><div class=\"fusion-builder-row fusion-row fusion-flex-align-items-flex-start fusion-flex-content-wrap\" style=\"max-width:1144px;margin-left: calc(-4% \/ 2 );margin-right: calc(-4% \/ 2 );\"><div class=\"fusion-layout-column fusion_builder_column fusion-builder-column-0 fusion_builder_column_1_1 1_1 fusion-flex-column\" style=\"--awb-bg-size:cover;--awb-width-large:100%;--awb-margin-top-large:0px;--awb-spacing-right-large:1.92%;--awb-margin-bottom-large:20px;--awb-spacing-left-large:1.92%;--awb-width-medium:100%;--awb-order-medium:0;--awb-spacing-right-medium:1.92%;--awb-spacing-left-medium:1.92%;--awb-width-small:100%;--awb-order-small:0;--awb-spacing-right-small:1.92%;--awb-spacing-left-small:1.92%;\"><div class=\"fusion-column-wrapper fusion-column-has-shadow fusion-flex-justify-content-flex-start fusion-content-layout-column\"><div class=\"fusion-blog-shortcode fusion-blog-shortcode-1 fusion-blog-archive fusion-blog-layout-medium-alternate fusion-blog-pagination\"><div class=\"fusion-posts-container fusion-posts-container-pagination\" data-pages=\"2\"><article id=\"blog-1-post-36859\" class=\"fusion-post-medium-alternate post-36859 post type-post status-publish format-standard has-post-thumbnail hentry category-ogs-es category-frontpage-es category-esp-es category-local-es\">\n<div class=\"fusion-date-and-formats\"><div class=\"fusion-date-box updated\"><span class=\"fusion-date\">18<\/span><span class=\"fusion-month-year\">May 2022<\/span><\/div><div class=\"fusion-format-box\"><i class=\"awb-icon-pen\" aria-hidden=\"true\"><\/i><\/div><\/div>\t<style type=\"text\/css\">\n\t\t\n\t\t\n\t\t\n\t\t\n\t\t\t<\/style>\n\n\n\t\t\t<div class=\"fusion-flexslider flexslider fusion-flexslider-loading fusion-post-slideshow\" style=\"\">\n\t\t<ul class=\"slides\">\n\t\t\t\n\t\t\t\t\t\t\t\t\t\t\t\t\t\t<li><div  class=\"fusion-image-wrapper fusion-image-size-fixed\" aria-haspopup=\"true\">\n\t\t\t\t\t\t\t<a href=\"https:\/\/www.access-info.org\/es\/2022-05-18\/espana-por-que-necesitamos-tantos-miembros-locales-de-ogp\/\" aria-label=\"Espa\u00f1a: \u00bfPor qu\u00e9 necesitamos tantos miembros locales de OGP?\">\n\t\t\t\t\t\t\t<img decoding=\"async\" width=\"320\" height=\"202\" src=\"https:\/\/www.access-info.org\/wp-content\/uploads\/ogp-local-320x202.png\" class=\"attachment-blog-medium size-blog-medium wp-post-image\" alt=\"\" srcset=\"https:\/\/www.access-info.org\/wp-content\/uploads\/ogp-local-320x202.png 320w, https:\/\/www.access-info.org\/wp-content\/uploads\/ogp-local-700x441.png 700w\" sizes=\"(max-width: 320px) 100vw, 320px\" \/>\t\t\t<\/a>\n\t\t\t\t\t\t\t<\/div>\n<\/li>\n\t\t\t\n\t\t\t\n\t\t\t\t\t\t\t\t\t\t\t\t\t\t\t\t\t\t\t\t\t\t\t\t\t\t\t\t\t\t\t\t\t\t\t\t\t\t\t\t\t\t\t\t\t\t\t\t\t\t\t\t\t\t\t\t\t\t\t\t\t\t\t\t\t\t\t\t<\/ul>\n\t<\/div>\n\t<div class=\"fusion-post-content post-content\"><h2 class=\"blog-shortcode-post-title entry-title\"><a href=\"https:\/\/www.access-info.org\/es\/2022-05-18\/espana-por-que-necesitamos-tantos-miembros-locales-de-ogp\/\">Espa\u00f1a: \u00bfPor qu\u00e9 necesitamos tantos miembros locales de OGP?<\/a><\/h2><div class=\"fusion-post-content-container\"><p>Madrid, 18 de mayo de 2022 \u2013 Access Info da<\/p><\/div><\/div><div class=\"fusion-clearfix\"><\/div><div class=\"fusion-meta-info\"><div class=\"fusion-alignright\"><a class=\"fusion-read-more\" href=\"https:\/\/www.access-info.org\/es\/2022-05-18\/espana-por-que-necesitamos-tantos-miembros-locales-de-ogp\/\" aria-label=\"More on Espa\u00f1a: \u00bfPor qu\u00e9 necesitamos tantos miembros locales de OGP?\">Read More<\/a><\/div><\/div><\/article>\n<article id=\"blog-1-post-36005\" class=\"fusion-post-medium-alternate post-36005 post type-post status-publish format-standard has-post-thumbnail hentry category-frontpage-es category-esp-es category-local-es\">\n<div class=\"fusion-date-and-formats\"><div class=\"fusion-date-box updated\"><span class=\"fusion-date\">30<\/span><span class=\"fusion-month-year\">Ago 2021<\/span><\/div><div class=\"fusion-format-box\"><i class=\"awb-icon-pen\" aria-hidden=\"true\"><\/i><\/div><\/div>\t<style type=\"text\/css\">\n\t\t\n\t\t\n\t\t\n\t\t\n\t\t\t<\/style>\n\n\n\t\t\t<div class=\"fusion-flexslider flexslider fusion-flexslider-loading fusion-post-slideshow\" style=\"\">\n\t\t<ul class=\"slides\">\n\t\t\t\n\t\t\t\t\t\t\t\t\t\t\t\t\t\t<li><div  class=\"fusion-image-wrapper fusion-image-size-fixed\" aria-haspopup=\"true\">\n\t\t\t\t\t\t\t<a href=\"https:\/\/www.access-info.org\/es\/2021-08-30\/proyecto-act-5-soluciones-para-que-prevenir-y-combatir-la-corrupcion-en-los-gobiernos-locales\/\" aria-label=\"Proyecto ACT!: 5 soluciones para que prevenir y combatir la corrupci\u00f3n en los gobiernos locales\">\n\t\t\t\t\t\t\t<img decoding=\"async\" width=\"320\" height=\"202\" src=\"https:\/\/www.access-info.org\/wp-content\/uploads\/ACT-Int-conference-1-320x202.jpg\" class=\"attachment-blog-medium size-blog-medium wp-post-image\" alt=\"\" srcset=\"https:\/\/www.access-info.org\/wp-content\/uploads\/ACT-Int-conference-1-320x202.jpg 320w, https:\/\/www.access-info.org\/wp-content\/uploads\/ACT-Int-conference-1-700x441.jpg 700w\" sizes=\"(max-width: 320px) 100vw, 320px\" \/>\t\t\t<\/a>\n\t\t\t\t\t\t\t<\/div>\n<\/li>\n\t\t\t\n\t\t\t\n\t\t\t\t\t\t\t\t\t\t\t\t\t\t\t\t\t\t\t\t\t\t\t\t\t\t\t\t\t\t\t\t\t\t\t\t\t\t\t\t\t\t\t\t\t\t\t\t\t\t\t\t\t\t\t\t\t\t\t\t\t\t\t\t\t\t\t\t<\/ul>\n\t<\/div>\n\t<div class=\"fusion-post-content post-content\"><h2 class=\"blog-shortcode-post-title entry-title\"><a href=\"https:\/\/www.access-info.org\/es\/2021-08-30\/proyecto-act-5-soluciones-para-que-prevenir-y-combatir-la-corrupcion-en-los-gobiernos-locales\/\">Proyecto ACT!: 5 soluciones para que prevenir y combatir la corrupci\u00f3n en los gobiernos locales<\/a><\/h2><div class=\"fusion-post-content-container\"><p>Madrid, 24 de marzo de 2021 \u2013 Access Info, junto con sus socios del proyecto paneuropeo ACT!, ha presentado una serie de soluciones t\u00e9cnicas para que los gobiernos locales aumenten sus niveles de transparencia y eviten cualquier riesgo de corrupci\u00f3n, que abarcan los siguientes \u00e1mbitos: denuncia de irregularidades, acceso a la informaci\u00f3n, datos abiertos en la contrataci\u00f3n p\u00fablica, transparencia de las reuniones en las que participan funcionarios p\u00fablicos y an\u00e1lisis de riesgos.<\/p><\/div><\/div><div class=\"fusion-clearfix\"><\/div><div class=\"fusion-meta-info\"><div class=\"fusion-alignright\"><a class=\"fusion-read-more\" href=\"https:\/\/www.access-info.org\/es\/2021-08-30\/proyecto-act-5-soluciones-para-que-prevenir-y-combatir-la-corrupcion-en-los-gobiernos-locales\/\" aria-label=\"More on Proyecto ACT!: 5 soluciones para que prevenir y combatir la corrupci\u00f3n en los gobiernos locales\">Read More<\/a><\/div><\/div><\/article>\n<article id=\"blog-1-post-34842\" class=\"fusion-post-medium-alternate post-34842 post type-post status-publish format-standard has-post-thumbnail hentry category-frontpage-es category-esp-es category-local-es\">\n<div class=\"fusion-date-and-formats\"><div class=\"fusion-date-box updated\"><span class=\"fusion-date\">17<\/span><span class=\"fusion-month-year\">Mar 2021<\/span><\/div><div class=\"fusion-format-box\"><i class=\"awb-icon-pen\" aria-hidden=\"true\"><\/i><\/div><\/div>\t<style type=\"text\/css\">\n\t\t\n\t\t\n\t\t\n\t\t\n\t\t\t<\/style>\n\n\n\t\t\t<div class=\"fusion-flexslider flexslider fusion-flexslider-loading fusion-post-slideshow\" style=\"\">\n\t\t<ul class=\"slides\">\n\t\t\t\n\t\t\t\t\t\t\t\t\t\t\t\t\t\t<li><div  class=\"fusion-image-wrapper fusion-image-size-fixed\" aria-haspopup=\"true\">\n\t\t\t\t\t\t\t<a href=\"https:\/\/www.access-info.org\/es\/2021-03-17\/espana-entidades-locales-demandan-formacion\/\" aria-label=\"Espa\u00f1a: Las entidades locales demandan m\u00e1s formaci\u00f3n y herramientas para avanzar hacia una mayor transparencia\">\n\t\t\t\t\t\t\t<img decoding=\"async\" width=\"320\" height=\"202\" src=\"https:\/\/www.access-info.org\/wp-content\/uploads\/madrid-385104_1920-320x202.jpg\" class=\"attachment-blog-medium size-blog-medium wp-post-image\" alt=\"\" srcset=\"https:\/\/www.access-info.org\/wp-content\/uploads\/madrid-385104_1920-320x202.jpg 320w, https:\/\/www.access-info.org\/wp-content\/uploads\/madrid-385104_1920-700x441.jpg 700w\" sizes=\"(max-width: 320px) 100vw, 320px\" \/>\t\t\t<\/a>\n\t\t\t\t\t\t\t<\/div>\n<\/li>\n\t\t\t\n\t\t\t\n\t\t\t\t\t\t\t\t\t\t\t\t\t\t\t\t\t\t\t\t\t\t\t\t\t\t\t\t\t\t\t\t\t\t\t\t\t\t\t\t\t\t\t\t\t\t\t\t\t\t\t\t\t\t\t\t\t\t\t\t\t\t\t\t\t\t\t\t<\/ul>\n\t<\/div>\n\t<div class=\"fusion-post-content post-content\"><h2 class=\"blog-shortcode-post-title entry-title\"><a href=\"https:\/\/www.access-info.org\/es\/2021-03-17\/espana-entidades-locales-demandan-formacion\/\">Espa\u00f1a: Las entidades locales demandan m\u00e1s formaci\u00f3n y herramientas para avanzar hacia una mayor transparencia<\/a><\/h2><div class=\"fusion-post-content-container\"><p>Madrid, 17 de marzo de 2021\u2013 Las entidades locales espa\u00f1olas se encuentran al frente de la lucha contra la corrupci\u00f3n, pero para ello necesitan m\u00e1s formaci\u00f3n (85%) y herramientas espec\u00edficas (75%), seg\u00fan ha hallado Access Info en una encuesta realizada en colaboraci\u00f3n con la Federaci\u00f3n Espa\u00f1ola de Municipios y Provincias (FEMP) y la Red de Entidades Locales por la Transparencia y la Participaci\u00f3n Ciudadana.<\/p><\/div><\/div><div class=\"fusion-clearfix\"><\/div><div class=\"fusion-meta-info\"><div class=\"fusion-alignright\"><a class=\"fusion-read-more\" href=\"https:\/\/www.access-info.org\/es\/2021-03-17\/espana-entidades-locales-demandan-formacion\/\" aria-label=\"More on Espa\u00f1a: Las entidades locales demandan m\u00e1s formaci\u00f3n y herramientas para avanzar hacia una mayor transparencia\">Read More<\/a><\/div><\/div><\/article>\n<article id=\"blog-1-post-34355\" class=\"fusion-post-medium-alternate post-34355 post type-post status-publish format-standard has-post-thumbnail hentry category-frontpage-es category-esp-es category-local-es\">\n<div class=\"fusion-date-and-formats\"><div class=\"fusion-date-box updated\"><span class=\"fusion-date\">30<\/span><span class=\"fusion-month-year\">Oct 2020<\/span><\/div><div class=\"fusion-format-box\"><i class=\"awb-icon-pen\" aria-hidden=\"true\"><\/i><\/div><\/div>\t<style type=\"text\/css\">\n\t\t\n\t\t\n\t\t\n\t\t\n\t\t\t<\/style>\n\n\n\t\t\t<div class=\"fusion-flexslider flexslider fusion-flexslider-loading fusion-post-slideshow\" style=\"\">\n\t\t<ul class=\"slides\">\n\t\t\t\n\t\t\t\t\t\t\t\t\t\t\t\t\t\t<li><div  class=\"fusion-image-wrapper fusion-image-size-fixed\" aria-haspopup=\"true\">\n\t\t\t\t\t\t\t<a href=\"https:\/\/www.access-info.org\/es\/2020-10-30\/recomendaciones-ordenanza-transparencia-ayuntamiento-madrid\/\" aria-label=\"Espa\u00f1a: Access Info presenta sus recomendaciones para la mejora de la Ordenanza de Transparencia del Ayuntamiento de Madrid\">\n\t\t\t\t\t\t\t<img decoding=\"async\" width=\"320\" height=\"202\" src=\"https:\/\/www.access-info.org\/wp-content\/uploads\/Madrid-ayuntamiento-reduced-320x202.jpg\" class=\"attachment-blog-medium size-blog-medium wp-post-image\" alt=\"\" \/>\t\t\t<\/a>\n\t\t\t\t\t\t\t<\/div>\n<\/li>\n\t\t\t\n\t\t\t\n\t\t\t\t\t\t\t\t\t\t\t\t\t\t\t\t\t\t\t\t\t\t\t\t\t\t\t\t\t\t\t\t\t\t\t\t\t\t\t\t\t\t\t\t\t\t\t\t\t\t\t\t\t\t\t\t\t\t\t\t\t\t\t\t\t\t\t\t<\/ul>\n\t<\/div>\n\t<div class=\"fusion-post-content post-content\"><h2 class=\"blog-shortcode-post-title entry-title\"><a href=\"https:\/\/www.access-info.org\/es\/2020-10-30\/recomendaciones-ordenanza-transparencia-ayuntamiento-madrid\/\">Espa\u00f1a: Access Info presenta sus recomendaciones para la mejora de la Ordenanza de Transparencia del Ayuntamiento de Madrid<\/a><\/h2><div class=\"fusion-post-content-container\"><p>Madrid, 30 de octubre de 2020 \u2013 Access Info Europe ha presentado sus recomendaciones para la pr\u00f3xima modificaci\u00f3n de la Ordenanza de Transparencia del Ayuntamiento de Madrid, entre las que se incluyen: la eliminaci\u00f3n de las causas de inadmisi\u00f3n que limiten el acceso a la informaci\u00f3n, la centralizaci\u00f3n de la informaci\u00f3n publicada en el Portal de Transparencia y la publicaci\u00f3n de todas las solicitudes y resoluciones de acceso a la informaci\u00f3n.<\/p><\/div><\/div><div class=\"fusion-clearfix\"><\/div><div class=\"fusion-meta-info\"><div class=\"fusion-alignright\"><a class=\"fusion-read-more\" href=\"https:\/\/www.access-info.org\/es\/2020-10-30\/recomendaciones-ordenanza-transparencia-ayuntamiento-madrid\/\" aria-label=\"More on Espa\u00f1a: Access Info presenta sus recomendaciones para la mejora de la Ordenanza de Transparencia del Ayuntamiento de Madrid\">Read More<\/a><\/div><\/div><\/article>\n<article id=\"blog-1-post-32620\" class=\"fusion-post-medium-alternate post-32620 post type-post status-publish format-standard has-post-thumbnail hentry category-acc-es category-frontpage-es category-local-es\">\n<div class=\"fusion-date-and-formats\"><div class=\"fusion-date-box updated\"><span class=\"fusion-date\">12<\/span><span class=\"fusion-month-year\">Feb 2020<\/span><\/div><div class=\"fusion-format-box\"><i class=\"awb-icon-pen\" aria-hidden=\"true\"><\/i><\/div><\/div>\t<style type=\"text\/css\">\n\t\t\n\t\t\n\t\t\n\t\t\n\t\t\t<\/style>\n\n\n\t\t\t<div class=\"fusion-flexslider flexslider fusion-flexslider-loading fusion-post-slideshow\" style=\"\">\n\t\t<ul class=\"slides\">\n\t\t\t\n\t\t\t\t\t\t\t\t\t\t\t\t\t\t<li><div  class=\"fusion-image-wrapper fusion-image-size-fixed\" aria-haspopup=\"true\">\n\t\t\t\t\t\t\t<a href=\"https:\/\/www.access-info.org\/es\/2020-02-12\/act-fighting-corruption-at-local-level\/\" aria-label=\"ACT! Herramientas para Luchar contra la Corrupci\u00f3n en los Ayuntamientos\">\n\t\t\t\t\t\t\t<img decoding=\"async\" width=\"320\" height=\"202\" src=\"https:\/\/www.access-info.org\/wp-content\/uploads\/ACT_Athens_600x400-320x202.jpg\" class=\"attachment-blog-medium size-blog-medium wp-post-image\" alt=\"\" \/>\t\t\t<\/a>\n\t\t\t\t\t\t\t<\/div>\n<\/li>\n\t\t\t\n\t\t\t\n\t\t\t\t\t\t\t\t\t\t\t\t\t\t\t\t\t\t\t\t\t\t\t\t\t\t\t\t\t\t\t\t\t\t\t\t\t\t\t\t\t\t\t\t\t\t\t\t\t\t\t\t\t\t\t\t\t\t\t\t\t\t\t\t\t\t\t\t<\/ul>\n\t<\/div>\n\t<div class=\"fusion-post-content post-content\"><h2 class=\"blog-shortcode-post-title entry-title\"><a href=\"https:\/\/www.access-info.org\/es\/2020-02-12\/act-fighting-corruption-at-local-level\/\">ACT! Herramientas para Luchar contra la Corrupci\u00f3n en los Ayuntamientos<\/a><\/h2><div class=\"fusion-post-content-container\"><p>Madrid, 11 de febrero de 2020 \u2013 Anticorruption City Toolkit (ACT!) es un proyecto que pretende desarrollar herramientas de lucha contra la corrupci\u00f3n concebidas espec\u00edficamente para los ayuntamientos. La finalidad del proyecto es ofrecer instrumentos que permitan proteger a los alertadores de corrupci\u00f3n, solicitar informaci\u00f3n p\u00fablica, controlar los presupuestos y los procesos de contrataci\u00f3n p\u00fablica, entre otros.<\/p><\/div><\/div><div class=\"fusion-clearfix\"><\/div><div class=\"fusion-meta-info\"><div class=\"fusion-alignright\"><a class=\"fusion-read-more\" href=\"https:\/\/www.access-info.org\/es\/2020-02-12\/act-fighting-corruption-at-local-level\/\" aria-label=\"More on ACT! Herramientas para Luchar contra la Corrupci\u00f3n en los Ayuntamientos\">Read More<\/a><\/div><\/div><\/article>\n<article id=\"blog-1-post-24040\" class=\"fusion-post-medium-alternate post-24040 post type-post status-publish format-standard has-post-thumbnail hentry category-frontpage-es category-esp-es category-local-es tag-ayuntamiento-de-madrid tag-lobby-register-es tag-madrid tag-ordenanza tag-ordenanza-de-transparencia tag-registro-de-lobbies tag-regulacion-del-lobby tag-transparencia-del-lobby tag-transparencia-en-espana\">\n<div class=\"fusion-date-and-formats\"><div class=\"fusion-date-box updated\"><span class=\"fusion-date\">27<\/span><span class=\"fusion-month-year\">Jul 2016<\/span><\/div><div class=\"fusion-format-box\"><i class=\"awb-icon-pen\" aria-hidden=\"true\"><\/i><\/div><\/div>\t<style type=\"text\/css\">\n\t\t\n\t\t\n\t\t\n\t\t\n\t\t\t<\/style>\n\n\n\t\t\t<div class=\"fusion-flexslider flexslider fusion-flexslider-loading fusion-post-slideshow\" style=\"\">\n\t\t<ul class=\"slides\">\n\t\t\t\n\t\t\t\t\t\t\t\t\t\t\t\t\t\t<li><div  class=\"fusion-image-wrapper fusion-image-size-fixed\" aria-haspopup=\"true\">\n\t\t\t\t\t\t\t<a href=\"https:\/\/www.access-info.org\/es\/2016-07-27\/madrid-adopta-una-ordenanza-de-transparencia-progresista-y-con-regulacion-del-lobby\/\" aria-label=\"Madrid aprueba una ordenanza de transparencia progresista y con regulaci\u00f3n del lobby\">\n\t\t\t\t\t\t\t<img decoding=\"async\" width=\"320\" height=\"202\" src=\"https:\/\/www.access-info.org\/wp-content\/uploads\/Ayuntamiento_Madrid-320x202.jpg\" class=\"attachment-blog-medium size-blog-medium wp-post-image\" alt=\"\" srcset=\"https:\/\/www.access-info.org\/wp-content\/uploads\/Ayuntamiento_Madrid-320x202.jpg 320w, https:\/\/www.access-info.org\/wp-content\/uploads\/Ayuntamiento_Madrid-700x441.jpg 700w\" sizes=\"(max-width: 320px) 100vw, 320px\" \/>\t\t\t<\/a>\n\t\t\t\t\t\t\t<\/div>\n<\/li>\n\t\t\t\n\t\t\t\n\t\t\t\t\t\t\t\t\t\t\t\t\t\t\t\t\t\t\t\t\t\t\t\t\t\t\t\t\t\t\t\t\t\t\t\t\t\t\t\t\t\t\t\t\t\t\t\t\t\t\t\t\t\t\t\t\t\t\t\t\t\t\t\t\t\t\t\t<\/ul>\n\t<\/div>\n\t<div class=\"fusion-post-content post-content\"><h2 class=\"blog-shortcode-post-title entry-title\"><a href=\"https:\/\/www.access-info.org\/es\/2016-07-27\/madrid-adopta-una-ordenanza-de-transparencia-progresista-y-con-regulacion-del-lobby\/\">Madrid aprueba una ordenanza de transparencia progresista y con regulaci\u00f3n del lobby<\/a><\/h2><div class=\"fusion-post-content-container\"><p>Madrid, 27 de julio de 2016 \u2013 El Ayuntamiento de<\/p><\/div><\/div><div class=\"fusion-clearfix\"><\/div><div class=\"fusion-meta-info\"><div class=\"fusion-alignright\"><a class=\"fusion-read-more\" href=\"https:\/\/www.access-info.org\/es\/2016-07-27\/madrid-adopta-una-ordenanza-de-transparencia-progresista-y-con-regulacion-del-lobby\/\" aria-label=\"More on Madrid aprueba una ordenanza de transparencia progresista y con regulaci\u00f3n del lobby\">Read More<\/a><\/div><\/div><\/article>\n<\/div><div class=\"pagination clearfix\"><span class=\"current\">1<\/span><a href=\"https:\/\/www.access-info.org\/es\/wp-json\/wp\/v2\/pages\/35995\/page\/2\/\" class=\"inactive\">2<\/a><a class=\"pagination-next\" rel=\"next\" href=\"https:\/\/www.access-info.org\/es\/wp-json\/wp\/v2\/pages\/35995\/page\/2\/\"><span class=\"page-text\">Next<\/span><span class=\"page-next\"><\/span><\/a><\/div><div class=\"fusion-clearfix\"><\/div><\/div><\/div><\/div><\/div><\/div>\n","protected":false},"excerpt":{"rendered":"","protected":false},"author":6,"featured_media":0,"parent":0,"menu_order":0,"comment_status":"closed","ping_status":"closed","template":"100-width.php","meta":{"footnotes":""},"class_list":["post-35995","page","type-page","status-publish","hentry"],"_links":{"self":[{"href":"https:\/\/www.access-info.org\/es\/wp-json\/wp\/v2\/pages\/35995","targetHints":{"allow":["GET"]}}],"collection":[{"href":"https:\/\/www.access-info.org\/es\/wp-json\/wp\/v2\/pages"}],"about":[{"href":"https:\/\/www.access-info.org\/es\/wp-json\/wp\/v2\/types\/page"}],"author":[{"embeddable":true,"href":"https:\/\/www.access-info.org\/es\/wp-json\/wp\/v2\/users\/6"}],"replies":[{"embeddable":true,"href":"https:\/\/www.access-info.org\/es\/wp-json\/wp\/v2\/comments?post=35995"}],"version-history":[{"count":3,"href":"https:\/\/www.access-info.org\/es\/wp-json\/wp\/v2\/pages\/35995\/revisions"}],"predecessor-version":[{"id":36008,"href":"https:\/\/www.access-info.org\/es\/wp-json\/wp\/v2\/pages\/35995\/revisions\/36008"}],"wp:attachment":[{"href":"https:\/\/www.access-info.org\/es\/wp-json\/wp\/v2\/media?parent=35995"}],"curies":[{"name":"wp","href":"https:\/\/api.w.org\/{rel}","templated":true}]}}