{"id":37233,"date":"2022-08-04T16:25:15","date_gmt":"2022-08-04T14:25:15","guid":{"rendered":"https:\/\/www.access-info.org\/?page_id=37233"},"modified":"2022-08-04T16:25:15","modified_gmt":"2022-08-04T14:25:15","slug":"carlos-cordero","status":"publish","type":"page","link":"https:\/\/www.access-info.org\/es\/equipo\/carlos-cordero\/","title":{"rendered":"Carlos Cordero"},"content":{"rendered":"<p><div class=\"fusion-fullwidth fullwidth-box fusion-builder-row-1 fusion-flex-container nonhundred-percent-fullwidth non-hundred-percent-height-scrolling\" style=\"--awb-border-radius-top-left:0px;--awb-border-radius-top-right:0px;--awb-border-radius-bottom-right:0px;--awb-border-radius-bottom-left:0px;--awb-flex-wrap:wrap;\" ><div class=\"fusion-builder-row fusion-row fusion-flex-align-items-flex-start fusion-flex-content-wrap\" style=\"max-width:1144px;margin-left: calc(-4% \/ 2 );margin-right: calc(-4% \/ 2 );\"><div class=\"fusion-layout-column fusion_builder_column fusion-builder-column-0 fusion_builder_column_1_1 1_1 fusion-flex-column\" style=\"--awb-bg-size:cover;--awb-width-large:100%;--awb-margin-top-large:0px;--awb-spacing-right-large:1.92%;--awb-margin-bottom-large:20px;--awb-spacing-left-large:1.92%;--awb-width-medium:100%;--awb-order-medium:0;--awb-spacing-right-medium:1.92%;--awb-spacing-left-medium:1.92%;--awb-width-small:100%;--awb-order-small:0;--awb-spacing-right-small:1.92%;--awb-spacing-left-small:1.92%;\"><div class=\"fusion-column-wrapper fusion-column-has-shadow fusion-flex-justify-content-flex-start fusion-content-layout-column\"><div class=\"fusion-text fusion-text-1\"><h2><span style=\"font-size: 24pt;\"><strong>Carlos Cordero Sanz<\/strong><\/span><\/h2>\n<h2>Director de Sustentia y fundador de Access Info Europe<\/h2>\n<\/div><\/div><\/div><\/div><\/div><div class=\"fusion-fullwidth fullwidth-box fusion-builder-row-2 fusion-flex-container nonhundred-percent-fullwidth non-hundred-percent-height-scrolling\" style=\"--awb-border-radius-top-left:0px;--awb-border-radius-top-right:0px;--awb-border-radius-bottom-right:0px;--awb-border-radius-bottom-left:0px;--awb-flex-wrap:wrap;\" ><div class=\"fusion-builder-row fusion-row fusion-flex-align-items-flex-start fusion-flex-content-wrap\" style=\"max-width:1144px;margin-left: calc(-4% \/ 2 );margin-right: calc(-4% \/ 2 );\"><div class=\"fusion-layout-column fusion_builder_column fusion-builder-column-1 fusion_builder_column_1_3 1_3 fusion-flex-column\" style=\"--awb-bg-size:cover;--awb-width-large:33.333333333333%;--awb-margin-top-large:0px;--awb-spacing-right-large:5.76%;--awb-margin-bottom-large:20px;--awb-spacing-left-large:5.76%;--awb-width-medium:100%;--awb-order-medium:0;--awb-spacing-right-medium:1.92%;--awb-spacing-left-medium:1.92%;--awb-width-small:100%;--awb-order-small:0;--awb-spacing-right-small:1.92%;--awb-spacing-left-small:1.92%;\"><div class=\"fusion-column-wrapper fusion-column-has-shadow fusion-flex-justify-content-flex-start fusion-content-layout-column\"><div class=\"fusion-image-element \" style=\"--awb-caption-title-font-family:var(--h2_typography-font-family);--awb-caption-title-font-weight:var(--h2_typography-font-weight);--awb-caption-title-font-style:var(--h2_typography-font-style);--awb-caption-title-size:var(--h2_typography-font-size);--awb-caption-title-transform:var(--h2_typography-text-transform);--awb-caption-title-line-height:var(--h2_typography-line-height);--awb-caption-title-letter-spacing:var(--h2_typography-letter-spacing);\"><span class=\" fusion-imageframe imageframe-none imageframe-1 hover-type-none\" style=\"border:2px solid #d05035;\"><img decoding=\"async\" width=\"300\" height=\"262\" title=\"IMG_3899-web-jpg-edited\" src=\"https:\/\/www.access-info.org\/wp-content\/uploads\/IMG_3899-web-jpg-edited-1-300x262.jpg\" alt class=\"img-responsive wp-image-37218\" srcset=\"https:\/\/www.access-info.org\/wp-content\/uploads\/IMG_3899-web-jpg-edited-1-200x175.jpg 200w, https:\/\/www.access-info.org\/wp-content\/uploads\/IMG_3899-web-jpg-edited-1-400x350.jpg 400w, https:\/\/www.access-info.org\/wp-content\/uploads\/IMG_3899-web-jpg-edited-1-600x524.jpg 600w, https:\/\/www.access-info.org\/wp-content\/uploads\/IMG_3899-web-jpg-edited-1-800x699.jpg 800w, https:\/\/www.access-info.org\/wp-content\/uploads\/IMG_3899-web-jpg-edited-1-1200x1049.jpg 1200w\" sizes=\"(max-width: 1024px) 100vw, (max-width: 640px) 100vw, 400px\" \/><\/span><\/div><\/div><\/div><div class=\"fusion-layout-column fusion_builder_column fusion-builder-column-2 fusion_builder_column_2_3 2_3 fusion-flex-column\" style=\"--awb-bg-size:cover;--awb-width-large:66.666666666667%;--awb-margin-top-large:0px;--awb-spacing-right-large:2.88%;--awb-margin-bottom-large:20px;--awb-spacing-left-large:2.88%;--awb-width-medium:100%;--awb-order-medium:0;--awb-spacing-right-medium:1.92%;--awb-spacing-left-medium:1.92%;--awb-width-small:100%;--awb-order-small:0;--awb-spacing-right-small:1.92%;--awb-spacing-left-small:1.92%;\"><div class=\"fusion-column-wrapper fusion-column-has-shadow fusion-flex-justify-content-flex-start fusion-content-layout-column\"><div class=\"fusion-text fusion-text-2\"><p>Carlos Cordero es director de la consultora Sustentia-Innovaci\u00f3n Social, especializada en justicia corporativa, desarrollo, transparencia y derechos humanos.<\/p>\n<p>Carlos dirige una investigaci\u00f3n sobre la responsabilidad social corporativa, en especial un informe anual sobre las empresas espa\u00f1olas que cotizan en el IBEX 35, y ha trabajado en proyectos de monitorizaci\u00f3n del acceso a la informaci\u00f3n, como el estudio \u00abTransparencia y Silencio\u00bb. Carlos colabora activamente con diversas organizaciones de la sociedad civil espa\u00f1ola, entre ellas Amnist\u00eda Internacional y Oxfam, y es presidente de la Asociaci\u00f3n de Profesionales para la Calidad de la Ayuda al Desarrollo (ACADE), y miembro del Comit\u00e9 de Control del Sello de Comercio Justo en Espa\u00f1a (FLO), as\u00ed como de la Comisi\u00f3n para el C\u00f3digo de Conducta de la Plataforma Espa\u00f1ola de Coordinaci\u00f3n de ONG para el Desarrollo (CONGDE).<\/p>\n<p>Licenciado en Ciencias Econ\u00f3micas y Empresariales (Universidad Complutense) y Executive MBA (Instituto de Empresa), Carlos es experto en proyectos de desarrollo para la Universidad Abierta de Espa\u00f1a (UNED), as\u00ed como profesor en diversos cursos de postgrado en toda Espa\u00f1a. Carlos vive en Madrid y habla espa\u00f1ol e ingl\u00e9s.<\/p>\n<\/div><\/div><\/div><\/div><\/div><\/p>\n","protected":false},"excerpt":{"rendered":"","protected":false},"author":6,"featured_media":0,"parent":10552,"menu_order":0,"comment_status":"closed","ping_status":"closed","template":"","meta":{"footnotes":""},"class_list":["post-37233","page","type-page","status-publish","hentry"],"_links":{"self":[{"href":"https:\/\/www.access-info.org\/es\/wp-json\/wp\/v2\/pages\/37233","targetHints":{"allow":["GET"]}}],"collection":[{"href":"https:\/\/www.access-info.org\/es\/wp-json\/wp\/v2\/pages"}],"about":[{"href":"https:\/\/www.access-info.org\/es\/wp-json\/wp\/v2\/types\/page"}],"author":[{"embeddable":true,"href":"https:\/\/www.access-info.org\/es\/wp-json\/wp\/v2\/users\/6"}],"replies":[{"embeddable":true,"href":"https:\/\/www.access-info.org\/es\/wp-json\/wp\/v2\/comments?post=37233"}],"version-history":[{"count":1,"href":"https:\/\/www.access-info.org\/es\/wp-json\/wp\/v2\/pages\/37233\/revisions"}],"predecessor-version":[{"id":37234,"href":"https:\/\/www.access-info.org\/es\/wp-json\/wp\/v2\/pages\/37233\/revisions\/37234"}],"up":[{"embeddable":true,"href":"https:\/\/www.access-info.org\/es\/wp-json\/wp\/v2\/pages\/10552"}],"wp:attachment":[{"href":"https:\/\/www.access-info.org\/es\/wp-json\/wp\/v2\/media?parent=37233"}],"curies":[{"name":"wp","href":"https:\/\/api.w.org\/{rel}","templated":true}]}}