{"id":37235,"date":"2022-08-04T16:30:29","date_gmt":"2022-08-04T14:30:29","guid":{"rendered":"https:\/\/www.access-info.org\/?page_id=37235"},"modified":"2022-08-04T16:30:29","modified_gmt":"2022-08-04T14:30:29","slug":"christian-mihr","status":"publish","type":"page","link":"https:\/\/www.access-info.org\/es\/equipo\/christian-mihr\/","title":{"rendered":"Christian Mihr"},"content":{"rendered":"<p><div class=\"fusion-fullwidth fullwidth-box fusion-builder-row-1 fusion-flex-container nonhundred-percent-fullwidth non-hundred-percent-height-scrolling\" style=\"--awb-border-radius-top-left:0px;--awb-border-radius-top-right:0px;--awb-border-radius-bottom-right:0px;--awb-border-radius-bottom-left:0px;--awb-flex-wrap:wrap;\" ><div class=\"fusion-builder-row fusion-row fusion-flex-align-items-flex-start fusion-flex-content-wrap\" style=\"max-width:1144px;margin-left: calc(-4% \/ 2 );margin-right: calc(-4% \/ 2 );\"><div class=\"fusion-layout-column fusion_builder_column fusion-builder-column-0 fusion_builder_column_1_1 1_1 fusion-flex-column\" style=\"--awb-bg-size:cover;--awb-width-large:100%;--awb-margin-top-large:0px;--awb-spacing-right-large:1.92%;--awb-margin-bottom-large:20px;--awb-spacing-left-large:1.92%;--awb-width-medium:100%;--awb-order-medium:0;--awb-spacing-right-medium:1.92%;--awb-spacing-left-medium:1.92%;--awb-width-small:100%;--awb-order-small:0;--awb-spacing-right-small:1.92%;--awb-spacing-left-small:1.92%;\"><div class=\"fusion-column-wrapper fusion-column-has-shadow fusion-flex-justify-content-flex-start fusion-content-layout-column\"><div class=\"fusion-text fusion-text-1\"><h2><span style=\"font-size: 24pt;\"><strong>Christian Mihr<\/strong><\/span><\/h2>\n<h2>Periodista, Director de RSF Alemania<\/h2>\n<\/div><\/div><\/div><\/div><\/div><div class=\"fusion-fullwidth fullwidth-box fusion-builder-row-2 fusion-flex-container nonhundred-percent-fullwidth non-hundred-percent-height-scrolling\" style=\"--awb-border-radius-top-left:0px;--awb-border-radius-top-right:0px;--awb-border-radius-bottom-right:0px;--awb-border-radius-bottom-left:0px;--awb-flex-wrap:wrap;\" ><div class=\"fusion-builder-row fusion-row fusion-flex-align-items-flex-start fusion-flex-content-wrap\" style=\"max-width:1144px;margin-left: calc(-4% \/ 2 );margin-right: calc(-4% \/ 2 );\"><div class=\"fusion-layout-column fusion_builder_column fusion-builder-column-1 fusion_builder_column_1_3 1_3 fusion-flex-column\" style=\"--awb-bg-size:cover;--awb-width-large:33.333333333333%;--awb-margin-top-large:0px;--awb-spacing-right-large:5.76%;--awb-margin-bottom-large:20px;--awb-spacing-left-large:5.76%;--awb-width-medium:100%;--awb-order-medium:0;--awb-spacing-right-medium:1.92%;--awb-spacing-left-medium:1.92%;--awb-width-small:100%;--awb-order-small:0;--awb-spacing-right-small:1.92%;--awb-spacing-left-small:1.92%;\"><div class=\"fusion-column-wrapper fusion-column-has-shadow fusion-flex-justify-content-flex-start fusion-content-layout-column\"><div class=\"fusion-image-element \" style=\"--awb-caption-title-font-family:var(--h2_typography-font-family);--awb-caption-title-font-weight:var(--h2_typography-font-weight);--awb-caption-title-font-style:var(--h2_typography-font-style);--awb-caption-title-size:var(--h2_typography-font-size);--awb-caption-title-transform:var(--h2_typography-text-transform);--awb-caption-title-line-height:var(--h2_typography-line-height);--awb-caption-title-letter-spacing:var(--h2_typography-letter-spacing);\"><span class=\" fusion-imageframe imageframe-none imageframe-1 hover-type-none\" style=\"border:2px solid #d05035;\"><img decoding=\"async\" width=\"235\" height=\"235\" title=\"Mihr_Christian_5-e1450449247363\" src=\"https:\/\/www.access-info.org\/wp-content\/uploads\/Mihr_Christian_5-e1450449247363-1.jpg\" alt class=\"img-responsive wp-image-37226\" srcset=\"https:\/\/www.access-info.org\/wp-content\/uploads\/Mihr_Christian_5-e1450449247363-1-200x200.jpg 200w, https:\/\/www.access-info.org\/wp-content\/uploads\/Mihr_Christian_5-e1450449247363-1.jpg 235w\" sizes=\"(max-width: 1024px) 100vw, (max-width: 640px) 100vw, 235px\" \/><\/span><\/div><\/div><\/div><div class=\"fusion-layout-column fusion_builder_column fusion-builder-column-2 fusion_builder_column_2_3 2_3 fusion-flex-column\" style=\"--awb-bg-size:cover;--awb-width-large:66.666666666667%;--awb-margin-top-large:0px;--awb-spacing-right-large:2.88%;--awb-margin-bottom-large:20px;--awb-spacing-left-large:2.88%;--awb-width-medium:100%;--awb-order-medium:0;--awb-spacing-right-medium:1.92%;--awb-spacing-left-medium:1.92%;--awb-width-small:100%;--awb-order-small:0;--awb-spacing-right-small:1.92%;--awb-spacing-left-small:1.92%;\"><div class=\"fusion-column-wrapper fusion-column-has-shadow fusion-flex-justify-content-flex-start fusion-content-layout-column\"><div class=\"fusion-text fusion-text-2\"><p>Christian Mihr es el Director Ejecutivo de Reporteros sin Fronteras Alemania, RSF Alemania, desde 2012. Vive en Berl\u00edn, pero le encanta Baviera. Sigue creyendo en la posibilidad de una esfera p\u00fablica europea y le gusta satisfacer su curiosidad utilizando las leyes de acceso a la informaci\u00f3n. Adem\u00e1s, se ocupa de cuestiones como la censura cibern\u00e9tica y la vigilancia en l\u00ednea, la seguridad en l\u00ednea, la libertad de prensa en la era digital, el pluralismo de los medios de comunicaci\u00f3n y la responsabilidad de los servicios de inteligencia en el mundo digital.<\/p>\n<p>Su trabajo actual en RSF le obliga a prestar atenci\u00f3n a todo el mundo, pero tiene un inter\u00e9s especial en Colombia, Ecuador, Chile, Azerbaiy\u00e1n, Bielorrusia y Rusia. Antes de unirse a RSF Alemania, trabaj\u00f3 durante mucho tiempo como editor y freelance para varios medios de comunicaci\u00f3n impresos y en l\u00ednea en Alemania y Ecuador, y como formador de periodistas para una fundaci\u00f3n alemana en el sur de Rusia. Estudi\u00f3 periodismo con especializaci\u00f3n en Estudios Latinoamericanos y Ciencias Pol\u00edticas en la Universidad Cat\u00f3lica de Eichst\u00e4tt-Ingolstadt y en la Universidad de Santiago de Chile.<\/p>\n<\/div><\/div><\/div><\/div><\/div><\/p>\n","protected":false},"excerpt":{"rendered":"","protected":false},"author":6,"featured_media":0,"parent":10552,"menu_order":0,"comment_status":"closed","ping_status":"closed","template":"","meta":{"footnotes":""},"class_list":["post-37235","page","type-page","status-publish","hentry"],"_links":{"self":[{"href":"https:\/\/www.access-info.org\/es\/wp-json\/wp\/v2\/pages\/37235","targetHints":{"allow":["GET"]}}],"collection":[{"href":"https:\/\/www.access-info.org\/es\/wp-json\/wp\/v2\/pages"}],"about":[{"href":"https:\/\/www.access-info.org\/es\/wp-json\/wp\/v2\/types\/page"}],"author":[{"embeddable":true,"href":"https:\/\/www.access-info.org\/es\/wp-json\/wp\/v2\/users\/6"}],"replies":[{"embeddable":true,"href":"https:\/\/www.access-info.org\/es\/wp-json\/wp\/v2\/comments?post=37235"}],"version-history":[{"count":1,"href":"https:\/\/www.access-info.org\/es\/wp-json\/wp\/v2\/pages\/37235\/revisions"}],"predecessor-version":[{"id":37236,"href":"https:\/\/www.access-info.org\/es\/wp-json\/wp\/v2\/pages\/37235\/revisions\/37236"}],"up":[{"embeddable":true,"href":"https:\/\/www.access-info.org\/es\/wp-json\/wp\/v2\/pages\/10552"}],"wp:attachment":[{"href":"https:\/\/www.access-info.org\/es\/wp-json\/wp\/v2\/media?parent=37235"}],"curies":[{"name":"wp","href":"https:\/\/api.w.org\/{rel}","templated":true}]}}