{"id":37241,"date":"2022-08-04T16:47:08","date_gmt":"2022-08-04T14:47:08","guid":{"rendered":"https:\/\/www.access-info.org\/?page_id=37241"},"modified":"2022-08-04T16:47:08","modified_gmt":"2022-08-04T14:47:08","slug":"carole-ewart","status":"publish","type":"page","link":"https:\/\/www.access-info.org\/es\/equipo\/carole-ewart\/","title":{"rendered":"Carole Ewart"},"content":{"rendered":"<p><div class=\"fusion-fullwidth fullwidth-box fusion-builder-row-1 fusion-flex-container nonhundred-percent-fullwidth non-hundred-percent-height-scrolling\" style=\"--awb-border-radius-top-left:0px;--awb-border-radius-top-right:0px;--awb-border-radius-bottom-right:0px;--awb-border-radius-bottom-left:0px;--awb-flex-wrap:wrap;\" ><div class=\"fusion-builder-row fusion-row fusion-flex-align-items-flex-start fusion-flex-content-wrap\" style=\"max-width:1144px;margin-left: calc(-4% \/ 2 );margin-right: calc(-4% \/ 2 );\"><div class=\"fusion-layout-column fusion_builder_column fusion-builder-column-0 fusion_builder_column_1_1 1_1 fusion-flex-column\" style=\"--awb-bg-size:cover;--awb-width-large:100%;--awb-margin-top-large:0px;--awb-spacing-right-large:1.92%;--awb-margin-bottom-large:20px;--awb-spacing-left-large:1.92%;--awb-width-medium:100%;--awb-order-medium:0;--awb-spacing-right-medium:1.92%;--awb-spacing-left-medium:1.92%;--awb-width-small:100%;--awb-order-small:0;--awb-spacing-right-small:1.92%;--awb-spacing-left-small:1.92%;\"><div class=\"fusion-column-wrapper fusion-column-has-shadow fusion-flex-justify-content-flex-start fusion-content-layout-column\"><div class=\"fusion-text fusion-text-1\"><h2><span style=\"font-size: 24pt;\"><strong>Carole Ewart<\/strong><\/span><\/h2>\n<h2>Coordinadora, Campa\u00f1a para la Libertad de Informaci\u00f3n en Escocia<\/h2>\n<\/div><\/div><\/div><\/div><\/div><div class=\"fusion-fullwidth fullwidth-box fusion-builder-row-2 fusion-flex-container nonhundred-percent-fullwidth non-hundred-percent-height-scrolling\" style=\"--awb-border-radius-top-left:0px;--awb-border-radius-top-right:0px;--awb-border-radius-bottom-right:0px;--awb-border-radius-bottom-left:0px;--awb-flex-wrap:wrap;\" ><div class=\"fusion-builder-row fusion-row fusion-flex-align-items-flex-start fusion-flex-content-wrap\" style=\"max-width:1144px;margin-left: calc(-4% \/ 2 );margin-right: calc(-4% \/ 2 );\"><div class=\"fusion-layout-column fusion_builder_column fusion-builder-column-1 fusion_builder_column_1_3 1_3 fusion-flex-column\" style=\"--awb-bg-size:cover;--awb-width-large:33.333333333333%;--awb-margin-top-large:0px;--awb-spacing-right-large:5.76%;--awb-margin-bottom-large:20px;--awb-spacing-left-large:5.76%;--awb-width-medium:100%;--awb-order-medium:0;--awb-spacing-right-medium:1.92%;--awb-spacing-left-medium:1.92%;--awb-width-small:100%;--awb-order-small:0;--awb-spacing-right-small:1.92%;--awb-spacing-left-small:1.92%;\"><div class=\"fusion-column-wrapper fusion-column-has-shadow fusion-flex-justify-content-flex-start fusion-content-layout-column\"><div class=\"fusion-image-element \" style=\"--awb-caption-title-font-family:var(--h2_typography-font-family);--awb-caption-title-font-weight:var(--h2_typography-font-weight);--awb-caption-title-font-style:var(--h2_typography-font-style);--awb-caption-title-size:var(--h2_typography-font-size);--awb-caption-title-transform:var(--h2_typography-text-transform);--awb-caption-title-line-height:var(--h2_typography-line-height);--awb-caption-title-letter-spacing:var(--h2_typography-letter-spacing);\"><span class=\" fusion-imageframe imageframe-none imageframe-1 hover-type-none\" style=\"border:2px solid #d05035;\"><img decoding=\"async\" width=\"300\" height=\"300\" title=\"Carole Ewart 3\" src=\"https:\/\/www.access-info.org\/wp-content\/uploads\/Carole-Ewart-3-300x300.jpg\" alt class=\"img-responsive wp-image-37128\" srcset=\"https:\/\/www.access-info.org\/wp-content\/uploads\/Carole-Ewart-3-200x200.jpg 200w, https:\/\/www.access-info.org\/wp-content\/uploads\/Carole-Ewart-3-400x400.jpg 400w, https:\/\/www.access-info.org\/wp-content\/uploads\/Carole-Ewart-3.jpg 478w\" sizes=\"(max-width: 1024px) 100vw, (max-width: 640px) 100vw, 400px\" \/><\/span><\/div><\/div><\/div><div class=\"fusion-layout-column fusion_builder_column fusion-builder-column-2 fusion_builder_column_2_3 2_3 fusion-flex-column\" style=\"--awb-bg-size:cover;--awb-width-large:66.666666666667%;--awb-margin-top-large:0px;--awb-spacing-right-large:2.88%;--awb-margin-bottom-large:20px;--awb-spacing-left-large:2.88%;--awb-width-medium:100%;--awb-order-medium:0;--awb-spacing-right-medium:1.92%;--awb-spacing-left-medium:1.92%;--awb-width-small:100%;--awb-order-small:0;--awb-spacing-right-small:1.92%;--awb-spacing-left-small:1.92%;\"><div class=\"fusion-column-wrapper fusion-column-has-shadow fusion-flex-justify-content-flex-start fusion-content-layout-column\"><div class=\"fusion-text fusion-text-2\"><p>Carole Ewart ha trabajado como consultora sobre pol\u00edticas p\u00fablicas y derechos humanos durante 25 a\u00f1os, desarrollando capacidad organizativa, compartiendo conocimiento, potenciando a usuarios y empleados, y buscando influenciar la toma de decisiones de pol\u00edticas p\u00fablicas.<\/p>\n<p>Desde el a\u00f1o 2013, ha sido la coordinadora de la Campa\u00f1a para la Libertad de Informaci\u00f3n en Escocia, lo que incluye la organizaci\u00f3n de reuniones del Scottish Public Information Forum (SPIF) para generar entendimiento y facilitar el debate entre los titulares de derechos y los garantes de deberes y, recientemente, elabor\u00f3 el borrador de una norma para reformar la Ley de Libertad de Informaci\u00f3n (Escocia) para promover los cambios legales necesarios para mejorar la pr\u00e1ctica y el cumplimiento.<\/p>\n<p>Carole tiene una Maestr\u00eda con Honores en Historia Moderna y Pol\u00edtica, un M\u00e1ster en Derecho sobre Derechos Humanos y un certificado de posgrado en \u00abtrabajo juvenil y comunitario\u00bb.<\/p>\n<p>Carole colabora con la Jimmy Reid Foundation Project Board, que es un \u2018think tank\u2019 independiente para las pol\u00edticas progresistas en Escocia, y es miembro de la Junta Editorial de la Scottish Left Review.<\/p>\n<p>Carole es miembro del grupo de trabajo Anti-SLAPP de Reino Unido, que permite la colaboraci\u00f3n entre ONG, periodistas, abogados, acad\u00e9micos y grupos representativos para concienciar del uso de la intimidaci\u00f3n legal y las demandas estrat\u00e9gicas contra la participaci\u00f3n p\u00fablica (SLAPP por sus siglas en ingl\u00e9s) como una amenaza a la libertad de expresi\u00f3n, el derecho a la informaci\u00f3n y el derecho a la participaci\u00f3n p\u00fablica.<\/p>\n<\/div><\/div><\/div><\/div><\/div><\/p>\n","protected":false},"excerpt":{"rendered":"","protected":false},"author":6,"featured_media":0,"parent":10552,"menu_order":0,"comment_status":"closed","ping_status":"closed","template":"","meta":{"footnotes":""},"class_list":["post-37241","page","type-page","status-publish","hentry"],"_links":{"self":[{"href":"https:\/\/www.access-info.org\/es\/wp-json\/wp\/v2\/pages\/37241","targetHints":{"allow":["GET"]}}],"collection":[{"href":"https:\/\/www.access-info.org\/es\/wp-json\/wp\/v2\/pages"}],"about":[{"href":"https:\/\/www.access-info.org\/es\/wp-json\/wp\/v2\/types\/page"}],"author":[{"embeddable":true,"href":"https:\/\/www.access-info.org\/es\/wp-json\/wp\/v2\/users\/6"}],"replies":[{"embeddable":true,"href":"https:\/\/www.access-info.org\/es\/wp-json\/wp\/v2\/comments?post=37241"}],"version-history":[{"count":1,"href":"https:\/\/www.access-info.org\/es\/wp-json\/wp\/v2\/pages\/37241\/revisions"}],"predecessor-version":[{"id":37242,"href":"https:\/\/www.access-info.org\/es\/wp-json\/wp\/v2\/pages\/37241\/revisions\/37242"}],"up":[{"embeddable":true,"href":"https:\/\/www.access-info.org\/es\/wp-json\/wp\/v2\/pages\/10552"}],"wp:attachment":[{"href":"https:\/\/www.access-info.org\/es\/wp-json\/wp\/v2\/media?parent=37241"}],"curies":[{"name":"wp","href":"https:\/\/api.w.org\/{rel}","templated":true}]}}