{"id":37247,"date":"2022-08-04T16:55:35","date_gmt":"2022-08-04T14:55:35","guid":{"rendered":"https:\/\/www.access-info.org\/?page_id=37247"},"modified":"2022-08-04T16:55:35","modified_gmt":"2022-08-04T14:55:35","slug":"ana-revuelta","status":"publish","type":"page","link":"https:\/\/www.access-info.org\/es\/equipo\/ana-revuelta\/","title":{"rendered":"Ana Revuelta"},"content":{"rendered":"<p><div class=\"fusion-fullwidth fullwidth-box fusion-builder-row-1 fusion-flex-container nonhundred-percent-fullwidth non-hundred-percent-height-scrolling\" style=\"--awb-border-radius-top-left:0px;--awb-border-radius-top-right:0px;--awb-border-radius-bottom-right:0px;--awb-border-radius-bottom-left:0px;--awb-flex-wrap:wrap;\" ><div class=\"fusion-builder-row fusion-row fusion-flex-align-items-flex-start fusion-flex-content-wrap\" style=\"max-width:1144px;margin-left: calc(-4% \/ 2 );margin-right: calc(-4% \/ 2 );\"><div class=\"fusion-layout-column fusion_builder_column fusion-builder-column-0 fusion_builder_column_1_1 1_1 fusion-flex-column\" style=\"--awb-bg-size:cover;--awb-width-large:100%;--awb-margin-top-large:0px;--awb-spacing-right-large:1.92%;--awb-margin-bottom-large:20px;--awb-spacing-left-large:1.92%;--awb-width-medium:100%;--awb-order-medium:0;--awb-spacing-right-medium:1.92%;--awb-spacing-left-medium:1.92%;--awb-width-small:100%;--awb-order-small:0;--awb-spacing-right-small:1.92%;--awb-spacing-left-small:1.92%;\"><div class=\"fusion-column-wrapper fusion-column-has-shadow fusion-flex-justify-content-flex-start fusion-content-layout-column\"><div class=\"fusion-text fusion-text-1\"><h2><span style=\"font-size: 24pt;\"><strong>Ana Revuelta<\/strong><\/span><\/h2>\n<h2>Coordinadora Regional UNCAC Coalition, OGP IRM<\/h2>\n<\/div><\/div><\/div><\/div><\/div><div class=\"fusion-fullwidth fullwidth-box fusion-builder-row-2 fusion-flex-container nonhundred-percent-fullwidth non-hundred-percent-height-scrolling\" style=\"--awb-border-radius-top-left:0px;--awb-border-radius-top-right:0px;--awb-border-radius-bottom-right:0px;--awb-border-radius-bottom-left:0px;--awb-flex-wrap:wrap;\" ><div class=\"fusion-builder-row fusion-row fusion-flex-align-items-flex-start fusion-flex-content-wrap\" style=\"max-width:1144px;margin-left: calc(-4% \/ 2 );margin-right: calc(-4% \/ 2 );\"><div class=\"fusion-layout-column fusion_builder_column fusion-builder-column-1 fusion_builder_column_1_3 1_3 fusion-flex-column\" style=\"--awb-bg-size:cover;--awb-width-large:33.333333333333%;--awb-margin-top-large:0px;--awb-spacing-right-large:5.76%;--awb-margin-bottom-large:20px;--awb-spacing-left-large:5.76%;--awb-width-medium:100%;--awb-order-medium:0;--awb-spacing-right-medium:1.92%;--awb-spacing-left-medium:1.92%;--awb-width-small:100%;--awb-order-small:0;--awb-spacing-right-small:1.92%;--awb-spacing-left-small:1.92%;\"><div class=\"fusion-column-wrapper fusion-column-has-shadow fusion-flex-justify-content-flex-start fusion-content-layout-column\"><div class=\"fusion-image-element \" style=\"--awb-caption-title-font-family:var(--h2_typography-font-family);--awb-caption-title-font-weight:var(--h2_typography-font-weight);--awb-caption-title-font-style:var(--h2_typography-font-style);--awb-caption-title-size:var(--h2_typography-font-size);--awb-caption-title-transform:var(--h2_typography-text-transform);--awb-caption-title-line-height:var(--h2_typography-line-height);--awb-caption-title-letter-spacing:var(--h2_typography-letter-spacing);\"><span class=\" fusion-imageframe imageframe-none imageframe-1 hover-type-none\" style=\"border:2px solid #d05035;\"><img decoding=\"async\" width=\"298\" height=\"298\" title=\"Ana Revuelta\" src=\"https:\/\/www.access-info.org\/wp-content\/uploads\/Ana-Revuelta.jpg\" alt class=\"img-responsive wp-image-37110\" srcset=\"https:\/\/www.access-info.org\/wp-content\/uploads\/Ana-Revuelta-200x200.jpg 200w, https:\/\/www.access-info.org\/wp-content\/uploads\/Ana-Revuelta.jpg 298w\" sizes=\"(max-width: 1024px) 100vw, (max-width: 640px) 100vw, 298px\" \/><\/span><\/div><\/div><\/div><div class=\"fusion-layout-column fusion_builder_column fusion-builder-column-2 fusion_builder_column_2_3 2_3 fusion-flex-column\" style=\"--awb-bg-size:cover;--awb-width-large:66.666666666667%;--awb-margin-top-large:0px;--awb-spacing-right-large:2.88%;--awb-margin-bottom-large:20px;--awb-spacing-left-large:2.88%;--awb-width-medium:100%;--awb-order-medium:0;--awb-spacing-right-medium:1.92%;--awb-spacing-left-medium:1.92%;--awb-width-small:100%;--awb-order-small:0;--awb-spacing-right-small:1.92%;--awb-spacing-left-small:1.92%;\"><div class=\"fusion-column-wrapper fusion-column-has-shadow fusion-flex-justify-content-flex-start fusion-content-layout-column\"><div class=\"fusion-text fusion-text-2\"><p>Ana participa en el movimiento global por la transparencia desde el a\u00f1o 2008. Actualmente trabaja como coordinadora regional de la Coalici\u00f3n UNCAC para Europa y como investigadora del Mecanismo de Revisi\u00f3n Independiente de la Alianza para el Gobierno Abierto (OGP).<\/p>\n<p>En 2021, trabaj\u00f3 para el FACTI Panel de las Naciones Unidas, para transmitir sus recomendaciones sobre transparencia financiera e integridad para lograr la Agenda 2030 a trav\u00e9s de sesiones informativas tem\u00e1ticas en la regi\u00f3n europea. Anteriormente en Transparencia Internacional, ayud\u00f3 a organizaciones de la sociedad civil en las Am\u00e9ricas a monitorear la implementaci\u00f3n de convenciones anticorrupci\u00f3n.<\/p>\n<p>En Espa\u00f1a, abog\u00f3 por la regulaci\u00f3n del lobby y lider\u00f3 un proyecto para mejorar el acceso a la informaci\u00f3n, la rendici\u00f3n de cuentas en la contrataci\u00f3n p\u00fablica y promover un entorno empresarial limpio.<\/p>\n<p>Tambi\u00e9n ha trabajado en asuntos culturales en la Embajada de Espa\u00f1a en Alemania, ha sido consultora de la UNESCO y ha gestionado un proyecto sobre desarrollo institucional en el que participaron universidades europeas y latinoamericanas.<\/p>\n<p>Tiene formaci\u00f3n acad\u00e9mica en econom\u00eda, estudios de desarrollo, gobierno y administraci\u00f3n p\u00fablica.<\/p>\n<\/div><\/div><\/div><\/div><\/div><\/p>\n","protected":false},"excerpt":{"rendered":"","protected":false},"author":6,"featured_media":0,"parent":10552,"menu_order":0,"comment_status":"closed","ping_status":"closed","template":"","meta":{"footnotes":""},"class_list":["post-37247","page","type-page","status-publish","hentry"],"_links":{"self":[{"href":"https:\/\/www.access-info.org\/es\/wp-json\/wp\/v2\/pages\/37247","targetHints":{"allow":["GET"]}}],"collection":[{"href":"https:\/\/www.access-info.org\/es\/wp-json\/wp\/v2\/pages"}],"about":[{"href":"https:\/\/www.access-info.org\/es\/wp-json\/wp\/v2\/types\/page"}],"author":[{"embeddable":true,"href":"https:\/\/www.access-info.org\/es\/wp-json\/wp\/v2\/users\/6"}],"replies":[{"embeddable":true,"href":"https:\/\/www.access-info.org\/es\/wp-json\/wp\/v2\/comments?post=37247"}],"version-history":[{"count":1,"href":"https:\/\/www.access-info.org\/es\/wp-json\/wp\/v2\/pages\/37247\/revisions"}],"predecessor-version":[{"id":37248,"href":"https:\/\/www.access-info.org\/es\/wp-json\/wp\/v2\/pages\/37247\/revisions\/37248"}],"up":[{"embeddable":true,"href":"https:\/\/www.access-info.org\/es\/wp-json\/wp\/v2\/pages\/10552"}],"wp:attachment":[{"href":"https:\/\/www.access-info.org\/es\/wp-json\/wp\/v2\/media?parent=37247"}],"curies":[{"name":"wp","href":"https:\/\/api.w.org\/{rel}","templated":true}]}}