{"id":37249,"date":"2022-08-04T16:58:25","date_gmt":"2022-08-04T14:58:25","guid":{"rendered":"https:\/\/www.access-info.org\/?page_id=37249"},"modified":"2022-08-04T16:58:25","modified_gmt":"2022-08-04T14:58:25","slug":"anuska-delic","status":"publish","type":"page","link":"https:\/\/www.access-info.org\/es\/equipo\/anuska-delic\/","title":{"rendered":"Anu\u0161ka Deli\u0107"},"content":{"rendered":"<p><div class=\"fusion-fullwidth fullwidth-box fusion-builder-row-1 fusion-flex-container nonhundred-percent-fullwidth non-hundred-percent-height-scrolling\" style=\"--awb-border-radius-top-left:0px;--awb-border-radius-top-right:0px;--awb-border-radius-bottom-right:0px;--awb-border-radius-bottom-left:0px;--awb-flex-wrap:wrap;\" ><div class=\"fusion-builder-row fusion-row fusion-flex-align-items-flex-start fusion-flex-content-wrap\" style=\"max-width:1144px;margin-left: calc(-4% \/ 2 );margin-right: calc(-4% \/ 2 );\"><div class=\"fusion-layout-column fusion_builder_column fusion-builder-column-0 fusion_builder_column_1_1 1_1 fusion-flex-column\" style=\"--awb-bg-size:cover;--awb-width-large:100%;--awb-margin-top-large:0px;--awb-spacing-right-large:1.92%;--awb-margin-bottom-large:20px;--awb-spacing-left-large:1.92%;--awb-width-medium:100%;--awb-order-medium:0;--awb-spacing-right-medium:1.92%;--awb-spacing-left-medium:1.92%;--awb-width-small:100%;--awb-order-small:0;--awb-spacing-right-small:1.92%;--awb-spacing-left-small:1.92%;\"><div class=\"fusion-column-wrapper fusion-column-has-shadow fusion-flex-justify-content-flex-start fusion-content-layout-column\"><div class=\"fusion-text fusion-text-1\"><h2><span style=\"font-size: 24pt;\"><strong>Anu\u0161ka Deli\u0107<\/strong><\/span><\/h2>\n<h2>Periodista de investigaci\u00f3n, Fundadora de O\u0161tro<\/h2>\n<\/div><\/div><\/div><\/div><\/div><div class=\"fusion-fullwidth fullwidth-box fusion-builder-row-2 fusion-flex-container nonhundred-percent-fullwidth non-hundred-percent-height-scrolling\" style=\"--awb-border-radius-top-left:0px;--awb-border-radius-top-right:0px;--awb-border-radius-bottom-right:0px;--awb-border-radius-bottom-left:0px;--awb-flex-wrap:wrap;\" ><div class=\"fusion-builder-row fusion-row fusion-flex-align-items-flex-start fusion-flex-content-wrap\" style=\"max-width:1144px;margin-left: calc(-4% \/ 2 );margin-right: calc(-4% \/ 2 );\"><div class=\"fusion-layout-column fusion_builder_column fusion-builder-column-1 fusion_builder_column_1_3 1_3 fusion-flex-column\" style=\"--awb-bg-size:cover;--awb-width-large:33.333333333333%;--awb-margin-top-large:0px;--awb-spacing-right-large:5.76%;--awb-margin-bottom-large:20px;--awb-spacing-left-large:5.76%;--awb-width-medium:100%;--awb-order-medium:0;--awb-spacing-right-medium:1.92%;--awb-spacing-left-medium:1.92%;--awb-width-small:100%;--awb-order-small:0;--awb-spacing-right-small:1.92%;--awb-spacing-left-small:1.92%;\"><div class=\"fusion-column-wrapper fusion-column-has-shadow fusion-flex-justify-content-flex-start fusion-content-layout-column\"><div class=\"fusion-image-element \" style=\"--awb-caption-title-font-family:var(--h2_typography-font-family);--awb-caption-title-font-weight:var(--h2_typography-font-weight);--awb-caption-title-font-style:var(--h2_typography-font-style);--awb-caption-title-size:var(--h2_typography-font-size);--awb-caption-title-transform:var(--h2_typography-text-transform);--awb-caption-title-line-height:var(--h2_typography-line-height);--awb-caption-title-letter-spacing:var(--h2_typography-letter-spacing);\"><span class=\" fusion-imageframe imageframe-none imageframe-1 hover-type-none\" style=\"border:2px solid #d05035;\"><img decoding=\"async\" width=\"300\" height=\"300\" title=\"Anu\u0161ka Deli\u0107\" src=\"https:\/\/www.access-info.org\/wp-content\/uploads\/Anuska-Delic-300x300.jpg\" alt class=\"img-responsive wp-image-37116\" srcset=\"https:\/\/www.access-info.org\/wp-content\/uploads\/Anuska-Delic-200x200.jpg 200w, https:\/\/www.access-info.org\/wp-content\/uploads\/Anuska-Delic-400x400.jpg 400w, https:\/\/www.access-info.org\/wp-content\/uploads\/Anuska-Delic-600x600.jpg 600w, https:\/\/www.access-info.org\/wp-content\/uploads\/Anuska-Delic.jpg 795w\" sizes=\"(max-width: 1024px) 100vw, (max-width: 640px) 100vw, 400px\" \/><\/span><\/div><\/div><\/div><div class=\"fusion-layout-column fusion_builder_column fusion-builder-column-2 fusion_builder_column_2_3 2_3 fusion-flex-column\" style=\"--awb-bg-size:cover;--awb-width-large:66.666666666667%;--awb-margin-top-large:0px;--awb-spacing-right-large:2.88%;--awb-margin-bottom-large:20px;--awb-spacing-left-large:2.88%;--awb-width-medium:100%;--awb-order-medium:0;--awb-spacing-right-medium:1.92%;--awb-spacing-left-medium:1.92%;--awb-width-small:100%;--awb-order-small:0;--awb-spacing-right-small:1.92%;--awb-spacing-left-small:1.92%;\"><div class=\"fusion-column-wrapper fusion-column-has-shadow fusion-flex-justify-content-flex-start fusion-content-layout-column\"><div class=\"fusion-text fusion-text-2\"><p>Anu\u0161ka Deli\u0107 es una galardonada periodista de investigaci\u00f3n y fundadora de O\u0161tro, un centro de periodismo de investigaci\u00f3n en la regi\u00f3n del Adri\u00e1tico, en Ljubljana, Eslovenia. Desde 2021 tambi\u00e9n dirige el nuevo centro hermano O\u0161tro en Zagreb, Croacia. Juntos forman una entidad micro regional \u00fanica dedicada al periodismo de investigaci\u00f3n y de datos, el derecho a saber y al cultivo de futuras generaciones de periodistas. Es editora regional de OCCRP y miembro del Consorcio Internacional de Periodistas de Investigaci\u00f3n.<\/p>\n<p>Antes de establecer O\u0161tro, Anu\u0161ka Deli\u0107 fue periodista en el principal diario de Eslovenia, Delo, durante m\u00e1s de una docena de a\u00f1os. Durante ese tiempo, la Agencia Nacional de Inteligencia y Seguridad la acus\u00f3 de publicar informaci\u00f3n clasificada, un delito penal en ese momento. Posteriormente fue absuelta y se modific\u00f3 el C\u00f3digo Penal.<\/p>\n<p>Mientras estuvo en Delo, tambi\u00e9n lanz\u00f3 The MEPs Project, que reuni\u00f3 a periodistas representando a los 28 estados miembros de la UE para exigir que el Parlamento Europeo revelara c\u00f3mo los representantes electos usan sus asignaciones profesionales. El caso termin\u00f3 en el Tribunal de Justicia de la UE, que se puso del lado del Parlamento y proclam\u00f3 que los datos p\u00fablicos eran de hecho privados.<\/p>\n<\/div><\/div><\/div><\/div><\/div><\/p>\n","protected":false},"excerpt":{"rendered":"","protected":false},"author":6,"featured_media":0,"parent":10552,"menu_order":0,"comment_status":"closed","ping_status":"closed","template":"","meta":{"footnotes":""},"class_list":["post-37249","page","type-page","status-publish","hentry"],"_links":{"self":[{"href":"https:\/\/www.access-info.org\/es\/wp-json\/wp\/v2\/pages\/37249","targetHints":{"allow":["GET"]}}],"collection":[{"href":"https:\/\/www.access-info.org\/es\/wp-json\/wp\/v2\/pages"}],"about":[{"href":"https:\/\/www.access-info.org\/es\/wp-json\/wp\/v2\/types\/page"}],"author":[{"embeddable":true,"href":"https:\/\/www.access-info.org\/es\/wp-json\/wp\/v2\/users\/6"}],"replies":[{"embeddable":true,"href":"https:\/\/www.access-info.org\/es\/wp-json\/wp\/v2\/comments?post=37249"}],"version-history":[{"count":1,"href":"https:\/\/www.access-info.org\/es\/wp-json\/wp\/v2\/pages\/37249\/revisions"}],"predecessor-version":[{"id":37250,"href":"https:\/\/www.access-info.org\/es\/wp-json\/wp\/v2\/pages\/37249\/revisions\/37250"}],"up":[{"embeddable":true,"href":"https:\/\/www.access-info.org\/es\/wp-json\/wp\/v2\/pages\/10552"}],"wp:attachment":[{"href":"https:\/\/www.access-info.org\/es\/wp-json\/wp\/v2\/media?parent=37249"}],"curies":[{"name":"wp","href":"https:\/\/api.w.org\/{rel}","templated":true}]}}