{"id":37258,"date":"2022-08-05T11:26:40","date_gmt":"2022-08-05T09:26:40","guid":{"rendered":"https:\/\/www.access-info.org\/?page_id=37258"},"modified":"2022-08-05T11:26:40","modified_gmt":"2022-08-05T09:26:40","slug":"katarzyna-batko","status":"publish","type":"page","link":"https:\/\/www.access-info.org\/es\/equipo\/katarzyna-batko\/","title":{"rendered":"Katarzyna Batko"},"content":{"rendered":"<p><div class=\"fusion-fullwidth fullwidth-box fusion-builder-row-1 fusion-flex-container nonhundred-percent-fullwidth non-hundred-percent-height-scrolling\" style=\"--awb-border-radius-top-left:0px;--awb-border-radius-top-right:0px;--awb-border-radius-bottom-right:0px;--awb-border-radius-bottom-left:0px;--awb-flex-wrap:wrap;\" ><div class=\"fusion-builder-row fusion-row fusion-flex-align-items-flex-start fusion-flex-content-wrap\" style=\"max-width:1144px;margin-left: calc(-4% \/ 2 );margin-right: calc(-4% \/ 2 );\"><div class=\"fusion-layout-column fusion_builder_column fusion-builder-column-0 fusion_builder_column_1_1 1_1 fusion-flex-column\" style=\"--awb-bg-size:cover;--awb-width-large:100%;--awb-margin-top-large:0px;--awb-spacing-right-large:1.92%;--awb-margin-bottom-large:20px;--awb-spacing-left-large:1.92%;--awb-width-medium:100%;--awb-order-medium:0;--awb-spacing-right-medium:1.92%;--awb-spacing-left-medium:1.92%;--awb-width-small:100%;--awb-order-small:0;--awb-spacing-right-small:1.92%;--awb-spacing-left-small:1.92%;\"><div class=\"fusion-column-wrapper fusion-column-has-shadow fusion-flex-justify-content-flex-start fusion-content-layout-column\"><div class=\"fusion-text fusion-text-1\"><h2><span style=\"font-size: 24pt;\"><strong>Katarzyna Batko-To\u0142u\u0107<\/strong><\/span><\/h2>\n<h2>Directora de Programas, Citizens Network Watchdog Poland<\/h2>\n<\/div><\/div><\/div><\/div><\/div><div class=\"fusion-fullwidth fullwidth-box fusion-builder-row-2 fusion-flex-container nonhundred-percent-fullwidth non-hundred-percent-height-scrolling\" style=\"--awb-border-radius-top-left:0px;--awb-border-radius-top-right:0px;--awb-border-radius-bottom-right:0px;--awb-border-radius-bottom-left:0px;--awb-flex-wrap:wrap;\" ><div class=\"fusion-builder-row fusion-row fusion-flex-align-items-flex-start fusion-flex-content-wrap\" style=\"max-width:1144px;margin-left: calc(-4% \/ 2 );margin-right: calc(-4% \/ 2 );\"><div class=\"fusion-layout-column fusion_builder_column fusion-builder-column-1 fusion_builder_column_1_3 1_3 fusion-flex-column\" style=\"--awb-bg-size:cover;--awb-width-large:33.333333333333%;--awb-margin-top-large:0px;--awb-spacing-right-large:5.76%;--awb-margin-bottom-large:20px;--awb-spacing-left-large:5.76%;--awb-width-medium:100%;--awb-order-medium:0;--awb-spacing-right-medium:1.92%;--awb-spacing-left-medium:1.92%;--awb-width-small:100%;--awb-order-small:0;--awb-spacing-right-small:1.92%;--awb-spacing-left-small:1.92%;\"><div class=\"fusion-column-wrapper fusion-column-has-shadow fusion-flex-justify-content-flex-start fusion-content-layout-column\"><div class=\"fusion-image-element \" style=\"--awb-caption-title-font-family:var(--h2_typography-font-family);--awb-caption-title-font-weight:var(--h2_typography-font-weight);--awb-caption-title-font-style:var(--h2_typography-font-style);--awb-caption-title-size:var(--h2_typography-font-size);--awb-caption-title-transform:var(--h2_typography-text-transform);--awb-caption-title-line-height:var(--h2_typography-line-height);--awb-caption-title-letter-spacing:var(--h2_typography-letter-spacing);\"><span class=\" fusion-imageframe imageframe-none imageframe-1 hover-type-none\" style=\"border:2px solid #d05035;\"><img decoding=\"async\" width=\"300\" height=\"300\" title=\"Katarzyna Batko-To\u0142u\u0107\" src=\"https:\/\/www.access-info.org\/wp-content\/uploads\/Katarzyna-Batko-Toluc-300x300.jpg\" alt class=\"img-responsive wp-image-37088\" srcset=\"https:\/\/www.access-info.org\/wp-content\/uploads\/Katarzyna-Batko-Toluc-200x200.jpg 200w, https:\/\/www.access-info.org\/wp-content\/uploads\/Katarzyna-Batko-Toluc-400x400.jpg 400w, https:\/\/www.access-info.org\/wp-content\/uploads\/Katarzyna-Batko-Toluc-600x600.jpg 600w, https:\/\/www.access-info.org\/wp-content\/uploads\/Katarzyna-Batko-Toluc.jpg 667w\" sizes=\"(max-width: 1024px) 100vw, (max-width: 640px) 100vw, 400px\" \/><\/span><\/div><\/div><\/div><div class=\"fusion-layout-column fusion_builder_column fusion-builder-column-2 fusion_builder_column_2_3 2_3 fusion-flex-column\" style=\"--awb-bg-size:cover;--awb-width-large:66.666666666667%;--awb-margin-top-large:0px;--awb-spacing-right-large:2.88%;--awb-margin-bottom-large:20px;--awb-spacing-left-large:2.88%;--awb-width-medium:100%;--awb-order-medium:0;--awb-spacing-right-medium:1.92%;--awb-spacing-left-medium:1.92%;--awb-width-small:100%;--awb-order-small:0;--awb-spacing-right-small:1.92%;--awb-spacing-left-small:1.92%;\"><div class=\"fusion-column-wrapper fusion-column-has-shadow fusion-flex-justify-content-flex-start fusion-content-layout-column\"><div class=\"fusion-text fusion-text-2\"><p>Katarzyna Batko-To\u0142u\u0107 es directora de programas y miembro de la junta de Citizens Network Watchdog Poland.<\/p>\n<p>A trav\u00e9s del litigio, la defensa y la construcci\u00f3n de un movimiento social de base, la organizaci\u00f3n tiene como objetivo hacer cumplir la libertad de informaci\u00f3n, la transparencia de los gobiernos y la rendici\u00f3n de cuentas en la toma de decisiones. Trabaja con alrededor de 1000 activistas, blogueros, periodistas, organizaciones y grupos de toda Polonia.<\/p>\n<p>Katarzyna tambi\u00e9n es miembro del Grupo de Solidaridad del Foro de la Sociedad Civil UE-Rusia, Ashoka Fellow (innovadores sociales) y miembro del grupo RARE (Recharging Advocacy for Rights in Europe).<\/p>\n<\/div><\/div><\/div><\/div><\/div><\/p>\n","protected":false},"excerpt":{"rendered":"","protected":false},"author":6,"featured_media":0,"parent":10552,"menu_order":0,"comment_status":"closed","ping_status":"closed","template":"","meta":{"footnotes":""},"class_list":["post-37258","page","type-page","status-publish","hentry"],"_links":{"self":[{"href":"https:\/\/www.access-info.org\/es\/wp-json\/wp\/v2\/pages\/37258","targetHints":{"allow":["GET"]}}],"collection":[{"href":"https:\/\/www.access-info.org\/es\/wp-json\/wp\/v2\/pages"}],"about":[{"href":"https:\/\/www.access-info.org\/es\/wp-json\/wp\/v2\/types\/page"}],"author":[{"embeddable":true,"href":"https:\/\/www.access-info.org\/es\/wp-json\/wp\/v2\/users\/6"}],"replies":[{"embeddable":true,"href":"https:\/\/www.access-info.org\/es\/wp-json\/wp\/v2\/comments?post=37258"}],"version-history":[{"count":1,"href":"https:\/\/www.access-info.org\/es\/wp-json\/wp\/v2\/pages\/37258\/revisions"}],"predecessor-version":[{"id":37259,"href":"https:\/\/www.access-info.org\/es\/wp-json\/wp\/v2\/pages\/37258\/revisions\/37259"}],"up":[{"embeddable":true,"href":"https:\/\/www.access-info.org\/es\/wp-json\/wp\/v2\/pages\/10552"}],"wp:attachment":[{"href":"https:\/\/www.access-info.org\/es\/wp-json\/wp\/v2\/media?parent=37258"}],"curies":[{"name":"wp","href":"https:\/\/api.w.org\/{rel}","templated":true}]}}