{"id":37260,"date":"2022-08-05T11:31:55","date_gmt":"2022-08-05T09:31:55","guid":{"rendered":"https:\/\/www.access-info.org\/?page_id=37260"},"modified":"2022-08-05T11:31:55","modified_gmt":"2022-08-05T09:31:55","slug":"marta-lopez","status":"publish","type":"page","link":"https:\/\/www.access-info.org\/es\/equipo\/marta-lopez\/","title":{"rendered":"Marta L\u00f3pez"},"content":{"rendered":"<p><div class=\"fusion-fullwidth fullwidth-box fusion-builder-row-1 fusion-flex-container nonhundred-percent-fullwidth non-hundred-percent-height-scrolling\" style=\"--awb-border-radius-top-left:0px;--awb-border-radius-top-right:0px;--awb-border-radius-bottom-right:0px;--awb-border-radius-bottom-left:0px;--awb-flex-wrap:wrap;\" ><div class=\"fusion-builder-row fusion-row fusion-flex-align-items-flex-start fusion-flex-content-wrap\" style=\"max-width:1144px;margin-left: calc(-4% \/ 2 );margin-right: calc(-4% \/ 2 );\"><div class=\"fusion-layout-column fusion_builder_column fusion-builder-column-0 fusion_builder_column_1_1 1_1 fusion-flex-column\" style=\"--awb-bg-size:cover;--awb-width-large:100%;--awb-margin-top-large:0px;--awb-spacing-right-large:1.92%;--awb-margin-bottom-large:20px;--awb-spacing-left-large:1.92%;--awb-width-medium:100%;--awb-order-medium:0;--awb-spacing-right-medium:1.92%;--awb-spacing-left-medium:1.92%;--awb-width-small:100%;--awb-order-small:0;--awb-spacing-right-small:1.92%;--awb-spacing-left-small:1.92%;\"><div class=\"fusion-column-wrapper fusion-column-has-shadow fusion-flex-justify-content-flex-start fusion-content-layout-column\"><div class=\"fusion-text fusion-text-1\"><h2><span style=\"font-size: 24pt;\"><strong>Marta L\u00f3pez Torres<\/strong><\/span><\/h2>\n<h2>Abogada, Fundadora y Directora Editorial de Plankton Press<\/h2>\n<\/div><\/div><\/div><\/div><\/div><div class=\"fusion-fullwidth fullwidth-box fusion-builder-row-2 fusion-flex-container nonhundred-percent-fullwidth non-hundred-percent-height-scrolling\" style=\"--awb-border-radius-top-left:0px;--awb-border-radius-top-right:0px;--awb-border-radius-bottom-right:0px;--awb-border-radius-bottom-left:0px;--awb-flex-wrap:wrap;\" ><div class=\"fusion-builder-row fusion-row fusion-flex-align-items-flex-start fusion-flex-content-wrap\" style=\"max-width:1144px;margin-left: calc(-4% \/ 2 );margin-right: calc(-4% \/ 2 );\"><div class=\"fusion-layout-column fusion_builder_column fusion-builder-column-1 fusion_builder_column_1_3 1_3 fusion-flex-column\" style=\"--awb-bg-size:cover;--awb-width-large:33.333333333333%;--awb-margin-top-large:0px;--awb-spacing-right-large:5.76%;--awb-margin-bottom-large:20px;--awb-spacing-left-large:5.76%;--awb-width-medium:100%;--awb-order-medium:0;--awb-spacing-right-medium:1.92%;--awb-spacing-left-medium:1.92%;--awb-width-small:100%;--awb-order-small:0;--awb-spacing-right-small:1.92%;--awb-spacing-left-small:1.92%;\"><div class=\"fusion-column-wrapper fusion-column-has-shadow fusion-flex-justify-content-flex-start fusion-content-layout-column\"><div class=\"fusion-image-element \" style=\"--awb-caption-title-font-family:var(--h2_typography-font-family);--awb-caption-title-font-weight:var(--h2_typography-font-weight);--awb-caption-title-font-style:var(--h2_typography-font-style);--awb-caption-title-size:var(--h2_typography-font-size);--awb-caption-title-transform:var(--h2_typography-text-transform);--awb-caption-title-line-height:var(--h2_typography-line-height);--awb-caption-title-letter-spacing:var(--h2_typography-letter-spacing);\"><span class=\" fusion-imageframe imageframe-none imageframe-1 hover-type-none\" style=\"border:2px solid #d05035;\"><img decoding=\"async\" width=\"300\" height=\"300\" title=\"Marta Lopez Torres\" src=\"https:\/\/www.access-info.org\/wp-content\/uploads\/Marta-Lopez-Torres-300x300.jpg\" alt class=\"img-responsive wp-image-37097\" srcset=\"https:\/\/www.access-info.org\/wp-content\/uploads\/Marta-Lopez-Torres-200x200.jpg 200w, https:\/\/www.access-info.org\/wp-content\/uploads\/Marta-Lopez-Torres-400x400.jpg 400w, https:\/\/www.access-info.org\/wp-content\/uploads\/Marta-Lopez-Torres.jpg 427w\" sizes=\"(max-width: 1024px) 100vw, (max-width: 640px) 100vw, 400px\" \/><\/span><\/div><\/div><\/div><div class=\"fusion-layout-column fusion_builder_column fusion-builder-column-2 fusion_builder_column_2_3 2_3 fusion-flex-column\" style=\"--awb-bg-size:cover;--awb-width-large:66.666666666667%;--awb-margin-top-large:0px;--awb-spacing-right-large:2.88%;--awb-margin-bottom-large:20px;--awb-spacing-left-large:2.88%;--awb-width-medium:100%;--awb-order-medium:0;--awb-spacing-right-medium:1.92%;--awb-spacing-left-medium:1.92%;--awb-width-small:100%;--awb-order-small:0;--awb-spacing-right-small:1.92%;--awb-spacing-left-small:1.92%;\"><div class=\"fusion-column-wrapper fusion-column-has-shadow fusion-flex-justify-content-flex-start fusion-content-layout-column\"><div class=\"fusion-text fusion-text-2\"><p>Marta L\u00f3pez Torres es abogada especializada en Derecho Europeo. Ha trabajado durante m\u00e1s de 20 a\u00f1os en el Banco Central Europeo donde estuvo involucrada en temas de transparencia y acceso p\u00fablico como Abogada Principal, Jefa Adjunta de la Divisi\u00f3n de Derecho Institucional y luego como Asesora a cargo del Equipo de Transparencia en la Oficina de Cumplimiento y Gobernanza. En esos cargos, contribuy\u00f3 a la redacci\u00f3n del reglamento de acceso p\u00fablico del BCE, represent\u00f3 al BCE ante el Tribunal de Justicia de las Comunidades Europeas en una serie de casos de acceso p\u00fablico y supervis\u00f3 el desarrollo y la implementaci\u00f3n de las pol\u00edticas de transparencia y buena administraci\u00f3n del BCE.<\/p>\n<p>Antes de incorporarse al BCE, Marta fue asociada del bufete de abogados estadounidense Hunton &amp; Williams en Bruselas. Tambi\u00e9n trabaj\u00f3 durante dos a\u00f1os en la Secretar\u00eda General de la Comisi\u00f3n Europea. Estudi\u00f3 derecho en la Universidad de Navarra, Espa\u00f1a, el King\u2019s College de Londres y el Instituto Universitario Europeo de Florencia.<\/p>\n<p>Marta es actualmente la fundadora y directora editorial de Plankton Press, una editorial independiente en Espa\u00f1a especializada en no ficci\u00f3n.<\/p>\n<\/div><\/div><\/div><\/div><\/div><\/p>\n","protected":false},"excerpt":{"rendered":"","protected":false},"author":6,"featured_media":0,"parent":10552,"menu_order":0,"comment_status":"closed","ping_status":"closed","template":"","meta":{"footnotes":""},"class_list":["post-37260","page","type-page","status-publish","hentry"],"_links":{"self":[{"href":"https:\/\/www.access-info.org\/es\/wp-json\/wp\/v2\/pages\/37260","targetHints":{"allow":["GET"]}}],"collection":[{"href":"https:\/\/www.access-info.org\/es\/wp-json\/wp\/v2\/pages"}],"about":[{"href":"https:\/\/www.access-info.org\/es\/wp-json\/wp\/v2\/types\/page"}],"author":[{"embeddable":true,"href":"https:\/\/www.access-info.org\/es\/wp-json\/wp\/v2\/users\/6"}],"replies":[{"embeddable":true,"href":"https:\/\/www.access-info.org\/es\/wp-json\/wp\/v2\/comments?post=37260"}],"version-history":[{"count":1,"href":"https:\/\/www.access-info.org\/es\/wp-json\/wp\/v2\/pages\/37260\/revisions"}],"predecessor-version":[{"id":37261,"href":"https:\/\/www.access-info.org\/es\/wp-json\/wp\/v2\/pages\/37260\/revisions\/37261"}],"up":[{"embeddable":true,"href":"https:\/\/www.access-info.org\/es\/wp-json\/wp\/v2\/pages\/10552"}],"wp:attachment":[{"href":"https:\/\/www.access-info.org\/es\/wp-json\/wp\/v2\/media?parent=37260"}],"curies":[{"name":"wp","href":"https:\/\/api.w.org\/{rel}","templated":true}]}}