{"id":37282,"date":"2022-08-05T13:00:07","date_gmt":"2022-08-05T11:00:07","guid":{"rendered":"https:\/\/www.access-info.org\/?page_id=37282"},"modified":"2022-09-08T12:44:48","modified_gmt":"2022-09-08T10:44:48","slug":"patricia-gonzalez","status":"publish","type":"page","link":"https:\/\/www.access-info.org\/es\/equipo\/patricia-gonzalez\/","title":{"rendered":"Patricia Gonz\u00e1lez"},"content":{"rendered":"<p><div class=\"fusion-fullwidth fullwidth-box fusion-builder-row-1 fusion-flex-container nonhundred-percent-fullwidth non-hundred-percent-height-scrolling\" style=\"--awb-border-radius-top-left:0px;--awb-border-radius-top-right:0px;--awb-border-radius-bottom-right:0px;--awb-border-radius-bottom-left:0px;--awb-flex-wrap:wrap;\" ><div class=\"fusion-builder-row fusion-row fusion-flex-align-items-flex-start fusion-flex-content-wrap\" style=\"max-width:1144px;margin-left: calc(-4% \/ 2 );margin-right: calc(-4% \/ 2 );\"><div class=\"fusion-layout-column fusion_builder_column fusion-builder-column-0 fusion_builder_column_1_1 1_1 fusion-flex-column\" style=\"--awb-bg-size:cover;--awb-width-large:100%;--awb-margin-top-large:0px;--awb-spacing-right-large:1.92%;--awb-margin-bottom-large:20px;--awb-spacing-left-large:1.92%;--awb-width-medium:100%;--awb-order-medium:0;--awb-spacing-right-medium:1.92%;--awb-spacing-left-medium:1.92%;--awb-width-small:100%;--awb-order-small:0;--awb-spacing-right-small:1.92%;--awb-spacing-left-small:1.92%;\"><div class=\"fusion-column-wrapper fusion-column-has-shadow fusion-flex-justify-content-flex-start fusion-content-layout-column\"><div class=\"fusion-text fusion-text-1\"><h2><span style=\"font-size: 24pt;\"><strong>Patricia Gonz\u00e1lez<\/strong><\/span><\/h2>\n<h2>Investigaci\u00f3n Legal y Campa\u00f1as<\/h2>\n<\/div><\/div><\/div><\/div><\/div><div class=\"fusion-fullwidth fullwidth-box fusion-builder-row-2 fusion-flex-container nonhundred-percent-fullwidth non-hundred-percent-height-scrolling\" style=\"--awb-border-radius-top-left:0px;--awb-border-radius-top-right:0px;--awb-border-radius-bottom-right:0px;--awb-border-radius-bottom-left:0px;--awb-flex-wrap:wrap;\" ><div class=\"fusion-builder-row fusion-row fusion-flex-align-items-flex-start fusion-flex-content-wrap\" style=\"max-width:1144px;margin-left: calc(-4% \/ 2 );margin-right: calc(-4% \/ 2 );\"><div class=\"fusion-layout-column fusion_builder_column fusion-builder-column-1 fusion_builder_column_2_3 2_3 fusion-flex-column\" style=\"--awb-bg-size:cover;--awb-width-large:66.666666666667%;--awb-margin-top-large:0px;--awb-spacing-right-large:2.88%;--awb-margin-bottom-large:20px;--awb-spacing-left-large:2.88%;--awb-width-medium:100%;--awb-order-medium:0;--awb-spacing-right-medium:1.92%;--awb-spacing-left-medium:1.92%;--awb-width-small:100%;--awb-order-small:0;--awb-spacing-right-small:1.92%;--awb-spacing-left-small:1.92%;\"><div class=\"fusion-column-wrapper fusion-column-has-shadow fusion-flex-justify-content-flex-start fusion-content-layout-column\"><div class=\"fusion-text fusion-text-2\"><p>Patricia es abogada con un M\u00e1ster en Gobernanza y Derechos Humanos por la Universidad Aut\u00f3noma de Madrid y M\u00e1ster en Transparencia y Buen Gobierno por la Universidad Complutense de Madrid. Tambi\u00e9n es Licenciada en Contabilidad P\u00fablica con especializaci\u00f3n en Derecho Mercantil.<\/p>\n<p>Actualmente, Patricia es investigadora legal y promotora de campa\u00f1as en Access Info Europe, donde participa en proyectos sobre el derecho de acceso a la informaci\u00f3n en toda la UE, con especial atenci\u00f3n a Espa\u00f1a. Realiza proyectos de an\u00e1lisis de normativa europea, entre los que se encuentra RTI Rating.<\/p>\n<p>Coordina la Coalici\u00f3n Pro Acceso, que re\u00fane a casi cien organizaciones de la sociedad civil espa\u00f1ola de distintos \u00e1mbitos que promueven el derecho de acceso a la informaci\u00f3n como un derecho fundamental. Es miembro del Foro de Gobierno Abierto de Espa\u00f1a.<\/p>\n<p>Antes de mudarse a Espa\u00f1a, Patricia trabaj\u00f3 en organizaciones dedicadas a la protecci\u00f3n de las v\u00edctimas de la violencia gubernamental en Venezuela. Ha trabajado como voluntaria para organizaciones como Doctor Yaso (Venezuela), que realiza actividades infantiles en hospitales, y Cesal (Espa\u00f1a), que ense\u00f1a espa\u00f1ol a j\u00f3venes de \u00c1frica.<\/p>\n<p>Patricia habla espa\u00f1ol e ingl\u00e9s.<\/p>\n<p><strong>Proyectos<\/strong><\/p>\n<p>En Access Info, Patricia ha trabajado en los siguientes proyectos:<\/p>\n<ul>\n<li>Acceso a la informaci\u00f3n<\/li>\n<li>Anticorrupci\u00f3n &#8211; ACT<\/li>\n<li>Participaci\u00f3n de j\u00f3venes &#8211; YOU4EU, Malta Erasmus+<\/li>\n<li>Transparencia de los gobiernos locales<\/li>\n<li>Gobierno abierto<\/li>\n<li>Alertadores (Whistleblowing)<\/li>\n<\/ul>\n<p><strong>Art\u00edculos y eventos<\/strong><\/p>\n<ul>\n<li><a href=\"https:\/\/revistatransparencia.com\/ojs\/index.php\/ret\/article\/view\/119\" target=\"_blank\" rel=\"noopener\">La senda de la transparencia en Espa\u00f1a durante la COVID-19<\/a><\/li>\n<li><a href=\"https:\/\/vlex.es\/vid\/alianza-gobierno-abierto-escenario-897247964\" target=\"_blank\" rel=\"noopener\">La Alianza para el Gobierno Abierto como escenario de participaci\u00f3n de la sociedad civil<\/a><\/li>\n<li><a href=\"https:\/\/www.access-info.org\/wp-content\/uploads\/YOU4EU-Recommendations_Web_final.pdf\">Recomendaciones YOU4EU<\/a><\/li>\n<li><a href=\"https:\/\/www.access-info.org\/es\/2022-07-04\/espana-otro-caso-de-falta-de-transparencia-sobre-la-transparencia\/\" target=\"_blank\" rel=\"noopener\">Espa\u00f1a: Otro caso de falta de transparencia sobre la transparencia<\/a><\/li>\n<li><a href=\"https:\/\/www.access-info.org\/es\/2022-01-26\/llamado-a-la-transparencia-en-la-seleccion-de-la-direccion-de-la-agencia-espanola-de-proteccion-de-datos\/\" target=\"_blank\" rel=\"noopener\">Llamado a la transparencia en la selecci\u00f3n de la Direcci\u00f3n de la Agencia Espa\u00f1ola de Protecci\u00f3n de Datos<\/a><\/li>\n<li><a href=\"https:\/\/www.access-info.org\/es\/2021-09-28\/espana-cpa-derecho\/\" target=\"_blank\" rel=\"noopener\">Espa\u00f1a: La Coalici\u00f3n Pro Acceso reitera al Gobierno que reconozca como derecho fundamental el acceso a la informaci\u00f3n<\/a><\/li>\n<li><a href=\"https:\/\/www.access-info.org\/es\/2021-10-04\/pandora-papers-registros-mercantiles-abiertos\/\" target=\"_blank\" rel=\"noopener\">Pandora Papers: Una raz\u00f3n m\u00e1s para tener registros mercantiles abiertos<\/a><\/li>\n<li><a href=\"https:\/\/www.access-info.org\/es\/2021-06-21\/espana-debe-garantizar-transparencia-fondos-recuperacion\/\" target=\"_blank\" rel=\"noopener\">Espa\u00f1a: el Gobierno debe garantizar la transparencia de los fondos de recuperaci\u00f3n<\/a><\/li>\n<\/ul>\n<p><strong>Informaci\u00f3n de Contacto<\/strong><\/p>\n<\/div><div class=\"fusion-social-links fusion-social-links-1\" style=\"--awb-margin-top:0px;--awb-margin-right:0px;--awb-margin-bottom:0px;--awb-margin-left:0px;--awb-box-border-top:0px;--awb-box-border-right:0px;--awb-box-border-bottom:0px;--awb-box-border-left:0px;--awb-icon-colors-hover:rgba(190,189,189,0.8);--awb-box-colors-hover:rgba(232,232,232,0.8);--awb-box-border-color:var(--awb-color3);--awb-box-border-color-hover:var(--awb-color4);\"><div class=\"fusion-social-networks color-type-brand\"><div class=\"fusion-social-networks-wrapper\"><a class=\"fusion-social-network-icon fusion-tooltip fusion-mail awb-icon-mail\" style=\"color:#000000;font-size:16px;\" data-placement=\"top\" data-title=\"Email\" data-toggle=\"tooltip\" title=\"Email\" aria-label=\"mail\" target=\"_blank\" rel=\"noopener noreferrer\" href=\"mailto:&#112;&#097;t&#114;&#105;&#099;&#105;&#097;&#064;a&#099;&#099;ess&#045;info.org\"><\/a><\/div><\/div><\/div><\/div><\/div><div class=\"fusion-layout-column fusion_builder_column fusion-builder-column-2 fusion_builder_column_1_3 1_3 fusion-flex-column\" style=\"--awb-bg-size:cover;--awb-width-large:33.333333333333%;--awb-margin-top-large:0px;--awb-spacing-right-large:5.76%;--awb-margin-bottom-large:20px;--awb-spacing-left-large:5.76%;--awb-width-medium:100%;--awb-order-medium:0;--awb-spacing-right-medium:1.92%;--awb-spacing-left-medium:1.92%;--awb-width-small:100%;--awb-order-small:0;--awb-spacing-right-small:1.92%;--awb-spacing-left-small:1.92%;\"><div class=\"fusion-column-wrapper fusion-column-has-shadow fusion-flex-justify-content-flex-start fusion-content-layout-column\"><div class=\"fusion-image-element \" style=\"--awb-caption-title-font-family:var(--h2_typography-font-family);--awb-caption-title-font-weight:var(--h2_typography-font-weight);--awb-caption-title-font-style:var(--h2_typography-font-style);--awb-caption-title-size:var(--h2_typography-font-size);--awb-caption-title-transform:var(--h2_typography-text-transform);--awb-caption-title-line-height:var(--h2_typography-line-height);--awb-caption-title-letter-spacing:var(--h2_typography-letter-spacing);\"><span class=\" fusion-imageframe imageframe-none imageframe-1 hover-type-none\" style=\"border:2px solid #d05035;\"><img decoding=\"async\" width=\"300\" height=\"300\" title=\"Patricia foto 2 (1)\" src=\"https:\/\/www.access-info.org\/wp-content\/uploads\/Patricia-foto-2-1-300x300.jpg\" alt class=\"img-responsive wp-image-31316\" srcset=\"https:\/\/www.access-info.org\/wp-content\/uploads\/Patricia-foto-2-1-200x200.jpg 200w, https:\/\/www.access-info.org\/wp-content\/uploads\/Patricia-foto-2-1-400x400.jpg 400w, https:\/\/www.access-info.org\/wp-content\/uploads\/Patricia-foto-2-1-600x600.jpg 600w, https:\/\/www.access-info.org\/wp-content\/uploads\/Patricia-foto-2-1-800x800.jpg 800w, https:\/\/www.access-info.org\/wp-content\/uploads\/Patricia-foto-2-1-1200x1200.jpg 1200w\" sizes=\"(max-width: 1024px) 100vw, (max-width: 640px) 100vw, 400px\" \/><\/span><\/div><\/div><\/div><\/div><\/div><\/p>\n","protected":false},"excerpt":{"rendered":"","protected":false},"author":6,"featured_media":0,"parent":10552,"menu_order":0,"comment_status":"closed","ping_status":"closed","template":"","meta":{"footnotes":""},"class_list":["post-37282","page","type-page","status-publish","hentry"],"_links":{"self":[{"href":"https:\/\/www.access-info.org\/es\/wp-json\/wp\/v2\/pages\/37282","targetHints":{"allow":["GET"]}}],"collection":[{"href":"https:\/\/www.access-info.org\/es\/wp-json\/wp\/v2\/pages"}],"about":[{"href":"https:\/\/www.access-info.org\/es\/wp-json\/wp\/v2\/types\/page"}],"author":[{"embeddable":true,"href":"https:\/\/www.access-info.org\/es\/wp-json\/wp\/v2\/users\/6"}],"replies":[{"embeddable":true,"href":"https:\/\/www.access-info.org\/es\/wp-json\/wp\/v2\/comments?post=37282"}],"version-history":[{"count":4,"href":"https:\/\/www.access-info.org\/es\/wp-json\/wp\/v2\/pages\/37282\/revisions"}],"predecessor-version":[{"id":37433,"href":"https:\/\/www.access-info.org\/es\/wp-json\/wp\/v2\/pages\/37282\/revisions\/37433"}],"up":[{"embeddable":true,"href":"https:\/\/www.access-info.org\/es\/wp-json\/wp\/v2\/pages\/10552"}],"wp:attachment":[{"href":"https:\/\/www.access-info.org\/es\/wp-json\/wp\/v2\/media?parent=37282"}],"curies":[{"name":"wp","href":"https:\/\/api.w.org\/{rel}","templated":true}]}}