{"id":37284,"date":"2022-08-05T13:14:21","date_gmt":"2022-08-05T11:14:21","guid":{"rendered":"https:\/\/www.access-info.org\/?page_id=37284"},"modified":"2024-11-25T13:15:58","modified_gmt":"2024-11-25T12:15:58","slug":"rachel-hanna","status":"publish","type":"page","link":"https:\/\/www.access-info.org\/es\/equipo\/rachel-hanna\/","title":{"rendered":"Rachel Hanna"},"content":{"rendered":"<p><div class=\"fusion-fullwidth fullwidth-box fusion-builder-row-1 fusion-flex-container nonhundred-percent-fullwidth non-hundred-percent-height-scrolling\" style=\"--awb-border-radius-top-left:0px;--awb-border-radius-top-right:0px;--awb-border-radius-bottom-right:0px;--awb-border-radius-bottom-left:0px;--awb-flex-wrap:wrap;\" ><div class=\"fusion-builder-row fusion-row fusion-flex-align-items-flex-start fusion-flex-content-wrap\" style=\"max-width:1144px;margin-left: calc(-4% \/ 2 );margin-right: calc(-4% \/ 2 );\"><div class=\"fusion-layout-column fusion_builder_column fusion-builder-column-0 fusion_builder_column_1_1 1_1 fusion-flex-column\" style=\"--awb-bg-size:cover;--awb-width-large:100%;--awb-margin-top-large:0px;--awb-spacing-right-large:1.92%;--awb-margin-bottom-large:20px;--awb-spacing-left-large:1.92%;--awb-width-medium:100%;--awb-order-medium:0;--awb-spacing-right-medium:1.92%;--awb-spacing-left-medium:1.92%;--awb-width-small:100%;--awb-order-small:0;--awb-spacing-right-small:1.92%;--awb-spacing-left-small:1.92%;\"><div class=\"fusion-column-wrapper fusion-column-has-shadow fusion-flex-justify-content-flex-start fusion-content-layout-column\"><div class=\"fusion-text fusion-text-1\"><h2 data-fontsize=\"22\" style=\"--fontSize: 22; line-height: 1.23; --minFontSize: 22;\" data-lineheight=\"27.06px\" class=\"fusion-responsive-typography-calculated\"><span style=\"font-size: 24pt;\"><strong><span class=\"person-name\">Rachel Hanna<\/span><\/strong><\/span><\/h2>\n<h2 data-fontsize=\"22\" style=\"--fontSize: 22; line-height: 1.23; --minFontSize: 22;\" data-lineheight=\"27.06px\" class=\"fusion-responsive-typography-calculated\"><span class=\"person-title\">Directora Ejecutiva <\/span><\/h2>\n<\/div><\/div><\/div><\/div><\/div><div class=\"fusion-fullwidth fullwidth-box fusion-builder-row-2 fusion-flex-container nonhundred-percent-fullwidth non-hundred-percent-height-scrolling\" style=\"--awb-border-radius-top-left:0px;--awb-border-radius-top-right:0px;--awb-border-radius-bottom-right:0px;--awb-border-radius-bottom-left:0px;--awb-flex-wrap:wrap;\" ><div class=\"fusion-builder-row fusion-row fusion-flex-align-items-flex-start fusion-flex-content-wrap\" style=\"max-width:1144px;margin-left: calc(-4% \/ 2 );margin-right: calc(-4% \/ 2 );\"><div class=\"fusion-layout-column fusion_builder_column fusion-builder-column-1 fusion_builder_column_2_3 2_3 fusion-flex-column\" style=\"--awb-bg-size:cover;--awb-width-large:66.666666666667%;--awb-margin-top-large:0px;--awb-spacing-right-large:2.88%;--awb-margin-bottom-large:20px;--awb-spacing-left-large:2.88%;--awb-width-medium:100%;--awb-order-medium:0;--awb-spacing-right-medium:1.92%;--awb-spacing-left-medium:1.92%;--awb-width-small:100%;--awb-order-small:0;--awb-spacing-right-small:1.92%;--awb-spacing-left-small:1.92%;\"><div class=\"fusion-column-wrapper fusion-column-has-shadow fusion-flex-justify-content-flex-start fusion-content-layout-column\"><div class=\"fusion-text fusion-text-2\"><p>Rachel Hanna es la Directora Ejecutiva de Access Info. En este rol, Rachel dirige los proyectos de Access Info de an\u00e1lisis legal y de investigaci\u00f3n de derechos humanos, utilizando los resultados finales para la rendici\u00f3n de cuentas del gobierno y para abogar por el cambio.<\/p>\n<p>Rachel tambi\u00e9n desempe\u00f1a actualmente el cargo de Directora de la Red de Gobierno Abierto de Irlanda del Norte, donde brinda liderazgo estrat\u00e9gico a la organizaci\u00f3n y garantiza su gesti\u00f3n efectiva, ayud\u00e1ndola a establecer las bases para construir un gobierno m\u00e1s centrado en el ciudadano, participativo, abierto y responsable en Irlanda del Norte.<\/p>\n<p>Con experiencia nacional e internacional en derechos humanos, Rachel trabaj\u00f3 en Belfast con dos ONG locales, promoviendo los derechos de los refugiados y combatiendo la trata de personas. En 2017, realiz\u00f3 unas pr\u00e1cticas en la Oficina Ejecutiva del Secretario General de la ONU en Nueva York, donde trabaj\u00f3 en la Unidad de Desarrollo Sostenible enfoc\u00e1ndose en la nacionalizaci\u00f3n de los Objetivos de Desarrollo Sostenible.<\/p>\n<p>En 2015, Rachel se gradu\u00f3 en Derecho Civil y Com\u00fan con estudios espa\u00f1oles por la Universidad de Queens en Belfast, y en 2016 realiz\u00f3 un M\u00e1ster en Derecho Internacional de los Derechos Humanos, especializ\u00e1ndose en los derechos de los menores extranjeros no acompa\u00f1ados.<\/p>\n<p>Rachel habla ingl\u00e9s y espa\u00f1ol.<\/p>\n<p><strong>Proyectos<\/strong><\/p>\n<p>En Access Info, Rachel trabaja en los siguientes proyectos:<\/p>\n<ul>\n<li>Aceso a la Informaci\u00f3n<\/li>\n<li>Anticorrupci\u00f3n<\/li>\n<li>Transparencia en la Contrataci\u00f3n P\u00fablica<\/li>\n<li>Apertura de Registros Mercantiles y Beneficiarios \u00daltimos<\/li>\n<li>Transparencia en los fondos de la UE<\/li>\n<li>Gobierno Abierto<\/li>\n<\/ul>\n<p><strong>Art\u00edculos y Eventos<\/strong><\/p>\n<ul>\n<li><a href=\"https:\/\/www.access-info.org\/2022-03-11\/doing-enough-eu-transparency\/\" target=\"_blank\" rel=\"noopener\"><em>Is the Guardian of the Treaties Doing Enough for EU Transparency? MEPs don\u2019t seem to think so!<\/em><\/a><\/li>\n<li><a href=\"https:\/\/www.access-info.org\/wp-content\/uploads\/2021-06-28-Tenders-Guru-EU-Recommendations.pdf\" target=\"_blank\" rel=\"noopener\"><em>Recommendations for EU Procurement <\/em><\/a><em>and <\/em><a href=\"https:\/\/www.access-info.org\/wp-content\/uploads\/2021-06-28-Tenders-Guru-National-Recommendations.pdf\" target=\"_blank\" rel=\"noopener\"><em>National Procurement Recommendations<\/em><\/a><\/li>\n<li><a href=\"https:\/\/www.access-info.org\/wp-content\/uploads\/2021-06-03-Commission-Impact-Assessment-AIE-Briefing-Note.pdf\" target=\"_blank\" rel=\"noopener\"><em>Briefing note: European Commission\u2019s Impact Assessment on Openness of Company Data<\/em><\/a><\/li>\n<li><a href=\"https:\/\/www.sussex.ac.uk\/webteam\/gateway\/file.php?name=transparency-in-emergency-procurement-ten-recommendations-for-policy-makers.pdf&amp;site=405\" target=\"_blank\" rel=\"noopener\"><em>Transparency in Emergency Procurement: ten recommendations for policy makers, CSC Working Paper No. 8, November<\/em><\/a><\/li>\n<li><a href=\"https:\/\/www.access-info.org\/wp-content\/uploads\/Opening-Up-SDG-5_How-much-do-we-know-about-Gender-Equality.pdf\" target=\"_blank\" rel=\"noopener\"><em>Opening Up SDG 5: What do we know about Gender Equality?<\/em><\/a><\/li>\n<li><a href=\"https:\/\/naccom.org.uk\/wp-content\/uploads\/2017\/06\/NICRAS-BOOK-16-MAY-07-mail.pdf\" target=\"_blank\" rel=\"noopener\"><em>Living in Limbo: The life of Refused Asylum Seekers in Northern Ireland<\/em><\/a><\/li>\n<li><a href=\"https:\/\/pure.qub.ac.uk\/en\/publications\/working-paper-on-acknowledging-and-repairing-the-moral-and-collec\" target=\"_blank\" rel=\"noopener\"><em>Acknowledging and Repairing the Moral and Collective Harms of Ethnic Vietnamese of the Khmer Rouge Genocide<\/em><\/a><\/li>\n<\/ul>\n<p><strong>Informaci\u00f3n de Contacto<\/strong><\/p>\n<\/div><div class=\"fusion-social-links fusion-social-links-1\" style=\"--awb-margin-top:0px;--awb-margin-right:0px;--awb-margin-bottom:0px;--awb-margin-left:0px;--awb-box-border-top:0px;--awb-box-border-right:0px;--awb-box-border-bottom:0px;--awb-box-border-left:0px;--awb-icon-colors-hover:rgba(190,189,189,0.8);--awb-box-colors-hover:rgba(232,232,232,0.8);--awb-box-border-color:var(--awb-color3);--awb-box-border-color-hover:var(--awb-color4);\"><div class=\"fusion-social-networks color-type-brand\"><div class=\"fusion-social-networks-wrapper\"><a class=\"fusion-social-network-icon fusion-tooltip fusion-mail awb-icon-mail\" style=\"color:#000000;font-size:16px;\" data-placement=\"top\" data-title=\"Email\" data-toggle=\"tooltip\" title=\"Email\" aria-label=\"mail\" target=\"_blank\" rel=\"noopener noreferrer\" href=\"mailto:&#114;a&#099;h&#101;l&#064;a&#099;c&#101;&#115;s-&#105;nf&#111;&#046;o&#114;&#103;\"><\/a><\/div><\/div><\/div><\/div><\/div><div class=\"fusion-layout-column fusion_builder_column fusion-builder-column-2 fusion_builder_column_1_3 1_3 fusion-flex-column\" style=\"--awb-bg-size:cover;--awb-width-large:33.333333333333%;--awb-margin-top-large:0px;--awb-spacing-right-large:5.76%;--awb-margin-bottom-large:20px;--awb-spacing-left-large:5.76%;--awb-width-medium:100%;--awb-order-medium:0;--awb-spacing-right-medium:1.92%;--awb-spacing-left-medium:1.92%;--awb-width-small:100%;--awb-order-small:0;--awb-spacing-right-small:1.92%;--awb-spacing-left-small:1.92%;\"><div class=\"fusion-column-wrapper fusion-column-has-shadow fusion-flex-justify-content-flex-start fusion-content-layout-column\"><div class=\"fusion-image-element \" style=\"--awb-caption-title-font-family:var(--h2_typography-font-family);--awb-caption-title-font-weight:var(--h2_typography-font-weight);--awb-caption-title-font-style:var(--h2_typography-font-style);--awb-caption-title-size:var(--h2_typography-font-size);--awb-caption-title-transform:var(--h2_typography-text-transform);--awb-caption-title-line-height:var(--h2_typography-line-height);--awb-caption-title-letter-spacing:var(--h2_typography-letter-spacing);\"><span class=\" fusion-imageframe imageframe-none imageframe-1 hover-type-none\" style=\"border:2px solid #d05035;\"><img decoding=\"async\" width=\"225\" height=\"300\" title=\"Profile photo\" src=\"https:\/\/www.access-info.org\/wp-content\/uploads\/Profile-photo-1-5-225x300.jpg\" alt class=\"img-responsive wp-image-38580\" srcset=\"https:\/\/www.access-info.org\/wp-content\/uploads\/Profile-photo-1-5-200x267.jpg 200w, https:\/\/www.access-info.org\/wp-content\/uploads\/Profile-photo-1-5-400x534.jpg 400w, https:\/\/www.access-info.org\/wp-content\/uploads\/Profile-photo-1-5-600x801.jpg 600w, https:\/\/www.access-info.org\/wp-content\/uploads\/Profile-photo-1-5.jpg 647w\" sizes=\"(max-width: 1024px) 100vw, (max-width: 640px) 100vw, 400px\" \/><\/span><\/div><\/div><\/div><\/div><\/div><\/p>\n","protected":false},"excerpt":{"rendered":"","protected":false},"author":6,"featured_media":0,"parent":10552,"menu_order":0,"comment_status":"closed","ping_status":"closed","template":"","meta":{"footnotes":""},"class_list":["post-37284","page","type-page","status-publish","hentry"],"_links":{"self":[{"href":"https:\/\/www.access-info.org\/es\/wp-json\/wp\/v2\/pages\/37284","targetHints":{"allow":["GET"]}}],"collection":[{"href":"https:\/\/www.access-info.org\/es\/wp-json\/wp\/v2\/pages"}],"about":[{"href":"https:\/\/www.access-info.org\/es\/wp-json\/wp\/v2\/types\/page"}],"author":[{"embeddable":true,"href":"https:\/\/www.access-info.org\/es\/wp-json\/wp\/v2\/users\/6"}],"replies":[{"embeddable":true,"href":"https:\/\/www.access-info.org\/es\/wp-json\/wp\/v2\/comments?post=37284"}],"version-history":[{"count":5,"href":"https:\/\/www.access-info.org\/es\/wp-json\/wp\/v2\/pages\/37284\/revisions"}],"predecessor-version":[{"id":38717,"href":"https:\/\/www.access-info.org\/es\/wp-json\/wp\/v2\/pages\/37284\/revisions\/38717"}],"up":[{"embeddable":true,"href":"https:\/\/www.access-info.org\/es\/wp-json\/wp\/v2\/pages\/10552"}],"wp:attachment":[{"href":"https:\/\/www.access-info.org\/es\/wp-json\/wp\/v2\/media?parent=37284"}],"curies":[{"name":"wp","href":"https:\/\/api.w.org\/{rel}","templated":true}]}}