{"id":38364,"date":"2022-12-21T11:06:41","date_gmt":"2022-12-21T10:06:41","guid":{"rendered":"https:\/\/www.access-info.org\/access-info-transparency-policy\/"},"modified":"2023-01-10T17:32:31","modified_gmt":"2023-01-10T16:32:31","slug":"access-info-transparency-policy","status":"publish","type":"page","link":"https:\/\/www.access-info.org\/es\/access-info-transparency-policy\/","title":{"rendered":"Access Info Transparency Policy"},"content":{"rendered":"<p><div class=\"fusion-fullwidth fullwidth-box fusion-builder-row-1 has-pattern-background has-mask-background fusion-parallax-none nonhundred-percent-fullwidth non-hundred-percent-height-scrolling\" style=\"--awb-background-position:center top;--awb-border-radius-top-left:0px;--awb-border-radius-top-right:0px;--awb-border-radius-bottom-right:0px;--awb-border-radius-bottom-left:0px;--awb-background-image:url(&quot;https:\/\/www.access-info.org\/wp-content\/uploads\/Cava-San-Miguel-blurred-scaled.jpg&quot;);--awb-background-size:cover;--awb-flex-wrap:wrap;\" ><div class=\"fusion-builder-row fusion-row\"><div class=\"fusion-layout-column fusion_builder_column fusion-builder-column-0 fusion_builder_column_1_1 1_1 fusion-one-full fusion-column-first fusion-column-last\" style=\"--awb-bg-size:cover;--awb-margin-bottom:0px;\"><div class=\"fusion-column-wrapper fusion-flex-column-wrapper-legacy\"><div class=\"fusion-text fusion-text-1\"><h1 style=\"text-align: center; font-size: 50px; color: #fff; line-height: 60px;\">NUESTRA POL\u00cdTICA DE TRANSPARENCIA<\/h1>\n<h2 style=\"text-align: center; font-size: 26px; line-height: 40px; color: #fff;\">ENCUENTRE AQU\u00cd NUESTROS INFORMES ANUALES E INFORMACI\u00d3N FINANCIERA<br \/>\nY DE NUESTROS DONANTES<\/h2>\n<\/div><div class=\"fusion-clearfix\"><\/div><\/div><\/div><\/div><\/div><div class=\"fusion-fullwidth fullwidth-box fusion-builder-row-2 fusion-flex-container has-pattern-background has-mask-background nonhundred-percent-fullwidth non-hundred-percent-height-scrolling\" style=\"--awb-border-radius-top-left:0px;--awb-border-radius-top-right:0px;--awb-border-radius-bottom-right:0px;--awb-border-radius-bottom-left:0px;--awb-padding-top:50px;--awb-flex-wrap:wrap;\" ><div class=\"fusion-builder-row fusion-row fusion-flex-align-items-flex-start fusion-flex-content-wrap\" style=\"max-width:1144px;margin-left: calc(-4% \/ 2 );margin-right: calc(-4% \/ 2 );\"><div class=\"fusion-layout-column fusion_builder_column fusion-builder-column-1 fusion_builder_column_1_1 1_1 fusion-flex-column\" style=\"--awb-padding-right:50px;--awb-padding-bottom:0px;--awb-padding-left:50px;--awb-bg-size:cover;--awb-width-large:100%;--awb-margin-top-large:0px;--awb-spacing-right-large:1.92%;--awb-margin-bottom-large:0px;--awb-spacing-left-large:1.92%;--awb-width-medium:100%;--awb-order-medium:0;--awb-spacing-right-medium:1.92%;--awb-spacing-left-medium:1.92%;--awb-width-small:100%;--awb-order-small:0;--awb-spacing-right-small:1.92%;--awb-spacing-left-small:1.92%;\"><div class=\"fusion-column-wrapper fusion-column-has-shadow fusion-flex-justify-content-flex-start fusion-content-layout-column\"><div class=\"fusion-text fusion-text-2 fusion-text-no-margin\"><h2 class=\"fusion-responsive-typography-calculated\" data-fontsize=\"22\" data-lineheight=\"27.06px\">Pol\u00edtica de Transparencia de Access Info Europe<\/h2>\n<p>La informaci\u00f3n en poder de Access Info Europe es p\u00fablica y se publicar\u00e1 de manera proactiva en el sitio web o estar\u00e1 disponible a petici\u00f3n de la persona interesada.<\/p>\n<p>De acuerdo con los est\u00e1ndares internacionales, combinamos la publicaci\u00f3n proactiva con el derecho a solicitar informaci\u00f3n. A continuaci\u00f3n, exponemos con m\u00e1s detalle la pol\u00edtica para cada aspecto de este derecho.<\/p>\n<p>Se pueden aplicar excepciones limitadas para proteger intereses leg\u00edtimos, aunque para nosotros prevalece generalmente el inter\u00e9s p\u00fablico en la transparencia. Las excepciones ser\u00e1n solo aquellas permitidas por los est\u00e1ndares internacionales (la lista de excepciones del Convenio del Consejo de Europa sobre el Acceso a los Documentos P\u00fablicos, que se detalla a continuaci\u00f3n), todas las cuales est\u00e1n sujetas, y revisadas caso por caso, a una prueba de da\u00f1o e inter\u00e9s p\u00fablico.<\/p>\n<\/div><\/div><\/div><\/div><\/div><div class=\"fusion-fullwidth fullwidth-box fusion-builder-row-3 nonhundred-percent-fullwidth non-hundred-percent-height-scrolling\" style=\"--awb-border-radius-top-left:0px;--awb-border-radius-top-right:0px;--awb-border-radius-bottom-right:0px;--awb-border-radius-bottom-left:0px;--awb-flex-wrap:wrap;\" ><\/div><div class=\"fusion-fullwidth fullwidth-box fusion-builder-row-4 nonhundred-percent-fullwidth non-hundred-percent-height-scrolling\" style=\"--awb-border-radius-top-left:0px;--awb-border-radius-top-right:0px;--awb-border-radius-bottom-right:0px;--awb-border-radius-bottom-left:0px;--awb-flex-wrap:wrap;\" ><\/div><div class=\"fusion-fullwidth fullwidth-box fusion-builder-row-5 nonhundred-percent-fullwidth non-hundred-percent-height-scrolling\" style=\"--awb-background-position:top left;--awb-border-color:#c6c6c6;--awb-border-radius-top-left:0px;--awb-border-radius-top-right:0px;--awb-border-radius-bottom-right:0px;--awb-border-radius-bottom-left:0px;--awb-padding-top:20px;--awb-padding-bottom:70px;--awb-background-color:#f7f7f7;--awb-border-sizes-top:0px;--awb-border-sizes-bottom:0px;--awb-flex-wrap:wrap;\" ><div class=\"fusion-builder-row fusion-row\"><div class=\"fusion-layout-column fusion_builder_column fusion-builder-column-2 fusion_builder_column_1_1 1_1 fusion-one-full fusion-column-first fusion-column-last\" style=\"--awb-padding-top:20px;--awb-padding-right:50px;--awb-padding-bottom:0px;--awb-padding-left:50px;--awb-bg-size:cover;--awb-margin-bottom:0px;\"><div class=\"fusion-column-wrapper fusion-column-has-shadow fusion-flex-column-wrapper-legacy\"><div class=\"fusion-text fusion-text-3 fusion-text-no-margin\"><h2 class=\"fusion-responsive-typography-calculated\" data-fontsize=\"22\" data-lineheight=\"27.06px\">Pol\u00edtica de Publicaci\u00f3n Proactiva<\/h2>\n<p>La publicaci\u00f3n proactiva de informaci\u00f3n por parte de Access Info Europe est\u00e1 dise\u00f1ada para informar al p\u00fablico sobre el trabajo que hacemos y para garantizar nuestra rendici\u00f3n de cuentas ante la opini\u00f3n p\u00fablica.<\/p>\n<p>Para ello, adem\u00e1s de publicar noticias sobre nuestros proyectos y actividades, Access Info Europe publica de forma proactiva:<\/p>\n<ul>\n<li>Estatutos de Access Info en ingl\u00e9s y espa\u00f1ol<\/li>\n<li>Informaci\u00f3n sobre nuestras estructuras de gobierno y nuestro equipo, incluido un organigrama y biograf\u00edas relevantes<\/li>\n<li>Documentos relacionados con la gobernanza, incluidas las actas de las reuniones de la Junta Directiva y la Asamblea General<\/li>\n<li>Informes financieros anuales (en ingl\u00e9s) junto con balances de cuentas y documentos presentados a las autoridades fiscales espa\u00f1olas (en espa\u00f1ol)<\/li>\n<li>Informes anuales de actividad<\/li>\n<li>Una lista completa de donantes<\/li>\n<\/ul>\n<p>Nota: Los informes financieros detallados, incluidos los informes financieros sobre proyectos espec\u00edficos, los detalles de los gastos, etc., est\u00e1n disponibles previa solicitud (ver m\u00e1s abajo). Las copias originales de las facturas y otra documentaci\u00f3n est\u00e1n disponibles para su revisi\u00f3n en la oficina de Access Info en Madrid.<\/p>\n<p>Si no est\u00e1 satisfecho con la publicaci\u00f3n proactiva de Access Info Europe, puede escribir a nuestra Junta Directiva a trav\u00e9s del proceso de apelaci\u00f3n explicado a continuaci\u00f3n.<\/p>\n<\/div><div class=\"fusion-clearfix\"><\/div><\/div><\/div><\/div><\/div><div class=\"fusion-fullwidth fullwidth-box fusion-builder-row-6 fusion-flex-container has-pattern-background has-mask-background nonhundred-percent-fullwidth non-hundred-percent-height-scrolling\" style=\"--awb-border-radius-top-left:0px;--awb-border-radius-top-right:0px;--awb-border-radius-bottom-right:0px;--awb-border-radius-bottom-left:0px;--awb-flex-wrap:wrap;\" ><div class=\"fusion-builder-row fusion-row fusion-flex-align-items-flex-start fusion-flex-content-wrap\" style=\"max-width:1144px;margin-left: calc(-4% \/ 2 );margin-right: calc(-4% \/ 2 );\"><div class=\"fusion-layout-column fusion_builder_column fusion-builder-column-3 fusion_builder_column_1_1 1_1 fusion-flex-column\" style=\"--awb-padding-top:20px;--awb-padding-right:50px;--awb-padding-bottom:20px;--awb-padding-left:50px;--awb-bg-size:cover;--awb-width-large:100%;--awb-margin-top-large:0px;--awb-spacing-right-large:1.92%;--awb-margin-bottom-large:20px;--awb-spacing-left-large:1.92%;--awb-width-medium:100%;--awb-order-medium:0;--awb-spacing-right-medium:1.92%;--awb-spacing-left-medium:1.92%;--awb-width-small:100%;--awb-order-small:0;--awb-spacing-right-small:1.92%;--awb-spacing-left-small:1.92%;\"><div class=\"fusion-column-wrapper fusion-column-has-shadow fusion-flex-justify-content-flex-start fusion-content-layout-column\"><div class=\"fusion-text fusion-text-4 fusion-text-no-margin\" style=\"--awb-margin-top:20px;\"><h2 class=\"fusion-responsive-typography-calculated\" data-fontsize=\"22\" data-lineheight=\"27.06px\">Pol\u00edtica de Datos Abiertos<\/h2>\n<p>Access Info se esfuerza para publicar documentos accesibles para usuarios con cualquier sistema operativo. Para ello publicamos documentos en formato Word y Open Office siempre que sea posible y casi siempre en formato PDF. Los formatos de hojas de c\u00e1lculo se pueden solicitar siempre y cuando los datos existan en ese formato (Excel y versiones similares de c\u00f3digo abierto).<\/p>\n<p>Si encuentra un documento que no puede abrir, por favor, h\u00e1ganoslo saber y se lo enviaremos en otro formato siempre que sea posible.<\/p>\n<\/div><\/div><\/div><\/div><\/div><div class=\"fusion-fullwidth fullwidth-box fusion-builder-row-7 nonhundred-percent-fullwidth non-hundred-percent-height-scrolling\" style=\"--awb-background-position:top left;--awb-border-color:#c6c6c6;--awb-border-radius-top-left:0px;--awb-border-radius-top-right:0px;--awb-border-radius-bottom-right:0px;--awb-border-radius-bottom-left:0px;--awb-padding-top:20px;--awb-padding-bottom:70px;--awb-background-color:#f7f7f7;--awb-border-sizes-top:0px;--awb-border-sizes-bottom:0px;--awb-flex-wrap:wrap;\" ><div class=\"fusion-builder-row fusion-row\"><div class=\"fusion-layout-column fusion_builder_column fusion-builder-column-4 fusion_builder_column_1_1 1_1 fusion-one-full fusion-column-first fusion-column-last\" style=\"--awb-padding-top:20px;--awb-padding-right:50px;--awb-padding-bottom:0px;--awb-padding-left:50px;--awb-bg-size:cover;--awb-margin-bottom:0px;\"><div class=\"fusion-column-wrapper fusion-column-has-shadow fusion-flex-column-wrapper-legacy\"><div class=\"fusion-text fusion-text-5 fusion-text-no-margin\"><h2 class=\"fusion-responsive-typography-calculated\" data-fontsize=\"22\" data-lineheight=\"27.06px\">Pol\u00edtica de Solicitud de Acceso a la Informaci\u00f3n<\/h2>\n<p>Cualquier persona de cualquier pa\u00eds puede enviar a Access Info Europe una solicitud de acceso a documentos o informaci\u00f3n.<\/p>\n<p>Al solicitante se le pide que proporcione un nombre y una direcci\u00f3n de correo electr\u00f3nico. Debe enviar su solicitud a info[at]access-info.org.<\/p>\n<p>Si prefiere realizar la solicitud por correo postal, puede hacerlo escribi\u00e9ndonos a nuestra direcci\u00f3n postal. Si desea ponerse en contacto con nosotros a trav\u00e9s de nuestras cuentas en redes sociales, tambi\u00e9n es una opci\u00f3n, aunque puede ser necesaria una direcci\u00f3n de correo electr\u00f3nico para enviarle la informaci\u00f3n.<\/p>\n<p>La solicitud puede hacerse en ingl\u00e9s, espa\u00f1ol o franc\u00e9s. A veces podemos procesar solicitudes en otros idiomas, pero no podemos garantizarlo. La mayor\u00eda de nuestros documentos se elaboran en ingl\u00e9s, aunque algunos solo existen en espa\u00f1ol. Podemos traducir documentaci\u00f3n limitada entre los dos idiomas, pero no tenemos los recursos necesarios para traducir textos extensos.<\/p>\n<p>Es necesario que los solicitantes especifiquen con la mayor claridad posible la informaci\u00f3n o los documentos que les interesa recibir. En caso de duda sobre c\u00f3mo formular la solicitud, el solicitante puede ponerse en contacto con nosotros por cualquiera de los medios anteriores o puede llamarnos por tel\u00e9fono para analizar la solicitud. Si la solicitud no es clara, nos pondremos en contacto con el solicitante para aclararla.<\/p>\n<p>No es necesario explicar por qu\u00e9 necesita la informaci\u00f3n ni qu\u00e9 desea hacer con ella. No tiene que dar ninguna informaci\u00f3n adicional sobre usted.<\/p>\n<p>Acusaremos recibo de su solicitud en el plazo de un d\u00eda laborable y la resolveremos tan pronto como sea posible, a m\u00e1s tardar en un plazo de 10 d\u00edas laborables. De no ser posible, se podr\u00e1 aplicar una pr\u00f3rroga de hasta 15 d\u00edas h\u00e1biles, previa notificaci\u00f3n al solicitante de por qu\u00e9 es necesaria.<\/p>\n<p>La lista de excepciones leg\u00edtimas del Convenio del Consejo de Europa sobre el Acceso a Documentos P\u00fablicos que son relevantes es un subconjunto de la lista completa, y hemos identificado en particular:<\/p>\n<ul>\n<li>privacidad y otros intereses privados leg\u00edtimos;<\/li>\n<li>investigaciones disciplinarias;<\/li>\n<li>la igualdad de las partes en los procedimientos judiciales;<\/li>\n<li>medioambiente;<\/li>\n<li>toma de decisiones.<\/li>\n<\/ul>\n<p>Para aplicar una excepci\u00f3n, la carta de rechazo debe explicar c\u00f3mo en ese caso particular la publicaci\u00f3n de la informaci\u00f3n da\u00f1ar\u00eda el inter\u00e9s protegido y explicar por qu\u00e9 no existe un inter\u00e9s p\u00fablico en recibir la informaci\u00f3n. La carta de rechazo debe estar firmada por dos miembros senior del equipo de Access Info Europe.<\/p>\n<h2>Apelaciones<\/h2>\n<p>Si no est\u00e1 satisfecho con la forma en que se ha manejado su solicitud o con la respuesta que ha recibido, puede apelar a la Junta Directiva de Access Info Europe. El proceso es enviar un correo electr\u00f3nico a info[at]access-info.org o enviar una carta a nuestra direcci\u00f3n postal. Las apelaciones se tramitar\u00e1n en un plazo de 10 d\u00edas h\u00e1biles, pudiendo prorrogarse por otros 15 d\u00edas h\u00e1biles previa notificaci\u00f3n al solicitante.<\/p>\n<\/div><div class=\"fusion-clearfix\"><\/div><\/div><\/div><\/div><\/div><div class=\"fusion-fullwidth fullwidth-box fusion-builder-row-8 fusion-flex-container has-pattern-background has-mask-background nonhundred-percent-fullwidth non-hundred-percent-height-scrolling\" style=\"--awb-border-radius-top-left:0px;--awb-border-radius-top-right:0px;--awb-border-radius-bottom-right:0px;--awb-border-radius-bottom-left:0px;--awb-flex-wrap:wrap;\" ><div class=\"fusion-builder-row fusion-row fusion-flex-align-items-flex-start fusion-flex-content-wrap\" style=\"max-width:1144px;margin-left: calc(-4% \/ 2 );margin-right: calc(-4% \/ 2 );\"><div class=\"fusion-layout-column fusion_builder_column fusion-builder-column-5 fusion_builder_column_1_1 1_1 fusion-flex-column\" style=\"--awb-padding-top:20px;--awb-padding-right:50px;--awb-padding-bottom:20px;--awb-padding-left:50px;--awb-bg-size:cover;--awb-width-large:100%;--awb-margin-top-large:0px;--awb-spacing-right-large:1.92%;--awb-margin-bottom-large:20px;--awb-spacing-left-large:1.92%;--awb-width-medium:100%;--awb-order-medium:0;--awb-spacing-right-medium:1.92%;--awb-spacing-left-medium:1.92%;--awb-width-small:100%;--awb-order-small:0;--awb-spacing-right-small:1.92%;--awb-spacing-left-small:1.92%;\"><div class=\"fusion-column-wrapper fusion-column-has-shadow fusion-flex-justify-content-flex-start fusion-content-layout-column\"><div class=\"fusion-text fusion-text-6\" style=\"--awb-margin-top:20px;\"><h2 class=\"fusion-responsive-typography-calculated\" data-fontsize=\"22\" data-lineheight=\"27.06px\">Informes Anuales<\/h2>\n<p>Puede encontrar a continuaci\u00f3n los informes anuales de Access Info Europe:<\/p>\n<ul>\n<li><a href=\"https:\/\/www.access-info.org\/wp-content\/uploads\/2020-AIE-Annual-Report.pdf\" target=\"_blank\" rel=\"noopener\">Informe Financiero y de Actividad 2020<\/a><\/li>\n<li><a href=\"https:\/\/www.access-info.org\/wp-content\/uploads\/2019-AIE-Annual-Report.pdf\" target=\"_blank\" rel=\"noopener\">Informe Financiero y de Actividad 2019<\/a><\/li>\n<li><a href=\"https:\/\/www.access-info.org\/wp-content\/uploads\/AIE-Annual-Report-2018.pdf\" target=\"_blank\" rel=\"noopener\">Informe Financiero y de Actividad 2018<\/a><\/li>\n<li><a href=\"https:\/\/www.access-info.org\/wp-content\/uploads\/AIE-Annual-Report-2017.pdf\" target=\"_blank\" rel=\"noopener\">Informe Financiero y de Actividad 2017<\/a><\/li>\n<li><a href=\"https:\/\/www.access-info.org\/wp-content\/uploads\/AIE-Annual-Report-2016.pdf\" target=\"_blank\" rel=\"noopener\">Informe Financiero y de Actividad 2016<\/a><\/li>\n<li><a href=\"https:\/\/www.access-info.org\/wp-content\/uploads\/AccessInfoEurope_AnnualReport_2015.compressed-1.pdf\" target=\"_blank\" rel=\"noopener\">Informe Financiero y de Actividad 2015<\/a><\/li>\n<li><a href=\"https:\/\/www.access-info.org\/wp-content\/uploads\/AIE_Annual_Report_2014.pdf\" target=\"_blank\" rel=\"noopener\">Informe Financiero y de Actividad 2014<\/a><\/li>\n<li><a href=\"http:\/\/www.access-info.org\/wp-content\/uploads\/aie_annualactivityreport_2013.pdf\" target=\"_blank\" rel=\"noopener\">Informe Financiero y de Actividad 2013<\/a><\/li>\n<li><a href=\"http:\/\/www.access-info.org\/wp-content\/uploads\/ULTIMA_MEMORIA2012.pdf\" target=\"_blank\" rel=\"noopener\">Informe Financiero y de Actividad 2012<\/a><\/li>\n<li><a href=\"http:\/\/www.access-info.org\/wp-content\/uploads\/ULTIMA_MEMORIA2011.pdf\" target=\"_blank\" rel=\"noopener\">Informe Financiero y de Actividad 2011<\/a><\/li>\n<\/ul>\n<\/div><div class=\"fusion-text fusion-text-7\" style=\"--awb-margin-top:20px;\"><h2 class=\"fusion-responsive-typography-calculated\" data-fontsize=\"22\" data-lineheight=\"27.06px\">Otros Documentos<\/h2>\n<p>Access Info tiene otros documentos, tales como informes financieros, balances, e informaci\u00f3n fiscal. En caso de necesitarlos, por favor no dude en ped\u00edrselos al equipo de Access Info.<\/p>\n<\/div><\/div><\/div><\/div><\/div><div class=\"fusion-fullwidth fullwidth-box fusion-builder-row-9 nonhundred-percent-fullwidth non-hundred-percent-height-scrolling\" style=\"--awb-background-position:top left;--awb-border-color:#c6c6c6;--awb-border-radius-top-left:0px;--awb-border-radius-top-right:0px;--awb-border-radius-bottom-right:0px;--awb-border-radius-bottom-left:0px;--awb-padding-top:20px;--awb-padding-bottom:70px;--awb-background-color:#f7f7f7;--awb-border-sizes-top:0px;--awb-border-sizes-bottom:0px;--awb-flex-wrap:wrap;\" ><div class=\"fusion-builder-row fusion-row\"><div class=\"fusion-layout-column fusion_builder_column fusion-builder-column-6 fusion_builder_column_1_1 1_1 fusion-one-full fusion-column-first fusion-column-last\" style=\"--awb-padding-top:20px;--awb-padding-right:50px;--awb-padding-bottom:0px;--awb-padding-left:50px;--awb-bg-size:cover;--awb-margin-bottom:0px;\"><div class=\"fusion-column-wrapper fusion-column-has-shadow fusion-flex-column-wrapper-legacy\"><div class=\"fusion-text fusion-text-8\"><h2 class=\"fusion-responsive-typography-calculated\" data-fontsize=\"22\" data-lineheight=\"27.06px\">Donantes<\/h2>\n<p>Access Info Europe es una asociaci\u00f3n financiada a trav\u00e9s de fondos tanto p\u00fablicos como privados. Puede encontrar a continuaci\u00f3n un listado de nuestros donantes. Puede encontrar informaci\u00f3n adicional en nuestros Informes Anuales.<\/p>\n<p>Adessium<br \/>\nALTER-EU<br \/>\nAmigos de la Tierra<br \/>\nCities on the Internet \/ Swiss Funding<br \/>\nCitizens For Europe<br \/>\nDiritto di Sapere<br \/>\nEuropean Commission<br \/>\nEuropean Union<br \/>\nGoteo Crowd Funding<br \/>\nHivos International<br \/>\nInternational Budget Partnership<br \/>\nIrekia Platform<br \/>\nJournalism Development Network<br \/>\nNational Endowment for Democracy<br \/>\nn-ost Network for Reporting on Eastern Europe<br \/>\nOpen Society Health Program<br \/>\nOpen Society Human Rights Initiative<br \/>\nOpen Society Information Program<br \/>\nOpen Society Media Program<br \/>\nOrganization for Security and Cooperation in Europe<br \/>\nRobert Bosch Stiftung<br \/>\nSigrid Rausing Trust<br \/>\nStichting Corporate Europe Observatory<br \/>\nTactical Technology Collective<br \/>\nTIRI<br \/>\nTransparency International<br \/>\nUNESCO<\/p>\n<\/div><div class=\"fusion-clearfix\"><\/div><\/div><\/div><\/div><\/div><div class=\"fusion-fullwidth fullwidth-box fusion-builder-row-10 hundred-percent-fullwidth non-hundred-percent-height-scrolling\" style=\"--awb-border-radius-top-left:0px;--awb-border-radius-top-right:0px;--awb-border-radius-bottom-right:0px;--awb-border-radius-bottom-left:0px;--awb-overflow:visible;--awb-padding-right:20px;--awb-padding-left:20px;--awb-flex-wrap:wrap;\" ><div class=\"fusion-builder-row fusion-row\"><div class=\"fusion-layout-column fusion_builder_column fusion-builder-column-7 fusion_builder_column_1_1 1_1 fusion-one-full fusion-column-first fusion-column-last fusion-column-no-min-height\" style=\"--awb-bg-size:cover;--awb-margin-bottom:0px;\"><div class=\"fusion-column-wrapper fusion-flex-column-wrapper-legacy\"><div class=\"fusion-sep-clear\"><\/div><div class=\"fusion-separator fusion-full-width-sep\" style=\"margin-left: auto;margin-right: auto;margin-top:20px;margin-bottom:20px;width:100%;\"><\/div><div class=\"fusion-sep-clear\"><\/div><div class=\"fusion-clearfix\"><\/div><\/div><\/div><\/div><\/div><div class=\"fusion-fullwidth fullwidth-box fusion-builder-row-11 hundred-percent-fullwidth non-hundred-percent-height-scrolling\" style=\"--awb-border-radius-top-left:0px;--awb-border-radius-top-right:0px;--awb-border-radius-bottom-right:0px;--awb-border-radius-bottom-left:0px;--awb-overflow:visible;--awb-padding-right:20px;--awb-padding-left:20px;--awb-margin-top:10px;--awb-margin-bottom:10px;--awb-background-color:rgba(255,255,255,0);--awb-flex-wrap:wrap;\" ><div class=\"fusion-builder-row fusion-row\"><div class=\"fusion-layout-column fusion_builder_column fusion-builder-column-8 fusion_builder_column_1_1 1_1 fusion-one-full fusion-column-first fusion-column-last fusion-column-no-min-height\" style=\"--awb-bg-size:cover;--awb-margin-bottom:0px;\"><div class=\"fusion-column-wrapper fusion-flex-column-wrapper-legacy\"><div class=\"fusion-sep-clear\"><\/div><div class=\"fusion-separator fusion-full-width-sep\" style=\"margin-left: auto;margin-right: auto;width:100%;\"><\/div><div class=\"fusion-sep-clear\"><\/div><div class=\"fusion-clearfix\"><\/div><\/div><\/div><div class=\"fusion-layout-column fusion_builder_column fusion-builder-column-9 fusion_builder_column_1_3 1_3 fusion-one-third fusion-column-first\" style=\"--awb-bg-size:cover;width:33.333333333333%;width:calc(33.333333333333% - ( ( 4% + 4% ) * 0.33333333333333 ) );margin-right: 4%;\"><div class=\"fusion-column-wrapper fusion-column-has-shadow fusion-flex-column-wrapper-legacy\"><div class=\"fusion-clearfix\"><\/div><\/div><\/div><div class=\"fusion-layout-column fusion_builder_column fusion-builder-column-10 fusion_builder_column_1_3 1_3 fusion-one-third\" style=\"--awb-bg-size:cover;width:33.333333333333%;width:calc(33.333333333333% - ( ( 4% + 4% ) * 0.33333333333333 ) );margin-right: 4%;\"><div class=\"fusion-column-wrapper fusion-column-has-shadow fusion-flex-column-wrapper-legacy\"><div class=\"fusion-text fusion-text-9\"><p><script type=\"text\/javascript\" id=\"ngos-ed-on-file-widget-script-17336c1f-917d-492b-bc53-225c95e103da\">\n (function() {\n function async_load()\n { var s = document.createElement('script'); s.type = 'text\/javascript'; s.async = true; var theUrl = '\/\/www.ngosource.org\/sites\/default\/files\/ngos_ed_on_file_widget.js'; s.src = theUrl + ( theUrl.indexOf(\"?\") >= 0 ? \"&\" : \"?\") + 'ref=' + encodeURIComponent(window.location.href); var embedder = document.getElementById('ngos-ed-on-file-widget-script-17336c1f-917d-492b-bc53-225c95e103da'); embedder.parentNode.insertBefore(s, embedder); }\n if (window.attachEvent)\n window.attachEvent('onload', async_load);\n else\n window.addEventListener('load', async_load, false);\n })();\n <\/script><\/p>\n<\/div><div class=\"fusion-clearfix\"><\/div><\/div><\/div><div class=\"fusion-layout-column fusion_builder_column fusion-builder-column-11 fusion_builder_column_1_3 1_3 fusion-one-third fusion-column-last\" style=\"--awb-bg-size:cover;width:33.333333333333%;width:calc(33.333333333333% - ( ( 4% + 4% ) * 0.33333333333333 ) );\"><div class=\"fusion-column-wrapper fusion-column-has-shadow fusion-flex-column-wrapper-legacy\"><div class=\"fusion-clearfix\"><\/div><\/div><\/div><div class=\"fusion-layout-column fusion_builder_column fusion-builder-column-12 fusion_builder_column_1_1 1_1 fusion-one-full fusion-column-first fusion-column-last\" style=\"--awb-bg-size:cover;\"><div class=\"fusion-column-wrapper fusion-column-has-shadow fusion-flex-column-wrapper-legacy\"><div class=\"fusion-text fusion-text-10\"><p style=\"text-align: center;\"><em>Cover photo: <a href=\"https:\/\/www.flickr.com\/photos\/davidesphotos\/\" target=\"_blank\" rel=\"noopener\">Davide Zanchettin<\/a> via Flicker (<a href=\"https:\/\/creativecommons.org\/licenses\/by-nc\/2.0\/\" target=\"_blank\" rel=\"noopener\">CC BY-NC 2.0<\/a>)<\/em><\/p>\n<\/div><div class=\"fusion-clearfix\"><\/div><\/div><\/div><\/div><\/div><\/p>\n","protected":false},"excerpt":{"rendered":"","protected":false},"author":6,"featured_media":0,"parent":0,"menu_order":0,"comment_status":"closed","ping_status":"closed","template":"100-width.php","meta":{"footnotes":""},"class_list":["post-38364","page","type-page","status-publish","hentry"],"_links":{"self":[{"href":"https:\/\/www.access-info.org\/es\/wp-json\/wp\/v2\/pages\/38364","targetHints":{"allow":["GET"]}}],"collection":[{"href":"https:\/\/www.access-info.org\/es\/wp-json\/wp\/v2\/pages"}],"about":[{"href":"https:\/\/www.access-info.org\/es\/wp-json\/wp\/v2\/types\/page"}],"author":[{"embeddable":true,"href":"https:\/\/www.access-info.org\/es\/wp-json\/wp\/v2\/users\/6"}],"replies":[{"embeddable":true,"href":"https:\/\/www.access-info.org\/es\/wp-json\/wp\/v2\/comments?post=38364"}],"version-history":[{"count":3,"href":"https:\/\/www.access-info.org\/es\/wp-json\/wp\/v2\/pages\/38364\/revisions"}],"predecessor-version":[{"id":38367,"href":"https:\/\/www.access-info.org\/es\/wp-json\/wp\/v2\/pages\/38364\/revisions\/38367"}],"wp:attachment":[{"href":"https:\/\/www.access-info.org\/es\/wp-json\/wp\/v2\/media?parent=38364"}],"curies":[{"name":"wp","href":"https:\/\/api.w.org\/{rel}","templated":true}]}}