{"id":38944,"date":"2026-02-01T20:18:36","date_gmt":"2026-02-01T19:18:36","guid":{"rendered":"https:\/\/www.access-info.org\/equipo\/beatriz-macho\/"},"modified":"2026-02-02T17:00:20","modified_gmt":"2026-02-02T16:00:20","slug":"beatriz-macho","status":"publish","type":"page","link":"https:\/\/www.access-info.org\/es\/equipo\/beatriz-macho\/","title":{"rendered":"Beatriz Macho"},"content":{"rendered":"<p><div class=\"fusion-fullwidth fullwidth-box fusion-builder-row-1 fusion-flex-container has-pattern-background has-mask-background nonhundred-percent-fullwidth non-hundred-percent-height-scrolling\" style=\"--awb-border-radius-top-left:0px;--awb-border-radius-top-right:0px;--awb-border-radius-bottom-right:0px;--awb-border-radius-bottom-left:0px;--awb-flex-wrap:wrap;\" ><div class=\"fusion-builder-row fusion-row fusion-flex-align-items-flex-start fusion-flex-content-wrap\" style=\"max-width:1144px;margin-left: calc(-4% \/ 2 );margin-right: calc(-4% \/ 2 );\"><div class=\"fusion-layout-column fusion_builder_column fusion-builder-column-0 fusion_builder_column_1_1 1_1 fusion-flex-column\" style=\"--awb-bg-size:cover;--awb-width-large:100%;--awb-margin-top-large:0px;--awb-spacing-right-large:1.92%;--awb-margin-bottom-large:20px;--awb-spacing-left-large:1.92%;--awb-width-medium:100%;--awb-order-medium:0;--awb-spacing-right-medium:1.92%;--awb-spacing-left-medium:1.92%;--awb-width-small:100%;--awb-order-small:0;--awb-spacing-right-small:1.92%;--awb-spacing-left-small:1.92%;\"><div class=\"fusion-column-wrapper fusion-column-has-shadow fusion-flex-justify-content-flex-start fusion-content-layout-column\"><div class=\"fusion-text fusion-text-1\"><h2><span style=\"font-size: 24pt;\"><strong>Beatriz Macho<\/strong><\/span><\/h2>\n<h2>Asesora Legal<\/h2>\n<\/div><\/div><\/div><\/div><\/div><div class=\"fusion-fullwidth fullwidth-box fusion-builder-row-2 fusion-flex-container has-pattern-background has-mask-background nonhundred-percent-fullwidth non-hundred-percent-height-scrolling\" style=\"--awb-border-radius-top-left:0px;--awb-border-radius-top-right:0px;--awb-border-radius-bottom-right:0px;--awb-border-radius-bottom-left:0px;--awb-flex-wrap:wrap;\" ><div class=\"fusion-builder-row fusion-row fusion-flex-align-items-flex-start fusion-flex-content-wrap\" style=\"max-width:1144px;margin-left: calc(-4% \/ 2 );margin-right: calc(-4% \/ 2 );\"><div class=\"fusion-layout-column fusion_builder_column fusion-builder-column-1 fusion_builder_column_2_3 2_3 fusion-flex-column\" style=\"--awb-bg-size:cover;--awb-width-large:66.666666666667%;--awb-margin-top-large:0px;--awb-spacing-right-large:2.88%;--awb-margin-bottom-large:20px;--awb-spacing-left-large:2.88%;--awb-width-medium:100%;--awb-order-medium:0;--awb-spacing-right-medium:1.92%;--awb-spacing-left-medium:1.92%;--awb-width-small:100%;--awb-order-small:0;--awb-spacing-right-small:1.92%;--awb-spacing-left-small:1.92%;\"><div class=\"fusion-column-wrapper fusion-column-has-shadow fusion-flex-justify-content-flex-start fusion-content-layout-column\"><div class=\"fusion-text fusion-text-2\"><p>Beatriz se uni\u00f3 a Access Info en noviembre de 2025 para trabajar como Asesora Legal.<\/p>\n<p>Es graduada en Derecho por la Universidad Aut\u00f3noma de Madrid y la Universidad de Estrasburgo y tiene estudios de m\u00e1ster en Derecho Internacional y Derechos Humanos.<\/p>\n<p>Antes de unirse a Access Info Europe Beatriz colabor\u00f3 como asistente legal con un despacho de Derecho penal e Internacional en Espa\u00f1a. Previamente ha sido pasante legal en Women\u2019s Link Worldwide, donde apoy\u00f3 el trabajo de litigio estrat\u00e9gico en materia de derechos sexuales y reproductivos. Tambi\u00e9n realiz\u00f3 pr\u00e1cticas en la Fundaci\u00f3n Ren\u00e9 Cassin-Instituto Internacional de Derechos Humanos de Estrasburgo, donde trabaj\u00f3 en la coordinaci\u00f3n y organizaci\u00f3n de seminarios y formaciones.<\/p>\n<p>Beatriz ha sido voluntaria en Cruz Roja Espa\u00f1ola junto al equipo jur\u00eddico del programa de atenci\u00f3n humanitaria para personas migrantes y realiz\u00f3 un servicio c\u00edvico en un proyecto de la AFEV para el acompa\u00f1amiento de j\u00f3venes en riesgo de exclusi\u00f3n en Barcelona.<\/p>\n<p>Habla ingl\u00e9s, franc\u00e9s y espa\u00f1ol.<\/p>\n<\/div><div class=\"fusion-social-links fusion-social-links-1\" style=\"--awb-margin-top:0px;--awb-margin-right:0px;--awb-margin-bottom:0px;--awb-margin-left:0px;--awb-box-border-top:0px;--awb-box-border-right:0px;--awb-box-border-bottom:0px;--awb-box-border-left:0px;--awb-icon-colors-hover:rgba(190,189,189,0.8);--awb-box-colors-hover:rgba(232,232,232,0.8);--awb-box-border-color:var(--awb-color3);--awb-box-border-color-hover:var(--awb-color4);\"><div class=\"fusion-social-networks color-type-brand\"><div class=\"fusion-social-networks-wrapper\"><a class=\"fusion-social-network-icon fusion-tooltip fusion-linkedin awb-icon-linkedin\" style=\"color:#0077b5;font-size:16px;\" data-placement=\"top\" data-title=\"LinkedIn\" data-toggle=\"tooltip\" title=\"LinkedIn\" aria-label=\"linkedin\" target=\"_blank\" rel=\"noopener noreferrer\" href=\"https:\/\/www.linkedin.com\/in\/beatriz-macho-gonz%C3%A1lez-de-la-vega\/\"><\/a><\/div><\/div><\/div><\/div><\/div><div class=\"fusion-layout-column fusion_builder_column fusion-builder-column-2 fusion_builder_column_1_3 1_3 fusion-flex-column\" style=\"--awb-bg-size:cover;--awb-width-large:33.333333333333%;--awb-margin-top-large:0px;--awb-spacing-right-large:5.76%;--awb-margin-bottom-large:20px;--awb-spacing-left-large:5.76%;--awb-width-medium:100%;--awb-order-medium:0;--awb-spacing-right-medium:1.92%;--awb-spacing-left-medium:1.92%;--awb-width-small:100%;--awb-order-small:0;--awb-spacing-right-small:1.92%;--awb-spacing-left-small:1.92%;\"><div class=\"fusion-column-wrapper fusion-column-has-shadow fusion-flex-justify-content-flex-start fusion-content-layout-column\"><div class=\"fusion-image-element \" style=\"--awb-caption-title-font-family:var(--h2_typography-font-family);--awb-caption-title-font-weight:var(--h2_typography-font-weight);--awb-caption-title-font-style:var(--h2_typography-font-style);--awb-caption-title-size:var(--h2_typography-font-size);--awb-caption-title-transform:var(--h2_typography-text-transform);--awb-caption-title-line-height:var(--h2_typography-line-height);--awb-caption-title-letter-spacing:var(--h2_typography-letter-spacing);\"><span class=\" fusion-imageframe imageframe-none imageframe-1 hover-type-none\"><img decoding=\"async\" width=\"300\" height=\"300\" title=\"Beatriz Foto bio\" src=\"https:\/\/www.access-info.org\/wp-content\/uploads\/Beatriz-Foto-bio-300x300.png\" alt class=\"img-responsive wp-image-38941\" srcset=\"https:\/\/www.access-info.org\/wp-content\/uploads\/Beatriz-Foto-bio-200x200.png 200w, https:\/\/www.access-info.org\/wp-content\/uploads\/Beatriz-Foto-bio-400x400.png 400w, https:\/\/www.access-info.org\/wp-content\/uploads\/Beatriz-Foto-bio-600x600.png 600w, https:\/\/www.access-info.org\/wp-content\/uploads\/Beatriz-Foto-bio-800x800.png 800w, https:\/\/www.access-info.org\/wp-content\/uploads\/Beatriz-Foto-bio-1200x1200.png 1200w\" sizes=\"(max-width: 1024px) 100vw, (max-width: 640px) 100vw, 400px\" \/><\/span><\/div><\/div><\/div><\/div><\/div><\/p>\n","protected":false},"excerpt":{"rendered":"","protected":false},"author":38,"featured_media":0,"parent":10552,"menu_order":0,"comment_status":"closed","ping_status":"closed","template":"","meta":{"footnotes":""},"class_list":["post-38944","page","type-page","status-publish","hentry"],"_links":{"self":[{"href":"https:\/\/www.access-info.org\/es\/wp-json\/wp\/v2\/pages\/38944","targetHints":{"allow":["GET"]}}],"collection":[{"href":"https:\/\/www.access-info.org\/es\/wp-json\/wp\/v2\/pages"}],"about":[{"href":"https:\/\/www.access-info.org\/es\/wp-json\/wp\/v2\/types\/page"}],"author":[{"embeddable":true,"href":"https:\/\/www.access-info.org\/es\/wp-json\/wp\/v2\/users\/38"}],"replies":[{"embeddable":true,"href":"https:\/\/www.access-info.org\/es\/wp-json\/wp\/v2\/comments?post=38944"}],"version-history":[{"count":5,"href":"https:\/\/www.access-info.org\/es\/wp-json\/wp\/v2\/pages\/38944\/revisions"}],"predecessor-version":[{"id":38956,"href":"https:\/\/www.access-info.org\/es\/wp-json\/wp\/v2\/pages\/38944\/revisions\/38956"}],"up":[{"embeddable":true,"href":"https:\/\/www.access-info.org\/es\/wp-json\/wp\/v2\/pages\/10552"}],"wp:attachment":[{"href":"https:\/\/www.access-info.org\/es\/wp-json\/wp\/v2\/media?parent=38944"}],"curies":[{"name":"wp","href":"https:\/\/api.w.org\/{rel}","templated":true}]}}